{"id":1036,"date":"2020-03-06T09:21:36","date_gmt":"2020-03-06T13:21:36","guid":{"rendered":"http:\/\/172.16.0.115\/?page_id=1036"},"modified":"2022-11-10T19:27:57","modified_gmt":"2022-11-10T23:27:57","slug":"atencion-al-paciente","status":"publish","type":"page","link":"https:\/\/inhrr.gob.ve\/?page_id=1036","title":{"rendered":"Ex\u00e1menes de Laboratorio"},"content":{"rendered":"\t\t<div data-elementor-type=\"wp-page\" data-elementor-id=\"1036\" class=\"elementor elementor-1036\" data-elementor-post-type=\"page\">\n\t\t\t\t\t\t<section class=\"elementor-section elementor-top-section elementor-element elementor-element-00a4f6a elementor-section-boxed elementor-section-height-default elementor-section-height-default\" data-id=\"00a4f6a\" data-element_type=\"section\">\n\t\t\t\t\t\t<div class=\"elementor-container elementor-column-gap-default\">\n\t\t\t\t\t<div class=\"elementor-column elementor-col-33 elementor-top-column elementor-element elementor-element-99f0e95\" data-id=\"99f0e95\" data-element_type=\"column\">\n\t\t\t<div class=\"elementor-widget-wrap elementor-element-populated\">\n\t\t\t\t\t\t<div class=\"elementor-element elementor-element-8ec4224 elementor-widget elementor-widget-template\" data-id=\"8ec4224\" data-element_type=\"widget\" data-widget_type=\"template.default\">\n\t\t\t\t<div class=\"elementor-widget-container\">\n\t\t\t\t\t\t\t<div class=\"elementor-template\">\n\t\t\t\t\t<div data-elementor-type=\"section\" data-elementor-id=\"1840\" class=\"elementor elementor-1840\" data-elementor-post-type=\"elementor_library\">\n\t\t\t\t\t<section class=\"elementor-section elementor-top-section elementor-element elementor-element-745c6c2c elementor-section-boxed elementor-section-height-default elementor-section-height-default\" data-id=\"745c6c2c\" data-element_type=\"section\">\n\t\t\t\t\t\t<div class=\"elementor-container elementor-column-gap-default\">\n\t\t\t\t\t<div class=\"elementor-column elementor-col-100 elementor-top-column elementor-element elementor-element-71d546fc\" data-id=\"71d546fc\" data-element_type=\"column\">\n\t\t\t<div class=\"elementor-widget-wrap elementor-element-populated\">\n\t\t\t\t\t\t<div class=\"elementor-element elementor-element-52bc5d4 elementor-nav-menu--dropdown-tablet elementor-nav-menu__text-align-aside elementor-nav-menu--toggle elementor-nav-menu--burger elementor-widget elementor-widget-nav-menu\" data-id=\"52bc5d4\" data-element_type=\"widget\" data-settings=\"{&quot;layout&quot;:&quot;vertical&quot;,&quot;submenu_icon&quot;:{&quot;value&quot;:&quot;&lt;i class=\\&quot;fas fa-caret-down\\&quot;&gt;&lt;\\\/i&gt;&quot;,&quot;library&quot;:&quot;fa-solid&quot;},&quot;toggle&quot;:&quot;burger&quot;}\" data-widget_type=\"nav-menu.default\">\n\t\t\t\t<div class=\"elementor-widget-container\">\n\t\t\t\t\t\t\t\t<nav aria-label=\"Menu\" class=\"elementor-nav-menu--main elementor-nav-menu__container elementor-nav-menu--layout-vertical e--pointer-underline e--animation-fade\">\n\t\t\t\t<ul id=\"menu-1-52bc5d4\" class=\"elementor-nav-menu sm-vertical\"><li class=\"menu-item menu-item-type-post_type menu-item-object-page menu-item-1031\"><a href=\"https:\/\/inhrr.gob.ve\/?page_id=1029\" class=\"elementor-item\">Servicios Comunidad<\/a><\/li>\n<li class=\"menu-item menu-item-type-post_type menu-item-object-page menu-item-7058\"><a href=\"https:\/\/inhrr.gob.ve\/?page_id=7056\" class=\"elementor-item\">Servicios Profesionales<\/a><\/li>\n<li class=\"menu-item menu-item-type-post_type menu-item-object-page menu-item-7059\"><a href=\"https:\/\/inhrr.gob.ve\/?page_id=7054\" class=\"elementor-item\">Servicios Industria<\/a><\/li>\n<li class=\"menu-item menu-item-type-post_type menu-item-object-page menu-item-1027\"><a href=\"https:\/\/inhrr.gob.ve\/?page_id=1025\" class=\"elementor-item\">Productos para la Comunidad<\/a><\/li>\n<li class=\"menu-item menu-item-type-post_type menu-item-object-page menu-item-7346\"><a href=\"https:\/\/inhrr.gob.ve\/?page_id=7340\" class=\"elementor-item\">Productos para Profesionales<\/a><\/li>\n<li class=\"menu-item menu-item-type-post_type menu-item-object-page menu-item-7368\"><a href=\"https:\/\/inhrr.gob.ve\/?page_id=7339\" class=\"elementor-item\">Productos para la Industria<\/a><\/li>\n<li class=\"menu-item menu-item-type-post_type menu-item-object-page menu-item-1011\"><a href=\"https:\/\/inhrr.gob.ve\/?page_id=325\" class=\"elementor-item\">R\u00e9gimen Tarifario<\/a><\/li>\n<li class=\"menu-item menu-item-type-post_type menu-item-object-page menu-item-7461\"><a href=\"https:\/\/inhrr.gob.ve\/?page_id=2794\" class=\"elementor-item\">Ir a Tr\u00e1mites<\/a><\/li>\n<\/ul>\t\t\t<\/nav>\n\t\t\t\t\t<div class=\"elementor-menu-toggle\" role=\"button\" tabindex=\"0\" aria-label=\"Menu Toggle\" aria-expanded=\"false\">\n\t\t\t<i aria-hidden=\"true\" role=\"presentation\" class=\"elementor-menu-toggle__icon--open eicon-menu-bar\"><\/i><i aria-hidden=\"true\" role=\"presentation\" class=\"elementor-menu-toggle__icon--close eicon-close\"><\/i>\t\t<\/div>\n\t\t\t\t\t<nav class=\"elementor-nav-menu--dropdown elementor-nav-menu__container\" aria-hidden=\"true\">\n\t\t\t\t<ul id=\"menu-2-52bc5d4\" class=\"elementor-nav-menu sm-vertical\"><li class=\"menu-item menu-item-type-post_type menu-item-object-page menu-item-1031\"><a href=\"https:\/\/inhrr.gob.ve\/?page_id=1029\" class=\"elementor-item\" tabindex=\"-1\">Servicios Comunidad<\/a><\/li>\n<li class=\"menu-item menu-item-type-post_type menu-item-object-page menu-item-7058\"><a href=\"https:\/\/inhrr.gob.ve\/?page_id=7056\" class=\"elementor-item\" tabindex=\"-1\">Servicios Profesionales<\/a><\/li>\n<li class=\"menu-item menu-item-type-post_type menu-item-object-page menu-item-7059\"><a href=\"https:\/\/inhrr.gob.ve\/?page_id=7054\" class=\"elementor-item\" tabindex=\"-1\">Servicios Industria<\/a><\/li>\n<li class=\"menu-item menu-item-type-post_type menu-item-object-page menu-item-1027\"><a href=\"https:\/\/inhrr.gob.ve\/?page_id=1025\" class=\"elementor-item\" tabindex=\"-1\">Productos para la Comunidad<\/a><\/li>\n<li class=\"menu-item menu-item-type-post_type menu-item-object-page menu-item-7346\"><a href=\"https:\/\/inhrr.gob.ve\/?page_id=7340\" class=\"elementor-item\" tabindex=\"-1\">Productos para Profesionales<\/a><\/li>\n<li class=\"menu-item menu-item-type-post_type menu-item-object-page menu-item-7368\"><a href=\"https:\/\/inhrr.gob.ve\/?page_id=7339\" class=\"elementor-item\" tabindex=\"-1\">Productos para la Industria<\/a><\/li>\n<li class=\"menu-item menu-item-type-post_type menu-item-object-page menu-item-1011\"><a href=\"https:\/\/inhrr.gob.ve\/?page_id=325\" class=\"elementor-item\" tabindex=\"-1\">R\u00e9gimen Tarifario<\/a><\/li>\n<li class=\"menu-item menu-item-type-post_type menu-item-object-page menu-item-7461\"><a href=\"https:\/\/inhrr.gob.ve\/?page_id=2794\" class=\"elementor-item\" tabindex=\"-1\">Ir a Tr\u00e1mites<\/a><\/li>\n<\/ul>\t\t\t<\/nav>\n\t\t\t\t\t\t<\/div>\n\t\t\t\t<\/div>\n\t\t\t\t\t<\/div>\n\t\t<\/div>\n\t\t\t\t\t<\/div>\n\t\t<\/section>\n\t\t\t\t<\/div>\n\t\t\t\t<\/div>\n\t\t\t\t\t\t<\/div>\n\t\t\t\t<\/div>\n\t\t\t\t\t<\/div>\n\t\t<\/div>\n\t\t\t\t<div class=\"elementor-column elementor-col-66 elementor-top-column elementor-element elementor-element-ffc620c\" data-id=\"ffc620c\" data-element_type=\"column\">\n\t\t\t<div class=\"elementor-widget-wrap elementor-element-populated\">\n\t\t\t\t\t\t<div class=\"elementor-element elementor-element-e817f07 elementor-widget elementor-widget-heading\" data-id=\"e817f07\" data-element_type=\"widget\" data-widget_type=\"heading.default\">\n\t\t\t\t<div class=\"elementor-widget-container\">\n\t\t\t\t\t<h2 class=\"elementor-heading-title elementor-size-default\">Ex\u00e1menes de Laboratorio <\/h2>\t\t\t\t<\/div>\n\t\t\t\t<\/div>\n\t\t\t\t<div class=\"elementor-element elementor-element-15aee9c elementor-widget elementor-widget-text-editor\" data-id=\"15aee9c\" data-element_type=\"widget\" data-widget_type=\"text-editor.default\">\n\t\t\t\t<div class=\"elementor-widget-container\">\n\t\t\t\t\t\t\t\t\t<p>Para los diagn\u00f3sticos de enfermedades infecciosas en las \u00e1reas de Bacteriolog\u00eda, Virolog\u00eda y Micolog\u00eda el Instituto Nacional de Higiene \u00abRafael Rangel\u00bb realiza los siguientes Ex\u00e1menes de Laboratorio:<\/p>\t\t\t\t\t\t\t\t<\/div>\n\t\t\t\t<\/div>\n\t\t\t\t<div class=\"elementor-element elementor-element-930db4b elementor-tabs-alignment-stretch elementor-tabs-view-horizontal elementor-widget elementor-widget-tabs\" data-id=\"930db4b\" data-element_type=\"widget\" data-widget_type=\"tabs.default\">\n\t\t\t\t<div class=\"elementor-widget-container\">\n\t\t\t\t\t\t\t<div class=\"elementor-tabs\">\n\t\t\t<div class=\"elementor-tabs-wrapper\" role=\"tablist\" >\n\t\t\t\t\t\t\t\t\t<div id=\"elementor-tab-title-1541\" class=\"elementor-tab-title elementor-tab-desktop-title\" aria-selected=\"true\" data-tab=\"1\" role=\"tab\" tabindex=\"0\" aria-controls=\"elementor-tab-content-1541\" aria-expanded=\"false\">Ex\u00e1menes<\/div>\n\t\t\t\t\t\t\t\t\t<div id=\"elementor-tab-title-1542\" class=\"elementor-tab-title elementor-tab-desktop-title\" aria-selected=\"false\" data-tab=\"2\" role=\"tab\" tabindex=\"-1\" aria-controls=\"elementor-tab-content-1542\" aria-expanded=\"false\">Horario de Atenci\u00f3n y Normativas<\/div>\n\t\t\t\t\t\t\t\t\t<div id=\"elementor-tab-title-1543\" class=\"elementor-tab-title elementor-tab-desktop-title\" aria-selected=\"false\" data-tab=\"3\" role=\"tab\" tabindex=\"-1\" aria-controls=\"elementor-tab-content-1543\" aria-expanded=\"false\">Contacto para la Atenci\u00f3n al P\u00fablico en General<\/div>\n\t\t\t\t\t\t\t\t\t<div id=\"elementor-tab-title-1544\" class=\"elementor-tab-title elementor-tab-desktop-title\" aria-selected=\"false\" data-tab=\"4\" role=\"tab\" tabindex=\"-1\" aria-controls=\"elementor-tab-content-1544\" aria-expanded=\"false\">Acceso al Sistema de Citas y Entrega de Resultados<\/div>\n\t\t\t\t\t\t\t<\/div>\n\t\t\t<div class=\"elementor-tabs-content-wrapper\" role=\"tablist\" aria-orientation=\"vertical\">\n\t\t\t\t\t\t\t\t\t<div class=\"elementor-tab-title elementor-tab-mobile-title\" aria-selected=\"true\" data-tab=\"1\" role=\"tab\" tabindex=\"0\" aria-controls=\"elementor-tab-content-1541\" aria-expanded=\"false\">Ex\u00e1menes<\/div>\n\t\t\t\t\t<div id=\"elementor-tab-content-1541\" class=\"elementor-tab-content elementor-clearfix\" data-tab=\"1\" role=\"tabpanel\" aria-labelledby=\"elementor-tab-title-1541\" tabindex=\"0\" hidden=\"false\"><p><strong><u>Virol\u00f3gico<\/u><\/strong><\/p><ul><li>Detecci\u00f3n de anticuerpos, aislamiento y pruebas de biolog\u00eda molecular para diagn\u00f3sticos de agentes virales involucrados en infecciones respiratorias, infecciones neurol\u00f3gicas, fiebres hemorr\u00e1gicas, hepatitis, infecciones exantem\u00e1ticas, teratog\u00e9nicas y de transmisi\u00f3n sexual.<\/li><li>Diagn\u00f3stico y seguimiento de pacientes VIH positivos mediante: pruebas ELISA, Carga Viral, y Resistencia a Drogas Antirretrovirales<\/li><\/ul><p>\u00a0<\/p><p><strong><u>Ex\u00e1menes de Laboratorio<\/u><\/strong><\/p><ul><li>Hepatitis A<\/li><li>Hepatitis B<\/li><li>Hepatitis C<\/li><li>VIH<\/li><li>Carga viral de VIH<\/li><li>HTLV-I y II<\/li><li>Virus del Papiloma Humano (VPH)<\/li><li>Dengue<\/li><li>Zika<\/li><li>Fiebre Amarilla<\/li><li>Chikungunya<\/li><li>Mayaro<\/li><li>Oropuche<\/li><li>Encefalitis Equina Venezolana<\/li><li>Encefalitis Equina Este<\/li><li>Fiebre Hemorr\u00e1gica Venezolana<\/li><li>SARS-CoV2<\/li><li>Influenza A<\/li><li>Influenza B<\/li><li>Otros Virus Respiratorios<\/li><li>Enterovirus Polio<\/li><li>Enterovirus No Polio<\/li><li>Herpes simplex<\/li><li>Epstein-Barr<\/li><li>Citomegalovirus<\/li><li>Varicela zoster<\/li><li>Viruela del mono<\/li><\/ul><p>\u00a0<\/p><p><strong><u>Bacteriol\u00f3gico<\/u><\/strong><\/p><ul><li>Aislamiento e identificaci\u00f3n de agentes pat\u00f3genos en muestras biol\u00f3gicas.<\/li><li>Identificaci\u00f3n y tipificaci\u00f3n de cepas bacterianas de importancia en salud p\u00fablica.<\/li><li>Vigilancia de la resistencia bacteriana.<\/li><li>Identificaci\u00f3n y estudios de resistencia de Micobacterias.<\/li><li>Contrainmunoelectroforesis para la detecci\u00f3n de ant\u00edgenos solubles en meningitis bacterianas.<\/li><li>Diagn\u00f3stico de enfermedades zoon\u00f3ticas y metax\u00e9nicas bacterianas.<\/li><li>Aplicaci\u00f3n de t\u00e9cnicas de Biolog\u00eda Molecular para caracterizaci\u00f3n de Cepas.<\/li><\/ul><p>\u00a0<\/p><p><strong><u>Ex\u00e1menes de Laboratorio<\/u><\/strong><\/p><ul><li>Aislamiento e identificaci\u00f3n de agentes causales de enfermedades infecciosas bacterianas.<ul><li>Meningitis bacterianas<\/li><li>Difteria<\/li><li>C\u00f3lera<\/li><li>Bordetella<\/li><li>Enterobacterias<\/li><\/ul><\/li><li>Vigilancia de la resistencia bacteriana.<\/li><li>Diagn\u00f3stico de infecciones por micobacterias y pruebas de resistencia.<\/li><li>Detecci\u00f3n de anticuerpos y aislamiento, tales como:<ul><li>Leptospira<\/li><li>Brucella<\/li><li>Rickettsia<\/li><li>Ehrlichosis<\/li><li>Anaplasma<\/li><\/ul><\/li><\/ul><p>\u00a0\u00a0\u00a0\u00a0\u00a0\u00a0\u00a0\u00a0\u00a0\u00a0\u00a0\u00a0\u00a0\u00a0\u00a0<\/p><p><strong>Micol\u00f3gico<\/strong><\/p><ul><li>Estudio de las micosis superficiales y profundas.<\/li><li>Diagn\u00f3stico inmunol\u00f3gico de: Histoplasmosis, Paracoccidioidomicosis, Coccidioidomicosis, Aspergilosis, Criptococosis y Pneumocistosis<\/li><li>Pruebas de susceptibilidad a los antif\u00fangicos.<\/li><li>Diagn\u00f3stico y tipificaci\u00f3n de hongos por t\u00e9cnicas de biolog\u00eda molecular.<\/li><\/ul><p>\u00a0<\/p><p><strong><u>Ex\u00e1menes de Laboratorio<\/u><\/strong><\/p><ul><li>Cultivo de Hongos: Estudio de micosis superficiales, profundas y oportunistas<\/li><li>Aislamiento e identificaci\u00f3n de hongos<\/li><li>Serolog\u00eda de Hongos:<ul><li>Detecci\u00f3n de anticuerpos circulantes (Paracoccidioidomicosis, Histoplasma Capsulatum, Coccidioides spp y Aspergillus spp)<\/li><li>Detecci\u00f3n del ant\u00edgeno polisacar\u00eddico capsular del Complejo Cryptococcus neoformans<\/li><li>Detecci\u00f3n de Galactomanano para Aspergillus<\/li><li>Detecci\u00f3n de Pneumocystis jirovecii<\/li><\/ul><\/li><li>Vigilancia de la resistencia antif\u00fangica (susceptibilidad a los antif\u00fangicos)<\/li><li>Identificaci\u00f3n y clasificaci\u00f3n de cepas de hongos levaduriformes y filamentosos<\/li><\/ul><\/div>\n\t\t\t\t\t\t\t\t\t<div class=\"elementor-tab-title elementor-tab-mobile-title\" aria-selected=\"false\" data-tab=\"2\" role=\"tab\" tabindex=\"-1\" aria-controls=\"elementor-tab-content-1542\" aria-expanded=\"false\">Horario de Atenci\u00f3n y Normativas<\/div>\n\t\t\t\t\t<div id=\"elementor-tab-content-1542\" class=\"elementor-tab-content elementor-clearfix\" data-tab=\"2\" role=\"tabpanel\" aria-labelledby=\"elementor-tab-title-1542\" tabindex=\"0\" hidden=\"hidden\"><p><strong>Normativas de Cumplimiento General de los Usuarios <\/strong><strong>\u00a0<\/strong><\/p><ul><li>El horario de atenci\u00f3n al p\u00fablico es de <strong>7:00 am a 1:15 pm.<\/strong><\/li><li>Para realizar la solicitud de ex\u00e1menes, el paciente debe acudir a la Instituci\u00f3n con una orden o referencia m\u00e9dica.<\/li><li>Los pacientes ser\u00e1n atendidos en estricto orden de llegada, seg\u00fan el n\u00famero entregado por el personal de seguridad de la Instituci\u00f3n. Tendr\u00e1n prioridad personas con discapacidad, lactantes, mujeres embarazadas y adultos mayores.<\/li><li>El horario para la toma de muestra es de <strong>7:00 am a 11am<\/strong>, hasta completar la asignaci\u00f3n m\u00e1xima diaria.<\/li><li>La entrega de resultados es de <strong>lunes a viernes de 10 am a 12:30 pm. <\/strong>\u00a0De no ser el titular la persona que retire el examen, debe traer una autorizaci\u00f3n por escrito, acompa\u00f1ado de la\u00a0 fotocopia de la c\u00e9dula del titular.<\/li><li>El paciente y acompa\u00f1ante(s), debe vestir con decoro (evite el uso de minifalda, franelilla, shorts).<\/li><li>Emplee las normas de cortes\u00eda.<\/li><li>Evite el uso de equipos de sonido o cualquier aparato electr\u00f3nico que pueda ocasionar ruidos molestos.<\/li><li>Hable con tono de voz adecuado, mientras permanezca en Unidad de Atenci\u00f3n al Paciente y Toma de Muestra o \u00e1reas permitidas de la Instituci\u00f3n.<\/li><li>Se proh\u00edbe la entrada de mascotas y\/o animales.<\/li><li>Haga uso adecuado de los bienes de la Instituci\u00f3n. Coloque la basura en su lugar.<\/li><\/ul><p>Normativas para la Solicitud de Ex\u00e1menes Especiales<\/p><ul><li>Para la solicitud de: Carga Viral de VIH, Subpoblaci\u00f3n Linfocitaria (CD4\/CD8), PCR de VIH y Tipificaci\u00f3n de VPH, el Paciente debe solicitar una cita.<\/li><li>El horario para solicitud de citas es de lunes a viernes de 10:00am a 1:15pm.<\/li><li>Las citas pueden ser solicitadas personalmente en la Unidad de Atenci\u00f3n al Paciente o a trav\u00e9s del tel\u00e9fono: 0212 \u2013 2191701, en el horario establecido para ello.<\/li><li>Para la solicitud de estos ex\u00e1menes se requiere que el Paciente presente informe o referencia m\u00e9dica, resultados anteriores. En caso de VPH resultados de citolog\u00eda y\/o biopsia reciente.<\/li><\/ul><\/div>\n\t\t\t\t\t\t\t\t\t<div class=\"elementor-tab-title elementor-tab-mobile-title\" aria-selected=\"false\" data-tab=\"3\" role=\"tab\" tabindex=\"-1\" aria-controls=\"elementor-tab-content-1543\" aria-expanded=\"false\">Contacto para la Atenci\u00f3n al P\u00fablico en General<\/div>\n\t\t\t\t\t<div id=\"elementor-tab-content-1543\" class=\"elementor-tab-content elementor-clearfix\" data-tab=\"3\" role=\"tabpanel\" aria-labelledby=\"elementor-tab-title-1543\" tabindex=\"0\" hidden=\"hidden\"><p><strong>N\u00famero telef\u00f3nico para la atenci\u00f3n al p\u00fablico:\u00a0 0212-219-17-01<\/strong><\/p><\/div>\n\t\t\t\t\t\t\t\t\t<div class=\"elementor-tab-title elementor-tab-mobile-title\" aria-selected=\"false\" data-tab=\"4\" role=\"tab\" tabindex=\"-1\" aria-controls=\"elementor-tab-content-1544\" aria-expanded=\"false\">Acceso al Sistema de Citas y Entrega de Resultados<\/div>\n\t\t\t\t\t<div id=\"elementor-tab-content-1544\" class=\"elementor-tab-content elementor-clearfix\" data-tab=\"4\" role=\"tabpanel\" aria-labelledby=\"elementor-tab-title-1544\" tabindex=\"0\" hidden=\"hidden\"><p style=\"text-align: center;\"><a href=\"http:\/\/eval.inhrr.gob.ve:9090\/\">eval.inhrr.gob.ve<\/a><\/p><p style=\"text-align: center;\">\u00a0<\/p><\/div>\n\t\t\t\t\t\t\t<\/div>\n\t\t<\/div>\n\t\t\t\t\t\t<\/div>\n\t\t\t\t<\/div>\n\t\t\t\t\t<\/div>\n\t\t<\/div>\n\t\t\t\t\t<\/div>\n\t\t<\/section>\n\t\t\t\t<section class=\"elementor-section elementor-top-section elementor-element elementor-element-be6087f elementor-section-boxed elementor-section-height-default elementor-section-height-default\" data-id=\"be6087f\" data-element_type=\"section\">\n\t\t\t\t\t\t<div class=\"elementor-container elementor-column-gap-default\">\n\t\t\t\t\t<div class=\"elementor-column elementor-col-100 elementor-top-column elementor-element elementor-element-b915c13\" data-id=\"b915c13\" data-element_type=\"column\">\n\t\t\t<div class=\"elementor-widget-wrap\">\n\t\t\t\t\t\t\t<\/div>\n\t\t<\/div>\n\t\t\t\t\t<\/div>\n\t\t<\/section>\n\t\t\t\t<\/div>\n\t\t","protected":false},"excerpt":{"rendered":"<p>Ex\u00e1menes de Laboratorio Para los diagn\u00f3sticos de enfermedades infecciosas en las \u00e1reas de Bacteriolog\u00eda, Virolog\u00eda y Micolog\u00eda el Instituto Nacional de Higiene \u00abRafael Rangel\u00bb realiza los siguientes Ex\u00e1menes de Laboratorio: Ex\u00e1menes Horario de Atenci\u00f3n y Normativas Contacto para la Atenci\u00f3n al P\u00fablico en General Acceso al Sistema de Citas y Entrega de Resultados Ex\u00e1menes Virol\u00f3gico &#8230; <a title=\"Ex\u00e1menes de Laboratorio\" class=\"read-more\" href=\"https:\/\/inhrr.gob.ve\/?page_id=1036\" aria-label=\"Leer m\u00e1s sobre Ex\u00e1menes de Laboratorio\">Leer m\u00e1s<\/a><\/p>\n","protected":false},"author":1,"featured_media":0,"parent":1029,"menu_order":0,"comment_status":"closed","ping_status":"closed","template":"","meta":{"footnotes":""},"class_list":["post-1036","page","type-page","status-publish"],"_links":{"self":[{"href":"https:\/\/inhrr.gob.ve\/index.php?rest_route=\/wp\/v2\/pages\/1036","targetHints":{"allow":["GET"]}}],"collection":[{"href":"https:\/\/inhrr.gob.ve\/index.php?rest_route=\/wp\/v2\/pages"}],"about":[{"href":"https:\/\/inhrr.gob.ve\/index.php?rest_route=\/wp\/v2\/types\/page"}],"author":[{"embeddable":true,"href":"https:\/\/inhrr.gob.ve\/index.php?rest_route=\/wp\/v2\/users\/1"}],"replies":[{"embeddable":true,"href":"https:\/\/inhrr.gob.ve\/index.php?rest_route=%2Fwp%2Fv2%2Fcomments&post=1036"}],"version-history":[{"count":65,"href":"https:\/\/inhrr.gob.ve\/index.php?rest_route=\/wp\/v2\/pages\/1036\/revisions"}],"predecessor-version":[{"id":6988,"href":"https:\/\/inhrr.gob.ve\/index.php?rest_route=\/wp\/v2\/pages\/1036\/revisions\/6988"}],"up":[{"embeddable":true,"href":"https:\/\/inhrr.gob.ve\/index.php?rest_route=\/wp\/v2\/pages\/1029"}],"wp:attachment":[{"href":"https:\/\/inhrr.gob.ve\/index.php?rest_route=%2Fwp%2Fv2%2Fmedia&parent=1036"}],"curies":[{"name":"wp","href":"https:\/\/api.w.org\/{rel}","templated":true}]}}