{"id":1126,"date":"2020-03-12T11:17:33","date_gmt":"2020-03-12T15:17:33","guid":{"rendered":"http:\/\/172.16.0.115\/?page_id=1126"},"modified":"2022-11-16T10:56:54","modified_gmt":"2022-11-16T14:56:54","slug":"tren-ejecutivo-2","status":"publish","type":"page","link":"https:\/\/inhrr.gob.ve\/?page_id=1126","title":{"rendered":"Tren Directivo"},"content":{"rendered":"\t\t<div data-elementor-type=\"wp-page\" data-elementor-id=\"1126\" class=\"elementor elementor-1126\" data-elementor-post-type=\"page\">\n\t\t\t\t\t\t<section class=\"elementor-section elementor-top-section elementor-element elementor-element-11ce413 elementor-section-boxed elementor-section-height-default elementor-section-height-default\" data-id=\"11ce413\" data-element_type=\"section\">\n\t\t\t\t\t\t<div class=\"elementor-container elementor-column-gap-default\">\n\t\t\t\t\t<div class=\"elementor-column elementor-col-33 elementor-top-column elementor-element elementor-element-558cd64\" data-id=\"558cd64\" data-element_type=\"column\">\n\t\t\t<div class=\"elementor-widget-wrap elementor-element-populated\">\n\t\t\t\t\t\t<div class=\"elementor-element elementor-element-4a23402 elementor-widget elementor-widget-template\" data-id=\"4a23402\" data-element_type=\"widget\" data-widget_type=\"template.default\">\n\t\t\t\t<div class=\"elementor-widget-container\">\n\t\t\t\t\t\t\t<div class=\"elementor-template\">\n\t\t\t\t\t<div data-elementor-type=\"section\" data-elementor-id=\"1786\" class=\"elementor elementor-1786\" data-elementor-post-type=\"elementor_library\">\n\t\t\t\t\t<section class=\"elementor-section elementor-top-section elementor-element elementor-element-1caa547 elementor-section-boxed elementor-section-height-default elementor-section-height-default\" data-id=\"1caa547\" data-element_type=\"section\">\n\t\t\t\t\t\t<div class=\"elementor-container elementor-column-gap-default\">\n\t\t\t\t\t<div class=\"elementor-column elementor-col-100 elementor-top-column elementor-element elementor-element-7762985\" data-id=\"7762985\" data-element_type=\"column\">\n\t\t\t<div class=\"elementor-widget-wrap elementor-element-populated\">\n\t\t\t\t\t\t<div class=\"elementor-element elementor-element-a1a418f elementor-nav-menu--dropdown-tablet elementor-nav-menu__text-align-aside elementor-nav-menu--toggle elementor-nav-menu--burger elementor-widget elementor-widget-nav-menu\" data-id=\"a1a418f\" data-element_type=\"widget\" data-settings=\"{&quot;layout&quot;:&quot;vertical&quot;,&quot;submenu_icon&quot;:{&quot;value&quot;:&quot;&lt;i class=\\&quot;fas fa-caret-down\\&quot;&gt;&lt;\\\/i&gt;&quot;,&quot;library&quot;:&quot;fa-solid&quot;},&quot;toggle&quot;:&quot;burger&quot;}\" data-widget_type=\"nav-menu.default\">\n\t\t\t\t<div class=\"elementor-widget-container\">\n\t\t\t\t\t\t\t\t<nav aria-label=\"Menu\" class=\"elementor-nav-menu--main elementor-nav-menu__container elementor-nav-menu--layout-vertical e--pointer-underline e--animation-fade\">\n\t\t\t\t<ul id=\"menu-1-a1a418f\" class=\"elementor-nav-menu sm-vertical\"><li class=\"menu-item menu-item-type-post_type menu-item-object-page menu-item-1722\"><a href=\"https:\/\/inhrr.gob.ve\/?page_id=1096\" class=\"elementor-item\">La Instituci\u00f3n<\/a><\/li>\n<li class=\"menu-item menu-item-type-post_type menu-item-object-page menu-item-3093\"><a href=\"https:\/\/inhrr.gob.ve\/?page_id=3088\" class=\"elementor-item\">\u00bfQui\u00e9nes somos?<\/a><\/li>\n<li class=\"menu-item menu-item-type-post_type menu-item-object-page menu-item-1724\"><a href=\"https:\/\/inhrr.gob.ve\/?page_id=146\" class=\"elementor-item\">Misi\u00f3n y Visi\u00f3n<\/a><\/li>\n<li class=\"menu-item menu-item-type-post_type menu-item-object-page menu-item-1725\"><a href=\"https:\/\/inhrr.gob.ve\/?page_id=148\" class=\"elementor-item\">Pol\u00edticas y Valores<\/a><\/li>\n<li class=\"menu-item menu-item-type-post_type menu-item-object-page menu-item-1726\"><a href=\"https:\/\/inhrr.gob.ve\/?page_id=1130\" class=\"elementor-item\">Organigrama Estructural<\/a><\/li>\n<li class=\"menu-item menu-item-type-post_type menu-item-object-page menu-item-1728\"><a href=\"https:\/\/inhrr.gob.ve\/?page_id=1126\" class=\"elementor-item\">Tren Directivo<\/a><\/li>\n<li class=\"menu-item menu-item-type-post_type menu-item-object-page menu-item-1729\"><a href=\"https:\/\/inhrr.gob.ve\/?page_id=1111\" class=\"elementor-item\">Patrimonio y Memoria Institucional<\/a><\/li>\n<li class=\"menu-item menu-item-type-post_type menu-item-object-page menu-item-3887\"><a href=\"https:\/\/inhrr.gob.ve\/?page_id=2009\" class=\"elementor-item\">Sociedad Cient\u00edfica<\/a><\/li>\n<\/ul>\t\t\t<\/nav>\n\t\t\t\t\t<div class=\"elementor-menu-toggle\" role=\"button\" tabindex=\"0\" aria-label=\"Menu Toggle\" aria-expanded=\"false\">\n\t\t\t<i aria-hidden=\"true\" role=\"presentation\" class=\"elementor-menu-toggle__icon--open eicon-menu-bar\"><\/i><i aria-hidden=\"true\" role=\"presentation\" class=\"elementor-menu-toggle__icon--close eicon-close\"><\/i>\t\t<\/div>\n\t\t\t\t\t<nav class=\"elementor-nav-menu--dropdown elementor-nav-menu__container\" aria-hidden=\"true\">\n\t\t\t\t<ul id=\"menu-2-a1a418f\" class=\"elementor-nav-menu sm-vertical\"><li class=\"menu-item menu-item-type-post_type menu-item-object-page menu-item-1722\"><a href=\"https:\/\/inhrr.gob.ve\/?page_id=1096\" class=\"elementor-item\" tabindex=\"-1\">La Instituci\u00f3n<\/a><\/li>\n<li class=\"menu-item menu-item-type-post_type menu-item-object-page menu-item-3093\"><a href=\"https:\/\/inhrr.gob.ve\/?page_id=3088\" class=\"elementor-item\" tabindex=\"-1\">\u00bfQui\u00e9nes somos?<\/a><\/li>\n<li class=\"menu-item menu-item-type-post_type menu-item-object-page menu-item-1724\"><a href=\"https:\/\/inhrr.gob.ve\/?page_id=146\" class=\"elementor-item\" tabindex=\"-1\">Misi\u00f3n y Visi\u00f3n<\/a><\/li>\n<li class=\"menu-item menu-item-type-post_type menu-item-object-page menu-item-1725\"><a href=\"https:\/\/inhrr.gob.ve\/?page_id=148\" class=\"elementor-item\" tabindex=\"-1\">Pol\u00edticas y Valores<\/a><\/li>\n<li class=\"menu-item menu-item-type-post_type menu-item-object-page menu-item-1726\"><a href=\"https:\/\/inhrr.gob.ve\/?page_id=1130\" class=\"elementor-item\" tabindex=\"-1\">Organigrama Estructural<\/a><\/li>\n<li class=\"menu-item menu-item-type-post_type menu-item-object-page menu-item-1728\"><a href=\"https:\/\/inhrr.gob.ve\/?page_id=1126\" class=\"elementor-item\" tabindex=\"-1\">Tren Directivo<\/a><\/li>\n<li class=\"menu-item menu-item-type-post_type menu-item-object-page menu-item-1729\"><a href=\"https:\/\/inhrr.gob.ve\/?page_id=1111\" class=\"elementor-item\" tabindex=\"-1\">Patrimonio y Memoria Institucional<\/a><\/li>\n<li class=\"menu-item menu-item-type-post_type menu-item-object-page menu-item-3887\"><a href=\"https:\/\/inhrr.gob.ve\/?page_id=2009\" class=\"elementor-item\" tabindex=\"-1\">Sociedad Cient\u00edfica<\/a><\/li>\n<\/ul>\t\t\t<\/nav>\n\t\t\t\t\t\t<\/div>\n\t\t\t\t<\/div>\n\t\t\t\t\t<\/div>\n\t\t<\/div>\n\t\t\t\t\t<\/div>\n\t\t<\/section>\n\t\t\t\t<\/div>\n\t\t\t\t<\/div>\n\t\t\t\t\t\t<\/div>\n\t\t\t\t<\/div>\n\t\t\t\t\t<\/div>\n\t\t<\/div>\n\t\t\t\t<div class=\"elementor-column elementor-col-66 elementor-top-column elementor-element elementor-element-53bcda2\" data-id=\"53bcda2\" data-element_type=\"column\">\n\t\t\t<div class=\"elementor-widget-wrap elementor-element-populated\">\n\t\t\t\t\t\t<div class=\"elementor-element elementor-element-7bff4aa elementor-widget elementor-widget-template\" data-id=\"7bff4aa\" data-element_type=\"widget\" data-widget_type=\"template.default\">\n\t\t\t\t<div class=\"elementor-widget-container\">\n\t\t\t\t\t\t\t<div class=\"elementor-template\">\n\t\t\t\t\t<div data-elementor-type=\"page\" data-elementor-id=\"1807\" class=\"elementor elementor-1807\" data-elementor-post-type=\"elementor_library\">\n\t\t\t\t\t\t<section class=\"elementor-section elementor-top-section elementor-element elementor-element-43a537e elementor-section-boxed elementor-section-height-default elementor-section-height-default\" data-id=\"43a537e\" data-element_type=\"section\">\n\t\t\t\t\t\t<div class=\"elementor-container elementor-column-gap-default\">\n\t\t\t\t\t<div class=\"elementor-column elementor-col-100 elementor-top-column elementor-element elementor-element-9805a12\" data-id=\"9805a12\" data-element_type=\"column\">\n\t\t\t<div class=\"elementor-widget-wrap elementor-element-populated\">\n\t\t\t\t\t\t<div class=\"elementor-element elementor-element-b18fb67 elementor-widget elementor-widget-heading\" data-id=\"b18fb67\" data-element_type=\"widget\" data-widget_type=\"heading.default\">\n\t\t\t\t<div class=\"elementor-widget-container\">\n\t\t\t\t\t<h2 class=\"elementor-heading-title elementor-size-default\">Tren Directivo<\/h2>\t\t\t\t<\/div>\n\t\t\t\t<\/div>\n\t\t\t\t\t<\/div>\n\t\t<\/div>\n\t\t\t\t\t<\/div>\n\t\t<\/section>\n\t\t\t\t<section class=\"elementor-section elementor-top-section elementor-element elementor-element-aeeab0e elementor-section-boxed elementor-section-height-default elementor-section-height-default\" data-id=\"aeeab0e\" data-element_type=\"section\">\n\t\t\t\t\t\t<div class=\"elementor-container elementor-column-gap-default\">\n\t\t\t\t\t<div class=\"elementor-column elementor-col-100 elementor-top-column elementor-element elementor-element-8785e56\" data-id=\"8785e56\" data-element_type=\"column\">\n\t\t\t<div class=\"elementor-widget-wrap elementor-element-populated\">\n\t\t\t\t\t\t<div class=\"elementor-element elementor-element-b2e3ee7 elementor-widget elementor-widget-shortcode\" data-id=\"b2e3ee7\" data-element_type=\"widget\" data-widget_type=\"shortcode.default\">\n\t\t\t\t<div class=\"elementor-widget-container\">\n\t\t\t\t\t\t\t<div class=\"elementor-shortcode\">\n<table id=\"tablepress-33\" class=\"tablepress tablepress-id-33 tablita\">\n<thead>\n<tr class=\"row-1\">\n\t<td class=\"column-1\"><\/td><th class=\"column-2\">Cargo<\/th><th class=\"column-3\">Nombres y Apellidos<\/th>\n<\/tr>\n<\/thead>\n<tbody class=\"row-striping row-hover\">\n<tr class=\"row-2\">\n\t<td class=\"column-1\">Presidencia<\/td><td class=\"column-2\">Presidenta<\/td><td class=\"column-3\">Dra. Luisana Melo Sol\u00f3rzano<\/td>\n<\/tr>\n<tr class=\"row-3\">\n\t<td class=\"column-1\">Direcci\u00f3n del Despacho de la Presidencia<\/td><td class=\"column-2\">Director<\/td><td class=\"column-3\">Lcdo. Juan Mata<\/td>\n<\/tr>\n<tr class=\"row-4\">\n\t<td class=\"column-1\">Direcci\u00f3n General de Regulaci\u00f3n Sanitaria de Productos de Consumo y Uso Humano<br \/>\n<\/td><td class=\"column-2\">Directora<\/td><td class=\"column-3\">Esp. Mar\u00eda Eugenia D\u00edaz<\/td>\n<\/tr>\n<tr class=\"row-5\">\n\t<td class=\"column-1\">Direcci\u00f3n General de Diagn\u00f3stico<\/td><td class=\"column-2\">Directora<\/td><td class=\"column-3\">Lcda. Lieska Rodr\u00edguez<\/td>\n<\/tr>\n<tr class=\"row-6\">\n\t<td class=\"column-1\">Direcci\u00f3n General de Producci\u00f3n<\/td><td class=\"column-2\">Director<\/td><td class=\"column-3\">MSc. MV. Manuel Moya<\/td>\n<\/tr>\n<tr class=\"row-7\">\n\t<td class=\"column-1\">Direcci\u00f3n General de Docencia e Investigaci\u00f3n<\/td><td class=\"column-2\">Directora<\/td><td class=\"column-3\">Intern. Hilda Gonz\u00e1lez<\/td>\n<\/tr>\n<tr class=\"row-8\">\n\t<td class=\"column-1\">Oficina de Calidad<\/td><td class=\"column-2\">Directora<\/td><td class=\"column-3\">Lcda. Yesmin Sayago<\/td>\n<\/tr>\n<tr class=\"row-9\">\n\t<td class=\"column-1\">Oficina de Administraci\u00f3n <\/td><td class=\"column-2\">Directora<\/td><td class=\"column-3\">Lcda. Jenny Rivas<\/td>\n<\/tr>\n<tr class=\"row-10\">\n\t<td class=\"column-1\">Oficina de Planificaci\u00f3n y Presupuesto<\/td><td class=\"column-2\">Directora<\/td><td class=\"column-3\">Lcda. Rossming Gonz\u00e1lez<\/td>\n<\/tr>\n<tr class=\"row-11\">\n\t<td class=\"column-1\">Consultoria Jur\u00eddica<\/td><td class=\"column-2\">Directora<\/td><td class=\"column-3\">Abg. Judith Luces<\/td>\n<\/tr>\n<tr class=\"row-12\">\n\t<td class=\"column-1\">Oficina de Talento Humano<\/td><td class=\"column-2\">Directora<\/td><td class=\"column-3\">Lcda. Mar\u00eda Carolina Rodr\u00edguez<\/td>\n<\/tr>\n<tr class=\"row-13\">\n\t<td class=\"column-1\">Auditoria Interna<\/td><td class=\"column-2\">Director<\/td><td class=\"column-3\">Lcdo. Gerardo Duran<\/td>\n<\/tr>\n<tr class=\"row-14\">\n\t<td class=\"column-1\">Oficina de Tecnolog\u00eda de la informaci\u00f3n y Comunicaci\u00f3n<\/td><td class=\"column-2\">Director<\/td><td class=\"column-3\">Lcdo. Jos\u00e9 C\u00e1rdenas<\/td>\n<\/tr>\n<tr class=\"row-15\">\n\t<td class=\"column-1\">Oficina de Seguridad y Transporte<\/td><td class=\"column-2\">Director<\/td><td class=\"column-3\">T.S.U. Julio Moreno<\/td>\n<\/tr>\n<tr class=\"row-16\">\n\t<td class=\"column-1\">Oficina de Infraestructura y Proyectos<\/td><td class=\"column-2\">Director<\/td><td class=\"column-3\">T.S.U. Roberto Hern\u00e1ndez<\/td>\n<\/tr>\n<tr class=\"row-17\">\n\t<td class=\"column-1\">Oficina de Atenci\u00f3n Ciudadana<\/td><td class=\"column-2\">Director<\/td><td class=\"column-3\">Lcdo.  Juan Carlos Brea<\/td>\n<\/tr>\n<tr class=\"row-18\">\n\t<td class=\"column-1\">Oficina de Relaciones Interinstitucionales<\/td><td class=\"column-2\">Directora<\/td><td class=\"column-3\">Lcda. Gladys Gonz\u00e1lez<\/td>\n<\/tr>\n<\/tbody>\n<\/table>\n<!-- #tablepress-33 from cache --><\/div>\n\t\t\t\t\t\t<\/div>\n\t\t\t\t<\/div>\n\t\t\t\t<div class=\"elementor-element elementor-element-d4b36ab elementor-hidden-desktop elementor-hidden-tablet elementor-hidden-mobile elementor-widget elementor-widget-shortcode\" data-id=\"d4b36ab\" data-element_type=\"widget\" data-widget_type=\"shortcode.default\">\n\t\t\t\t<div class=\"elementor-widget-container\">\n\t\t\t\t\t\t\t<div class=\"elementor-shortcode\">\n\n<ul class=\"su-posts su-posts-list-loop \">\n\n\t\n\t\t<li>No se ha encontrado entradas<\/li>\n\n\t\n<\/ul>\n\n<\/div>\n\t\t\t\t\t\t<\/div>\n\t\t\t\t<\/div>\n\t\t\t\t\t<\/div>\n\t\t<\/div>\n\t\t\t\t\t<\/div>\n\t\t<\/section>\n\t\t\t\t<\/div>\n\t\t\t\t<\/div>\n\t\t\t\t\t\t<\/div>\n\t\t\t\t<\/div>\n\t\t\t\t\t<\/div>\n\t\t<\/div>\n\t\t\t\t\t<\/div>\n\t\t<\/section>\n\t\t\t\t<\/div>\n\t\t","protected":false},"excerpt":{"rendered":"","protected":false},"author":1,"featured_media":0,"parent":1096,"menu_order":0,"comment_status":"closed","ping_status":"closed","template":"","meta":{"footnotes":""},"class_list":["post-1126","page","type-page","status-publish"],"_links":{"self":[{"href":"https:\/\/inhrr.gob.ve\/index.php?rest_route=\/wp\/v2\/pages\/1126","targetHints":{"allow":["GET"]}}],"collection":[{"href":"https:\/\/inhrr.gob.ve\/index.php?rest_route=\/wp\/v2\/pages"}],"about":[{"href":"https:\/\/inhrr.gob.ve\/index.php?rest_route=\/wp\/v2\/types\/page"}],"author":[{"embeddable":true,"href":"https:\/\/inhrr.gob.ve\/index.php?rest_route=\/wp\/v2\/users\/1"}],"replies":[{"embeddable":true,"href":"https:\/\/inhrr.gob.ve\/index.php?rest_route=%2Fwp%2Fv2%2Fcomments&post=1126"}],"version-history":[{"count":12,"href":"https:\/\/inhrr.gob.ve\/index.php?rest_route=\/wp\/v2\/pages\/1126\/revisions"}],"predecessor-version":[{"id":7752,"href":"https:\/\/inhrr.gob.ve\/index.php?rest_route=\/wp\/v2\/pages\/1126\/revisions\/7752"}],"up":[{"embeddable":true,"href":"https:\/\/inhrr.gob.ve\/index.php?rest_route=\/wp\/v2\/pages\/1096"}],"wp:attachment":[{"href":"https:\/\/inhrr.gob.ve\/index.php?rest_route=%2Fwp%2Fv2%2Fmedia&parent=1126"}],"curies":[{"name":"wp","href":"https:\/\/api.w.org\/{rel}","templated":true}]}}