{"id":146,"date":"2019-10-16T02:42:19","date_gmt":"2019-10-16T06:42:19","guid":{"rendered":"http:\/\/172.16.0.115\/?page_id=146"},"modified":"2022-11-16T10:56:22","modified_gmt":"2022-11-16T14:56:22","slug":"mision","status":"publish","type":"page","link":"https:\/\/inhrr.gob.ve\/?page_id=146","title":{"rendered":"Misi\u00f3n y Visi\u00f3n"},"content":{"rendered":"\t\t<div data-elementor-type=\"wp-page\" data-elementor-id=\"146\" class=\"elementor elementor-146\" data-elementor-post-type=\"page\">\n\t\t\t\t\t\t<section class=\"elementor-section elementor-top-section elementor-element elementor-element-7e1522c elementor-section-boxed elementor-section-height-default elementor-section-height-default\" data-id=\"7e1522c\" data-element_type=\"section\">\n\t\t\t\t\t\t<div class=\"elementor-container elementor-column-gap-default\">\n\t\t\t\t\t<div class=\"elementor-column elementor-col-33 elementor-top-column elementor-element elementor-element-8cf5d22\" data-id=\"8cf5d22\" data-element_type=\"column\">\n\t\t\t<div class=\"elementor-widget-wrap elementor-element-populated\">\n\t\t\t\t\t\t<div class=\"elementor-element elementor-element-11a9ab2 elementor-widget elementor-widget-template\" data-id=\"11a9ab2\" data-element_type=\"widget\" data-widget_type=\"template.default\">\n\t\t\t\t<div class=\"elementor-widget-container\">\n\t\t\t\t\t\t\t<div class=\"elementor-template\">\n\t\t\t\t\t<div data-elementor-type=\"section\" data-elementor-id=\"1786\" class=\"elementor elementor-1786\" data-elementor-post-type=\"elementor_library\">\n\t\t\t\t\t<section class=\"elementor-section elementor-top-section elementor-element elementor-element-1caa547 elementor-section-boxed elementor-section-height-default elementor-section-height-default\" data-id=\"1caa547\" data-element_type=\"section\">\n\t\t\t\t\t\t<div class=\"elementor-container elementor-column-gap-default\">\n\t\t\t\t\t<div class=\"elementor-column elementor-col-100 elementor-top-column elementor-element elementor-element-7762985\" data-id=\"7762985\" data-element_type=\"column\">\n\t\t\t<div class=\"elementor-widget-wrap elementor-element-populated\">\n\t\t\t\t\t\t<div class=\"elementor-element elementor-element-a1a418f elementor-nav-menu--dropdown-tablet elementor-nav-menu__text-align-aside elementor-nav-menu--toggle elementor-nav-menu--burger elementor-widget elementor-widget-nav-menu\" data-id=\"a1a418f\" data-element_type=\"widget\" data-settings=\"{&quot;layout&quot;:&quot;vertical&quot;,&quot;submenu_icon&quot;:{&quot;value&quot;:&quot;&lt;i class=\\&quot;fas fa-caret-down\\&quot;&gt;&lt;\\\/i&gt;&quot;,&quot;library&quot;:&quot;fa-solid&quot;},&quot;toggle&quot;:&quot;burger&quot;}\" data-widget_type=\"nav-menu.default\">\n\t\t\t\t<div class=\"elementor-widget-container\">\n\t\t\t\t\t\t\t\t<nav aria-label=\"Menu\" class=\"elementor-nav-menu--main elementor-nav-menu__container elementor-nav-menu--layout-vertical e--pointer-underline e--animation-fade\">\n\t\t\t\t<ul id=\"menu-1-a1a418f\" class=\"elementor-nav-menu sm-vertical\"><li class=\"menu-item menu-item-type-post_type menu-item-object-page menu-item-1722\"><a href=\"https:\/\/inhrr.gob.ve\/?page_id=1096\" class=\"elementor-item\">La Instituci\u00f3n<\/a><\/li>\n<li class=\"menu-item menu-item-type-post_type menu-item-object-page menu-item-3093\"><a href=\"https:\/\/inhrr.gob.ve\/?page_id=3088\" class=\"elementor-item\">\u00bfQui\u00e9nes somos?<\/a><\/li>\n<li class=\"menu-item menu-item-type-post_type menu-item-object-page menu-item-1724\"><a href=\"https:\/\/inhrr.gob.ve\/?page_id=146\" class=\"elementor-item\">Misi\u00f3n y Visi\u00f3n<\/a><\/li>\n<li class=\"menu-item menu-item-type-post_type menu-item-object-page menu-item-1725\"><a href=\"https:\/\/inhrr.gob.ve\/?page_id=148\" class=\"elementor-item\">Pol\u00edticas y Valores<\/a><\/li>\n<li class=\"menu-item menu-item-type-post_type menu-item-object-page menu-item-1726\"><a href=\"https:\/\/inhrr.gob.ve\/?page_id=1130\" class=\"elementor-item\">Organigrama Estructural<\/a><\/li>\n<li class=\"menu-item menu-item-type-post_type menu-item-object-page menu-item-1728\"><a href=\"https:\/\/inhrr.gob.ve\/?page_id=1126\" class=\"elementor-item\">Tren Directivo<\/a><\/li>\n<li class=\"menu-item menu-item-type-post_type menu-item-object-page menu-item-1729\"><a href=\"https:\/\/inhrr.gob.ve\/?page_id=1111\" class=\"elementor-item\">Patrimonio y Memoria Institucional<\/a><\/li>\n<li class=\"menu-item menu-item-type-post_type menu-item-object-page menu-item-3887\"><a href=\"https:\/\/inhrr.gob.ve\/?page_id=2009\" class=\"elementor-item\">Sociedad Cient\u00edfica<\/a><\/li>\n<\/ul>\t\t\t<\/nav>\n\t\t\t\t\t<div class=\"elementor-menu-toggle\" role=\"button\" tabindex=\"0\" aria-label=\"Menu Toggle\" aria-expanded=\"false\">\n\t\t\t<i aria-hidden=\"true\" role=\"presentation\" class=\"elementor-menu-toggle__icon--open eicon-menu-bar\"><\/i><i aria-hidden=\"true\" role=\"presentation\" class=\"elementor-menu-toggle__icon--close eicon-close\"><\/i>\t\t<\/div>\n\t\t\t\t\t<nav class=\"elementor-nav-menu--dropdown elementor-nav-menu__container\" aria-hidden=\"true\">\n\t\t\t\t<ul id=\"menu-2-a1a418f\" class=\"elementor-nav-menu sm-vertical\"><li class=\"menu-item menu-item-type-post_type menu-item-object-page menu-item-1722\"><a href=\"https:\/\/inhrr.gob.ve\/?page_id=1096\" class=\"elementor-item\" tabindex=\"-1\">La Instituci\u00f3n<\/a><\/li>\n<li class=\"menu-item menu-item-type-post_type menu-item-object-page menu-item-3093\"><a href=\"https:\/\/inhrr.gob.ve\/?page_id=3088\" class=\"elementor-item\" tabindex=\"-1\">\u00bfQui\u00e9nes somos?<\/a><\/li>\n<li class=\"menu-item menu-item-type-post_type menu-item-object-page menu-item-1724\"><a href=\"https:\/\/inhrr.gob.ve\/?page_id=146\" class=\"elementor-item\" tabindex=\"-1\">Misi\u00f3n y Visi\u00f3n<\/a><\/li>\n<li class=\"menu-item menu-item-type-post_type menu-item-object-page menu-item-1725\"><a href=\"https:\/\/inhrr.gob.ve\/?page_id=148\" class=\"elementor-item\" tabindex=\"-1\">Pol\u00edticas y Valores<\/a><\/li>\n<li class=\"menu-item menu-item-type-post_type menu-item-object-page menu-item-1726\"><a href=\"https:\/\/inhrr.gob.ve\/?page_id=1130\" class=\"elementor-item\" tabindex=\"-1\">Organigrama Estructural<\/a><\/li>\n<li class=\"menu-item menu-item-type-post_type menu-item-object-page menu-item-1728\"><a href=\"https:\/\/inhrr.gob.ve\/?page_id=1126\" class=\"elementor-item\" tabindex=\"-1\">Tren Directivo<\/a><\/li>\n<li class=\"menu-item menu-item-type-post_type menu-item-object-page menu-item-1729\"><a href=\"https:\/\/inhrr.gob.ve\/?page_id=1111\" class=\"elementor-item\" tabindex=\"-1\">Patrimonio y Memoria Institucional<\/a><\/li>\n<li class=\"menu-item menu-item-type-post_type menu-item-object-page menu-item-3887\"><a href=\"https:\/\/inhrr.gob.ve\/?page_id=2009\" class=\"elementor-item\" tabindex=\"-1\">Sociedad Cient\u00edfica<\/a><\/li>\n<\/ul>\t\t\t<\/nav>\n\t\t\t\t\t\t<\/div>\n\t\t\t\t<\/div>\n\t\t\t\t\t<\/div>\n\t\t<\/div>\n\t\t\t\t\t<\/div>\n\t\t<\/section>\n\t\t\t\t<\/div>\n\t\t\t\t<\/div>\n\t\t\t\t\t\t<\/div>\n\t\t\t\t<\/div>\n\t\t\t\t\t<\/div>\n\t\t<\/div>\n\t\t\t\t<div class=\"elementor-column elementor-col-66 elementor-top-column elementor-element elementor-element-c8dad87\" data-id=\"c8dad87\" data-element_type=\"column\">\n\t\t\t<div class=\"elementor-widget-wrap elementor-element-populated\">\n\t\t\t\t\t\t<div class=\"elementor-element elementor-element-cf8f711 elementor-widget elementor-widget-template\" data-id=\"cf8f711\" data-element_type=\"widget\" data-widget_type=\"template.default\">\n\t\t\t\t<div class=\"elementor-widget-container\">\n\t\t\t\t\t\t\t<div class=\"elementor-template\">\n\t\t\t\t\t<div data-elementor-type=\"page\" data-elementor-id=\"1746\" class=\"elementor elementor-1746\" data-elementor-post-type=\"elementor_library\">\n\t\t\t\t\t\t<section class=\"elementor-section elementor-top-section elementor-element elementor-element-5c8ef70 elementor-section-boxed elementor-section-height-default elementor-section-height-default\" data-id=\"5c8ef70\" data-element_type=\"section\">\n\t\t\t\t\t\t<div class=\"elementor-container elementor-column-gap-default\">\n\t\t\t\t\t<div class=\"elementor-column elementor-col-100 elementor-top-column elementor-element elementor-element-c128764\" data-id=\"c128764\" data-element_type=\"column\">\n\t\t\t<div class=\"elementor-widget-wrap elementor-element-populated\">\n\t\t\t\t\t\t<div class=\"elementor-element elementor-element-264543c elementor-widget elementor-widget-heading\" data-id=\"264543c\" data-element_type=\"widget\" data-widget_type=\"heading.default\">\n\t\t\t\t<div class=\"elementor-widget-container\">\n\t\t\t\t\t<h2 class=\"elementor-heading-title elementor-size-default\">Misi\u00f3n y Visi\u00f3n\n<\/h2>\t\t\t\t<\/div>\n\t\t\t\t<\/div>\n\t\t\t\t\t<\/div>\n\t\t<\/div>\n\t\t\t\t\t<\/div>\n\t\t<\/section>\n\t\t\t\t<section class=\"elementor-section elementor-top-section elementor-element elementor-element-e3b89d4 elementor-section-boxed elementor-section-height-default elementor-section-height-default\" data-id=\"e3b89d4\" data-element_type=\"section\">\n\t\t\t\t\t\t<div class=\"elementor-container elementor-column-gap-default\">\n\t\t\t\t\t<div class=\"elementor-column elementor-col-100 elementor-top-column elementor-element elementor-element-8848779\" data-id=\"8848779\" data-element_type=\"column\">\n\t\t\t<div class=\"elementor-widget-wrap elementor-element-populated\">\n\t\t\t\t\t\t<div class=\"elementor-element elementor-element-1b85d7d elementor-tabs-alignment-stretch elementor-tabs-view-horizontal elementor-widget elementor-widget-tabs\" data-id=\"1b85d7d\" data-element_type=\"widget\" data-widget_type=\"tabs.default\">\n\t\t\t\t<div class=\"elementor-widget-container\">\n\t\t\t\t\t\t\t<div class=\"elementor-tabs\">\n\t\t\t<div class=\"elementor-tabs-wrapper\" role=\"tablist\" >\n\t\t\t\t\t\t\t\t\t<div id=\"elementor-tab-title-2881\" class=\"elementor-tab-title elementor-tab-desktop-title\" aria-selected=\"true\" data-tab=\"1\" role=\"tab\" tabindex=\"0\" aria-controls=\"elementor-tab-content-2881\" aria-expanded=\"false\">Misi\u00f3n<\/div>\n\t\t\t\t\t\t\t\t\t<div id=\"elementor-tab-title-2882\" class=\"elementor-tab-title elementor-tab-desktop-title\" aria-selected=\"false\" data-tab=\"2\" role=\"tab\" tabindex=\"-1\" aria-controls=\"elementor-tab-content-2882\" aria-expanded=\"false\">Visi\u00f3n<\/div>\n\t\t\t\t\t\t\t<\/div>\n\t\t\t<div class=\"elementor-tabs-content-wrapper\" role=\"tablist\" aria-orientation=\"vertical\">\n\t\t\t\t\t\t\t\t\t<div class=\"elementor-tab-title elementor-tab-mobile-title\" aria-selected=\"true\" data-tab=\"1\" role=\"tab\" tabindex=\"0\" aria-controls=\"elementor-tab-content-2881\" aria-expanded=\"false\">Misi\u00f3n<\/div>\n\t\t\t\t\t<div id=\"elementor-tab-content-2881\" class=\"elementor-tab-content elementor-clearfix\" data-tab=\"1\" role=\"tabpanel\" aria-labelledby=\"elementor-tab-title-2881\" tabindex=\"0\" hidden=\"false\"><p>Instituto Aut\u00f3nomo de Referencia Nacional para el Diagn\u00f3stico, Desarrollo de Biotecnolog\u00edas, Investigaci\u00f3n de Enfermedades Endemoepid\u00e9micas, Vigilancia Sanitaria de Productos de Uso y Consumo Humano, Producci\u00f3n de Animales Experimentales y Formaci\u00f3n del Talento de Humano en las \u00e1reas de su competencia, con un personal altamente capacitado, comprometido con vocaci\u00f3n de servicio y sentido de pertenencia institucional contando con la capacidad t\u00e9cnica y cient\u00edfica suficiente para contribuir con el Fortalecimiento del Sistema P\u00fablico Nacional de Salud.<\/p><\/div>\n\t\t\t\t\t\t\t\t\t<div class=\"elementor-tab-title elementor-tab-mobile-title\" aria-selected=\"false\" data-tab=\"2\" role=\"tab\" tabindex=\"-1\" aria-controls=\"elementor-tab-content-2882\" aria-expanded=\"false\">Visi\u00f3n<\/div>\n\t\t\t\t\t<div id=\"elementor-tab-content-2882\" class=\"elementor-tab-content elementor-clearfix\" data-tab=\"2\" role=\"tabpanel\" aria-labelledby=\"elementor-tab-title-2882\" tabindex=\"0\" hidden=\"hidden\"><p>Ser el Centro de referencia nacional con certificaci\u00f3n y acreditaci\u00f3n internacional\u00a0 especializada y autosustentable, para el Diagn\u00f3stico, Desarrollo de Biotecnolog\u00edas, Investigaci\u00f3n de Enfermedades Endemoepid\u00e9micas, Vigilancia Sanitaria de Productos de Uso y Consumo Humano, Producci\u00f3n de Animales Experimentales, Formaci\u00f3n del Talento de Humano como insumo para la salud, con procesos y equipos de tecnolog\u00eda avanzada, infraestructura acorde a las normativas de gesti\u00f3n de calidad y un personal altamente capacitado, comprometido con \u00e9tica, vocaci\u00f3n de servicio y sentido de pertenencia institucional.<\/p><\/div>\n\t\t\t\t\t\t\t<\/div>\n\t\t<\/div>\n\t\t\t\t\t\t<\/div>\n\t\t\t\t<\/div>\n\t\t\t\t\t<\/div>\n\t\t<\/div>\n\t\t\t\t\t<\/div>\n\t\t<\/section>\n\t\t\t\t<\/div>\n\t\t\t\t<\/div>\n\t\t\t\t\t\t<\/div>\n\t\t\t\t<\/div>\n\t\t\t\t\t<\/div>\n\t\t<\/div>\n\t\t\t\t\t<\/div>\n\t\t<\/section>\n\t\t\t\t<\/div>\n\t\t","protected":false},"excerpt":{"rendered":"","protected":false},"author":1,"featured_media":0,"parent":1096,"menu_order":2,"comment_status":"closed","ping_status":"closed","template":"","meta":{"footnotes":""},"class_list":["post-146","page","type-page","status-publish"],"_links":{"self":[{"href":"https:\/\/inhrr.gob.ve\/index.php?rest_route=\/wp\/v2\/pages\/146","targetHints":{"allow":["GET"]}}],"collection":[{"href":"https:\/\/inhrr.gob.ve\/index.php?rest_route=\/wp\/v2\/pages"}],"about":[{"href":"https:\/\/inhrr.gob.ve\/index.php?rest_route=\/wp\/v2\/types\/page"}],"author":[{"embeddable":true,"href":"https:\/\/inhrr.gob.ve\/index.php?rest_route=\/wp\/v2\/users\/1"}],"replies":[{"embeddable":true,"href":"https:\/\/inhrr.gob.ve\/index.php?rest_route=%2Fwp%2Fv2%2Fcomments&post=146"}],"version-history":[{"count":29,"href":"https:\/\/inhrr.gob.ve\/index.php?rest_route=\/wp\/v2\/pages\/146\/revisions"}],"predecessor-version":[{"id":7246,"href":"https:\/\/inhrr.gob.ve\/index.php?rest_route=\/wp\/v2\/pages\/146\/revisions\/7246"}],"up":[{"embeddable":true,"href":"https:\/\/inhrr.gob.ve\/index.php?rest_route=\/wp\/v2\/pages\/1096"}],"wp:attachment":[{"href":"https:\/\/inhrr.gob.ve\/index.php?rest_route=%2Fwp%2Fv2%2Fmedia&parent=146"}],"curies":[{"name":"wp","href":"https:\/\/api.w.org\/{rel}","templated":true}]}}