{"id":2048,"date":"2022-07-07T10:45:17","date_gmt":"2022-07-07T14:45:17","guid":{"rendered":"http:\/\/172.16.0.115\/?page_id=2048"},"modified":"2022-09-26T16:33:33","modified_gmt":"2022-09-26T20:33:33","slug":"direccion-general-de-produccion-dgp","status":"publish","type":"page","link":"https:\/\/inhrr.gob.ve\/?page_id=2048","title":{"rendered":"Direcci\u00f3n General  de Producci\u00f3n (DGP)"},"content":{"rendered":"\t\t<div data-elementor-type=\"wp-page\" data-elementor-id=\"2048\" class=\"elementor elementor-2048\" data-elementor-post-type=\"page\">\n\t\t\t\t\t\t<section class=\"elementor-section elementor-top-section elementor-element elementor-element-b8fc13e elementor-section-boxed elementor-section-height-default elementor-section-height-default\" data-id=\"b8fc13e\" data-element_type=\"section\">\n\t\t\t\t\t\t<div class=\"elementor-container elementor-column-gap-default\">\n\t\t\t\t\t<div class=\"elementor-column elementor-col-100 elementor-top-column elementor-element elementor-element-d349687\" data-id=\"d349687\" data-element_type=\"column\">\n\t\t\t<div class=\"elementor-widget-wrap elementor-element-populated\">\n\t\t\t\t\t\t\t<\/div>\n\t\t<\/div>\n\t\t\t\t\t<\/div>\n\t\t<\/section>\n\t\t\t\t<section class=\"elementor-section elementor-top-section elementor-element elementor-element-c7eeb48 elementor-section-boxed elementor-section-height-default elementor-section-height-default\" data-id=\"c7eeb48\" data-element_type=\"section\">\n\t\t\t\t\t\t<div class=\"elementor-container elementor-column-gap-default\">\n\t\t\t\t\t<div class=\"elementor-column elementor-col-100 elementor-top-column elementor-element elementor-element-9f8b3fa\" data-id=\"9f8b3fa\" data-element_type=\"column\">\n\t\t\t<div class=\"elementor-widget-wrap elementor-element-populated\">\n\t\t\t\t\t\t<div class=\"elementor-element elementor-element-4de2840 elementor-widget elementor-widget-heading\" data-id=\"4de2840\" data-element_type=\"widget\" data-widget_type=\"heading.default\">\n\t\t\t\t<div class=\"elementor-widget-container\">\n\t\t\t\t\t<h2 class=\"elementor-heading-title elementor-size-default\">Direcci\u00f3n General  de Producci\u00f3n \n<\/h2>\t\t\t\t<\/div>\n\t\t\t\t<\/div>\n\t\t\t\t<div class=\"elementor-element elementor-element-316ce81 elementor-tabs-view-horizontal elementor-widget elementor-widget-tabs\" data-id=\"316ce81\" data-element_type=\"widget\" data-widget_type=\"tabs.default\">\n\t\t\t\t<div class=\"elementor-widget-container\">\n\t\t\t\t\t\t\t<div class=\"elementor-tabs\">\n\t\t\t<div class=\"elementor-tabs-wrapper\" role=\"tablist\" >\n\t\t\t\t\t\t\t\t\t<div id=\"elementor-tab-title-5181\" class=\"elementor-tab-title elementor-tab-desktop-title\" aria-selected=\"true\" data-tab=\"1\" role=\"tab\" tabindex=\"0\" aria-controls=\"elementor-tab-content-5181\" aria-expanded=\"false\">\u00bfQui\u00e9nes somos? <\/div>\n\t\t\t\t\t\t\t\t\t<div id=\"elementor-tab-title-5182\" class=\"elementor-tab-title elementor-tab-desktop-title\" aria-selected=\"false\" data-tab=\"2\" role=\"tab\" tabindex=\"-1\" aria-controls=\"elementor-tab-content-5182\" aria-expanded=\"false\">Productos y Servicios<\/div>\n\t\t\t\t\t\t\t<\/div>\n\t\t\t<div class=\"elementor-tabs-content-wrapper\" role=\"tablist\" aria-orientation=\"vertical\">\n\t\t\t\t\t\t\t\t\t<div class=\"elementor-tab-title elementor-tab-mobile-title\" aria-selected=\"true\" data-tab=\"1\" role=\"tab\" tabindex=\"0\" aria-controls=\"elementor-tab-content-5181\" aria-expanded=\"false\">\u00bfQui\u00e9nes somos? <\/div>\n\t\t\t\t\t<div id=\"elementor-tab-content-5181\" class=\"elementor-tab-content elementor-clearfix\" data-tab=\"1\" role=\"tabpanel\" aria-labelledby=\"elementor-tab-title-5181\" tabindex=\"0\" hidden=\"false\"><p>Somos los encargados de producir insumos esenciales y prestar los servicios b\u00e1sicos para la operatividad diaria de las Direcciones Estrat\u00e9gicas de la instituci\u00f3n e instituciones afines, que llevan a cabo el diagn\u00f3stico y vigilancia epidemiol\u00f3gica de enfermedades transmisibles, el registro y control de alimentos y medicamentos, as\u00ed como actividades de investigaci\u00f3n y desarrollo. Bajo la acci\u00f3n conjunta de cinco direcciones de l\u00ednea:<strong> Animales de Laboratorio, Biotecnolog\u00eda y Desarrollo, Cultivo Celular, Medios de Cultivo y Reactivos, Procesamiento de Agua y Materiales de Laboratorio.<\/strong><\/p><p>Todos nuestros productos y servicios son garantizados por una unidad contralora, facultada para verificar que se cumplan los requisitos exigidos por normativas nacionales e internacionales para la ejecuci\u00f3n exitosa y oportuna nuestras metas.<\/p><\/div>\n\t\t\t\t\t\t\t\t\t<div class=\"elementor-tab-title elementor-tab-mobile-title\" aria-selected=\"false\" data-tab=\"2\" role=\"tab\" tabindex=\"-1\" aria-controls=\"elementor-tab-content-5182\" aria-expanded=\"false\">Productos y Servicios<\/div>\n\t\t\t\t\t<div id=\"elementor-tab-content-5182\" class=\"elementor-tab-content elementor-clearfix\" data-tab=\"2\" role=\"tabpanel\" aria-labelledby=\"elementor-tab-title-5182\" tabindex=\"0\" hidden=\"hidden\"><p>\t\t<div data-elementor-type=\"section\" data-elementor-id=\"5747\" class=\"elementor elementor-5747\" data-elementor-post-type=\"elementor_library\">\n\t\t\t\t\t<section class=\"elementor-section elementor-top-section elementor-element elementor-element-4f6f8c9 elementor-section-boxed elementor-section-height-default elementor-section-height-default\" data-id=\"4f6f8c9\" data-element_type=\"section\">\n\t\t\t\t\t\t<div class=\"elementor-container elementor-column-gap-default\">\n\t\t\t\t\t<div class=\"elementor-column elementor-col-100 elementor-top-column elementor-element elementor-element-e7e38b8\" data-id=\"e7e38b8\" data-element_type=\"column\">\n\t\t\t<div class=\"elementor-widget-wrap elementor-element-populated\">\n\t\t\t\t\t\t<div class=\"elementor-element elementor-element-b0ad341 elementor-tabs-alignment-center elementor-tabs-view-horizontal elementor-widget elementor-widget-tabs\" data-id=\"b0ad341\" data-element_type=\"widget\" data-widget_type=\"tabs.default\">\n\t\t\t\t<div class=\"elementor-widget-container\">\n\t\t\t\t\t\t\t<div class=\"elementor-tabs\">\n\t\t\t<div class=\"elementor-tabs-wrapper\" role=\"tablist\" >\n\t\t\t\t\t\t\t\t\t<div id=\"elementor-tab-title-1851\" class=\"elementor-tab-title elementor-tab-desktop-title\" aria-selected=\"true\" data-tab=\"1\" role=\"tab\" tabindex=\"0\" aria-controls=\"elementor-tab-content-1851\" aria-expanded=\"false\">COMUNIDAD<\/div>\n\t\t\t\t\t\t\t\t\t<div id=\"elementor-tab-title-1852\" class=\"elementor-tab-title elementor-tab-desktop-title\" aria-selected=\"false\" data-tab=\"2\" role=\"tab\" tabindex=\"-1\" aria-controls=\"elementor-tab-content-1852\" aria-expanded=\"false\">PROFESIONALES<\/div>\n\t\t\t\t\t\t\t\t\t<div id=\"elementor-tab-title-1853\" class=\"elementor-tab-title elementor-tab-desktop-title\" aria-selected=\"false\" data-tab=\"3\" role=\"tab\" tabindex=\"-1\" aria-controls=\"elementor-tab-content-1853\" aria-expanded=\"false\">INDUSTRIA<\/div>\n\t\t\t\t\t\t\t<\/div>\n\t\t\t<div class=\"elementor-tabs-content-wrapper\" role=\"tablist\" aria-orientation=\"vertical\">\n\t\t\t\t\t\t\t\t\t<div class=\"elementor-tab-title elementor-tab-mobile-title\" aria-selected=\"true\" data-tab=\"1\" role=\"tab\" tabindex=\"0\" aria-controls=\"elementor-tab-content-1851\" aria-expanded=\"false\">COMUNIDAD<\/div>\n\t\t\t\t\t<div id=\"elementor-tab-content-1851\" class=\"elementor-tab-content elementor-clearfix\" data-tab=\"1\" role=\"tabpanel\" aria-labelledby=\"elementor-tab-title-1851\" tabindex=\"0\" hidden=\"false\"><ul><li>Agua potable<\/li><li>Soluci\u00f3n salina 0.85 %<\/li><li>Soluciones antis\u00e9pticas: gel antis\u00e9ptico, soluci\u00f3n hidroalcoh\u00f3lica<\/li><li>Espacios de la Granja Experimental La Torcaz para diversas jornadas de salud p\u00fablica<\/li><li>Venta de Conejo y Carnero reproductores<\/li><\/ul><\/div>\n\t\t\t\t\t\t\t\t\t<div class=\"elementor-tab-title elementor-tab-mobile-title\" aria-selected=\"false\" data-tab=\"2\" role=\"tab\" tabindex=\"-1\" aria-controls=\"elementor-tab-content-1852\" aria-expanded=\"false\">PROFESIONALES<\/div>\n\t\t\t\t\t<div id=\"elementor-tab-content-1852\" class=\"elementor-tab-content elementor-clearfix\" data-tab=\"2\" role=\"tabpanel\" aria-labelledby=\"elementor-tab-title-1852\" tabindex=\"0\" hidden=\"hidden\"><ul><li>Subproductos: sangre y hemoderivados de conejos, cobayos, gansos, equinos y bovinos<\/li><li>Diagn\u00f3stico anatomopatol\u00f3gico y an\u00e1lisis cl\u00ednico en animales<\/li><li>Agua potable para consumo humano<\/li><li>Agua purificada para uso en laboratorio<\/li><li>Servicio de esterilizaci\u00f3n por horno y autoclave<\/li><li>Servicio de acondicionamiento de material de laboratorio<\/li><li>Medios de cultivo, reactivos, colorantes y soluciones<\/li><li>Kits para estuches biol\u00f3gicos<\/li><li>L\u00edneas Celulares<\/li><li>Asesor\u00eda t\u00e9cnica en las \u00e1reas de producci\u00f3n y manejo de animales de laboratorio, en medios de cultivo, procesamiento de agua y acondicionamiento de materiales de laboratorio<\/li><li>Venta de Animales de Laboratorio (ratones, ratas, conejos y cobayos)<\/li><\/ul><\/div>\n\t\t\t\t\t\t\t\t\t<div class=\"elementor-tab-title elementor-tab-mobile-title\" aria-selected=\"false\" data-tab=\"3\" role=\"tab\" tabindex=\"-1\" aria-controls=\"elementor-tab-content-1853\" aria-expanded=\"false\">INDUSTRIA<\/div>\n\t\t\t\t\t<div id=\"elementor-tab-content-1853\" class=\"elementor-tab-content elementor-clearfix\" data-tab=\"3\" role=\"tabpanel\" aria-labelledby=\"elementor-tab-title-1853\" tabindex=\"0\" hidden=\"hidden\"><ul><li>Subproductos: sangre y hemoderivados de conejos, cobayos, gansos, equinos y bovinos<\/li><li>Diagn\u00f3stico anatomopatol\u00f3gico y an\u00e1lisis cl\u00ednico en animales<\/li><li>Agua potable para consumo humano<\/li><li>Agua purificada para uso en laboratorio<\/li><li>Servicio de esterilizaci\u00f3n por horno y autoclave<\/li><li>Servicio de acondicionamiento de material de laboratorio<\/li><li>Medios de cultivo, reactivos, colorantes y soluciones<\/li><li>Kits para estuches biol\u00f3gicos<\/li><li>L\u00edneas Celulares<\/li><li>Asesor\u00eda t\u00e9cnica en las \u00e1reas de producci\u00f3n y manejo de animales de laboratorio, en medios de cultivo, procesamiento de agua y acondicionamiento de materiales de laboratorio<\/li><li>Venta de Animales de Laboratorio (ratones, ratas, conejos y cobayos)<\/li><\/ul><p><strong>\u00a0<\/strong><\/p><\/div>\n\t\t\t\t\t\t\t<\/div>\n\t\t<\/div>\n\t\t\t\t\t\t<\/div>\n\t\t\t\t<\/div>\n\t\t\t\t\t<\/div>\n\t\t<\/div>\n\t\t\t\t\t<\/div>\n\t\t<\/section>\n\t\t\t\t<\/div>\n\t\t<\/p><\/div>\n\t\t\t\t\t\t\t<\/div>\n\t\t<\/div>\n\t\t\t\t\t\t<\/div>\n\t\t\t\t<\/div>\n\t\t\t\t\t<\/div>\n\t\t<\/div>\n\t\t\t\t\t<\/div>\n\t\t<\/section>\n\t\t\t\t<section class=\"elementor-section elementor-top-section elementor-element elementor-element-921e7ca elementor-section-boxed elementor-section-height-default elementor-section-height-default\" data-id=\"921e7ca\" data-element_type=\"section\">\n\t\t\t\t\t\t<div class=\"elementor-container elementor-column-gap-default\">\n\t\t\t\t\t<div class=\"elementor-column elementor-col-100 elementor-top-column elementor-element elementor-element-e037cbd\" data-id=\"e037cbd\" data-element_type=\"column\">\n\t\t\t<div class=\"elementor-widget-wrap elementor-element-populated\">\n\t\t\t\t\t\t\t<\/div>\n\t\t<\/div>\n\t\t\t\t\t<\/div>\n\t\t<\/section>\n\t\t\t\t<\/div>\n\t\t","protected":false},"excerpt":{"rendered":"<p>Direcci\u00f3n General de Producci\u00f3n \u00bfQui\u00e9nes somos? Productos y Servicios \u00bfQui\u00e9nes somos? Somos los encargados de producir insumos esenciales y prestar los servicios b\u00e1sicos para la operatividad diaria de las Direcciones Estrat\u00e9gicas de la instituci\u00f3n e instituciones afines, que llevan a cabo el diagn\u00f3stico y vigilancia epidemiol\u00f3gica de enfermedades transmisibles, el registro y control de alimentos &#8230; <a title=\"Direcci\u00f3n General  de Producci\u00f3n (DGP)\" class=\"read-more\" href=\"https:\/\/inhrr.gob.ve\/?page_id=2048\" aria-label=\"Leer m\u00e1s sobre Direcci\u00f3n General  de Producci\u00f3n (DGP)\">Leer m\u00e1s<\/a><\/p>\n","protected":false},"author":1,"featured_media":0,"parent":0,"menu_order":0,"comment_status":"closed","ping_status":"closed","template":"","meta":{"footnotes":""},"class_list":["post-2048","page","type-page","status-publish"],"_links":{"self":[{"href":"https:\/\/inhrr.gob.ve\/index.php?rest_route=\/wp\/v2\/pages\/2048","targetHints":{"allow":["GET"]}}],"collection":[{"href":"https:\/\/inhrr.gob.ve\/index.php?rest_route=\/wp\/v2\/pages"}],"about":[{"href":"https:\/\/inhrr.gob.ve\/index.php?rest_route=\/wp\/v2\/types\/page"}],"author":[{"embeddable":true,"href":"https:\/\/inhrr.gob.ve\/index.php?rest_route=\/wp\/v2\/users\/1"}],"replies":[{"embeddable":true,"href":"https:\/\/inhrr.gob.ve\/index.php?rest_route=%2Fwp%2Fv2%2Fcomments&post=2048"}],"version-history":[{"count":40,"href":"https:\/\/inhrr.gob.ve\/index.php?rest_route=\/wp\/v2\/pages\/2048\/revisions"}],"predecessor-version":[{"id":5980,"href":"https:\/\/inhrr.gob.ve\/index.php?rest_route=\/wp\/v2\/pages\/2048\/revisions\/5980"}],"wp:attachment":[{"href":"https:\/\/inhrr.gob.ve\/index.php?rest_route=%2Fwp%2Fv2%2Fmedia&parent=2048"}],"curies":[{"name":"wp","href":"https:\/\/api.w.org\/{rel}","templated":true}]}}