{"id":2063,"date":"2022-07-07T10:55:30","date_gmt":"2022-07-07T14:55:30","guid":{"rendered":"http:\/\/172.16.0.115\/?page_id=2063"},"modified":"2022-09-21T11:00:54","modified_gmt":"2022-09-21T15:00:54","slug":"direccion-general-de-docencia-e-investigacion-dgdi","status":"publish","type":"page","link":"https:\/\/inhrr.gob.ve\/?page_id=2063","title":{"rendered":"Direcci\u00f3n General  de Docencia e  Investigaci\u00f3n (DGDI)"},"content":{"rendered":"\t\t<div data-elementor-type=\"wp-page\" data-elementor-id=\"2063\" class=\"elementor elementor-2063\" data-elementor-post-type=\"page\">\n\t\t\t\t\t\t<section class=\"elementor-section elementor-top-section elementor-element elementor-element-fdc48b9 elementor-section-boxed elementor-section-height-default elementor-section-height-default\" data-id=\"fdc48b9\" data-element_type=\"section\">\n\t\t\t\t\t\t<div class=\"elementor-container elementor-column-gap-default\">\n\t\t\t\t\t<div class=\"elementor-column elementor-col-100 elementor-top-column elementor-element elementor-element-ebabb0a\" data-id=\"ebabb0a\" data-element_type=\"column\">\n\t\t\t<div class=\"elementor-widget-wrap elementor-element-populated\">\n\t\t\t\t\t\t<div class=\"elementor-element elementor-element-d9973a5 elementor-widget elementor-widget-heading\" data-id=\"d9973a5\" data-element_type=\"widget\" data-widget_type=\"heading.default\">\n\t\t\t\t<div class=\"elementor-widget-container\">\n\t\t\t\t\t<h2 class=\"elementor-heading-title elementor-size-default\">Direcci\u00f3n General  de Docencia e  Investigaci\u00f3n  \n<\/h2>\t\t\t\t<\/div>\n\t\t\t\t<\/div>\n\t\t\t\t\t<\/div>\n\t\t<\/div>\n\t\t\t\t\t<\/div>\n\t\t<\/section>\n\t\t\t\t<section class=\"elementor-section elementor-top-section elementor-element elementor-element-2f7bc99 elementor-section-boxed elementor-section-height-default elementor-section-height-default\" data-id=\"2f7bc99\" data-element_type=\"section\">\n\t\t\t\t\t\t<div class=\"elementor-container elementor-column-gap-default\">\n\t\t\t\t\t<div class=\"elementor-column elementor-col-100 elementor-top-column elementor-element elementor-element-86c5575\" data-id=\"86c5575\" data-element_type=\"column\">\n\t\t\t<div class=\"elementor-widget-wrap elementor-element-populated\">\n\t\t\t\t\t\t<div class=\"elementor-element elementor-element-7ff19d6 elementor-tabs-view-horizontal elementor-widget elementor-widget-tabs\" data-id=\"7ff19d6\" data-element_type=\"widget\" data-widget_type=\"tabs.default\">\n\t\t\t\t<div class=\"elementor-widget-container\">\n\t\t\t\t\t\t\t<div class=\"elementor-tabs\">\n\t\t\t<div class=\"elementor-tabs-wrapper\" role=\"tablist\" >\n\t\t\t\t\t\t\t\t\t<div id=\"elementor-tab-title-1341\" class=\"elementor-tab-title elementor-tab-desktop-title\" aria-selected=\"true\" data-tab=\"1\" role=\"tab\" tabindex=\"0\" aria-controls=\"elementor-tab-content-1341\" aria-expanded=\"false\">\u00bfQui\u00e9nes somos?<\/div>\n\t\t\t\t\t\t\t\t\t<div id=\"elementor-tab-title-1342\" class=\"elementor-tab-title elementor-tab-desktop-title\" aria-selected=\"false\" data-tab=\"2\" role=\"tab\" tabindex=\"-1\" aria-controls=\"elementor-tab-content-1342\" aria-expanded=\"false\">Productos y Servicios<\/div>\n\t\t\t\t\t\t\t<\/div>\n\t\t\t<div class=\"elementor-tabs-content-wrapper\" role=\"tablist\" aria-orientation=\"vertical\">\n\t\t\t\t\t\t\t\t\t<div class=\"elementor-tab-title elementor-tab-mobile-title\" aria-selected=\"true\" data-tab=\"1\" role=\"tab\" tabindex=\"0\" aria-controls=\"elementor-tab-content-1341\" aria-expanded=\"false\">\u00bfQui\u00e9nes somos?<\/div>\n\t\t\t\t\t<div id=\"elementor-tab-content-1341\" class=\"elementor-tab-content elementor-clearfix\" data-tab=\"1\" role=\"tabpanel\" aria-labelledby=\"elementor-tab-title-1341\" tabindex=\"0\" hidden=\"false\"><p>Somos el equipo encargado de la pol\u00edtica de formaci\u00f3n y capacitaci\u00f3n del INHRR, que estimula el aprendizaje andrag\u00f3gico, la integridad cient\u00edfica y\u00a0 el reconocimiento de los saberes y experiencias, incorporando modalidades educativas que disminuyen las brechas de acceso al conocimiento, en coherencia con las pol\u00edticas del Estado Venezolano.<\/p><\/div>\n\t\t\t\t\t\t\t\t\t<div class=\"elementor-tab-title elementor-tab-mobile-title\" aria-selected=\"false\" data-tab=\"2\" role=\"tab\" tabindex=\"-1\" aria-controls=\"elementor-tab-content-1342\" aria-expanded=\"false\">Productos y Servicios<\/div>\n\t\t\t\t\t<div id=\"elementor-tab-content-1342\" class=\"elementor-tab-content elementor-clearfix\" data-tab=\"2\" role=\"tabpanel\" aria-labelledby=\"elementor-tab-title-1342\" tabindex=\"0\" hidden=\"hidden\"><ul><li><strong>Cursos conducentes y cursos no conducentes a t\u00edtulo.<\/strong><\/li><li><strong>Pasant\u00edas.<\/strong><\/li><li><strong>Proyectos de desarrollo, investigaci\u00f3n e innovaci\u00f3n.<\/strong><\/li><li><strong>Difusi\u00f3n de informaci\u00f3n especializada y su divulgaci\u00f3n, mediante el reconocimiento a la investigaci\u00f3n cient\u00edfica,\u00a0 los saberes y experiencias en temas prioritarios de salud.<\/strong><\/li><li><strong>Preservaci\u00f3n del patrimonio y la memoria institucional, como base de sustento al avance cient\u00edfico, institucional, \u00e9tico y acad\u00e9mico. <\/strong><\/li><li><strong>Modalidades asincr\u00f3nicas\u00a0 y sincr\u00f3nicas que viabilicen la equidad en el acceso a los procesos de formaci\u00f3n.<\/strong><\/li><\/ul><p>\t\t<div data-elementor-type=\"section\" data-elementor-id=\"5621\" class=\"elementor elementor-5621\" data-elementor-post-type=\"elementor_library\">\n\t\t\t\t\t<section class=\"elementor-section elementor-top-section elementor-element elementor-element-2dfbe98 elementor-section-boxed elementor-section-height-default elementor-section-height-default\" data-id=\"2dfbe98\" data-element_type=\"section\">\n\t\t\t\t\t\t<div class=\"elementor-container elementor-column-gap-default\">\n\t\t\t\t\t<div class=\"elementor-column elementor-col-100 elementor-top-column elementor-element elementor-element-2c0d274\" data-id=\"2c0d274\" data-element_type=\"column\">\n\t\t\t<div class=\"elementor-widget-wrap elementor-element-populated\">\n\t\t\t\t\t\t<div class=\"elementor-element elementor-element-6f53f9f elementor-widget elementor-widget-text-editor\" data-id=\"6f53f9f\" data-element_type=\"widget\" data-widget_type=\"text-editor.default\">\n\t\t\t\t<div class=\"elementor-widget-container\">\n\t\t\t\t\t\t\t\t\t<p style=\"text-align: center;\">La DGDI e<strong>n el marco de las 3<\/strong><strong>R<\/strong>:<\/p>\t\t\t\t\t\t\t\t<\/div>\n\t\t\t\t<\/div>\n\t\t\t\t<div class=\"elementor-element elementor-element-211e2e4 elementor-widget elementor-widget-toggle\" data-id=\"211e2e4\" data-element_type=\"widget\" data-widget_type=\"toggle.default\">\n\t\t\t\t<div class=\"elementor-widget-container\">\n\t\t\t\t\t\t\t<div class=\"elementor-toggle\">\n\t\t\t\t\t\t\t<div class=\"elementor-toggle-item\">\n\t\t\t\t\t<div id=\"elementor-tab-title-3471\" class=\"elementor-tab-title\" data-tab=\"1\" role=\"button\" aria-controls=\"elementor-tab-content-3471\" aria-expanded=\"false\">\n\t\t\t\t\t\t\t\t\t\t\t\t<span class=\"elementor-toggle-icon elementor-toggle-icon-left\" aria-hidden=\"true\">\n\t\t\t\t\t\t\t\t\t\t\t\t\t\t\t<span class=\"elementor-toggle-icon-closed\"><i class=\"fas fa-caret-right\"><\/i><\/span>\n\t\t\t\t\t\t\t\t<span class=\"elementor-toggle-icon-opened\"><i class=\"elementor-toggle-icon-opened fas fa-caret-up\"><\/i><\/span>\n\t\t\t\t\t\t\t\t\t\t\t\t\t<\/span>\n\t\t\t\t\t\t\t\t\t\t\t\t<a class=\"elementor-toggle-title\" tabindex=\"0\">RESISTENCIA<\/a>\n\t\t\t\t\t<\/div>\n\n\t\t\t\t\t<div id=\"elementor-tab-content-3471\" class=\"elementor-tab-content elementor-clearfix\" data-tab=\"1\" role=\"region\" aria-labelledby=\"elementor-tab-title-3471\"><ul><li>Encargados de la pol\u00edtica de formaci\u00f3n y capacitaci\u00f3n del INHRR, que estimula el aprendizaje andrag\u00f3gico, la integridad cient\u00edfica, la \u00e9tica y el reconocimiento de los saberes y experiencias, incorporando modalidades educativas que disminuyen las brechas de acceso al conocimiento, en coherencia con las pol\u00edticas del Estado Venezolano.<\/li><li>Desde el 2021, se activan tres Especializaciones: VII COHORTE\u00a0 de <strong>Micolog\u00eda M\u00e9dica<\/strong>, incluye por primera vez 50% de estudiantes de la Red de Laboratorios de Salud P\u00fablica procedentes de: Amazonas, Aragua, Bol\u00edvar, Carabobo, M\u00e9rida, Yaracuy y Zulia; VII cohorte de <strong>Vigilancia Sanitaria de Medicamentos<\/strong> y II cohorte del PNFA <strong>Biolog\u00eda Aplicada al Diagn\u00f3stico<\/strong>, con la UNIVERSIDAD DE CIENCIAS DE LA SALUD HUGO CH\u00c1VEZ FR\u00cdAS (UCSHCHF).<\/li><\/ul><\/div>\n\t\t\t\t<\/div>\n\t\t\t\t\t\t\t<div class=\"elementor-toggle-item\">\n\t\t\t\t\t<div id=\"elementor-tab-title-3472\" class=\"elementor-tab-title\" data-tab=\"2\" role=\"button\" aria-controls=\"elementor-tab-content-3472\" aria-expanded=\"false\">\n\t\t\t\t\t\t\t\t\t\t\t\t<span class=\"elementor-toggle-icon elementor-toggle-icon-left\" aria-hidden=\"true\">\n\t\t\t\t\t\t\t\t\t\t\t\t\t\t\t<span class=\"elementor-toggle-icon-closed\"><i class=\"fas fa-caret-right\"><\/i><\/span>\n\t\t\t\t\t\t\t\t<span class=\"elementor-toggle-icon-opened\"><i class=\"elementor-toggle-icon-opened fas fa-caret-up\"><\/i><\/span>\n\t\t\t\t\t\t\t\t\t\t\t\t\t<\/span>\n\t\t\t\t\t\t\t\t\t\t\t\t<a class=\"elementor-toggle-title\" tabindex=\"0\">REGENERACI\u00d3N<\/a>\n\t\t\t\t\t<\/div>\n\n\t\t\t\t\t<div id=\"elementor-tab-content-3472\" class=\"elementor-tab-content elementor-clearfix\" data-tab=\"2\" role=\"region\" aria-labelledby=\"elementor-tab-title-3472\"><ul><li>Se desarrolla la pol\u00edtica de <strong>formaci\u00f3n<\/strong>, a trav\u00e9s del <strong>acceso equitativo <\/strong>a:<\/li><li>cursos conducentes y cursos no conducentes a grado acad\u00e9mico;<\/li><li>pasant\u00edas;<\/li><li>impulso a proyectos de Desarrollo, Investigaci\u00f3n e Innovaci\u00f3n;<\/li><li>difusi\u00f3n de informaci\u00f3n especializada y su divulgaci\u00f3n;<\/li><li>preservaci\u00f3n del patrimonio y la memoria institucional;<\/li><li>procesos de formaci\u00f3n a trav\u00e9s de modalidades asincr\u00f3nicas y sincr\u00f3nicas que viabilicen la equidad en el acceso.<\/li><li>La aprobaci\u00f3n del dominio <strong><u><a href=\"http:\/\/edu.ve\/\">ve<\/a><\/u><\/strong>(CONATEL), posiciona a la\u00a0 instituci\u00f3n acad\u00e9mica en los motores de b\u00fasqueda de la web.<\/li><li>Se incorporan los 64 Trabajo Especiales de Grado (TEG) en el Portal LILACS de OPS\/OMS, de Informaci\u00f3n Cient\u00edfica y T\u00e9cnica en Salud de Am\u00e9rica Latina y el Caribe.<\/li><li>Se cuenta con el reservorio de contenidos especializados por unidad curricular con sus respectivos especialistas, facilitando la auditor\u00eda del proceso educativo, gesti\u00f3n y contenido.<\/li><li>Acompa\u00f1amiento instruccional a los docentes en el <strong>Manejo de Recursos de Moodle<\/strong>.<\/li><li>La biblioteca se incorpora al Registro KOHA.<\/li><\/ul><\/div>\n\t\t\t\t<\/div>\n\t\t\t\t\t\t\t<div class=\"elementor-toggle-item\">\n\t\t\t\t\t<div id=\"elementor-tab-title-3473\" class=\"elementor-tab-title\" data-tab=\"3\" role=\"button\" aria-controls=\"elementor-tab-content-3473\" aria-expanded=\"false\">\n\t\t\t\t\t\t\t\t\t\t\t\t<span class=\"elementor-toggle-icon elementor-toggle-icon-left\" aria-hidden=\"true\">\n\t\t\t\t\t\t\t\t\t\t\t\t\t\t\t<span class=\"elementor-toggle-icon-closed\"><i class=\"fas fa-caret-right\"><\/i><\/span>\n\t\t\t\t\t\t\t\t<span class=\"elementor-toggle-icon-opened\"><i class=\"elementor-toggle-icon-opened fas fa-caret-up\"><\/i><\/span>\n\t\t\t\t\t\t\t\t\t\t\t\t\t<\/span>\n\t\t\t\t\t\t\t\t\t\t\t\t<a class=\"elementor-toggle-title\" tabindex=\"0\">REVOLUCI\u00d3N<\/a>\n\t\t\t\t\t<\/div>\n\n\t\t\t\t\t<div id=\"elementor-tab-content-3473\" class=\"elementor-tab-content elementor-clearfix\" data-tab=\"3\" role=\"region\" aria-labelledby=\"elementor-tab-title-3473\"><ul><li>Comprometidos con la <strong>equidad<\/strong>, se enfatiza la disminuci\u00f3n de las barreras de acceso a la educaci\u00f3n utilizando el <strong>Campus Virtual del INHRR<\/strong>. El \u00e9nfasis en la modalidad <strong>asincr\u00f3nica<\/strong> y <strong>andrag\u00f3gica<\/strong>, incorpor\u00f3 a profesionales del pa\u00eds, incrementando matr\u00edcula, cobertura, intercambio con docentes de otras latitudes\u00a0y acercando la posibilidad de respuesta sanitaria cercana a la poblaci\u00f3n, para fortalecer la capacidad local de la\u00a0<strong>Red Laboratorios de Salud P\u00fablica<\/strong>, en las funciones institucionales: desarrollar <strong>la evidencia cient\u00edfica <\/strong>de los productos de uso y consumo humano, as\u00ed como del agente causal de enfermedades infecciosas de prioridad para la salud colectiva.<\/li><li>Se facilitan alianzas estrat\u00e9gicas nacionales e internacionales conectadas a redes cient\u00edficas, bibliotecas y laboratorios virtuales, brindando acceso a bases de datos, incluyendo el Campus Virtual (OPS\/OMS).<\/li><li>Se actualiza del personal docente para la andragog\u00eda y plataforma virtual.<\/li><\/ul><\/div>\n\t\t\t\t<\/div>\n\t\t\t\t\t\t\t\t<\/div>\n\t\t\t\t\t\t<\/div>\n\t\t\t\t<\/div>\n\t\t\t\t\t<\/div>\n\t\t<\/div>\n\t\t\t\t\t<\/div>\n\t\t<\/section>\n\t\t\t\t<\/div>\n\t\t<\/p><\/div>\n\t\t\t\t\t\t\t<\/div>\n\t\t<\/div>\n\t\t\t\t\t\t<\/div>\n\t\t\t\t<\/div>\n\t\t\t\t\t<\/div>\n\t\t<\/div>\n\t\t\t\t\t<\/div>\n\t\t<\/section>\n\t\t\t\t<\/div>\n\t\t","protected":false},"excerpt":{"rendered":"<p>Direcci\u00f3n General de Docencia e Investigaci\u00f3n \u00bfQui\u00e9nes somos? Productos y Servicios \u00bfQui\u00e9nes somos? Somos el equipo encargado de la pol\u00edtica de formaci\u00f3n y capacitaci\u00f3n del INHRR, que estimula el aprendizaje andrag\u00f3gico, la integridad cient\u00edfica y\u00a0 el reconocimiento de los saberes y experiencias, incorporando modalidades educativas que disminuyen las brechas de acceso al conocimiento, en coherencia &#8230; <a title=\"Direcci\u00f3n General  de Docencia e  Investigaci\u00f3n (DGDI)\" class=\"read-more\" href=\"https:\/\/inhrr.gob.ve\/?page_id=2063\" aria-label=\"Leer m\u00e1s sobre Direcci\u00f3n General  de Docencia e  Investigaci\u00f3n (DGDI)\">Leer m\u00e1s<\/a><\/p>\n","protected":false},"author":1,"featured_media":0,"parent":0,"menu_order":0,"comment_status":"closed","ping_status":"closed","template":"","meta":{"footnotes":""},"class_list":["post-2063","page","type-page","status-publish"],"_links":{"self":[{"href":"https:\/\/inhrr.gob.ve\/index.php?rest_route=\/wp\/v2\/pages\/2063","targetHints":{"allow":["GET"]}}],"collection":[{"href":"https:\/\/inhrr.gob.ve\/index.php?rest_route=\/wp\/v2\/pages"}],"about":[{"href":"https:\/\/inhrr.gob.ve\/index.php?rest_route=\/wp\/v2\/types\/page"}],"author":[{"embeddable":true,"href":"https:\/\/inhrr.gob.ve\/index.php?rest_route=\/wp\/v2\/users\/1"}],"replies":[{"embeddable":true,"href":"https:\/\/inhrr.gob.ve\/index.php?rest_route=%2Fwp%2Fv2%2Fcomments&post=2063"}],"version-history":[{"count":16,"href":"https:\/\/inhrr.gob.ve\/index.php?rest_route=\/wp\/v2\/pages\/2063\/revisions"}],"predecessor-version":[{"id":5626,"href":"https:\/\/inhrr.gob.ve\/index.php?rest_route=\/wp\/v2\/pages\/2063\/revisions\/5626"}],"wp:attachment":[{"href":"https:\/\/inhrr.gob.ve\/index.php?rest_route=%2Fwp%2Fv2%2Fmedia&parent=2063"}],"curies":[{"name":"wp","href":"https:\/\/api.w.org\/{rel}","templated":true}]}}