{"id":2096,"date":"2022-07-11T11:41:18","date_gmt":"2022-07-11T15:41:18","guid":{"rendered":"http:\/\/172.16.0.115\/?page_id=2096"},"modified":"2025-12-30T13:28:01","modified_gmt":"2025-12-30T17:28:01","slug":"junta-revisora","status":"publish","type":"page","link":"https:\/\/inhrr.gob.ve\/?page_id=2096","title":{"rendered":"-Junta Revisora"},"content":{"rendered":"\t\t<div data-elementor-type=\"wp-page\" data-elementor-id=\"2096\" class=\"elementor elementor-2096\" data-elementor-post-type=\"page\">\n\t\t\t\t\t\t<section class=\"elementor-section elementor-top-section elementor-element elementor-element-ced20b6 elementor-section-boxed elementor-section-height-default elementor-section-height-default\" data-id=\"ced20b6\" data-element_type=\"section\">\n\t\t\t\t\t\t<div class=\"elementor-container elementor-column-gap-default\">\n\t\t\t\t\t<div class=\"elementor-column elementor-col-33 elementor-top-column elementor-element elementor-element-c544df7\" data-id=\"c544df7\" data-element_type=\"column\">\n\t\t\t<div class=\"elementor-widget-wrap elementor-element-populated\">\n\t\t\t\t\t\t<div class=\"elementor-element elementor-element-39c3943 elementor-widget elementor-widget-shortcode\" data-id=\"39c3943\" data-element_type=\"widget\" data-widget_type=\"shortcode.default\">\n\t\t\t\t<div class=\"elementor-widget-container\">\n\t\t\t\t\t\t\t<div class=\"elementor-shortcode\">\t\t<div data-elementor-type=\"section\" data-elementor-id=\"2102\" class=\"elementor elementor-2102\" data-elementor-post-type=\"elementor_library\">\n\t\t\t\t\t<section class=\"elementor-section elementor-top-section elementor-element elementor-element-25b03723 elementor-section-boxed elementor-section-height-default elementor-section-height-default\" data-id=\"25b03723\" data-element_type=\"section\">\n\t\t\t\t\t\t<div class=\"elementor-container elementor-column-gap-default\">\n\t\t\t\t\t<div class=\"elementor-column elementor-col-100 elementor-top-column elementor-element elementor-element-5d91a394\" data-id=\"5d91a394\" data-element_type=\"column\">\n\t\t\t<div class=\"elementor-widget-wrap elementor-element-populated\">\n\t\t\t\t\t\t<div class=\"elementor-element elementor-element-eebf813 elementor-nav-menu__align-start elementor-nav-menu--dropdown-tablet elementor-nav-menu__text-align-aside elementor-nav-menu--toggle elementor-nav-menu--burger elementor-widget elementor-widget-nav-menu\" data-id=\"eebf813\" data-element_type=\"widget\" data-settings=\"{&quot;layout&quot;:&quot;vertical&quot;,&quot;submenu_icon&quot;:{&quot;value&quot;:&quot;&lt;i class=\\&quot;fas fa-caret-down\\&quot;&gt;&lt;\\\/i&gt;&quot;,&quot;library&quot;:&quot;fa-solid&quot;},&quot;toggle&quot;:&quot;burger&quot;}\" data-widget_type=\"nav-menu.default\">\n\t\t\t\t<div class=\"elementor-widget-container\">\n\t\t\t\t\t\t\t\t<nav aria-label=\"Menu\" class=\"elementor-nav-menu--main elementor-nav-menu__container elementor-nav-menu--layout-vertical e--pointer-underline e--animation-fade\">\n\t\t\t\t<ul id=\"menu-1-eebf813\" class=\"elementor-nav-menu sm-vertical\"><li class=\"menu-item menu-item-type-post_type menu-item-object-page menu-item-2103\"><a href=\"https:\/\/inhrr.gob.ve\/?page_id=2096\" class=\"elementor-item\">Junta Revisora<\/a><\/li>\n<li class=\"menu-item menu-item-type-post_type menu-item-object-page menu-item-2127\"><a href=\"https:\/\/inhrr.gob.ve\/?page_id=2106\" class=\"elementor-item\">Marco Legal<\/a><\/li>\n<li class=\"menu-item menu-item-type-post_type menu-item-object-page menu-item-2126\"><a href=\"https:\/\/inhrr.gob.ve\/?page_id=2109\" class=\"elementor-item\">Reglamento<\/a><\/li>\n<li class=\"menu-item menu-item-type-post_type menu-item-object-page menu-item-2125\"><a href=\"https:\/\/inhrr.gob.ve\/?page_id=2111\" class=\"elementor-item\">Normas<\/a><\/li>\n<li class=\"menu-item menu-item-type-post_type menu-item-object-page menu-item-2124\"><a href=\"https:\/\/inhrr.gob.ve\/?page_id=2113\" class=\"elementor-item\">Boletines<\/a><\/li>\n<li class=\"menu-item menu-item-type-post_type menu-item-object-page menu-item-2123\"><a href=\"https:\/\/inhrr.gob.ve\/?page_id=2115\" class=\"elementor-item\">Circulares<\/a><\/li>\n<li class=\"menu-item menu-item-type-post_type menu-item-object-page menu-item-2122\"><a href=\"https:\/\/inhrr.gob.ve\/?page_id=2117\" class=\"elementor-item\">Estad\u00edstica<\/a><\/li>\n<li class=\"menu-item menu-item-type-post_type menu-item-object-page menu-item-10084\"><a href=\"https:\/\/inhrr.gob.ve\/?page_id=10080\" class=\"elementor-item\">Lista de medicamentos sin prescripcion<\/a><\/li>\n<\/ul>\t\t\t<\/nav>\n\t\t\t\t\t<div class=\"elementor-menu-toggle\" role=\"button\" tabindex=\"0\" aria-label=\"Menu Toggle\" aria-expanded=\"false\">\n\t\t\t<i aria-hidden=\"true\" role=\"presentation\" class=\"elementor-menu-toggle__icon--open eicon-menu-bar\"><\/i><i aria-hidden=\"true\" role=\"presentation\" class=\"elementor-menu-toggle__icon--close eicon-close\"><\/i>\t\t<\/div>\n\t\t\t\t\t<nav class=\"elementor-nav-menu--dropdown elementor-nav-menu__container\" aria-hidden=\"true\">\n\t\t\t\t<ul id=\"menu-2-eebf813\" class=\"elementor-nav-menu sm-vertical\"><li class=\"menu-item menu-item-type-post_type menu-item-object-page menu-item-2103\"><a href=\"https:\/\/inhrr.gob.ve\/?page_id=2096\" class=\"elementor-item\" tabindex=\"-1\">Junta Revisora<\/a><\/li>\n<li class=\"menu-item menu-item-type-post_type menu-item-object-page menu-item-2127\"><a href=\"https:\/\/inhrr.gob.ve\/?page_id=2106\" class=\"elementor-item\" tabindex=\"-1\">Marco Legal<\/a><\/li>\n<li class=\"menu-item menu-item-type-post_type menu-item-object-page menu-item-2126\"><a href=\"https:\/\/inhrr.gob.ve\/?page_id=2109\" class=\"elementor-item\" tabindex=\"-1\">Reglamento<\/a><\/li>\n<li class=\"menu-item menu-item-type-post_type menu-item-object-page menu-item-2125\"><a href=\"https:\/\/inhrr.gob.ve\/?page_id=2111\" class=\"elementor-item\" tabindex=\"-1\">Normas<\/a><\/li>\n<li class=\"menu-item menu-item-type-post_type menu-item-object-page menu-item-2124\"><a href=\"https:\/\/inhrr.gob.ve\/?page_id=2113\" class=\"elementor-item\" tabindex=\"-1\">Boletines<\/a><\/li>\n<li class=\"menu-item menu-item-type-post_type menu-item-object-page menu-item-2123\"><a href=\"https:\/\/inhrr.gob.ve\/?page_id=2115\" class=\"elementor-item\" tabindex=\"-1\">Circulares<\/a><\/li>\n<li class=\"menu-item menu-item-type-post_type menu-item-object-page menu-item-2122\"><a href=\"https:\/\/inhrr.gob.ve\/?page_id=2117\" class=\"elementor-item\" tabindex=\"-1\">Estad\u00edstica<\/a><\/li>\n<li class=\"menu-item menu-item-type-post_type menu-item-object-page menu-item-10084\"><a href=\"https:\/\/inhrr.gob.ve\/?page_id=10080\" class=\"elementor-item\" tabindex=\"-1\">Lista de medicamentos sin prescripcion<\/a><\/li>\n<\/ul>\t\t\t<\/nav>\n\t\t\t\t\t\t<\/div>\n\t\t\t\t<\/div>\n\t\t\t\t\t<\/div>\n\t\t<\/div>\n\t\t\t\t\t<\/div>\n\t\t<\/section>\n\t\t\t\t<\/div>\n\t\t<\/div>\n\t\t\t\t\t\t<\/div>\n\t\t\t\t<\/div>\n\t\t\t\t\t<\/div>\n\t\t<\/div>\n\t\t\t\t<div class=\"elementor-column elementor-col-66 elementor-top-column elementor-element elementor-element-ea5c6c9\" data-id=\"ea5c6c9\" data-element_type=\"column\">\n\t\t\t<div class=\"elementor-widget-wrap elementor-element-populated\">\n\t\t\t\t\t\t<div class=\"elementor-element elementor-element-5550d8a elementor-widget elementor-widget-heading\" data-id=\"5550d8a\" data-element_type=\"widget\" data-widget_type=\"heading.default\">\n\t\t\t\t<div class=\"elementor-widget-container\">\n\t\t\t\t\t<h2 class=\"elementor-heading-title elementor-size-default\">Junta Revisora de Productos Farmac&eacute;uticos\n<\/h2>\t\t\t\t<\/div>\n\t\t\t\t<\/div>\n\t\t\t\t<div class=\"elementor-element elementor-element-5ca4e11 elementor-widget elementor-widget-text-editor\" data-id=\"5ca4e11\" data-element_type=\"widget\" data-widget_type=\"text-editor.default\">\n\t\t\t\t<div class=\"elementor-widget-container\">\n\t\t\t\t\t\t\t\t\t<p><i>Cuerpo colegiado integrado por el Presidente del Instituto Nacional de Higiene \u201cRafael Rangel\u201d dos (2) M\u00e9dicos y (2) Farmac\u00e9utico\u00a0 nombrado por el Ministerio del Poder Popular para la Salud (MPPS)<\/i> <i>que asesoran al MPPS <\/i><i>en los aspectos relativos a la efectividad y permanente vigilancia del registro, promoci\u00f3n, prescripci\u00f3n, sustituci\u00f3n, dispensaci\u00f3n, expendio, farmacovigilancia y ensayos cl\u00ednicos de los <\/i><i>medicamentos. Establece <\/i><i>criterios, normas y procedimientos para el otorgamiento, renovaci\u00f3n y cancelaci\u00f3n del Registro Sanitario y as\u00ed mismo, <\/i><i>define, revisa <\/i><i>y <\/i><i>actualiza <\/i><i>las Normas farmacol\u00f3gicas que determinan la aceptaci\u00f3n y las condiciones de uso de los productos Farmac\u00e9uticos en el Pa\u00eds. <\/i><\/p>\t\t\t\t\t\t\t\t<\/div>\n\t\t\t\t<\/div>\n\t\t\t\t\t<\/div>\n\t\t<\/div>\n\t\t\t\t\t<\/div>\n\t\t<\/section>\n\t\t\t\t<\/div>\n\t\t","protected":false},"excerpt":{"rendered":"<p>Junta Revisora de Productos Farmac&eacute;uticos Cuerpo colegiado integrado por el Presidente del Instituto Nacional de Higiene \u201cRafael Rangel\u201d dos (2) M\u00e9dicos y (2) Farmac\u00e9utico\u00a0 nombrado por el Ministerio del Poder Popular para la Salud (MPPS) que asesoran al MPPS en los aspectos relativos a la efectividad y permanente vigilancia del registro, promoci\u00f3n, prescripci\u00f3n, sustituci\u00f3n, dispensaci\u00f3n, &#8230; <a title=\"-Junta Revisora\" class=\"read-more\" href=\"https:\/\/inhrr.gob.ve\/?page_id=2096\" aria-label=\"Leer m\u00e1s sobre -Junta Revisora\">Leer m\u00e1s<\/a><\/p>\n","protected":false},"author":1,"featured_media":0,"parent":0,"menu_order":0,"comment_status":"closed","ping_status":"closed","template":"","meta":{"footnotes":""},"class_list":["post-2096","page","type-page","status-publish"],"_links":{"self":[{"href":"https:\/\/inhrr.gob.ve\/index.php?rest_route=\/wp\/v2\/pages\/2096","targetHints":{"allow":["GET"]}}],"collection":[{"href":"https:\/\/inhrr.gob.ve\/index.php?rest_route=\/wp\/v2\/pages"}],"about":[{"href":"https:\/\/inhrr.gob.ve\/index.php?rest_route=\/wp\/v2\/types\/page"}],"author":[{"embeddable":true,"href":"https:\/\/inhrr.gob.ve\/index.php?rest_route=\/wp\/v2\/users\/1"}],"replies":[{"embeddable":true,"href":"https:\/\/inhrr.gob.ve\/index.php?rest_route=%2Fwp%2Fv2%2Fcomments&post=2096"}],"version-history":[{"count":34,"href":"https:\/\/inhrr.gob.ve\/index.php?rest_route=\/wp\/v2\/pages\/2096\/revisions"}],"predecessor-version":[{"id":10111,"href":"https:\/\/inhrr.gob.ve\/index.php?rest_route=\/wp\/v2\/pages\/2096\/revisions\/10111"}],"wp:attachment":[{"href":"https:\/\/inhrr.gob.ve\/index.php?rest_route=%2Fwp%2Fv2%2Fmedia&parent=2096"}],"curies":[{"name":"wp","href":"https:\/\/api.w.org\/{rel}","templated":true}]}}