{"id":2115,"date":"2022-07-11T12:09:51","date_gmt":"2022-07-11T16:09:51","guid":{"rendered":"http:\/\/172.16.0.115\/?page_id=2115"},"modified":"2023-05-26T12:03:09","modified_gmt":"2023-05-26T16:03:09","slug":"comunicaciones","status":"publish","type":"page","link":"https:\/\/inhrr.gob.ve\/?page_id=2115","title":{"rendered":"&#8211;Comunicaciones"},"content":{"rendered":"\t\t<div data-elementor-type=\"wp-page\" data-elementor-id=\"2115\" class=\"elementor elementor-2115\" data-elementor-post-type=\"page\">\n\t\t\t\t\t\t<section class=\"elementor-section elementor-top-section elementor-element elementor-element-b734cb0 elementor-section-boxed elementor-section-height-default elementor-section-height-default\" data-id=\"b734cb0\" data-element_type=\"section\">\n\t\t\t\t\t\t<div class=\"elementor-container elementor-column-gap-default\">\n\t\t\t\t\t<div class=\"elementor-column elementor-col-33 elementor-top-column elementor-element elementor-element-4042844\" data-id=\"4042844\" data-element_type=\"column\">\n\t\t\t<div class=\"elementor-widget-wrap elementor-element-populated\">\n\t\t\t\t\t\t<div class=\"elementor-element elementor-element-c3988de elementor-widget elementor-widget-shortcode\" data-id=\"c3988de\" data-element_type=\"widget\" data-widget_type=\"shortcode.default\">\n\t\t\t\t<div class=\"elementor-widget-container\">\n\t\t\t\t\t\t\t<div class=\"elementor-shortcode\">\t\t<div data-elementor-type=\"section\" data-elementor-id=\"2102\" class=\"elementor elementor-2102\" data-elementor-post-type=\"elementor_library\">\n\t\t\t\t\t<section class=\"elementor-section elementor-top-section elementor-element elementor-element-25b03723 elementor-section-boxed elementor-section-height-default elementor-section-height-default\" data-id=\"25b03723\" data-element_type=\"section\">\n\t\t\t\t\t\t<div class=\"elementor-container elementor-column-gap-default\">\n\t\t\t\t\t<div class=\"elementor-column elementor-col-100 elementor-top-column elementor-element elementor-element-5d91a394\" data-id=\"5d91a394\" data-element_type=\"column\">\n\t\t\t<div class=\"elementor-widget-wrap elementor-element-populated\">\n\t\t\t\t\t\t<div class=\"elementor-element elementor-element-eebf813 elementor-nav-menu__align-start elementor-nav-menu--dropdown-tablet elementor-nav-menu__text-align-aside elementor-nav-menu--toggle elementor-nav-menu--burger elementor-widget elementor-widget-nav-menu\" data-id=\"eebf813\" data-element_type=\"widget\" data-settings=\"{&quot;layout&quot;:&quot;vertical&quot;,&quot;submenu_icon&quot;:{&quot;value&quot;:&quot;&lt;i class=\\&quot;fas fa-caret-down\\&quot;&gt;&lt;\\\/i&gt;&quot;,&quot;library&quot;:&quot;fa-solid&quot;},&quot;toggle&quot;:&quot;burger&quot;}\" data-widget_type=\"nav-menu.default\">\n\t\t\t\t<div class=\"elementor-widget-container\">\n\t\t\t\t\t\t\t\t<nav aria-label=\"Menu\" class=\"elementor-nav-menu--main elementor-nav-menu__container elementor-nav-menu--layout-vertical e--pointer-underline e--animation-fade\">\n\t\t\t\t<ul id=\"menu-1-eebf813\" class=\"elementor-nav-menu sm-vertical\"><li class=\"menu-item menu-item-type-post_type menu-item-object-page menu-item-2103\"><a href=\"https:\/\/inhrr.gob.ve\/?page_id=2096\" class=\"elementor-item\">Junta Revisora<\/a><\/li>\n<li class=\"menu-item menu-item-type-post_type menu-item-object-page menu-item-2127\"><a href=\"https:\/\/inhrr.gob.ve\/?page_id=2106\" class=\"elementor-item\">Marco Legal<\/a><\/li>\n<li class=\"menu-item menu-item-type-post_type menu-item-object-page menu-item-2126\"><a href=\"https:\/\/inhrr.gob.ve\/?page_id=2109\" class=\"elementor-item\">Reglamento<\/a><\/li>\n<li class=\"menu-item menu-item-type-post_type menu-item-object-page menu-item-2125\"><a href=\"https:\/\/inhrr.gob.ve\/?page_id=2111\" class=\"elementor-item\">Normas<\/a><\/li>\n<li class=\"menu-item menu-item-type-post_type menu-item-object-page menu-item-2124\"><a href=\"https:\/\/inhrr.gob.ve\/?page_id=2113\" class=\"elementor-item\">Boletines<\/a><\/li>\n<li class=\"menu-item menu-item-type-post_type menu-item-object-page menu-item-2123\"><a href=\"https:\/\/inhrr.gob.ve\/?page_id=2115\" class=\"elementor-item\">Circulares<\/a><\/li>\n<li class=\"menu-item menu-item-type-post_type menu-item-object-page menu-item-2122\"><a href=\"https:\/\/inhrr.gob.ve\/?page_id=2117\" class=\"elementor-item\">Estad\u00edstica<\/a><\/li>\n<li class=\"menu-item menu-item-type-post_type menu-item-object-page menu-item-10084\"><a href=\"https:\/\/inhrr.gob.ve\/?page_id=10080\" class=\"elementor-item\">Lista de medicamentos sin prescripcion<\/a><\/li>\n<\/ul>\t\t\t<\/nav>\n\t\t\t\t\t<div class=\"elementor-menu-toggle\" role=\"button\" tabindex=\"0\" aria-label=\"Menu Toggle\" aria-expanded=\"false\">\n\t\t\t<i aria-hidden=\"true\" role=\"presentation\" class=\"elementor-menu-toggle__icon--open eicon-menu-bar\"><\/i><i aria-hidden=\"true\" role=\"presentation\" class=\"elementor-menu-toggle__icon--close eicon-close\"><\/i>\t\t<\/div>\n\t\t\t\t\t<nav class=\"elementor-nav-menu--dropdown elementor-nav-menu__container\" aria-hidden=\"true\">\n\t\t\t\t<ul id=\"menu-2-eebf813\" class=\"elementor-nav-menu sm-vertical\"><li class=\"menu-item menu-item-type-post_type menu-item-object-page menu-item-2103\"><a href=\"https:\/\/inhrr.gob.ve\/?page_id=2096\" class=\"elementor-item\" tabindex=\"-1\">Junta Revisora<\/a><\/li>\n<li class=\"menu-item menu-item-type-post_type menu-item-object-page menu-item-2127\"><a href=\"https:\/\/inhrr.gob.ve\/?page_id=2106\" class=\"elementor-item\" tabindex=\"-1\">Marco Legal<\/a><\/li>\n<li class=\"menu-item menu-item-type-post_type menu-item-object-page menu-item-2126\"><a href=\"https:\/\/inhrr.gob.ve\/?page_id=2109\" class=\"elementor-item\" tabindex=\"-1\">Reglamento<\/a><\/li>\n<li class=\"menu-item menu-item-type-post_type menu-item-object-page menu-item-2125\"><a href=\"https:\/\/inhrr.gob.ve\/?page_id=2111\" class=\"elementor-item\" tabindex=\"-1\">Normas<\/a><\/li>\n<li class=\"menu-item menu-item-type-post_type menu-item-object-page menu-item-2124\"><a href=\"https:\/\/inhrr.gob.ve\/?page_id=2113\" class=\"elementor-item\" tabindex=\"-1\">Boletines<\/a><\/li>\n<li class=\"menu-item menu-item-type-post_type menu-item-object-page menu-item-2123\"><a href=\"https:\/\/inhrr.gob.ve\/?page_id=2115\" class=\"elementor-item\" tabindex=\"-1\">Circulares<\/a><\/li>\n<li class=\"menu-item menu-item-type-post_type menu-item-object-page menu-item-2122\"><a href=\"https:\/\/inhrr.gob.ve\/?page_id=2117\" class=\"elementor-item\" tabindex=\"-1\">Estad\u00edstica<\/a><\/li>\n<li class=\"menu-item menu-item-type-post_type menu-item-object-page menu-item-10084\"><a href=\"https:\/\/inhrr.gob.ve\/?page_id=10080\" class=\"elementor-item\" tabindex=\"-1\">Lista de medicamentos sin prescripcion<\/a><\/li>\n<\/ul>\t\t\t<\/nav>\n\t\t\t\t\t\t<\/div>\n\t\t\t\t<\/div>\n\t\t\t\t\t<\/div>\n\t\t<\/div>\n\t\t\t\t\t<\/div>\n\t\t<\/section>\n\t\t\t\t<\/div>\n\t\t<\/div>\n\t\t\t\t\t\t<\/div>\n\t\t\t\t<\/div>\n\t\t\t\t\t<\/div>\n\t\t<\/div>\n\t\t\t\t<div class=\"elementor-column elementor-col-66 elementor-top-column elementor-element elementor-element-0958dc5\" data-id=\"0958dc5\" data-element_type=\"column\">\n\t\t\t<div class=\"elementor-widget-wrap elementor-element-populated\">\n\t\t\t\t\t\t<div class=\"elementor-element elementor-element-b3a11b8 elementor-widget elementor-widget-heading\" data-id=\"b3a11b8\" data-element_type=\"widget\" data-widget_type=\"heading.default\">\n\t\t\t\t<div class=\"elementor-widget-container\">\n\t\t\t\t\t<h2 class=\"elementor-heading-title elementor-size-default\">Circulares\n<\/h2>\t\t\t\t<\/div>\n\t\t\t\t<\/div>\n\t\t\t\t<div class=\"elementor-element elementor-element-a784277 elementor-widget elementor-widget-text-editor\" data-id=\"a784277\" data-element_type=\"widget\" data-widget_type=\"text-editor.default\">\n\t\t\t\t<div class=\"elementor-widget-container\">\n\t\t\t\t\t\t\t\t\t<p><!--<img decoding=\"async\" class=\"global aligncenter\" src=\"http:\/\/www.inhrr.gob.ve\/imagenes\/mision.png\" alt=\"Imagen\" \/>--><\/p><p class=\"contenedor_1\">Comun\u00edquese con Nosotros a trav\u00e9s del correo electr\u00f3nico:\u00a0<a href=\"mailto:juntarevisora.vzla@gmail.com\" target=\"_blank\" rel=\"noopener noreferrer noreferrer\">juntarevisora.vzla@gmail.com<\/a><\/p>\t\t\t\t\t\t\t\t<\/div>\n\t\t\t\t<\/div>\n\t\t\t\t<div class=\"elementor-element elementor-element-25f0772 elementor-widget elementor-widget-shortcode\" data-id=\"25f0772\" data-element_type=\"widget\" data-widget_type=\"shortcode.default\">\n\t\t\t\t<div class=\"elementor-widget-container\">\n\t\t\t\t\t\t\t<div class=\"elementor-shortcode\">\n<table id=\"tablepress-2\" class=\"tablepress tablepress-id-2 tablita\">\n<thead>\n<tr class=\"row-1\">\n\t<th class=\"column-1\">Titulo de la Comunicaci\u00f3n<\/th><th class=\"column-2\">Fecha<\/th><th class=\"column-3\">Descargar<\/th>\n<\/tr>\n<\/thead>\n<tbody class=\"row-striping row-hover\">\n<tr class=\"row-2\">\n\t<td class=\"column-1\">CIRCULAR_CIR_PE_2026_0002<\/td><td class=\"column-2\">25\/02\/2026<\/td><td class=\"column-3\"><a href=\"https:\/\/inhrr.gob.ve\/wp-content\/uploads\/2026\/02\/Circular%20PE-2026-002%2025%20de%20febrero%20de%202026%20Rev%20JRPF.pdf\" rel=\"noopener\" target=\"_blank\"><br \/>\n<img decoding=\"async\" src=\"http:\/\/inhrr.gob.ve\/wp-content\/uploads\/2022\/07\/cloud-down-svgrepo-com.svg\" alt=\"\" width=\"24\" height=\"24\" class=\"alignnone size-full wp-image-3192\" \/><\/a><\/td>\n<\/tr>\n<tr class=\"row-3\">\n\t<td class=\"column-1\">CIRCULAR_JRPF_002_2023. Revision de seguridad, principio activo Hidroxietil-almid\u00f3n.<\/td><td class=\"column-2\">27\/07\/2023<br \/>\n<\/td><td class=\"column-3\"><a href=\"http:\/\/inhrr.gob.ve\/wp-content\/uploads\/2023\/08\/CIRCULAR_JRPF_002_2023.pdf\" rel=\"noopener\" target=\"_blank\"><br \/>\n<img decoding=\"async\" src=\"http:\/\/inhrr.gob.ve\/wp-content\/uploads\/2022\/07\/cloud-down-svgrepo-com.svg\" alt=\"\" width=\"24\" height=\"24\" class=\"alignnone size-full wp-image-3192\" \/><\/a><\/td>\n<\/tr>\n<tr class=\"row-4\">\n\t<td class=\"column-1\">CIRCULAR N.\u00ba JRPF-001-2023. Evaluaci\u00f3n de perfil de seguridad PARACETAMOL (ACETAMINOFEN) para el r\u00e9gimen de venta sin prescripci\u00f3n facultativa<\/td><td class=\"column-2\">10\/05\/2023<\/td><td class=\"column-3\"><a href=\"http:\/\/inhrr.gob.ve\/wp-content\/uploads\/2023\/05\/JRPF-001-2023_-Circular.pdf\" rel=\"noopener\" target=\"_blank\"><br \/>\n<img decoding=\"async\" src=\"http:\/\/inhrr.gob.ve\/wp-content\/uploads\/2022\/07\/cloud-down-svgrepo-com.svg\" alt=\"\" width=\"24\" height=\"24\" class=\"alignnone size-full wp-image-3192\" \/><\/a><\/td>\n<\/tr>\n<tr class=\"row-5\">\n\t<td class=\"column-1\">Circular JRPF-002-2020: Cancelaci\u00f3n del Registro Sanitario de todos los productos cuyo principio activo sea Ketoconazol y se administre v\u00eda oral<\/td><td class=\"column-2\">02\/06\/2020<\/td><td class=\"column-3\"><a href=\"http:\/\/inhrr.gob.ve\/portal_2020\/doc\/circular-jrpf-002-2020.pdf\" rel=\"noopener\" target=\"_blank\"><br \/>\n<img decoding=\"async\" src=\"http:\/\/inhrr.gob.ve\/wp-content\/uploads\/2022\/07\/cloud-down-svgrepo-com.svg\" alt=\"\" width=\"24\" height=\"24\" class=\"alignnone size-full wp-image-3192\" \/><\/a><br \/>\n<\/td>\n<\/tr>\n<tr class=\"row-6\">\n\t<td class=\"column-1\">Circular JRPF-001-2020: Informaci\u00f3n a todo el personal de salud que brinda tratamiento farmacol\u00f3gico a pacientes afectados por COVID-19<\/td><td class=\"column-2\">11\/05\/2020<br \/>\n<\/td><td class=\"column-3\"><a href=\"http:\/\/inhrr.gob.ve\/portal_2020\/doc\/jrpf_001_2020_circular_personal_de_salud.pdf\" rel=\"noopener\" target=\"_blank\"><br \/>\n<img decoding=\"async\" src=\"http:\/\/inhrr.gob.ve\/wp-content\/uploads\/2022\/07\/cloud-down-svgrepo-com.svg\" alt=\"\" width=\"24\" height=\"24\" class=\"alignnone size-full wp-image-3192\" \/><\/a><\/td>\n<\/tr>\n<tr class=\"row-7\">\n\t<td class=\"column-1\">CIRCULAR JRPF-003-2019<\/td><td class=\"column-2\">01\/08\/2019<br \/>\n<\/td><td class=\"column-3\"><a href=\"http:\/\/inhrr.gob.ve\/portal_2019\/doc\/jrpf-003-2019.pdf\" rel=\"noopener\" target=\"_blank\"><br \/>\n<img decoding=\"async\" src=\"http:\/\/inhrr.gob.ve\/wp-content\/uploads\/2022\/07\/cloud-down-svgrepo-com.svg\" alt=\"\" width=\"24\" height=\"24\" class=\"alignnone size-full wp-image-3192\" \/><\/a><\/td>\n<\/tr>\n<tr class=\"row-8\">\n\t<td class=\"column-1\"> CIRCULAR JRPF-002-2019-1<\/td><td class=\"column-2\">24\/05\/2019<br \/>\n<\/td><td class=\"column-3\"><a href=\"http:\/\/inhrr.gob.ve\/portal_2019\/img\/CIRCULAR-JRPF-002-2019-1.png\" rel=\"noopener\" target=\"_blank\"><br \/>\n<img decoding=\"async\" src=\"http:\/\/inhrr.gob.ve\/wp-content\/uploads\/2022\/07\/cloud-down-svgrepo-com.svg\" alt=\"\" width=\"24\" height=\"24\" class=\"alignnone size-full wp-image-3192\" \/><\/a><\/td>\n<\/tr>\n<tr class=\"row-9\">\n\t<td class=\"column-1\">Tratamiento sistom\u00e1tico del resfriado com\u00fan<\/td><td class=\"column-2\">24\/05\/2019<br \/>\n<\/td><td class=\"column-3\"><a class=\"keychainify-checked\" href=\"http:\/\/inhrr.gob.ve\/portal_2019\/img\/CIRCULAR-JRPF-001-2019-1.png\" target=\"_blank\" rel=\"noopener\"><br \/>\n<img decoding=\"async\" src=\"http:\/\/inhrr.gob.ve\/wp-content\/uploads\/2022\/07\/cloud-down-svgrepo-com.svg\" alt=\"\" width=\"24\" height=\"24\" class=\"alignnone size-full wp-image-3192\" \/><\/a><\/td>\n<\/tr>\n<tr class=\"row-10\">\n\t<td class=\"column-1\">NIMESULIDA<\/td><td class=\"column-2\">24\/11\/2017<br \/>\n<\/td><td class=\"column-3\"><a href=\"http:\/\/inhrr.gob.ve\/pdf\/pdf_jr\/JRPF_004_2017.pdf\" rel=\"noopener\" target=\"_blank\"><br \/>\n<img decoding=\"async\" src=\"http:\/\/inhrr.gob.ve\/wp-content\/uploads\/2022\/07\/cloud-down-svgrepo-com.svg\" alt=\"\" width=\"24\" height=\"24\" class=\"alignnone size-full wp-image-3192\" \/><\/a><\/td>\n<\/tr>\n<tr class=\"row-11\">\n\t<td class=\"column-1\">AZITROMICINA<\/td><td class=\"column-2\">21\/06\/2017<br \/>\n<\/td><td class=\"column-3\"><a href=\"http:\/\/inhrr.gob.ve\/pdf\/pdf_jr\/JRPF_003_2017.pdf\" rel=\"noopener\" target=\"_blank\"><br \/>\n<img decoding=\"async\" src=\"http:\/\/inhrr.gob.ve\/wp-content\/uploads\/2022\/07\/cloud-down-svgrepo-com.svg\" alt=\"\" width=\"24\" height=\"24\" class=\"alignnone size-full wp-image-3192\" \/><\/a><\/td>\n<\/tr>\n<tr class=\"row-12\">\n\t<td class=\"column-1\">PROYECTO DE NORMA CAP\u00cdTULO XVIII ANTIHISTAM\u00cdNICOS Y ANTISEROTON\u00cdNICOS GRUPO 2 ASOCIACIONES<\/td><td class=\"column-2\">10\/05\/2017<br \/>\n<\/td><td class=\"column-3\"><a href=\"http:\/\/inhrr.gob.ve\/pdf\/pdf_jr\/JRPF_001_2017.pdf\" rel=\"noopener\" target=\"_blank\"><br \/>\n<img decoding=\"async\" src=\"http:\/\/inhrr.gob.ve\/wp-content\/uploads\/2022\/07\/cloud-down-svgrepo-com.svg\" alt=\"\" width=\"24\" height=\"24\" class=\"alignnone size-full wp-image-3192\" \/><\/a><\/td>\n<\/tr>\n<tr class=\"row-13\">\n\t<td class=\"column-1\">La Junta Revisora de productos farmac\u00e9uticos, acord\u00f3 cambiar el r\u00e9gimen de venta CON prescripci\u00f3n Facultativa a SIN prescripci\u00f3n facultativa de todos los Productos Farmac\u00e9uticos constituidos Por TERCONAZOL Para Uso Vaginal.<\/td><td class=\"column-2\">10\/05\/2017<br \/>\n<\/td><td class=\"column-3\"><a href=\"http:\/\/inhrr.gob.ve\/pdf\/pdf_jr\/JRPF_002_2017.pdf\" rel=\"noopener\" target=\"_blank\"><br \/>\n<img decoding=\"async\" src=\"http:\/\/inhrr.gob.ve\/wp-content\/uploads\/2022\/07\/cloud-down-svgrepo-com.svg\" alt=\"\" width=\"24\" height=\"24\" class=\"alignnone size-full wp-image-3192\" \/><\/a><\/td>\n<\/tr>\n<tr class=\"row-14\">\n\t<td class=\"column-1\">CIRULAR JR-01\/2014 RIESGOS ASOCIADOS AL EMPLEO DE MEDICAMENTOS EXPANSORES DE VOL\u00daMEN CONSTITUIDOS POR HIDROXIETIL AMID\u00d2N<\/td><td class=\"column-2\">17\/03\/2014<br \/>\n<\/td><td class=\"column-3\"><a href=\"http:\/\/inhrr.gob.ve\/pdf\/pdf_jr\/JRC-01-2014.pdf\" rel=\"noopener\" target=\"_blank\"><br \/>\n<img decoding=\"async\" src=\"http:\/\/inhrr.gob.ve\/wp-content\/uploads\/2022\/07\/cloud-down-svgrepo-com.svg\" alt=\"\" width=\"24\" height=\"24\" class=\"alignnone size-full wp-image-3192\" \/><\/a><\/td>\n<\/tr>\n<tr class=\"row-15\">\n\t<td class=\"column-1\">CONSULTA P\u00daBLICA DEL ANTEPROYECTO DE \u00abNORMAS DE BUENA PR\u00c1CTICA CL\u00cdNICA PARA ENSAYOS CL\u00cdNICOS\u00bb.<br \/>\nDICHO DUCUMENTO TENDR\u00c1 UNA PR\u00d3RROGA DESDE EL 17-02-2014 HASTA 24-02-2014<\/td><td class=\"column-2\">29\/11\/2013<br \/>\n<\/td><td class=\"column-3\"><a href=\"http:\/\/inhrr.gob.ve\/pdf\/pdf_jr\/JR-1311-2013.pdf\" rel=\"noopener\" target=\"_blank\"><br \/>\n<img decoding=\"async\" src=\"http:\/\/inhrr.gob.ve\/wp-content\/uploads\/2022\/07\/cloud-down-svgrepo-com.svg\" alt=\"\" width=\"24\" height=\"24\" class=\"alignnone size-full wp-image-3192\" \/><\/a><\/td>\n<\/tr>\n<tr class=\"row-16\">\n\t<td class=\"column-1\">MODIFICACI\u00d3N DE LA NORMA DE JUNTA REVISORA DE PRODUCTOS FARMAC\u00c9UTICOS SECCI\u00d3N ESPECIAL DE LAS INVESTIGACIONES EN FARMACOLOG\u00cdA CL\u00cdNICA, REGLAMENTO DE INVESTIGACI\u00d3N EN FARMACOLOG\u00cdA CL\u00cdNICA<\/td><td class=\"column-2\">29\/11\/2013<br \/>\n<\/td><td class=\"column-3\"><a href=\"http:\/\/inhrr.gob.ve\/pdf\/pdf_jr\/JR-1313-2013.pdf\" rel=\"noopener\" target=\"_blank\"><br \/>\n<img decoding=\"async\" src=\"http:\/\/inhrr.gob.ve\/wp-content\/uploads\/2022\/07\/cloud-down-svgrepo-com.svg\" alt=\"\" width=\"24\" height=\"24\" class=\"alignnone size-full wp-image-3192\" \/><\/a><\/td>\n<\/tr>\n<tr class=\"row-17\">\n\t<td class=\"column-1\">NORMA DE JUNTA REVISORA DE PRODUCTOS FARMAC\u00c9UTICOS SECCI\u00d3N ESPECIAL DE LAS INVESTIGACIONES EN FARMACOLOG\u00cdA CL\u00cdNICA, REGLAMENTO DE INVESTIGACI\u00d3N EN FARMACOLOG\u00cdA CL\u00cdNICA<\/td><td class=\"column-2\">28\/11\/2013<br \/>\n<\/td><td class=\"column-3\"><a href=\"http:\/\/inhrr.gob.ve\/pdf\/pdf_jr\/circular_28-11-2013.pdf\" rel=\"noopener\" target=\"_blank\"><br \/>\n<img decoding=\"async\" src=\"http:\/\/inhrr.gob.ve\/wp-content\/uploads\/2022\/07\/cloud-down-svgrepo-com.svg\" alt=\"\" width=\"24\" height=\"24\" class=\"alignnone size-full wp-image-3192\" \/><\/a><\/td>\n<\/tr>\n<tr class=\"row-18\">\n\t<td class=\"column-1\">CIRCULAR SOBRE VIGENCIA DE PUBLICIDAD Y PROMOCI\u00d3N DE MEDICAMENTOS<\/td><td class=\"column-2\">09\/04\/2013<br \/>\n<\/td><td class=\"column-3\"><a href=\"http:\/\/inhrr.gob.ve\/pdf\/pdf_jr\/circular18042013.pdf\" rel=\"noopener\" target=\"_blank\"><br \/>\n<img decoding=\"async\" src=\"http:\/\/inhrr.gob.ve\/wp-content\/uploads\/2022\/07\/cloud-down-svgrepo-com.svg\" alt=\"\" width=\"24\" height=\"24\" class=\"alignnone size-full wp-image-3192\" \/><\/a><\/td>\n<\/tr>\n<tr class=\"row-19\">\n\t<td class=\"column-1\">CIRCULAR SOBRE PROSPECTOS<\/td><td class=\"column-2\">30\/01\/2012<br \/>\n<\/td><td class=\"column-3\"><a href=\"http:\/\/inhrr.gob.ve\/pdf\/pdf_jr\/Circular_sobre_prospectos_30_01_2012.pdf\" rel=\"noopener\" target=\"_blank\"><br \/>\n<img decoding=\"async\" src=\"http:\/\/inhrr.gob.ve\/wp-content\/uploads\/2022\/07\/cloud-down-svgrepo-com.svg\" alt=\"\" width=\"24\" height=\"24\" class=\"alignnone size-full wp-image-3192\" \/><\/a><\/td>\n<\/tr>\n<tr class=\"row-20\">\n\t<td class=\"column-1\">PRODUCTOS CONSTITUIDOS POR ESTATINAS<\/td><td class=\"column-2\">06\/06\/2011<br \/>\n<\/td><td class=\"column-3\"><a href=\"http:\/\/inhrr.gob.ve\/pdf\/pdf_jr\/Circular06Jun2011.pdf\" rel=\"noopener\" target=\"_blank\"><br \/>\n<img decoding=\"async\" src=\"http:\/\/inhrr.gob.ve\/wp-content\/uploads\/2022\/07\/cloud-down-svgrepo-com.svg\" alt=\"\" width=\"24\" height=\"24\" class=\"alignnone size-full wp-image-3192\" \/><\/a><\/td>\n<\/tr>\n<tr class=\"row-21\">\n\t<td class=\"column-1\">PR\u00d3RROGA PARA CORRECIONES DE PROSPECTOS<\/td><td class=\"column-2\">04\/05\/2010<br \/>\n<\/td><td class=\"column-3\"><a href=\"http:\/\/inhrr.gob.ve\/pdf\/pdf_jr\/Circular06Jun2011.pdf\" rel=\"noopener\" target=\"_blank\"><br \/>\n<img decoding=\"async\" src=\"http:\/\/inhrr.gob.ve\/wp-content\/uploads\/2022\/07\/cloud-down-svgrepo-com.svg\" alt=\"\" width=\"24\" height=\"24\" class=\"alignnone size-full wp-image-3192\" \/><\/a><\/td>\n<\/tr>\n<tr class=\"row-22\">\n\t<td class=\"column-1\">DEROGACI\u00d3N DE P\u00c1RRAFO \u00daNICO NUMERAL 8 ART\u00cdCULO 32 DE LA NORMA GENERAL SOBRE PROSPECTOS<\/td><td class=\"column-2\">11\/11\/2019<br \/>\n<\/td><td class=\"column-3\"><a href=\"http:\/\/inhrr.gob.ve\/pdf\/pdf_jr\/Circular_11Nov2009.pdf\" rel=\"noopener\" target=\"_blank\"><br \/>\n<img decoding=\"async\" src=\"http:\/\/inhrr.gob.ve\/wp-content\/uploads\/2022\/07\/cloud-down-svgrepo-com.svg\" alt=\"\" width=\"24\" height=\"24\" class=\"alignnone size-full wp-image-3192\" \/><\/a><\/td>\n<\/tr>\n<tr class=\"row-23\">\n\t<td class=\"column-1\">DECISI\u00d3N PARA MEDICAMENTOS ANTIHIPERTENSIVOS<\/td><td class=\"column-2\">10\/09\/2009<br \/>\n<\/td><td class=\"column-3\"><a href=\"http:\/\/inhrr.gob.ve\/pdf\/pdf_jr\/Circular_10Sep2009.pdf\" rel=\"noopener\" target=\"_blank\"><br \/>\n<img decoding=\"async\" src=\"http:\/\/inhrr.gob.ve\/wp-content\/uploads\/2022\/07\/cloud-down-svgrepo-com.svg\" alt=\"\" width=\"24\" height=\"24\" class=\"alignnone size-full wp-image-3192\" \/><\/a><\/td>\n<\/tr>\n<tr class=\"row-24\">\n\t<td class=\"column-1\">NORMA GENERAL SOBRE PROSPECTO<\/td><td class=\"column-2\">19\/09\/2006<br \/>\n<\/td><td class=\"column-3\"><a href=\"http:\/\/inhrr.gob.ve\/pdf\/pdf_jr\/Norma_General_Prospectos.pdf\" rel=\"noopener\" target=\"_blank\"><br \/>\n<img decoding=\"async\" src=\"http:\/\/inhrr.gob.ve\/wp-content\/uploads\/2022\/07\/cloud-down-svgrepo-com.svg\" alt=\"\" width=\"24\" height=\"24\" class=\"alignnone size-full wp-image-3192\" \/><\/a><\/td>\n<\/tr>\n<tr class=\"row-25\">\n\t<td class=\"column-1\">CIRCULAR NORMAS ETIQUETAS Y EMPAQUES<\/td><td class=\"column-2\">03\/03\/2006<br \/>\n<\/td><td class=\"column-3\"><a href=\"http:\/\/inhrr.gob.ve\/pdf\/pdf_jr\/Circular_03Mar2006.pdf\" rel=\"noopener\" target=\"_blank\"><br \/>\n<img decoding=\"async\" src=\"http:\/\/inhrr.gob.ve\/wp-content\/uploads\/2022\/07\/cloud-down-svgrepo-com.svg\" alt=\"\" width=\"24\" height=\"24\" class=\"alignnone size-full wp-image-3192\" \/><\/a><\/td>\n<\/tr>\n<tr class=\"row-26\">\n\t<td class=\"column-1\">NORMA SOBRE PUBLICIDAD Y PROMOCI\u00d3N DE ESPECIALIDADES FARMAC\u00c9UTICAS<\/td><td class=\"column-2\">Sin Fecha<\/td><td class=\"column-3\"><a href=\"http:\/\/inhrr.gob.ve\/pdf\/pdf_jr\/Normas_Promocion_y_Publicidad.pdf\" rel=\"noopener\" target=\"_blank\"><br \/>\n<img decoding=\"async\" src=\"http:\/\/inhrr.gob.ve\/wp-content\/uploads\/2022\/07\/cloud-down-svgrepo-com.svg\" alt=\"\" width=\"24\" height=\"24\" class=\"alignnone size-full wp-image-3192\" \/><\/a><\/td>\n<\/tr>\n<\/tbody>\n<\/table>\n<!-- #tablepress-2 from cache --><\/div>\n\t\t\t\t\t\t<\/div>\n\t\t\t\t<\/div>\n\t\t\t\t\t<\/div>\n\t\t<\/div>\n\t\t\t\t\t<\/div>\n\t\t<\/section>\n\t\t\t\t<\/div>\n\t\t","protected":false},"excerpt":{"rendered":"<p>Circulares Comun\u00edquese con Nosotros a trav\u00e9s del correo electr\u00f3nico:\u00a0juntarevisora.vzla@gmail.com<\/p>\n","protected":false},"author":1,"featured_media":0,"parent":0,"menu_order":0,"comment_status":"closed","ping_status":"closed","template":"","meta":{"footnotes":""},"class_list":["post-2115","page","type-page","status-publish"],"_links":{"self":[{"href":"https:\/\/inhrr.gob.ve\/index.php?rest_route=\/wp\/v2\/pages\/2115","targetHints":{"allow":["GET"]}}],"collection":[{"href":"https:\/\/inhrr.gob.ve\/index.php?rest_route=\/wp\/v2\/pages"}],"about":[{"href":"https:\/\/inhrr.gob.ve\/index.php?rest_route=\/wp\/v2\/types\/page"}],"author":[{"embeddable":true,"href":"https:\/\/inhrr.gob.ve\/index.php?rest_route=\/wp\/v2\/users\/1"}],"replies":[{"embeddable":true,"href":"https:\/\/inhrr.gob.ve\/index.php?rest_route=%2Fwp%2Fv2%2Fcomments&post=2115"}],"version-history":[{"count":43,"href":"https:\/\/inhrr.gob.ve\/index.php?rest_route=\/wp\/v2\/pages\/2115\/revisions"}],"predecessor-version":[{"id":8168,"href":"https:\/\/inhrr.gob.ve\/index.php?rest_route=\/wp\/v2\/pages\/2115\/revisions\/8168"}],"wp:attachment":[{"href":"https:\/\/inhrr.gob.ve\/index.php?rest_route=%2Fwp%2Fv2%2Fmedia&parent=2115"}],"curies":[{"name":"wp","href":"https:\/\/api.w.org\/{rel}","templated":true}]}}