{"id":325,"date":"2019-11-04T09:59:14","date_gmt":"2019-11-04T13:59:14","guid":{"rendered":"http:\/\/172.16.0.115\/?page_id=325"},"modified":"2024-04-30T15:05:37","modified_gmt":"2024-04-30T19:05:37","slug":"regimen-tarifario","status":"publish","type":"page","link":"https:\/\/inhrr.gob.ve\/?page_id=325","title":{"rendered":"R\u00e9gimen Tarifario"},"content":{"rendered":"\t\t<div data-elementor-type=\"wp-page\" data-elementor-id=\"325\" class=\"elementor elementor-325\" data-elementor-post-type=\"page\">\n\t\t\t\t\t\t<section class=\"elementor-section elementor-top-section elementor-element elementor-element-d07ef03 elementor-section-boxed elementor-section-height-default elementor-section-height-default\" data-id=\"d07ef03\" data-element_type=\"section\">\n\t\t\t\t\t\t<div class=\"elementor-container elementor-column-gap-default\">\n\t\t\t\t\t<div class=\"elementor-column elementor-col-100 elementor-top-column elementor-element elementor-element-1118dc8\" data-id=\"1118dc8\" data-element_type=\"column\">\n\t\t\t<div class=\"elementor-widget-wrap elementor-element-populated\">\n\t\t\t\t\t\t<div class=\"elementor-element elementor-element-ae5b0e2 elementor-widget elementor-widget-heading\" data-id=\"ae5b0e2\" data-element_type=\"widget\" data-widget_type=\"heading.default\">\n\t\t\t\t<div class=\"elementor-widget-container\">\n\t\t\t\t\t<h2 class=\"elementor-heading-title elementor-size-default\">R\u00e9gimen Tarifario<\/h2>\t\t\t\t<\/div>\n\t\t\t\t<\/div>\n\t\t\t\t<div class=\"elementor-element elementor-element-5e7a820 elementor-widget elementor-widget-text-editor\" data-id=\"5e7a820\" data-element_type=\"widget\" data-widget_type=\"text-editor.default\">\n\t\t\t\t<div class=\"elementor-widget-container\">\n\t\t\t\t\t\t\t\t\t<p>Se les notifica a todos los usuarios y usuarias de los servicios y productos que presta el Instituto Nacional de Higiene \u201cRafael Rangel\u201d, las Normas para el pago de los mismos que regir\u00e1n a partir del 01\/01\/2022:<\/p><ul><li>El pago correspondiente a la tarifa de los productos y servicios solicitados debe ser efectuado mediante dep\u00f3sito: en efectivo, transferencia bancaria o pago en l\u00ednea a la cuenta corriente 0102-0132-2900-0002-3650 a nombre del Instituto Nacional de Higiene \u201cRafael Rangel\u201d, en el Banco de Venezuela.<\/li><li>Dicho pago deber\u00e1 coincidir exactamente con la tarifa de los productos y servicios requeridos, y deber\u00e1 ser consignado el Original y copia del dep\u00f3sito bancario y\/o comprobante junto con el tr\u00e1mite.<\/li><li>Cada tr\u00e1mite debe ser pagado con el monto exacto, no se recibir\u00e1n pagos para varias solicitudes de tr\u00e1mites con una misma transferencia. El pago debe realizarse por tr\u00e1mite, con la tarifa vigente para el d\u00eda de recepci\u00f3n de la cita, sin excepci\u00f3n. Tr\u00e1mites con pagos incompletos ser\u00e1n devueltos y no se reintegrar\u00e1 remanente.<\/li><li>En el caso de efectuar el pago mediante transferencia bancaria, deber\u00e1 realizarse con al menos tres (3) d\u00edas h\u00e1biles de antelaci\u00f3n a la presentaci\u00f3n del expediente para la cita, as\u00ed como para los dem\u00e1s servicios.<\/li><\/ul>\t\t\t\t\t\t\t\t<\/div>\n\t\t\t\t<\/div>\n\t\t\t\t<div class=\"elementor-element elementor-element-011c3b3 elementor-widget elementor-widget-text-editor\" data-id=\"011c3b3\" data-element_type=\"widget\" data-widget_type=\"text-editor.default\">\n\t\t\t\t<div class=\"elementor-widget-container\">\n\t\t\t\t\t\t\t\t\t<h5><span style=\"color: #003366;\">Tarifas para Productos y Servicios de Regulaci\u00f3n Sanitaria de Productos de Uso y Consumo Humano:<\/span><\/h5>\t\t\t\t\t\t\t\t<\/div>\n\t\t\t\t<\/div>\n\t\t\t\t<div class=\"elementor-element elementor-element-98f0934 elementor-widget elementor-widget-html\" data-id=\"98f0934\" data-element_type=\"widget\" data-widget_type=\"html.default\">\n\t\t\t\t<div class=\"elementor-widget-container\">\n\t\t\t\t\t<iframe src=\"https:\/\/citas.inhrr.gob.ve:8082\/api\/pdf\/tarifas.pdf#toolbar=0\" width=\"100%\" height=\"300\"><\/iframe>\t\t\t\t<\/div>\n\t\t\t\t<\/div>\n\t\t\t\t<div class=\"elementor-element elementor-element-58e3f3f elementor-widget-divider--view-line elementor-widget elementor-widget-divider\" data-id=\"58e3f3f\" data-element_type=\"widget\" data-widget_type=\"divider.default\">\n\t\t\t\t<div class=\"elementor-widget-container\">\n\t\t\t\t\t\t\t<div class=\"elementor-divider\">\n\t\t\t<span class=\"elementor-divider-separator\">\n\t\t\t\t\t\t<\/span>\n\t\t<\/div>\n\t\t\t\t\t\t<\/div>\n\t\t\t\t<\/div>\n\t\t\t\t<div class=\"elementor-element elementor-element-e38fe2d elementor-widget elementor-widget-text-editor\" data-id=\"e38fe2d\" data-element_type=\"widget\" data-widget_type=\"text-editor.default\">\n\t\t\t\t<div class=\"elementor-widget-container\">\n\t\t\t\t\t\t\t\t\t<h5><span style=\"color: #003366;\">Tarifas para Productos y Servicios de Docencia e Investigaci\u00f3n:<\/span><\/h5>\t\t\t\t\t\t\t\t<\/div>\n\t\t\t\t<\/div>\n\t\t\t\t<div class=\"elementor-element elementor-element-68c8c1a elementor-widget elementor-widget-shortcode\" data-id=\"68c8c1a\" data-element_type=\"widget\" data-widget_type=\"shortcode.default\">\n\t\t\t\t<div class=\"elementor-widget-container\">\n\t\t\t\t\t\t\t<div class=\"elementor-shortcode\"><iframe class=\"pdfjs-viewer\" width=\"100%\" height=\"300px\" src=\"https:\/\/inhrr.gob.ve\/wp-content\/plugins\/pdf-viewer\/stable\/web\/viewer.html?file=https:\/\/inhrr.gob.ve\/wp-content\/uploads\/2022\/09\/REGIMEN-TARIFARIO-DOCENCIA.pdf\"><\/iframe> <\/div>\n\t\t\t\t\t\t<\/div>\n\t\t\t\t<\/div>\n\t\t\t\t<div class=\"elementor-element elementor-element-20e09fc elementor-widget-divider--view-line elementor-widget elementor-widget-divider\" data-id=\"20e09fc\" data-element_type=\"widget\" data-widget_type=\"divider.default\">\n\t\t\t\t<div class=\"elementor-widget-container\">\n\t\t\t\t\t\t\t<div class=\"elementor-divider\">\n\t\t\t<span class=\"elementor-divider-separator\">\n\t\t\t\t\t\t<\/span>\n\t\t<\/div>\n\t\t\t\t\t\t<\/div>\n\t\t\t\t<\/div>\n\t\t\t\t<div class=\"elementor-element elementor-element-5d4394f0 elementor-widget elementor-widget-text-editor\" data-id=\"5d4394f0\" data-element_type=\"widget\" data-widget_type=\"text-editor.default\">\n\t\t\t\t<div class=\"elementor-widget-container\">\n\t\t\t\t\t\t\t\t\t<h5><span style=\"color: #003366;\">Tarifas para Productos y Servicios de Producci\u00f3n:<\/span><\/h5>\t\t\t\t\t\t\t\t<\/div>\n\t\t\t\t<\/div>\n\t\t\t\t<div class=\"elementor-element elementor-element-a0d9792 elementor-widget elementor-widget-shortcode\" data-id=\"a0d9792\" data-element_type=\"widget\" data-widget_type=\"shortcode.default\">\n\t\t\t\t<div class=\"elementor-widget-container\">\n\t\t\t\t\t\t\t<div class=\"elementor-shortcode\"><iframe class=\"pdfjs-viewer\" width=\"100%\" height=\"300px\" src=\"https:\/\/inhrr.gob.ve\/wp-content\/plugins\/pdf-viewer\/stable\/web\/viewer.html?file=https:\/\/inhrr.gob.ve\/wp-content\/uploads\/2023\/09\/TARIFASPETROSPRODUCTOSDGP120923.pdf\"><\/iframe> <\/div>\n\t\t\t\t\t\t<\/div>\n\t\t\t\t<\/div>\n\t\t\t\t<div class=\"elementor-element elementor-element-a3bc963 elementor-widget-divider--view-line elementor-widget elementor-widget-divider\" data-id=\"a3bc963\" data-element_type=\"widget\" data-widget_type=\"divider.default\">\n\t\t\t\t<div class=\"elementor-widget-container\">\n\t\t\t\t\t\t\t<div class=\"elementor-divider\">\n\t\t\t<span class=\"elementor-divider-separator\">\n\t\t\t\t\t\t<\/span>\n\t\t<\/div>\n\t\t\t\t\t\t<\/div>\n\t\t\t\t<\/div>\n\t\t\t\t\t<\/div>\n\t\t<\/div>\n\t\t\t\t\t<\/div>\n\t\t<\/section>\n\t\t\t\t<section class=\"elementor-section elementor-top-section elementor-element elementor-element-75d7535 elementor-section-boxed elementor-section-height-default elementor-section-height-default\" data-id=\"75d7535\" data-element_type=\"section\">\n\t\t\t\t\t\t<div class=\"elementor-container elementor-column-gap-default\">\n\t\t\t\t\t<div class=\"elementor-column elementor-col-100 elementor-top-column elementor-element elementor-element-01c0528\" data-id=\"01c0528\" data-element_type=\"column\">\n\t\t\t<div class=\"elementor-widget-wrap\">\n\t\t\t\t\t\t\t<\/div>\n\t\t<\/div>\n\t\t\t\t\t<\/div>\n\t\t<\/section>\n\t\t\t\t<\/div>\n\t\t","protected":false},"excerpt":{"rendered":"<p>R\u00e9gimen Tarifario Se les notifica a todos los usuarios y usuarias de los servicios y productos que presta el Instituto Nacional de Higiene \u201cRafael Rangel\u201d, las Normas para el pago de los mismos que regir\u00e1n a partir del 01\/01\/2022: El pago correspondiente a la tarifa de los productos y servicios solicitados debe ser efectuado mediante &#8230; <a title=\"R\u00e9gimen Tarifario\" class=\"read-more\" href=\"https:\/\/inhrr.gob.ve\/?page_id=325\" aria-label=\"Leer m\u00e1s sobre R\u00e9gimen Tarifario\">Leer m\u00e1s<\/a><\/p>\n","protected":false},"author":1,"featured_media":0,"parent":344,"menu_order":0,"comment_status":"closed","ping_status":"closed","template":"","meta":{"footnotes":""},"class_list":["post-325","page","type-page","status-publish"],"_links":{"self":[{"href":"https:\/\/inhrr.gob.ve\/index.php?rest_route=\/wp\/v2\/pages\/325","targetHints":{"allow":["GET"]}}],"collection":[{"href":"https:\/\/inhrr.gob.ve\/index.php?rest_route=\/wp\/v2\/pages"}],"about":[{"href":"https:\/\/inhrr.gob.ve\/index.php?rest_route=\/wp\/v2\/types\/page"}],"author":[{"embeddable":true,"href":"https:\/\/inhrr.gob.ve\/index.php?rest_route=\/wp\/v2\/users\/1"}],"replies":[{"embeddable":true,"href":"https:\/\/inhrr.gob.ve\/index.php?rest_route=%2Fwp%2Fv2%2Fcomments&post=325"}],"version-history":[{"count":142,"href":"https:\/\/inhrr.gob.ve\/index.php?rest_route=\/wp\/v2\/pages\/325\/revisions"}],"predecessor-version":[{"id":8710,"href":"https:\/\/inhrr.gob.ve\/index.php?rest_route=\/wp\/v2\/pages\/325\/revisions\/8710"}],"up":[{"embeddable":true,"href":"https:\/\/inhrr.gob.ve\/index.php?rest_route=\/wp\/v2\/pages\/344"}],"wp:attachment":[{"href":"https:\/\/inhrr.gob.ve\/index.php?rest_route=%2Fwp%2Fv2%2Fmedia&parent=325"}],"curies":[{"name":"wp","href":"https:\/\/api.w.org\/{rel}","templated":true}]}}