{"id":4059,"date":"2022-08-16T12:09:13","date_gmt":"2022-08-16T16:09:13","guid":{"rendered":"http:\/\/172.16.0.115\/?page_id=4059"},"modified":"2022-11-27T17:16:28","modified_gmt":"2022-11-27T21:16:28","slug":"atencion-al-ciudadano","status":"publish","type":"page","link":"https:\/\/inhrr.gob.ve\/?page_id=4059","title":{"rendered":"Atenci\u00f3n al Ciudadano"},"content":{"rendered":"\t\t<div data-elementor-type=\"wp-page\" data-elementor-id=\"4059\" class=\"elementor elementor-4059\" data-elementor-post-type=\"page\">\n\t\t\t\t\t\t<section class=\"elementor-section elementor-top-section elementor-element elementor-element-3619031 elementor-section-boxed elementor-section-height-default elementor-section-height-default\" data-id=\"3619031\" data-element_type=\"section\">\n\t\t\t\t\t\t<div class=\"elementor-container elementor-column-gap-default\">\n\t\t\t\t\t<div class=\"elementor-column elementor-col-100 elementor-top-column elementor-element elementor-element-580b0c1\" data-id=\"580b0c1\" data-element_type=\"column\">\n\t\t\t<div class=\"elementor-widget-wrap elementor-element-populated\">\n\t\t\t\t\t\t<div class=\"elementor-element elementor-element-dc0e318 elementor-widget elementor-widget-heading\" data-id=\"dc0e318\" data-element_type=\"widget\" data-widget_type=\"heading.default\">\n\t\t\t\t<div class=\"elementor-widget-container\">\n\t\t\t\t\t<h2 class=\"elementor-heading-title elementor-size-default\">Atenci\u00f3n al Ciudadano<\/h2>\t\t\t\t<\/div>\n\t\t\t\t<\/div>\n\t\t\t\t<div class=\"elementor-element elementor-element-ac193ad elementor-tabs-view-horizontal elementor-widget elementor-widget-tabs\" data-id=\"ac193ad\" data-element_type=\"widget\" data-widget_type=\"tabs.default\">\n\t\t\t\t<div class=\"elementor-widget-container\">\n\t\t\t\t\t\t\t<div class=\"elementor-tabs\">\n\t\t\t<div class=\"elementor-tabs-wrapper\" role=\"tablist\" >\n\t\t\t\t\t\t\t\t\t<div id=\"elementor-tab-title-1801\" class=\"elementor-tab-title elementor-tab-desktop-title\" aria-selected=\"true\" data-tab=\"1\" role=\"tab\" tabindex=\"0\" aria-controls=\"elementor-tab-content-1801\" aria-expanded=\"false\">Quienes Somos<\/div>\n\t\t\t\t\t\t\t\t\t<div id=\"elementor-tab-title-1802\" class=\"elementor-tab-title elementor-tab-desktop-title\" aria-selected=\"false\" data-tab=\"2\" role=\"tab\" tabindex=\"-1\" aria-controls=\"elementor-tab-content-1802\" aria-expanded=\"false\">Productos y Servicios<\/div>\n\t\t\t\t\t\t\t\t\t<div id=\"elementor-tab-title-1803\" class=\"elementor-tab-title elementor-tab-desktop-title\" aria-selected=\"false\" data-tab=\"3\" role=\"tab\" tabindex=\"-1\" aria-controls=\"elementor-tab-content-1803\" aria-expanded=\"false\">Queja , Reclamo o Sugerencia<\/div>\n\t\t\t\t\t\t\t\t\t<div id=\"elementor-tab-title-1804\" class=\"elementor-tab-title elementor-tab-desktop-title\" aria-selected=\"false\" data-tab=\"4\" role=\"tab\" tabindex=\"-1\" aria-controls=\"elementor-tab-content-1804\" aria-expanded=\"false\">Contactanos <\/div>\n\t\t\t\t\t\t\t<\/div>\n\t\t\t<div class=\"elementor-tabs-content-wrapper\" role=\"tablist\" aria-orientation=\"vertical\">\n\t\t\t\t\t\t\t\t\t<div class=\"elementor-tab-title elementor-tab-mobile-title\" aria-selected=\"true\" data-tab=\"1\" role=\"tab\" tabindex=\"0\" aria-controls=\"elementor-tab-content-1801\" aria-expanded=\"false\">Quienes Somos<\/div>\n\t\t\t\t\t<div id=\"elementor-tab-content-1801\" class=\"elementor-tab-content elementor-clearfix\" data-tab=\"1\" role=\"tabpanel\" aria-labelledby=\"elementor-tab-title-1801\" tabindex=\"0\" hidden=\"false\"><p>Somos la Oficina que coordina y planifica las l\u00edneas de participaci\u00f3n ciudadana; considerando los requerimientos para garantizar el tr\u00e1mite de denuncias, quejas, reclamos, sugerencias y peticiones de forma oportuna, adecuada y efectiva, formuladas por los ciudadanos y ciudadanas que acudan al INH\u201dRR\u201d.<\/p><\/div>\n\t\t\t\t\t\t\t\t\t<div class=\"elementor-tab-title elementor-tab-mobile-title\" aria-selected=\"false\" data-tab=\"2\" role=\"tab\" tabindex=\"-1\" aria-controls=\"elementor-tab-content-1802\" aria-expanded=\"false\">Productos y Servicios<\/div>\n\t\t\t\t\t<div id=\"elementor-tab-content-1802\" class=\"elementor-tab-content elementor-clearfix\" data-tab=\"2\" role=\"tabpanel\" aria-labelledby=\"elementor-tab-title-1802\" tabindex=\"0\" hidden=\"hidden\"><ol><li>Brindar Atenci\u00f3n automatizada y personalizada al ciudadano y ciudadana que acudan al INH\u201dRR\u201d y a las comunidades organizadas existentes en las \u00e1reas circundantes del Punto de Ubicaci\u00f3n del mismo<\/li><li>Llevar un Registro Automatizado de las comunidades organizadas aleda\u00f1as y\/o relacionadas con la naturaleza y competencias del Instituto<\/li><li>Fomentar la participaci\u00f3n en la promoci\u00f3n de la salud, mediante el intercambio de informaci\u00f3n inherente a nuestras competencias con las comunidades organizadas, a trav\u00e9s de charlas, talleres informativos, seminarios, micro audiovisuales entre otros.<\/li><li>Establecer mecanismos institucionales para fomentar la participaci\u00f3n popular y la corresponsabilidad en la gesti\u00f3n p\u00fablica relacionada con las competencias del INHRR.\u00a0<\/li><li>Fomento del patrimonio cultural y deportivo con las comunidades Organizadas a trav\u00e9s de nuestras agrupaciones musicales, deportivas y teatrales.<\/li><\/ol><\/div>\n\t\t\t\t\t\t\t\t\t<div class=\"elementor-tab-title elementor-tab-mobile-title\" aria-selected=\"false\" data-tab=\"3\" role=\"tab\" tabindex=\"-1\" aria-controls=\"elementor-tab-content-1803\" aria-expanded=\"false\">Queja , Reclamo o Sugerencia<\/div>\n\t\t\t\t\t<div id=\"elementor-tab-content-1803\" class=\"elementor-tab-content elementor-clearfix\" data-tab=\"3\" role=\"tabpanel\" aria-labelledby=\"elementor-tab-title-1803\" tabindex=\"0\" hidden=\"hidden\"><p><a href=\"https:\/\/inhrr.gob.ve\/wp-content\/uploads\/2022\/09\/F-PEGC_024-Maru.docx\">F-PEGC_024<\/a><\/p><\/div>\n\t\t\t\t\t\t\t\t\t<div class=\"elementor-tab-title elementor-tab-mobile-title\" aria-selected=\"false\" data-tab=\"4\" role=\"tab\" tabindex=\"-1\" aria-controls=\"elementor-tab-content-1804\" aria-expanded=\"false\">Contactanos <\/div>\n\t\t\t\t\t<div id=\"elementor-tab-content-1804\" class=\"elementor-tab-content elementor-clearfix\" data-tab=\"4\" role=\"tabpanel\" aria-labelledby=\"elementor-tab-title-1804\" tabindex=\"0\" hidden=\"hidden\"><p>Cont\u00e1ctame : <span style=\"color: var( --e-global-color-text ); font-family: var( --e-global-typography-text-font-family ), Sans-serif; font-weight: var( --e-global-typography-text-font-weight ); background-color: var(--base-3);\">0212-219.16.07<\/span><\/p><p><span style=\"color: var( --e-global-color-text ); font-family: var( --e-global-typography-text-font-family ), Sans-serif; font-weight: var( --e-global-typography-text-font-weight ); background-color: var(--base-3);\">Correo: atencionalciudadano@inhrr.gob.ve<\/span><\/p><\/div>\n\t\t\t\t\t\t\t<\/div>\n\t\t<\/div>\n\t\t\t\t\t\t<\/div>\n\t\t\t\t<\/div>\n\t\t\t\t\t<\/div>\n\t\t<\/div>\n\t\t\t\t\t<\/div>\n\t\t<\/section>\n\t\t\t\t<\/div>\n\t\t","protected":false},"excerpt":{"rendered":"<p>Quienes Somos Productos y Servicios Queja , Reclamo o Sugerencia Contactanos Quienes Somos Somos la Oficina que coordina y planifica las l\u00edneas de participaci\u00f3n ciudadana; considerando los requerimientos para garantizar el tr\u00e1mite de denuncias, quejas, reclamos, sugerencias y peticiones de forma oportuna, adecuada y efectiva, formuladas por los ciudadanos y ciudadanas que acudan al INH\u201dRR\u201d. &#8230; <a title=\"Atenci\u00f3n al Ciudadano\" class=\"read-more\" href=\"https:\/\/inhrr.gob.ve\/?page_id=4059\" aria-label=\"Leer m\u00e1s sobre Atenci\u00f3n al Ciudadano\">Leer m\u00e1s<\/a><\/p>\n","protected":false},"author":1,"featured_media":0,"parent":0,"menu_order":0,"comment_status":"closed","ping_status":"closed","template":"","meta":{"footnotes":""},"class_list":["post-4059","page","type-page","status-publish"],"_links":{"self":[{"href":"https:\/\/inhrr.gob.ve\/index.php?rest_route=\/wp\/v2\/pages\/4059","targetHints":{"allow":["GET"]}}],"collection":[{"href":"https:\/\/inhrr.gob.ve\/index.php?rest_route=\/wp\/v2\/pages"}],"about":[{"href":"https:\/\/inhrr.gob.ve\/index.php?rest_route=\/wp\/v2\/types\/page"}],"author":[{"embeddable":true,"href":"https:\/\/inhrr.gob.ve\/index.php?rest_route=\/wp\/v2\/users\/1"}],"replies":[{"embeddable":true,"href":"https:\/\/inhrr.gob.ve\/index.php?rest_route=%2Fwp%2Fv2%2Fcomments&post=4059"}],"version-history":[{"count":31,"href":"https:\/\/inhrr.gob.ve\/index.php?rest_route=\/wp\/v2\/pages\/4059\/revisions"}],"predecessor-version":[{"id":7578,"href":"https:\/\/inhrr.gob.ve\/index.php?rest_route=\/wp\/v2\/pages\/4059\/revisions\/7578"}],"wp:attachment":[{"href":"https:\/\/inhrr.gob.ve\/index.php?rest_route=%2Fwp%2Fv2%2Fmedia&parent=4059"}],"curies":[{"name":"wp","href":"https:\/\/api.w.org\/{rel}","templated":true}]}}