{"id":4061,"date":"2022-08-16T12:10:29","date_gmt":"2022-08-16T16:10:29","guid":{"rendered":"http:\/\/172.16.0.115\/?page_id=4061"},"modified":"2022-09-21T12:15:29","modified_gmt":"2022-09-21T16:15:29","slug":"intercambio-deportivo-y-de-esparcimiento","status":"publish","type":"page","link":"https:\/\/inhrr.gob.ve\/?page_id=4061","title":{"rendered":"Intercambio Deportivo y de Esparcimiento"},"content":{"rendered":"\t\t<div data-elementor-type=\"wp-page\" data-elementor-id=\"4061\" class=\"elementor elementor-4061\" data-elementor-post-type=\"page\">\n\t\t\t\t\t\t<section class=\"elementor-section elementor-top-section elementor-element elementor-element-40e5873 elementor-section-boxed elementor-section-height-default elementor-section-height-default\" data-id=\"40e5873\" data-element_type=\"section\">\n\t\t\t\t\t\t<div class=\"elementor-container elementor-column-gap-default\">\n\t\t\t\t\t<div class=\"elementor-column elementor-col-100 elementor-top-column elementor-element elementor-element-217eafb1\" data-id=\"217eafb1\" data-element_type=\"column\">\n\t\t\t<div class=\"elementor-widget-wrap elementor-element-populated\">\n\t\t\t\t\t\t<div class=\"elementor-element elementor-element-2dd27fe elementor-widget elementor-widget-heading\" data-id=\"2dd27fe\" data-element_type=\"widget\" data-widget_type=\"heading.default\">\n\t\t\t\t<div class=\"elementor-widget-container\">\n\t\t\t\t\t<h2 class=\"elementor-heading-title elementor-size-default\">Intercambio Deportivo y de Esparcimiento<\/h2>\t\t\t\t<\/div>\n\t\t\t\t<\/div>\n\t\t\t\t\t<\/div>\n\t\t<\/div>\n\t\t\t\t\t<\/div>\n\t\t<\/section>\n\t\t\t\t<section class=\"elementor-section elementor-top-section elementor-element elementor-element-def3077 elementor-section-boxed elementor-section-height-default elementor-section-height-default\" data-id=\"def3077\" data-element_type=\"section\">\n\t\t\t\t\t\t<div class=\"elementor-container elementor-column-gap-default\">\n\t\t\t\t\t<div class=\"elementor-column elementor-col-100 elementor-top-column elementor-element elementor-element-280fd80\" data-id=\"280fd80\" data-element_type=\"column\">\n\t\t\t<div class=\"elementor-widget-wrap elementor-element-populated\">\n\t\t\t\t\t\t<div class=\"elementor-element elementor-element-8a0eaaf elementor-widget elementor-widget-toggle\" data-id=\"8a0eaaf\" data-element_type=\"widget\" data-widget_type=\"toggle.default\">\n\t\t\t\t<div class=\"elementor-widget-container\">\n\t\t\t\t\t\t\t<div class=\"elementor-toggle\">\n\t\t\t\t\t\t\t<div class=\"elementor-toggle-item\">\n\t\t\t\t\t<div id=\"elementor-tab-title-1441\" class=\"elementor-tab-title\" data-tab=\"1\" role=\"button\" aria-controls=\"elementor-tab-content-1441\" aria-expanded=\"false\">\n\t\t\t\t\t\t\t\t\t\t\t\t<span class=\"elementor-toggle-icon elementor-toggle-icon-left\" aria-hidden=\"true\">\n\t\t\t\t\t\t\t\t\t\t\t\t\t\t\t<span class=\"elementor-toggle-icon-closed\"><i class=\"fas fa-caret-right\"><\/i><\/span>\n\t\t\t\t\t\t\t\t<span class=\"elementor-toggle-icon-opened\"><i class=\"elementor-toggle-icon-opened fas fa-caret-up\"><\/i><\/span>\n\t\t\t\t\t\t\t\t\t\t\t\t\t<\/span>\n\t\t\t\t\t\t\t\t\t\t\t\t<a class=\"elementor-toggle-title\" tabindex=\"0\">Equipo de Softbol \u2013 Beisbol. <\/a>\n\t\t\t\t\t<\/div>\n\n\t\t\t\t\t<div id=\"elementor-tab-content-1441\" class=\"elementor-tab-content elementor-clearfix\" data-tab=\"1\" role=\"region\" aria-labelledby=\"elementor-tab-title-1441\"><p>El Equipo de Softbol inicia su actividad deportiva en el a\u00f1o 1960, como equipo de Beisbol, en la gesti\u00f3n del Dr. Antonio\u00a0 Brice\u00f1o Rossi, Director del Instituto y del Lic. Clemente Castillo, Gerente de Recursos Humanos, quienes apoyan la creaci\u00f3n de este equipo, conformado por trabajadores de la instituci\u00f3n para el sano esparcimiento. Entre sus miembros jugadores fundadores: Atanacio Romero, Aurelio Hern\u00e1ndez, Rub\u00e9n Amaro, Heriberto Barroeta, Jesus Blanco, Victor Lugo, Miguel Chaguan, Juan Chaguan, Delio Sanchez, Luis Y\u00e1nez. En su trayectoria obtuvo importantes triunfos, ganando cinco campeonatos: Copa Cuatricentenario de Caracas, 1967, tres Campeonatos en la Liga Inter Obrera, Liga Inter sindical, Campeonato en la Liga La Pastora en los a\u00f1os 1988-1989.<\/p><p><img fetchpriority=\"high\" decoding=\"async\" class=\"size-medium wp-image-5710 aligncenter\" src=\"http:\/\/172.16.0.115\/vit\/wp-content\/uploads\/2022\/09\/1-300x243.jpg\" alt=\"\" width=\"300\" height=\"243\" srcset=\"https:\/\/inhrr.gob.ve\/wp-content\/uploads\/2022\/09\/1-300x243.jpg 300w, https:\/\/inhrr.gob.ve\/wp-content\/uploads\/2022\/09\/1-768x621.jpg 768w, https:\/\/inhrr.gob.ve\/wp-content\/uploads\/2022\/09\/1.jpg 858w\" sizes=\"(max-width: 300px) 100vw, 300px\" \/><\/p><p>A partir de 1992 se convierte en Equipo\u00a0 de Softbol, siendo su fundador Francisco Hern\u00e1ndez. Este es conformado hasta el a\u00f1o 2019 por los funcionarios: Elio Hern\u00e1ndez, Sandy Hern\u00e1ndez, Juan Reyes, Alejandro Bastidas, Carlos Lugo, Sa\u00fal Duque, Wilmer Molina, Diblain Andrade, Carlos Fornari, Rito Gonz\u00e1lez, Michel Barreto, Cesar Barreto, entre otros. Cabe destacar que a partir del a\u00f1o 2020 cuando el Ejecutivo Nacional declara Pandemia Nacional, el equipo tiene un receso obligatorio en sus actividades y sumado a ello, gran parte de los integrantes se retiran de la Instituci\u00f3n y la plantilla del equipo se debilita. Ya para el a\u00f1o 2022 de la mano de Elio Hern\u00e1ndez, Adolfo Bastidas y con el apoyo de la Direcci\u00f3n de Talento Humano, se comienza la restructuraci\u00f3n\u00a0 de dicho equipo, captando nuevos talentos entre el personal activo de la instituci\u00f3n y as\u00ed progresivamente lograr conformar ese gran equipo de anta\u00f1o.<\/p><p>Es importante destacar que ese equipo desarroll\u00f3 un alto nivel competitivo, logrando ganar una serie de campeonatos y torneos, entre los que podemos mencionar: Copa de la Amistad 2005, Cuatro Copas de la Liga de Softbol del Municipio Los Salias, siendo su \u00faltimo logro el Torneo Copa Universidad Bolivariana de Venezuela, quedando Campe\u00f3n en el a\u00f1o 2017.<\/p><p>Rese\u00f1a de Adolfo Bastidas<\/p><p style=\"text-align: center;\"><strong> <img decoding=\"async\" class=\"alignnone size-medium wp-image-5711\" src=\"http:\/\/172.16.0.115\/vit\/wp-content\/uploads\/2022\/09\/2-300x232.jpg\" alt=\"\" width=\"300\" height=\"232\" srcset=\"https:\/\/inhrr.gob.ve\/wp-content\/uploads\/2022\/09\/2-300x232.jpg 300w, https:\/\/inhrr.gob.ve\/wp-content\/uploads\/2022\/09\/2-768x593.jpg 768w, https:\/\/inhrr.gob.ve\/wp-content\/uploads\/2022\/09\/2.jpg 907w\" sizes=\"(max-width: 300px) 100vw, 300px\" \/><\/strong><\/p><\/div>\n\t\t\t\t<\/div>\n\t\t\t\t\t\t\t<div class=\"elementor-toggle-item\">\n\t\t\t\t\t<div id=\"elementor-tab-title-1442\" class=\"elementor-tab-title\" data-tab=\"2\" role=\"button\" aria-controls=\"elementor-tab-content-1442\" aria-expanded=\"false\">\n\t\t\t\t\t\t\t\t\t\t\t\t<span class=\"elementor-toggle-icon elementor-toggle-icon-left\" aria-hidden=\"true\">\n\t\t\t\t\t\t\t\t\t\t\t\t\t\t\t<span class=\"elementor-toggle-icon-closed\"><i class=\"fas fa-caret-right\"><\/i><\/span>\n\t\t\t\t\t\t\t\t<span class=\"elementor-toggle-icon-opened\"><i class=\"elementor-toggle-icon-opened fas fa-caret-up\"><\/i><\/span>\n\t\t\t\t\t\t\t\t\t\t\t\t\t<\/span>\n\t\t\t\t\t\t\t\t\t\t\t\t<a class=\"elementor-toggle-title\" tabindex=\"0\">Equipo de Bolas Criollas Femenino <\/a>\n\t\t\t\t\t<\/div>\n\n\t\t\t\t\t<div id=\"elementor-tab-content-1442\" class=\"elementor-tab-content elementor-clearfix\" data-tab=\"2\" role=\"region\" aria-labelledby=\"elementor-tab-title-1442\"><p>El Equipo de Bolas Criollas femenino del Instituto Nacional de Higiene \u201cRafael Rangel\u201d fue fundado en el a\u00f1o 1974, surge por la inquietud en realizar actividades de esparcimiento, recreaci\u00f3n y propiciar la integraci\u00f3n en los trabajadores.<\/p><p>Entre Guerreras Campeonas fundadoras, las cuales recordamos con mucho cari\u00f1o y admiraci\u00f3n por su sentido de pertenencia, compromiso, identidad, por sus logros y aportes a esta disciplina y a la instituci\u00f3n, que conformaron el equipo:\u00a0<\/p><p>Alejandrina P\u00e9rez, Ana Rosa Blanco (HUC), Ana Teresa Hern\u00e1ndez Alay\u00f3n,\u00a0 Elva Moreno,\u00a0 Flor Aponte, Gladys Feo (\u2020), Julia Rivero (\u2020), Leyda Mendoza, Julieta S\u00e1nchez, Maura D\u00edaz, Maura P\u00e9rez (\u2020), Miriam Romero, Sabina Requena.<\/p><p>Entre los Capitanes fundadores del Equipo podemos destacar a: Francisco Hern\u00e1ndez, Mart\u00edn S\u00e1nchez, Maura P\u00e9rez (\u2020), Atanasio Romero (\u2020)<\/p><p>\u00a0<\/p><p>En la actualidad se encuentran activas las siguientes jugadoras entre personal activo y jubilado:<\/p><p>Wilmary Aponte, Elizabeth Bielostotzky,\u00a0 Enai Rodr\u00edguez, Eva Silva Herma, Iris T, Greimar Ortega, Thaismar Aquino, Norma Ruiz, Milagros Ochoa, Martha Hern\u00e1ndez, Mercedes Vergara, Oneida Rom\u00e1n, Maura Flores, Mar\u00eda Cisneros, Leyda Mendoza, Miriam Gonzales.<\/p><p>\u00a0<\/p><p>Es importante destacar que desde la d\u00e9cada de los 70 hasta los actuales momentos la disciplina de Bolas Criollas Femenino del Instituto Nacional de Higiene \u201cRafael Rangel\u201d se ha mantenido activa en innumerables torneos, en donde ha enaltecido el nombre de la Instituci\u00f3n, adem\u00e1s de estrechar lazos de colaboraci\u00f3n y amistad con otros entes y organizaciones.<\/p><p>Dentro de los torneos en los que ha participado la disciplina podemos mencionar: Torneos Institucionales del INHRR (Aniversarios y Copas Internas), Juegos Interfacultades, UCV, Torneos del Personal de la UCV, Maternidad Concepci\u00f3n Palacios, Colegio de Ingeniero del \u00c1rea Metropolitana de Caracas, Club del Banco Provincial, Colegio de Abogados (\u00c1rea Metropolitana de Caracas, Polic\u00eda Metropolitana, Facultad de Ciencias, UCV, Club de la Guardia Nacional del \u00e1rea Metropolitana, Segundo Torneo Independiente Laboral (INDERE)<\/p><p>El Equipo ha obtenido varias medallas y trofeos entre estos Copa D\u00eda Internacional de la Mujer.<\/p><p><img decoding=\"async\" class=\"alignnone size-medium wp-image-5712 aligncenter\" src=\"http:\/\/172.16.0.115\/vit\/wp-content\/uploads\/2022\/09\/3-300x225.jpg\" alt=\"\" width=\"300\" height=\"225\" srcset=\"https:\/\/inhrr.gob.ve\/wp-content\/uploads\/2022\/09\/3-300x225.jpg 300w, https:\/\/inhrr.gob.ve\/wp-content\/uploads\/2022\/09\/3-768x576.jpg 768w, https:\/\/inhrr.gob.ve\/wp-content\/uploads\/2022\/09\/3.jpg 1080w\" sizes=\"(max-width: 300px) 100vw, 300px\" \/><\/p><\/div>\n\t\t\t\t<\/div>\n\t\t\t\t\t\t\t<div class=\"elementor-toggle-item\">\n\t\t\t\t\t<div id=\"elementor-tab-title-1443\" class=\"elementor-tab-title\" data-tab=\"3\" role=\"button\" aria-controls=\"elementor-tab-content-1443\" aria-expanded=\"false\">\n\t\t\t\t\t\t\t\t\t\t\t\t<span class=\"elementor-toggle-icon elementor-toggle-icon-left\" aria-hidden=\"true\">\n\t\t\t\t\t\t\t\t\t\t\t\t\t\t\t<span class=\"elementor-toggle-icon-closed\"><i class=\"fas fa-caret-right\"><\/i><\/span>\n\t\t\t\t\t\t\t\t<span class=\"elementor-toggle-icon-opened\"><i class=\"elementor-toggle-icon-opened fas fa-caret-up\"><\/i><\/span>\n\t\t\t\t\t\t\t\t\t\t\t\t\t<\/span>\n\t\t\t\t\t\t\t\t\t\t\t\t<a class=\"elementor-toggle-title\" tabindex=\"0\">Equipo de Bowling <\/a>\n\t\t\t\t\t<\/div>\n\n\t\t\t\t\t<div id=\"elementor-tab-content-1443\" class=\"elementor-tab-content elementor-clearfix\" data-tab=\"3\" role=\"region\" aria-labelledby=\"elementor-tab-title-1443\"><p>La pr\u00e1ctica del Bowling y la conformaci\u00f3n del equipo que representa al Instituto Nacional de Higiene \u201cRafael Rangel\u201d (INHRR), surge cuando un peque\u00f1o grupo de compa\u00f1eros, nos reunimos y acordamos realizar una serie de ensayos, con la idea preseleccionar a los participantes que mostraran condiciones y disposici\u00f3n, para luego conformar un equipo competitivo que pudiera representar a la Instituci\u00f3n en futuras competencias. Todo esto es consecuencia o producto de una acertada y concurrida actividad que se realizaba en conmemoraci\u00f3n del Aniversario del Instituto, la cual se efectuaba en las Canchas de Bowling del Centro Comercial La Florida. En los a\u00f1os 2007 y 2008 cada Gerencia de la instituci\u00f3n deb\u00eda conformar un equipo para participar en el Torneo Inter-Gerencial de Bowling. Esta actividad fue un acierto de las autoridades y del Comit\u00e9 Organizador del aniversario del momento, ya que la buena vibra, la camarader\u00eda y la sana competencia, manifestada por los trabajadores, reafirmaban el eslogan de pasillo sobre la presencia de la <em>\u201cGran Familia\u00a0 Rangeliana<\/em>\u201d.<\/p><p>Con esta primicia, organizamos las primeras pr\u00e1cticas en las instalaciones de las canchas de Bowling de La Florida, es all\u00ed donde nace la primera selecci\u00f3n conformada por \u00c1ngela Urbina, Lilibeth Leottau, Leomar Monsalve, Victtorio Vasetti y Hugo Romero, como Capit\u00e1n del Equipo Omar Monsalve y el Coordinador de la disciplina Orlando Le\u00f3n.<\/p><p>Despu\u00e9s de varias sesiones dirigidas por Omar Monsalve, con la colaboraci\u00f3n de Hugo Romero, salimos al ruedo en el Primer Torneo de Bowling Copa Sodexco 2009. En esta primera participaci\u00f3n, nuestro equipo logr\u00f3 el Premio de Mejor L\u00ednea Femenina en manos de \u00c1ngela Urbina, y Mejor L\u00ednea masculina por Leomar Monsalve; como equipo estuvimos en los tres primeros lugares de la clasificaci\u00f3n. Esto hace un merecedor un apoyo de las autoridades de la instituci\u00f3n, quienes dotan al equipo de uniformes y calzados.<\/p><p>En el segundo semestre del a\u00f1o 2009, se decidi\u00f3 participar en la liga de m\u00e1s nivel y reconocida de la ciudad capital, la prestigiosa Liga Empresarial de Ping 5, con una selecci\u00f3n conformada por: \u00c1ngela Urbina, Lilibeth Leottau, Jeimy Da Silva Gonz\u00e1lez, Hugo Romero, Victtorio Vasetti, Omar Monsalve (Capit\u00e1n), Leomar Monsalve y Orlando Le\u00f3n. Se incursion\u00f3 en la categor\u00eda \u201cB\u201d, en las primeras de cambio logramos ubicarnos entre los diez (10) primeros lugares, en una categor\u00eda conformada por 40 equipos. Por tres a\u00f1os consecutivos se estuvo representando al INHRR, en esta ya extinguida liga, que se jugaba trimestralmente. Adicionalmente se particip\u00f3\u00a0 en varios torneos de entes del gubernamentales y de empresas privadas, donde poco a poco mostramos el potencial del equipo, logrando obtener premios como mejor equipo, mejor l\u00ednea por equipo, mejor l\u00ednea masculina y femenina entre otros reconocimientos.<\/p><p>La Coordinaci\u00f3n de Bowling de INHRR, asume la organizaci\u00f3n del Torneo Anual de la Copa Aniversario del Instituto Nacional de Higiene \u201cRafael Rangel\u201d, conjuntamente con la Coordinaci\u00f3n de Deportes de la Unidad de Bienestar Social de la Gerencia de Recursos Humanos, durante los a\u00f1os 2011- 2016; de all\u00ed surgen nuevos integrantes, sobresaliendo entre ellas la siempre recordada compa\u00f1era Marguax E. Arteaga Garc\u00eda, quien se lleva la Medalla de Mejor L\u00ednea Femenina y su Equipo logra alzarse con la Copa\u00a0 Aniversario 2014. Este mismo a\u00f1o, las autoridades del\u00a0 Instituto en representaci\u00f3n de la Coordinaci\u00f3n de Deportes de la Gerencia de Recursos Humanos realiza un Reconocimiento P\u00fablico en las instalaciones de Auditorio del INHRR, a los compa\u00f1eros Victtorio Vasetti y Omar Monsalve, personal jubilado, por su trayectoria ejemplar en la selecci\u00f3n.<\/p><p>Para el a\u00f1o 2015 se particip\u00f3 en el XV Torneo\u00a0 Abierto de Bowling<em> \u201cGIOVANY RIVAS\u201d <\/em>de la liga de Sindicatos, adscritos al Ministerio del Poder Popular para el Ecosocialismo y Agua (ANEJUMINEA-SOUDE), con un equipo integrado por los compa\u00f1eros: Marguax E. Arteaga Garc\u00eda y Felipe D\u00edaz como nuevos integrantes, \u00c1ngela Urbina, Hugo Romero (Capit\u00e1n), Omar Monsalve y Orlando Le\u00f3n (Coordinador). El compa\u00f1ero Hugo Romero logra la Mejor L\u00ednea Masculina en la Categor\u00eda \u201cA\u201d: Esta destacada actuaci\u00f3n lo hace merecedor de un trofeo, nuestra siempre sobresaliente \u00c1ngela Urbina se alza con la revelaci\u00f3n del torneo, con el Premio Mejor L\u00ednea Femenina Categor\u00eda \u201cB\u201d y Orlando Le\u00f3n Mejor L\u00ednea Masculina Categor\u00eda \u201cB\u201d. El Equipo es reconocido como la Revelaci\u00f3n del Torneo, en donde los elogios y felicitaciones fueron para nuestra selecci\u00f3n.<\/p><p>La compa\u00f1era Marguax E. Arteaga Garc\u00eda, asume la coordinaci\u00f3n y el reto de conducir a la selecci\u00f3n. En esta nueva etapa participamos con dos equipos en el Primer Torneo de Bowling 2016, de la Federaci\u00f3n Venezolana de Deporte Laboral, los integrantes del equipo \u201cA\u201d: \u00c1ngela Urbina, Hugo Romero, Omar Monsalve y Orlando Le\u00f3n (Capit\u00e1n), en el equipo \u201cB\u201d: Marguax Arteaga (Capit\u00e1n), Felipe D\u00edaz, Ivan P\u00e9rez y Lourdes De La Mata, suplentes: Anitza Coste y Argelia Moreno, Mercedes Vergara.<\/p><p>En mayo de 2016, participamos en el Torneo Encuentro Amistoso Bowling DC y el XVII Torneo Abierto de Bowling \u201cFREDY HERNANDEZ\u201d realizado en las Canchas de Bowling Cocodrilos, con dos equipos conformados por: Grupo \u201cB\u201d: Rub\u00e9n Montezuma, Iv\u00e1n P\u00e9rez, Lourdes De La Mata, Sandra Hurtado y el Grupo \u201cA\u201d: \u00c1ngela Urbina, Hugo Romero (Capit\u00e1n), Omar Monsalve y Orlando Le\u00f3n, los suplentes Anitza Coste, Mercedes Vergara y Argelia Moreno.<\/p><p>Para mediados del a\u00f1o 2016, nuestra selecci\u00f3n sufre un duro golpe con la partida de nuestra siempre alegre Marguax E. Arteaga Garc\u00eda, quien es sorprendida por una traicionera enfermedad. En homenaje a su memoria se organiz\u00f3 el Torneo Copa \u201cLos Amigos de Marguax\u201d, por una decisi\u00f3n un\u00e1nime de los que todav\u00eda hacemos vida en esta disciplina. El Equipo de Bowling del Instituto Nacional de Higiene \u201cRafael Rangel\u201d, lleva por nombre\u00a0 \u201cLos amigos de Marguax Arteaga\u201d.<\/p><p>Rese\u00f1a de Orlando Le\u00f3n\u00a0<\/p><p style=\"text-align: center;\"><img loading=\"lazy\" decoding=\"async\" class=\"alignnone size-medium wp-image-5713\" src=\"http:\/\/172.16.0.115\/vit\/wp-content\/uploads\/2022\/09\/4-300x222.jpg\" alt=\"\" width=\"300\" height=\"222\" srcset=\"https:\/\/inhrr.gob.ve\/wp-content\/uploads\/2022\/09\/4-300x222.jpg 300w, https:\/\/inhrr.gob.ve\/wp-content\/uploads\/2022\/09\/4.jpg 637w\" sizes=\"(max-width: 300px) 100vw, 300px\" \/> <img loading=\"lazy\" decoding=\"async\" class=\"alignnone size-medium wp-image-5714\" src=\"http:\/\/172.16.0.115\/vit\/wp-content\/uploads\/2022\/09\/5-300x225.jpg\" alt=\"\" width=\"300\" height=\"225\" srcset=\"https:\/\/inhrr.gob.ve\/wp-content\/uploads\/2022\/09\/5-300x225.jpg 300w, https:\/\/inhrr.gob.ve\/wp-content\/uploads\/2022\/09\/5.jpg 640w\" sizes=\"(max-width: 300px) 100vw, 300px\" \/><\/p><\/div>\n\t\t\t\t<\/div>\n\t\t\t\t\t\t\t<div class=\"elementor-toggle-item\">\n\t\t\t\t\t<div id=\"elementor-tab-title-1444\" class=\"elementor-tab-title\" data-tab=\"4\" role=\"button\" aria-controls=\"elementor-tab-content-1444\" aria-expanded=\"false\">\n\t\t\t\t\t\t\t\t\t\t\t\t<span class=\"elementor-toggle-icon elementor-toggle-icon-left\" aria-hidden=\"true\">\n\t\t\t\t\t\t\t\t\t\t\t\t\t\t\t<span class=\"elementor-toggle-icon-closed\"><i class=\"fas fa-caret-right\"><\/i><\/span>\n\t\t\t\t\t\t\t\t<span class=\"elementor-toggle-icon-opened\"><i class=\"elementor-toggle-icon-opened fas fa-caret-up\"><\/i><\/span>\n\t\t\t\t\t\t\t\t\t\t\t\t\t<\/span>\n\t\t\t\t\t\t\t\t\t\t\t\t<a class=\"elementor-toggle-title\" tabindex=\"0\">Equipo de Atletismo y Triatl\u00f3n.<\/a>\n\t\t\t\t\t<\/div>\n\n\t\t\t\t\t<div id=\"elementor-tab-content-1444\" class=\"elementor-tab-content elementor-clearfix\" data-tab=\"4\" role=\"region\" aria-labelledby=\"elementor-tab-title-1444\"><p>El equipo de Atletismo tuvo sus inicios hacia el a\u00f1o 1978, siendo su principal miembro fundador el trabajador Jos\u00e9 F\u00e9lix Aguilar, este personaje trotaba todas las ma\u00f1anas en los alrededores del Instituto y v\u00edas de la UCV, esto antes de iniciar su jornada laboral. Posteriormente se fueron integrando otros compa\u00f1eros de la Instituci\u00f3n, motivados por la disciplina que transmit\u00eda el \u201c Maracucho\u201d como es conocido cari\u00f1osamente, entre ellos: Gonzalo Herrera, Jos\u00e9 Flores, Dora Castillo y Oneida Rom\u00e1n. Como segunda generaci\u00f3n ingresan al equipo nombres como: Otto Baptista, Noel paredes, Glenda Lares, Victor y Richard Alvarado, conocidos en el medio deportivo como los hermanos macana, cabe destacar que estos \u00faltimos fueron en su \u00e9poca, corredores de \u00e9lite, quienes junto al Maracucho y Glenda Lares obtuvieron una significante cantidad de podios en diferentes competencias de 42km, 21km, 10km y 5km.<\/p><p>Para la tercera generaci\u00f3n ingresan: El Dr.\u00a0 Santos Ynojosa, Gerson Mar\u00edn, Manuel Parra, Gregory Caraballo y Adolfo Bastidas.<\/p><p>Es importante mencionar que en el a\u00f1o 2010 el trabajador Adolfo Bastidas incursiona en la disciplina del triatl\u00f3n ( deporte donde se desarrollan la nataci\u00f3n, ciclismo y la\u00a0 carrera).<\/p><p>El buen desempe\u00f1o en este deporte ha permitido obtener primeros lugares en importantes competencias a nivel nacional, dejando muy en alto el nombre del INH\u201dRR\u201d. Entre los logros se destacan:\u00a0<\/p><p>Triatl\u00f3n\u00a0 \u201cTrianz 2014\u201d. Lecher\u00edas,\u00a0 Anzo\u00e1tegui.\u00a0 Posici\u00f3n: 1er lugar<\/p><p>Triatl\u00f3n \u201cMacizo Tri\u201d 2014. Ciudad Bol\u00edvar. Posici\u00f3n: 1er lugar.<\/p><p>Triatl\u00f3n \u201c Trianz\u00a0 2015\u201d. Lecher\u00edas, Anzo\u00e1tegui. Posici\u00f3n: 2do lugar.<\/p><p>Triatl\u00f3n \u201c Trianz\u00a0 2016\u201d. Lecher\u00edas, Anzo\u00e1tegui. Posici\u00f3n: 2do lugar.<\/p><p>Triatl\u00f3n \u201cTrianz 2022\u201d. Lecher\u00edas, Anzo\u00e1tegui. Posici\u00f3n: 2do lugar.<\/p><p><img loading=\"lazy\" decoding=\"async\" class=\"alignnone size-medium wp-image-5715 aligncenter\" src=\"http:\/\/172.16.0.115\/vit\/wp-content\/uploads\/2022\/09\/7-300x225.png\" alt=\"\" width=\"300\" height=\"225\" srcset=\"https:\/\/inhrr.gob.ve\/wp-content\/uploads\/2022\/09\/7-300x225.png 300w, https:\/\/inhrr.gob.ve\/wp-content\/uploads\/2022\/09\/7-768x576.png 768w, https:\/\/inhrr.gob.ve\/wp-content\/uploads\/2022\/09\/7.png 999w\" sizes=\"(max-width: 300px) 100vw, 300px\" \/><\/p><p>Rese\u00f1a de Adolfo Bastidas<\/p><\/div>\n\t\t\t\t<\/div>\n\t\t\t\t\t\t\t\t<\/div>\n\t\t\t\t\t\t<\/div>\n\t\t\t\t<\/div>\n\t\t\t\t\t<\/div>\n\t\t<\/div>\n\t\t\t\t\t<\/div>\n\t\t<\/section>\n\t\t\t\t<\/div>\n\t\t","protected":false},"excerpt":{"rendered":"<p>Equipo de Softbol \u2013 Beisbol. El Equipo de Softbol inicia su actividad deportiva en el a\u00f1o 1960, como equipo de Beisbol, en la gesti\u00f3n del Dr. Antonio\u00a0 Brice\u00f1o Rossi, Director del Instituto y del Lic. Clemente Castillo, Gerente de Recursos Humanos, quienes apoyan la creaci\u00f3n de este equipo, conformado por trabajadores de la instituci\u00f3n para &#8230; <a title=\"Intercambio Deportivo y de Esparcimiento\" class=\"read-more\" href=\"https:\/\/inhrr.gob.ve\/?page_id=4061\" aria-label=\"Leer m\u00e1s sobre Intercambio Deportivo y de Esparcimiento\">Leer m\u00e1s<\/a><\/p>\n","protected":false},"author":1,"featured_media":0,"parent":0,"menu_order":0,"comment_status":"closed","ping_status":"closed","template":"","meta":{"footnotes":""},"class_list":["post-4061","page","type-page","status-publish"],"_links":{"self":[{"href":"https:\/\/inhrr.gob.ve\/index.php?rest_route=\/wp\/v2\/pages\/4061","targetHints":{"allow":["GET"]}}],"collection":[{"href":"https:\/\/inhrr.gob.ve\/index.php?rest_route=\/wp\/v2\/pages"}],"about":[{"href":"https:\/\/inhrr.gob.ve\/index.php?rest_route=\/wp\/v2\/types\/page"}],"author":[{"embeddable":true,"href":"https:\/\/inhrr.gob.ve\/index.php?rest_route=\/wp\/v2\/users\/1"}],"replies":[{"embeddable":true,"href":"https:\/\/inhrr.gob.ve\/index.php?rest_route=%2Fwp%2Fv2%2Fcomments&post=4061"}],"version-history":[{"count":7,"href":"https:\/\/inhrr.gob.ve\/index.php?rest_route=\/wp\/v2\/pages\/4061\/revisions"}],"predecessor-version":[{"id":5718,"href":"https:\/\/inhrr.gob.ve\/index.php?rest_route=\/wp\/v2\/pages\/4061\/revisions\/5718"}],"wp:attachment":[{"href":"https:\/\/inhrr.gob.ve\/index.php?rest_route=%2Fwp%2Fv2%2Fmedia&parent=4061"}],"curies":[{"name":"wp","href":"https:\/\/api.w.org\/{rel}","templated":true}]}}