{"id":4074,"date":"2022-08-16T12:16:54","date_gmt":"2022-08-16T16:16:54","guid":{"rendered":"http:\/\/172.16.0.115\/?page_id=4074"},"modified":"2022-09-21T11:38:59","modified_gmt":"2022-09-21T15:38:59","slug":"preguntas-frecuentes","status":"publish","type":"page","link":"https:\/\/inhrr.gob.ve\/?page_id=4074","title":{"rendered":"Preguntas Frecuentes"},"content":{"rendered":"\t\t<div data-elementor-type=\"wp-page\" data-elementor-id=\"4074\" class=\"elementor elementor-4074\" data-elementor-post-type=\"page\">\n\t\t\t\t\t\t<section class=\"elementor-section elementor-top-section elementor-element elementor-element-33ade33e elementor-section-boxed elementor-section-height-default elementor-section-height-default\" data-id=\"33ade33e\" data-element_type=\"section\">\n\t\t\t\t\t\t<div class=\"elementor-container elementor-column-gap-default\">\n\t\t\t\t\t<div class=\"elementor-column elementor-col-100 elementor-top-column elementor-element elementor-element-62462f99\" data-id=\"62462f99\" data-element_type=\"column\">\n\t\t\t<div class=\"elementor-widget-wrap elementor-element-populated\">\n\t\t\t\t\t\t<div class=\"elementor-element elementor-element-d406f70 elementor-widget elementor-widget-heading\" data-id=\"d406f70\" data-element_type=\"widget\" data-widget_type=\"heading.default\">\n\t\t\t\t<div class=\"elementor-widget-container\">\n\t\t\t\t\t<h2 class=\"elementor-heading-title elementor-size-default\">Preguntas Frecuentes<\/h2>\t\t\t\t<\/div>\n\t\t\t\t<\/div>\n\t\t\t\t<div class=\"elementor-element elementor-element-41a688f elementor-tabs-alignment-center elementor-tabs-view-horizontal elementor-widget elementor-widget-tabs\" data-id=\"41a688f\" data-element_type=\"widget\" data-widget_type=\"tabs.default\">\n\t\t\t\t<div class=\"elementor-widget-container\">\n\t\t\t\t\t\t\t<div class=\"elementor-tabs\">\n\t\t\t<div class=\"elementor-tabs-wrapper\" role=\"tablist\" >\n\t\t\t\t\t\t\t\t\t<div id=\"elementor-tab-title-6881\" class=\"elementor-tab-title elementor-tab-desktop-title\" aria-selected=\"true\" data-tab=\"1\" role=\"tab\" tabindex=\"0\" aria-controls=\"elementor-tab-content-6881\" aria-expanded=\"false\">COMUNIDAD<\/div>\n\t\t\t\t\t\t\t\t\t<div id=\"elementor-tab-title-6882\" class=\"elementor-tab-title elementor-tab-desktop-title\" aria-selected=\"false\" data-tab=\"2\" role=\"tab\" tabindex=\"-1\" aria-controls=\"elementor-tab-content-6882\" aria-expanded=\"false\">PROFESIONALES<\/div>\n\t\t\t\t\t\t\t\t\t<div id=\"elementor-tab-title-6883\" class=\"elementor-tab-title elementor-tab-desktop-title\" aria-selected=\"false\" data-tab=\"3\" role=\"tab\" tabindex=\"-1\" aria-controls=\"elementor-tab-content-6883\" aria-expanded=\"false\">INDUSTRIA<\/div>\n\t\t\t\t\t\t\t<\/div>\n\t\t\t<div class=\"elementor-tabs-content-wrapper\" role=\"tablist\" aria-orientation=\"vertical\">\n\t\t\t\t\t\t\t\t\t<div class=\"elementor-tab-title elementor-tab-mobile-title\" aria-selected=\"true\" data-tab=\"1\" role=\"tab\" tabindex=\"0\" aria-controls=\"elementor-tab-content-6881\" aria-expanded=\"false\">COMUNIDAD<\/div>\n\t\t\t\t\t<div id=\"elementor-tab-content-6881\" class=\"elementor-tab-content elementor-clearfix\" data-tab=\"1\" role=\"tabpanel\" aria-labelledby=\"elementor-tab-title-6881\" tabindex=\"0\" hidden=\"false\"><p><strong>\u00bfSi quiero comprar cepas de hongos, en donde solicito la informaci\u00f3n y requisitos para adquirirla?<\/strong><\/p><p>R: El usuario interesado en adquirir una cepa de hongo de los g\u00e9neros ofertados en la lista, deber\u00e1 comunicarse con el Departamento de Micolog\u00eda al 0212-2191707, para hablar con el profesional encargado de la micoteca qui\u00e9n le suministrar\u00e1 toda la informaci\u00f3n y requisitos requeridos para la compra, adem\u00e1s de confirmarle si est\u00e1 disponible espec\u00edficamente la especie del g\u00e9nero que usted solicita.<\/p><p><strong>\u00bfSi tengo una lesi\u00f3n en la u\u00f1a, piel o cabeza, puede ser una micosis?<\/strong><\/p><p>R: Si puede tratarse de una micosis, que son afecciones producidas por hongos especialmente del grupo dermatofitos, por lo que deber\u00e1 acudir a un dermat\u00f3logo preferiblemente para que le indique un cultivo de hongos\u00a0 y usted se dirija al Departamento de Micolog\u00eda de lunes a viernes para solicitar una cita, la cual es asignada los d\u00edas martes de 8 am a 12m, en donde se le indicar\u00e1 los requisitos para la toma de la muestra correcta.<\/p><p><strong>\u00bfQu\u00e9 micosis afectan con frecuencia a pacientes con un sistema inmune debilitado?<\/strong><\/p><p>R: Las micosis m\u00e1s frecuentes que pueden afectar a\u00a0 \u00e9ste grupo de pacientes son candidiasis, pneumocistosis, criptococosis, aspergilosis, histoplasmosis, paracoccidioidomicosis, coccidioidomicosis, zigomicosis, hialohifomicosis y feohifomicosis, todas ellas se pueden diagnosticar por cultivo de hongos a partir de una muestra cl\u00ednica adecuada principalmente de un sitio anat\u00f3mico normalmente est\u00e9ril como la sangre, tejido, l\u00edquido cefalorraqu\u00eddeo, pleural, entre otros, la excepci\u00f3n es Pneumocystis jirovecii, porque \u00e9ste hongo no se cultiva, el diagn\u00f3stico se hace por t\u00e9cnica de inmunofluorescencia o PCR (reacci\u00f3n en cadena de la polimerasa). En el caso de aspergilosis adem\u00e1s del cultivo, se dispone de otra prueba diagn\u00f3stica como la detecci\u00f3n del ant\u00edgeno de Galactomanano para Aspergillus, a trav\u00e9s de la t\u00e9cnica de ELISA.<\/p><p>Para mayor informaci\u00f3n dirigirse al Departamento de Micolog\u00eda del Instituto Nacional de Higiene \u201cRafael Rangel\u201d de lunes a viernes a partir de las 7:30 am hasta las 12:30 pm o llamar al tel\u00e9fono 0212-2191707, con gusto ser\u00e1 atendido.<\/p><p><strong>\u00bfQu\u00e9 hacer con los cosm\u00e9ticos vencidos?<\/strong><\/p><p>Aunque muchos no prestan atenci\u00f3n, los cosm\u00e9ticos y productos de maquillaje tienen fecha de vencimiento. Usarlos m\u00e1s all\u00e1 de su expiraci\u00f3n puede traer reacciones adversas, por lo que es necesario renovarlos peri\u00f3dicamente.<\/p><p>El vencimiento de los productos de belleza muchas veces pasa desapercibido por las personas, pese a que pueden causar da\u00f1o a la salud.<\/p><p>Problemas de infecciones a los ojos, irritaci\u00f3n o alergias, son algunas de los riesgos que conlleva usar cosm\u00e9ticos vencidos.<\/p><p>Estos productos, que no han sido almacenados apropiadamente y que por ejemplo han estado expuestos a la luz solar, o abiertos y examinados por los consumidores antes de su venta, podr\u00edan deteriorarse sustancialmente antes de su fecha de expiraci\u00f3n impresa.<\/p><p>Si bien todos los cosm\u00e9ticos, sin excepci\u00f3n, tienen fecha de vencimiento, una persona debe comprobar que el producto est\u00e1 vigente. Si los cosm\u00e9ticos cambian su color, olor o consistencia es porque est\u00e1n da\u00f1ados, a pesar de que la fecha de vencimiento indique que a\u00fan tienen vigencia.<\/p><p>La vida \u00fatil de los productos cosm\u00e9ticos para ser aplicados en el \u00e1rea ocular, es m\u00e1s limitada que para los dem\u00e1s productos, por el mayor riesgo de contaminaci\u00f3n microbiana y las repetidas posibilidades de contaminaci\u00f3n con cada aplicaci\u00f3n o apertura del envase.<br \/><br \/>Algunos expertos de la industria recomiendan reemplazar el producto despu\u00e9s de tres meses de la primera aplicaci\u00f3n o apertura del envase. Si el cosm\u00e9tico o la m\u00e1scara ya est\u00e1n secos, se aconseja tirarlo a la basura, no agregar agua, ni mucho menos saliva, ya que esto puede introducir bacterias en el producto.<\/p><p>Se debe seguir las indicaciones se\u00f1aladas en los r\u00f3tulos y, si \u00e9stas no est\u00e1n, es mejor mantener los productos en condiciones ambientales normales de temperatura, humedad y luz, bien tapados, no contactar el producto dentro del envase con alguna parte del cuerpo ni con utensilios que no est\u00e9n limpios y nunca volver al envase excesos ya extra\u00eddos.<\/p><p>Se recomienda que \u201clos productos cosm\u00e9ticos deben s\u00f3lo adquirirse en establecimientos comerciales establecidos y debidamente autorizados, para que as\u00ed sean confiables. Asimismo, es importante revisar la fecha de vencimiento y sus componentes\u201d.<\/p><p>Los cosm\u00e9ticos est\u00e1n protegidos de la contaminaci\u00f3n por 36 meses, aproximadamente, desde su fabricaci\u00f3n y cuando no se han abierto. Al abrir el producto, el contacto con el aire acelera la oxidaci\u00f3n de sus componentes y la contaminaci\u00f3n bacteriana.<\/p><\/div>\n\t\t\t\t\t\t\t\t\t<div class=\"elementor-tab-title elementor-tab-mobile-title\" aria-selected=\"false\" data-tab=\"2\" role=\"tab\" tabindex=\"-1\" aria-controls=\"elementor-tab-content-6882\" aria-expanded=\"false\">PROFESIONALES<\/div>\n\t\t\t\t\t<div id=\"elementor-tab-content-6882\" class=\"elementor-tab-content elementor-clearfix\" data-tab=\"2\" role=\"tabpanel\" aria-labelledby=\"elementor-tab-title-6882\" tabindex=\"0\" hidden=\"hidden\"><p>\t\t<div data-elementor-type=\"section\" data-elementor-id=\"3611\" class=\"elementor elementor-3611\" data-elementor-post-type=\"elementor_library\">\n\t\t\t\t\t<section class=\"elementor-section elementor-top-section elementor-element elementor-element-194f63c elementor-section-boxed elementor-section-height-default elementor-section-height-default\" data-id=\"194f63c\" data-element_type=\"section\">\n\t\t\t\t\t\t<div class=\"elementor-container elementor-column-gap-default\">\n\t\t\t\t\t<div class=\"elementor-column elementor-col-100 elementor-top-column elementor-element elementor-element-5cbc4a9\" data-id=\"5cbc4a9\" data-element_type=\"column\">\n\t\t\t<div class=\"elementor-widget-wrap elementor-element-populated\">\n\t\t\t\t\t\t<div class=\"elementor-element elementor-element-08b8b22 elementor-widget elementor-widget-heading\" data-id=\"08b8b22\" data-element_type=\"widget\" data-widget_type=\"heading.default\">\n\t\t\t\t<div class=\"elementor-widget-container\">\n\t\t\t\t\t<h2 class=\"elementor-heading-title elementor-size-default\">En construcci\u00f3n  <\/h2>\t\t\t\t<\/div>\n\t\t\t\t<\/div>\n\t\t\t\t<div class=\"elementor-element elementor-element-61240fa elementor-widget elementor-widget-image\" data-id=\"61240fa\" data-element_type=\"widget\" data-widget_type=\"image.default\">\n\t\t\t\t<div class=\"elementor-widget-container\">\n\t\t\t\t\t\t\t\t\t\t\t\t\t\t\t<img decoding=\"async\" width=\"154\" height=\"101\" src=\"https:\/\/inhrr.gob.ve\/wp-content\/uploads\/2022\/08\/construcion.png\" class=\"attachment-2048x2048 size-2048x2048 wp-image-3622\" alt=\"\" \/>\t\t\t\t\t\t\t\t\t\t\t\t\t\t\t<\/div>\n\t\t\t\t<\/div>\n\t\t\t\t\t<\/div>\n\t\t<\/div>\n\t\t\t\t\t<\/div>\n\t\t<\/section>\n\t\t\t\t<section class=\"elementor-section elementor-top-section elementor-element elementor-element-33b09c8 elementor-section-boxed elementor-section-height-default elementor-section-height-default\" data-id=\"33b09c8\" data-element_type=\"section\">\n\t\t\t\t\t\t<div class=\"elementor-container elementor-column-gap-default\">\n\t\t\t\t\t<div class=\"elementor-column elementor-col-100 elementor-top-column elementor-element elementor-element-448f258\" data-id=\"448f258\" data-element_type=\"column\">\n\t\t\t<div class=\"elementor-widget-wrap elementor-element-populated\">\n\t\t\t\t\t\t<div class=\"elementor-element elementor-element-77dbbd1 elementor-widget elementor-widget-spacer\" data-id=\"77dbbd1\" data-element_type=\"widget\" data-widget_type=\"spacer.default\">\n\t\t\t\t<div class=\"elementor-widget-container\">\n\t\t\t\t\t\t\t<div class=\"elementor-spacer\">\n\t\t\t<div class=\"elementor-spacer-inner\"><\/div>\n\t\t<\/div>\n\t\t\t\t\t\t<\/div>\n\t\t\t\t<\/div>\n\t\t\t\t\t<\/div>\n\t\t<\/div>\n\t\t\t\t\t<\/div>\n\t\t<\/section>\n\t\t\t\t<\/div>\n\t\t<\/p><\/div>\n\t\t\t\t\t\t\t\t\t<div class=\"elementor-tab-title elementor-tab-mobile-title\" aria-selected=\"false\" data-tab=\"3\" role=\"tab\" tabindex=\"-1\" aria-controls=\"elementor-tab-content-6883\" aria-expanded=\"false\">INDUSTRIA<\/div>\n\t\t\t\t\t<div id=\"elementor-tab-content-6883\" class=\"elementor-tab-content elementor-clearfix\" data-tab=\"3\" role=\"tabpanel\" aria-labelledby=\"elementor-tab-title-6883\" tabindex=\"0\" hidden=\"hidden\"><p>\t\t<div data-elementor-type=\"section\" data-elementor-id=\"3611\" class=\"elementor elementor-3611\" data-elementor-post-type=\"elementor_library\">\n\t\t\t\t\t<section class=\"elementor-section elementor-top-section elementor-element elementor-element-194f63c elementor-section-boxed elementor-section-height-default elementor-section-height-default\" data-id=\"194f63c\" data-element_type=\"section\">\n\t\t\t\t\t\t<div class=\"elementor-container elementor-column-gap-default\">\n\t\t\t\t\t<div class=\"elementor-column elementor-col-100 elementor-top-column elementor-element elementor-element-5cbc4a9\" data-id=\"5cbc4a9\" data-element_type=\"column\">\n\t\t\t<div class=\"elementor-widget-wrap elementor-element-populated\">\n\t\t\t\t\t\t<div class=\"elementor-element elementor-element-08b8b22 elementor-widget elementor-widget-heading\" data-id=\"08b8b22\" data-element_type=\"widget\" data-widget_type=\"heading.default\">\n\t\t\t\t<div class=\"elementor-widget-container\">\n\t\t\t\t\t<h2 class=\"elementor-heading-title elementor-size-default\">En construcci\u00f3n  <\/h2>\t\t\t\t<\/div>\n\t\t\t\t<\/div>\n\t\t\t\t<div class=\"elementor-element elementor-element-61240fa elementor-widget elementor-widget-image\" data-id=\"61240fa\" data-element_type=\"widget\" data-widget_type=\"image.default\">\n\t\t\t\t<div class=\"elementor-widget-container\">\n\t\t\t\t\t\t\t\t\t\t\t\t\t\t\t<img decoding=\"async\" width=\"154\" height=\"101\" src=\"https:\/\/inhrr.gob.ve\/wp-content\/uploads\/2022\/08\/construcion.png\" class=\"attachment-2048x2048 size-2048x2048 wp-image-3622\" alt=\"\" \/>\t\t\t\t\t\t\t\t\t\t\t\t\t\t\t<\/div>\n\t\t\t\t<\/div>\n\t\t\t\t\t<\/div>\n\t\t<\/div>\n\t\t\t\t\t<\/div>\n\t\t<\/section>\n\t\t\t\t<section class=\"elementor-section elementor-top-section elementor-element elementor-element-33b09c8 elementor-section-boxed elementor-section-height-default elementor-section-height-default\" data-id=\"33b09c8\" data-element_type=\"section\">\n\t\t\t\t\t\t<div class=\"elementor-container elementor-column-gap-default\">\n\t\t\t\t\t<div class=\"elementor-column elementor-col-100 elementor-top-column elementor-element elementor-element-448f258\" data-id=\"448f258\" data-element_type=\"column\">\n\t\t\t<div class=\"elementor-widget-wrap elementor-element-populated\">\n\t\t\t\t\t\t<div class=\"elementor-element elementor-element-77dbbd1 elementor-widget elementor-widget-spacer\" data-id=\"77dbbd1\" data-element_type=\"widget\" data-widget_type=\"spacer.default\">\n\t\t\t\t<div class=\"elementor-widget-container\">\n\t\t\t\t\t\t\t<div class=\"elementor-spacer\">\n\t\t\t<div class=\"elementor-spacer-inner\"><\/div>\n\t\t<\/div>\n\t\t\t\t\t\t<\/div>\n\t\t\t\t<\/div>\n\t\t\t\t\t<\/div>\n\t\t<\/div>\n\t\t\t\t\t<\/div>\n\t\t<\/section>\n\t\t\t\t<\/div>\n\t\t<\/p><\/div>\n\t\t\t\t\t\t\t<\/div>\n\t\t<\/div>\n\t\t\t\t\t\t<\/div>\n\t\t\t\t<\/div>\n\t\t\t\t\t<\/div>\n\t\t<\/div>\n\t\t\t\t\t<\/div>\n\t\t<\/section>\n\t\t\t\t<\/div>\n\t\t","protected":false},"excerpt":{"rendered":"<p>COMUNIDAD PROFESIONALES INDUSTRIA COMUNIDAD \u00bfSi quiero comprar cepas de hongos, en donde solicito la informaci\u00f3n y requisitos para adquirirla? R: El usuario interesado en adquirir una cepa de hongo de los g\u00e9neros ofertados en la lista, deber\u00e1 comunicarse con el Departamento de Micolog\u00eda al 0212-2191707, para hablar con el profesional encargado de la micoteca qui\u00e9n &#8230; <a title=\"Preguntas Frecuentes\" class=\"read-more\" href=\"https:\/\/inhrr.gob.ve\/?page_id=4074\" aria-label=\"Leer m\u00e1s sobre Preguntas Frecuentes\">Leer m\u00e1s<\/a><\/p>\n","protected":false},"author":1,"featured_media":0,"parent":0,"menu_order":0,"comment_status":"closed","ping_status":"closed","template":"","meta":{"footnotes":""},"class_list":["post-4074","page","type-page","status-publish"],"_links":{"self":[{"href":"https:\/\/inhrr.gob.ve\/index.php?rest_route=\/wp\/v2\/pages\/4074","targetHints":{"allow":["GET"]}}],"collection":[{"href":"https:\/\/inhrr.gob.ve\/index.php?rest_route=\/wp\/v2\/pages"}],"about":[{"href":"https:\/\/inhrr.gob.ve\/index.php?rest_route=\/wp\/v2\/types\/page"}],"author":[{"embeddable":true,"href":"https:\/\/inhrr.gob.ve\/index.php?rest_route=\/wp\/v2\/users\/1"}],"replies":[{"embeddable":true,"href":"https:\/\/inhrr.gob.ve\/index.php?rest_route=%2Fwp%2Fv2%2Fcomments&post=4074"}],"version-history":[{"count":23,"href":"https:\/\/inhrr.gob.ve\/index.php?rest_route=\/wp\/v2\/pages\/4074\/revisions"}],"predecessor-version":[{"id":5666,"href":"https:\/\/inhrr.gob.ve\/index.php?rest_route=\/wp\/v2\/pages\/4074\/revisions\/5666"}],"wp:attachment":[{"href":"https:\/\/inhrr.gob.ve\/index.php?rest_route=%2Fwp%2Fv2%2Fmedia&parent=4074"}],"curies":[{"name":"wp","href":"https:\/\/api.w.org\/{rel}","templated":true}]}}