{"id":4390,"date":"2022-08-19T21:01:03","date_gmt":"2022-08-20T01:01:03","guid":{"rendered":"http:\/\/172.16.0.115\/?page_id=4390"},"modified":"2025-11-05T10:45:30","modified_gmt":"2025-11-05T14:45:30","slug":"consulta-publica","status":"publish","type":"page","link":"https:\/\/inhrr.gob.ve\/?page_id=4390","title":{"rendered":"CONSULTA PUBLICA"},"content":{"rendered":"\t\t<div data-elementor-type=\"wp-page\" data-elementor-id=\"4390\" class=\"elementor elementor-4390\" data-elementor-post-type=\"page\">\n\t\t\t\t\t\t<section class=\"elementor-section elementor-top-section elementor-element elementor-element-baf2457 elementor-section-boxed elementor-section-height-default elementor-section-height-default\" data-id=\"baf2457\" data-element_type=\"section\">\n\t\t\t\t\t\t<div class=\"elementor-container elementor-column-gap-default\">\n\t\t\t\t\t<div class=\"elementor-column elementor-col-100 elementor-top-column elementor-element elementor-element-0ccc52f\" data-id=\"0ccc52f\" data-element_type=\"column\">\n\t\t\t<div class=\"elementor-widget-wrap elementor-element-populated\">\n\t\t\t\t\t\t<div class=\"elementor-element elementor-element-0f4b876 elementor-widget elementor-widget-heading\" data-id=\"0f4b876\" data-element_type=\"widget\" data-widget_type=\"heading.default\">\n\t\t\t\t<div class=\"elementor-widget-container\">\n\t\t\t\t\t<h2 class=\"elementor-heading-title elementor-size-default\">Consulta P&uacute;blica<\/h2>\t\t\t\t<\/div>\n\t\t\t\t<\/div>\n\t\t\t\t\t<\/div>\n\t\t<\/div>\n\t\t\t\t\t<\/div>\n\t\t<\/section>\n\t\t\t\t<section class=\"elementor-section elementor-top-section elementor-element elementor-element-12f1598 elementor-section-boxed elementor-section-height-default elementor-section-height-default\" data-id=\"12f1598\" data-element_type=\"section\">\n\t\t\t\t\t\t<div class=\"elementor-container elementor-column-gap-default\">\n\t\t\t\t\t<div class=\"elementor-column elementor-col-100 elementor-top-column elementor-element elementor-element-31c4bce\" data-id=\"31c4bce\" data-element_type=\"column\">\n\t\t\t<div class=\"elementor-widget-wrap elementor-element-populated\">\n\t\t\t\t\t\t<div class=\"elementor-element elementor-element-a3b09c1 elementor-widget-divider--view-line elementor-widget elementor-widget-divider\" data-id=\"a3b09c1\" data-element_type=\"widget\" data-widget_type=\"divider.default\">\n\t\t\t\t<div class=\"elementor-widget-container\">\n\t\t\t\t\t\t\t<div class=\"elementor-divider\">\n\t\t\t<span class=\"elementor-divider-separator\">\n\t\t\t\t\t\t<\/span>\n\t\t<\/div>\n\t\t\t\t\t\t<\/div>\n\t\t\t\t<\/div>\n\t\t\t\t\t<\/div>\n\t\t<\/div>\n\t\t\t\t\t<\/div>\n\t\t<\/section>\n\t\t\t\t<section class=\"elementor-section elementor-top-section elementor-element elementor-element-8975320 elementor-section-boxed elementor-section-height-default elementor-section-height-default\" data-id=\"8975320\" data-element_type=\"section\">\n\t\t\t\t\t\t<div class=\"elementor-container elementor-column-gap-default\">\n\t\t\t\t\t<div class=\"elementor-column elementor-col-100 elementor-top-column elementor-element elementor-element-e3d4774\" data-id=\"e3d4774\" data-element_type=\"column\">\n\t\t\t<div class=\"elementor-widget-wrap elementor-element-populated\">\n\t\t\t\t\t\t<div class=\"elementor-element elementor-element-8ea3836 elementor-widget elementor-widget-heading\" data-id=\"8ea3836\" data-element_type=\"widget\" data-widget_type=\"heading.default\">\n\t\t\t\t<div class=\"elementor-widget-container\">\n\t\t\t\t\t<p class=\"elementor-heading-title elementor-size-default\">Norma de Estabilidad de Especialidades Farmac\u00e9uticas<\/p>\t\t\t\t<\/div>\n\t\t\t\t<\/div>\n\t\t\t\t\t<\/div>\n\t\t<\/div>\n\t\t\t\t\t<\/div>\n\t\t<\/section>\n\t\t\t\t<section class=\"elementor-section elementor-top-section elementor-element elementor-element-6beb364 elementor-section-boxed elementor-section-height-default elementor-section-height-default\" data-id=\"6beb364\" data-element_type=\"section\">\n\t\t\t\t\t\t<div class=\"elementor-container elementor-column-gap-default\">\n\t\t\t\t\t<div class=\"elementor-column elementor-col-100 elementor-top-column elementor-element elementor-element-3278887\" data-id=\"3278887\" data-element_type=\"column\">\n\t\t\t<div class=\"elementor-widget-wrap elementor-element-populated\">\n\t\t\t\t\t\t<div class=\"elementor-element elementor-element-b065718 elementor-widget elementor-widget-text-editor\" data-id=\"b065718\" data-element_type=\"widget\" data-widget_type=\"text-editor.default\">\n\t\t\t\t<div class=\"elementor-widget-container\">\n\t\t\t\t\t\t\t\t\t<p>Le invitamos a enviar sus observaciones mediante el siguiente enlace:\u00a0<a href=\"https:\/\/forms.gle\/dnW4jptH7N2uwfS27\">https:\/\/forms.gle\/dnW4jptH7N2uwfS27<\/a><\/p>\t\t\t\t\t\t\t\t<\/div>\n\t\t\t\t<\/div>\n\t\t\t\t\t<\/div>\n\t\t<\/div>\n\t\t\t\t\t<\/div>\n\t\t<\/section>\n\t\t\t\t<section class=\"elementor-section elementor-top-section elementor-element elementor-element-78d8803 elementor-section-boxed elementor-section-height-default elementor-section-height-default\" data-id=\"78d8803\" data-element_type=\"section\">\n\t\t\t\t\t\t<div class=\"elementor-container elementor-column-gap-default\">\n\t\t\t\t\t<div class=\"elementor-column elementor-col-100 elementor-top-column elementor-element elementor-element-f2dc2ae\" data-id=\"f2dc2ae\" data-element_type=\"column\">\n\t\t\t<div class=\"elementor-widget-wrap elementor-element-populated\">\n\t\t\t\t\t\t<div class=\"elementor-element elementor-element-1becba3 elementor-widget elementor-widget-shortcode\" data-id=\"1becba3\" data-element_type=\"widget\" data-widget_type=\"shortcode.default\">\n\t\t\t\t<div class=\"elementor-widget-container\">\n\t\t\t\t\t\t\t<div class=\"elementor-shortcode\"><iframe class=\"pdfjs-viewer\" width=\"100%\" height=\"800px\" src=\"https:\/\/inhrr.gob.ve\/wp-content\/plugins\/pdf-viewer\/stable\/web\/viewer.html?file=https:\/\/inhrr.gob.ve\/wp-content\/uploads\/2025\/11\/Propuesta%20de%20Norma%20de%20estabilidad%20CP.pdf\"><\/iframe> <\/div>\n\t\t\t\t\t\t<\/div>\n\t\t\t\t<\/div>\n\t\t\t\t\t<\/div>\n\t\t<\/div>\n\t\t\t\t\t<\/div>\n\t\t<\/section>\n\t\t\t\t<section class=\"elementor-section elementor-top-section elementor-element elementor-element-d3d2fd2 elementor-section-boxed elementor-section-height-default elementor-section-height-default\" data-id=\"d3d2fd2\" data-element_type=\"section\">\n\t\t\t\t\t\t<div class=\"elementor-container elementor-column-gap-default\">\n\t\t\t\t\t<div class=\"elementor-column elementor-col-100 elementor-top-column elementor-element elementor-element-7c67dd9\" data-id=\"7c67dd9\" data-element_type=\"column\">\n\t\t\t<div class=\"elementor-widget-wrap elementor-element-populated\">\n\t\t\t\t\t\t<div class=\"elementor-element elementor-element-60151b0 elementor-widget-divider--view-line elementor-widget elementor-widget-divider\" data-id=\"60151b0\" data-element_type=\"widget\" data-widget_type=\"divider.default\">\n\t\t\t\t<div class=\"elementor-widget-container\">\n\t\t\t\t\t\t\t<div class=\"elementor-divider\">\n\t\t\t<span class=\"elementor-divider-separator\">\n\t\t\t\t\t\t<\/span>\n\t\t<\/div>\n\t\t\t\t\t\t<\/div>\n\t\t\t\t<\/div>\n\t\t\t\t\t<\/div>\n\t\t<\/div>\n\t\t\t\t\t<\/div>\n\t\t<\/section>\n\t\t\t\t<section class=\"elementor-section elementor-top-section elementor-element elementor-element-fbb007f elementor-section-boxed elementor-section-height-default elementor-section-height-default\" data-id=\"fbb007f\" data-element_type=\"section\">\n\t\t\t\t\t\t<div class=\"elementor-container elementor-column-gap-default\">\n\t\t\t\t\t<div class=\"elementor-column elementor-col-100 elementor-top-column elementor-element elementor-element-6552f56\" data-id=\"6552f56\" data-element_type=\"column\">\n\t\t\t<div class=\"elementor-widget-wrap elementor-element-populated\">\n\t\t\t\t\t\t<div class=\"elementor-element elementor-element-d11be03 elementor-widget elementor-widget-heading\" data-id=\"d11be03\" data-element_type=\"widget\" data-widget_type=\"heading.default\">\n\t\t\t\t<div class=\"elementor-widget-container\">\n\t\t\t\t\t<p class=\"elementor-heading-title elementor-size-default\">Gu\u00eda para la elaboraci\u00f3n y presentaci\u00f3n de Estudios de Estabilidad de Especialidades Farmac\u00e9uticas<\/p>\t\t\t\t<\/div>\n\t\t\t\t<\/div>\n\t\t\t\t\t<\/div>\n\t\t<\/div>\n\t\t\t\t\t<\/div>\n\t\t<\/section>\n\t\t\t\t<section class=\"elementor-section elementor-top-section elementor-element elementor-element-e9757d4 elementor-section-boxed elementor-section-height-default elementor-section-height-default\" data-id=\"e9757d4\" data-element_type=\"section\">\n\t\t\t\t\t\t<div class=\"elementor-container elementor-column-gap-default\">\n\t\t\t\t\t<div class=\"elementor-column elementor-col-100 elementor-top-column elementor-element elementor-element-7fbfc82\" data-id=\"7fbfc82\" data-element_type=\"column\">\n\t\t\t<div class=\"elementor-widget-wrap elementor-element-populated\">\n\t\t\t\t\t\t<div class=\"elementor-element elementor-element-79a5927 elementor-widget elementor-widget-text-editor\" data-id=\"79a5927\" data-element_type=\"widget\" data-widget_type=\"text-editor.default\">\n\t\t\t\t<div class=\"elementor-widget-container\">\n\t\t\t\t\t\t\t\t\t<p>Le invitamos a enviar sus observaciones mediante el siguiente enlace:\u00a0<a href=\"https:\/\/forms.gle\/wbFKSZe7pggj6Gfb7\">https:\/\/forms.gle\/wbFKSZe7pggj6Gfb7<\/a><\/p>\t\t\t\t\t\t\t\t<\/div>\n\t\t\t\t<\/div>\n\t\t\t\t\t<\/div>\n\t\t<\/div>\n\t\t\t\t\t<\/div>\n\t\t<\/section>\n\t\t\t\t<section class=\"elementor-section elementor-top-section elementor-element elementor-element-6a589eb elementor-section-boxed elementor-section-height-default elementor-section-height-default\" data-id=\"6a589eb\" data-element_type=\"section\">\n\t\t\t\t\t\t<div class=\"elementor-container elementor-column-gap-default\">\n\t\t\t\t\t<div class=\"elementor-column elementor-col-100 elementor-top-column elementor-element elementor-element-abfb8c0\" data-id=\"abfb8c0\" data-element_type=\"column\">\n\t\t\t<div class=\"elementor-widget-wrap elementor-element-populated\">\n\t\t\t\t\t\t<div class=\"elementor-element elementor-element-ce6e80a elementor-widget elementor-widget-shortcode\" data-id=\"ce6e80a\" data-element_type=\"widget\" data-widget_type=\"shortcode.default\">\n\t\t\t\t<div class=\"elementor-widget-container\">\n\t\t\t\t\t\t\t<div class=\"elementor-shortcode\"><iframe class=\"pdfjs-viewer\" width=\"100%\" height=\"800px\" src=\"https:\/\/inhrr.gob.ve\/wp-content\/plugins\/pdf-viewer\/stable\/web\/viewer.html?file=https:\/\/inhrr.gob.ve\/wp-content\/uploads\/2025\/11\/Gu%C3%ADa_para_la_Elaboraci%C3%B3n_y_Presentaci%C3%B3n_de_los_Estudios_de_Estabilidad_de_Especialidades_CP.pdf\"><\/iframe> <\/div>\n\t\t\t\t\t\t<\/div>\n\t\t\t\t<\/div>\n\t\t\t\t\t<\/div>\n\t\t<\/div>\n\t\t\t\t\t<\/div>\n\t\t<\/section>\n\t\t\t\t<\/div>\n\t\t","protected":false},"excerpt":{"rendered":"<p>Consulta P&uacute;blica Norma de Estabilidad de Especialidades Farmac\u00e9uticas Le invitamos a enviar sus observaciones mediante el siguiente enlace:\u00a0https:\/\/forms.gle\/dnW4jptH7N2uwfS27 Gu\u00eda para la elaboraci\u00f3n y presentaci\u00f3n de Estudios de Estabilidad de Especialidades Farmac\u00e9uticas Le invitamos a enviar sus observaciones mediante el siguiente enlace:\u00a0https:\/\/forms.gle\/wbFKSZe7pggj6Gfb7<\/p>\n","protected":false},"author":1,"featured_media":0,"parent":0,"menu_order":0,"comment_status":"closed","ping_status":"closed","template":"","meta":{"footnotes":""},"class_list":["post-4390","page","type-page","status-publish"],"_links":{"self":[{"href":"https:\/\/inhrr.gob.ve\/index.php?rest_route=\/wp\/v2\/pages\/4390","targetHints":{"allow":["GET"]}}],"collection":[{"href":"https:\/\/inhrr.gob.ve\/index.php?rest_route=\/wp\/v2\/pages"}],"about":[{"href":"https:\/\/inhrr.gob.ve\/index.php?rest_route=\/wp\/v2\/types\/page"}],"author":[{"embeddable":true,"href":"https:\/\/inhrr.gob.ve\/index.php?rest_route=\/wp\/v2\/users\/1"}],"replies":[{"embeddable":true,"href":"https:\/\/inhrr.gob.ve\/index.php?rest_route=%2Fwp%2Fv2%2Fcomments&post=4390"}],"version-history":[{"count":37,"href":"https:\/\/inhrr.gob.ve\/index.php?rest_route=\/wp\/v2\/pages\/4390\/revisions"}],"predecessor-version":[{"id":9977,"href":"https:\/\/inhrr.gob.ve\/index.php?rest_route=\/wp\/v2\/pages\/4390\/revisions\/9977"}],"wp:attachment":[{"href":"https:\/\/inhrr.gob.ve\/index.php?rest_route=%2Fwp%2Fv2%2Fmedia&parent=4390"}],"curies":[{"name":"wp","href":"https:\/\/api.w.org\/{rel}","templated":true}]}}