{"id":4493,"date":"2022-08-22T22:06:23","date_gmt":"2022-08-23T02:06:23","guid":{"rendered":"http:\/\/172.16.0.115\/?page_id=4493"},"modified":"2023-10-05T15:39:10","modified_gmt":"2023-10-05T19:39:10","slug":"reportes-de-reacciones-adversas-a-los-productos-de-uso-y-consumo-humano","status":"publish","type":"page","link":"https:\/\/inhrr.gob.ve\/?page_id=4493","title":{"rendered":"Reportes de Reacciones Adversas a los Productos de Uso y Consumo Humano"},"content":{"rendered":"\t\t<div data-elementor-type=\"wp-page\" data-elementor-id=\"4493\" class=\"elementor elementor-4493\" data-elementor-post-type=\"page\">\n\t\t\t\t\t\t<section class=\"elementor-section elementor-top-section elementor-element elementor-element-e55b48d elementor-section-boxed elementor-section-height-default elementor-section-height-default\" data-id=\"e55b48d\" data-element_type=\"section\">\n\t\t\t\t\t\t<div class=\"elementor-container elementor-column-gap-default\">\n\t\t\t\t\t<div class=\"elementor-column elementor-col-100 elementor-top-column elementor-element elementor-element-5a61d8d\" data-id=\"5a61d8d\" data-element_type=\"column\">\n\t\t\t<div class=\"elementor-widget-wrap elementor-element-populated\">\n\t\t\t\t\t\t<div class=\"elementor-element elementor-element-da93d47 elementor-widget elementor-widget-heading\" data-id=\"da93d47\" data-element_type=\"widget\" data-widget_type=\"heading.default\">\n\t\t\t\t<div class=\"elementor-widget-container\">\n\t\t\t\t\t<h2 class=\"elementor-heading-title elementor-size-default\">Notificaci&oacute;n de Reacciones Adversas a Medicamentos<\/h2>\t\t\t\t<\/div>\n\t\t\t\t<\/div>\n\t\t\t\t\t<\/div>\n\t\t<\/div>\n\t\t\t\t\t<\/div>\n\t\t<\/section>\n\t\t\t\t<section class=\"elementor-section elementor-top-section elementor-element elementor-element-b6e24bc elementor-section-boxed elementor-section-height-default elementor-section-height-default\" data-id=\"b6e24bc\" data-element_type=\"section\">\n\t\t\t\t\t\t<div class=\"elementor-container elementor-column-gap-default\">\n\t\t\t\t\t<div class=\"elementor-column elementor-col-50 elementor-top-column elementor-element elementor-element-589269f botonR\" data-id=\"589269f\" data-element_type=\"column\">\n\t\t\t<div class=\"elementor-widget-wrap elementor-element-populated\">\n\t\t\t\t\t\t<div class=\"elementor-element elementor-element-6119871 elementor-view-default elementor-position-block-start elementor-mobile-position-block-start elementor-widget elementor-widget-icon-box\" data-id=\"6119871\" data-element_type=\"widget\" data-widget_type=\"icon-box.default\">\n\t\t\t\t<div class=\"elementor-widget-container\">\n\t\t\t\t\t\t\t<div class=\"elementor-icon-box-wrapper\">\n\n\t\t\t\t\t\t<div class=\"elementor-icon-box-icon\">\n\t\t\t\t<a href=\"https:\/\/primaryreporting.who-umc.org\/VE\" class=\"elementor-icon elementor-animation-pulse\" tabindex=\"-1\" aria-label=\"Notificaci&oacute;n de Reacciones Adversas a Medicamentos \/ Pacientes o Consumidores\">\n\t\t\t\t<svg xmlns=\"http:\/\/www.w3.org\/2000\/svg\" xmlns:xlink=\"http:\/\/www.w3.org\/1999\/xlink\" id=\"Layer_1\" x=\"0px\" y=\"0px\" viewBox=\"0 0 512.001 512.001\" style=\"enable-background:new 0 0 512.001 512.001;\" xml:space=\"preserve\"><g>\t<g>\t\t<path d=\"M270.948,302.936c-10.562-14.943-27.525-24.074-45.713-24.765c-0.385-0.043-0.775-0.067-1.171-0.067   c-23.135,0-42.252-17.484-44.859-39.93c6.661-4.851,12.807-11.007,18.254-18.381c11.015-14.913,18.165-33.547,20.816-53.698   c0.812-0.883,1.496-1.911,1.987-3.081c4.664-11.106,7.029-22.963,7.029-35.242c0-47.221-35.702-85.637-79.584-85.637   c-11.349,0-22.36,2.578-32.768,7.665c-3.891,0.328-7.704,1.028-11.365,2.088c-36.686,10.599-57.421,54.957-46.22,98.88   c1.127,4.419,2.56,8.765,4.262,12.916c0.464,1.134,1.114,2.13,1.88,3c4.225,31.022,18.908,56.833,38.989,71.434   c-2.581,22.474-21.712,39.988-44.867,39.988c-0.356,0-0.708,0.019-1.056,0.053C25.185,279.268,0,305.121,0,336.763v63.14   c0,5.891,4.775,10.666,10.666,10.666h188.451c5.89,0,10.666-4.775,10.666-10.666s-4.776-10.666-10.666-10.666H21.331v-52.475   c0-20.585,16.746-37.33,37.33-37.33c0.356,0,0.708-0.019,1.056-0.053c7.683-0.24,15.04-1.786,21.858-4.429l50.497,72.883   c1.992,2.875,5.268,4.592,8.767,4.592c3.499,0,6.775-1.716,8.767-4.592l50.498-72.883c6.819,2.643,14.175,4.189,21.858,4.429   c0.348,0.034,0.7,0.053,1.056,0.053c12.105,0,23.511,5.912,30.51,15.815c2.078,2.94,5.372,4.51,8.719,4.51   c2.128,0,4.277-0.636,6.147-1.957C273.205,314.402,274.347,307.746,270.948,302.936z M109.492,72.377   c2.798-0.808,5.757-1.288,8.796-1.425c1.566-0.07,3.094-0.484,4.482-1.213c7.926-4.164,16.314-6.276,24.933-6.276   c31.47,0,57.174,27.694,58.204,62.162c-6.414-4.85-14.393-7.733-23.035-7.733h-55.779c-2.778,0-5.416-0.872-7.625-2.521   c-1.891-1.411-3.351-3.305-4.224-5.482c-2.015-5.014-7-8.146-12.383-7.806c-5.416,0.347-9.973,4.111-11.338,9.361   c-2.721,10.453-7.801,20.188-14.708,28.455C71.283,108.973,85.213,79.392,109.492,72.377z M84.479,162.705   c9.316-8.54,16.855-18.89,22.119-30.32c0.036,0.027,0.073,0.054,0.11,0.081c5.925,4.422,12.973,6.758,20.384,6.758h55.779   c6.7,0,12.487,3.92,15.234,9.577c-0.071,22.157-6.384,42.854-17.806,58.315c-10.771,14.58-24.785,22.61-39.462,22.61   c-13.583,0-26.807-7.017-37.236-19.757C93.483,197.61,86.788,180.974,84.479,162.705z M140.838,343.031l-40.817-58.912   c10.95-9.086,18.932-21.616,22.307-35.908c5.943,1.86,12.141,2.848,18.509,2.848c6.334,0,12.537-0.961,18.52-2.817   c3.379,14.278,11.358,26.796,22.3,35.876L140.838,343.031z\"><\/path>\t<\/g><\/g><g>\t<g>\t\t<path d=\"M455.441,337.455c-0.348-0.034-0.7-0.053-1.056-0.053c-23.167,0-42.305-17.531-44.871-40.023   c13.062-9.512,23.832-23.774,30.931-41.119c1.016,3.324,3.617,6.008,7.039,7.069c1.04,0.322,2.104,0.479,3.157,0.479   c3.232,0,6.36-1.473,8.417-4.114c14.881-19.112,22.616-43.986,21.784-70.041c-0.818-25.56-9.803-49.555-25.303-67.563   c-15.869-18.438-36.819-28.699-59.012-28.911c-1.177-0.048-4.104,0.053-4.577,0.082c-11.402-5.172-23.45-7.588-35.858-7.194   c-25.625,0.819-49.196,13.591-66.369,35.963c-16.688,21.741-25.355,50.098-24.404,79.85c0.161,5.041,0.559,9.683,1.203,14.103   c1.737,12.679,5.23,24.822,10.381,36.091c1.639,3.587,5.124,5.977,9.06,6.213c3.923,0.237,7.681-1.718,9.739-5.083   c0.858-1.403,1.961-3.152,3.178-4.866c4.755,14.445,12.024,27.423,21.253,37.669c3.937,4.371,8.189,8.173,12.667,11.416   c-2.586,22.469-21.715,39.977-44.866,39.977c-0.356,0-0.708,0.019-1.056,0.053c-31.374,1.112-56.558,26.967-56.558,58.607v63.14   c0,5.891,4.776,10.666,10.666,10.666h260.346c5.89,0,10.666-4.775,10.666-10.666v-63.14   C512,364.422,486.815,338.568,455.441,337.455z M290.112,225.625c-1.052-4.108-1.876-8.321-2.467-12.626   c-0.54-3.708-0.868-7.568-1.003-11.799c-0.794-24.837,6.31-48.341,20.004-66.18c13.208-17.208,31.01-27.02,50.128-27.631   c0.639-0.021,14.387-0.795,28.421,6.277c1.569,0.79,3.377,1.157,5.138,1.107c0.202-0.006,5.677-0.265,5.836-0.263   c16.02,0.106,31.362,7.741,43.203,21.497c12.331,14.328,19.487,33.622,20.149,54.329c0.359,11.247-1.221,22.18-4.567,32.239   c-1.008-2.686-2.132-5.331-3.369-7.932c-10.298-21.91-27.633-38.881-48.812-47.788c-2.683-1.128-5.709-1.111-8.378,0.047   c-2.67,1.157-4.75,3.355-5.759,6.085c-1.42,3.836-3.14,7.573-5.116,11.106c-5.584,9.986-16.842,15.927-29.361,15.489   c-1.879-0.064-3.786-0.067-5.666-0.007c-9.223,0.295-18.217,2.053-26.78,5.242C313.255,208.009,299.041,216.018,290.112,225.625z    M316.351,231.43c4.044-2.709,8.347-4.94,12.853-6.643c6.344-2.362,13.063-3.672,19.97-3.893c1.41-0.046,2.838-0.044,4.246,0.005   c20.594,0.705,39.217-9.405,48.718-26.396c0.584-1.045,1.152-2.106,1.701-3.177c9.728,5.993,18.043,14.44,24.295,24.692   c-0.054,0.316-0.1,0.633-0.126,0.959c-1.636,20.237-8.617,38.809-19.658,52.295c-10.429,12.741-23.653,19.757-37.236,19.757   C346.004,289.027,323.666,265.158,316.351,231.43z M352.654,307.492c6.003,1.876,12.194,2.866,18.46,2.866   c6.384,0,12.597-0.994,18.555-2.864c4.284,18.163,16.029,33.466,31.818,42.495c-6.159,22.255-26.627,38.258-50.324,38.258   c-23.699,0-44.166-16.004-50.324-38.26C336.626,340.96,348.371,325.656,352.654,307.492z M490.669,448.537H251.654v-52.475   c0-20.583,16.746-37.33,37.33-37.33c0.356,0,0.708-0.019,1.056-0.053c3.673-0.115,7.274-0.519,10.775-1.209   c9.265,30.416,37.613,52.11,70.347,52.11c32.734,0,61.081-21.694,70.348-52.109c3.5,0.69,7.101,1.094,10.773,1.208   c0.348,0.034,0.7,0.053,1.056,0.053c20.584,0,37.33,16.746,37.33,37.33V448.537z\"><\/path>\t<\/g><\/g><g><\/g><g><\/g><g><\/g><g><\/g><g><\/g><g><\/g><g><\/g><g><\/g><g><\/g><g><\/g><g><\/g><g><\/g><g><\/g><g><\/g><g><\/g><\/svg>\t\t\t\t<\/a>\n\t\t\t<\/div>\n\t\t\t\n\t\t\t\t\t\t<div class=\"elementor-icon-box-content\">\n\n\t\t\t\t\t\t\t\t\t<h3 class=\"elementor-icon-box-title\">\n\t\t\t\t\t\t<a href=\"https:\/\/primaryreporting.who-umc.org\/VE\" >\n\t\t\t\t\t\t\tNotificaci&oacute;n de Reacciones Adversas a Medicamentos \/ Pacientes o Consumidores\t\t\t\t\t\t<\/a>\n\t\t\t\t\t<\/h3>\n\t\t\t\t\n\t\t\t\t\n\t\t\t<\/div>\n\t\t\t\n\t\t<\/div>\n\t\t\t\t\t\t<\/div>\n\t\t\t\t<\/div>\n\t\t\t\t\t<\/div>\n\t\t<\/div>\n\t\t\t\t<div class=\"elementor-column elementor-col-50 elementor-top-column elementor-element elementor-element-5ed9b61 botonR\" data-id=\"5ed9b61\" data-element_type=\"column\">\n\t\t\t<div class=\"elementor-widget-wrap elementor-element-populated\">\n\t\t\t\t\t\t<div class=\"elementor-element elementor-element-f686f22 elementor-view-default elementor-position-block-start elementor-mobile-position-block-start elementor-widget elementor-widget-icon-box\" data-id=\"f686f22\" data-element_type=\"widget\" data-widget_type=\"icon-box.default\">\n\t\t\t\t<div class=\"elementor-widget-container\">\n\t\t\t\t\t\t\t<div class=\"elementor-icon-box-wrapper\">\n\n\t\t\t\t\t\t<div class=\"elementor-icon-box-icon\">\n\t\t\t\t<a href=\"https:\/\/primaryreporting.who-umc.org\/VE\" class=\"elementor-icon elementor-animation-pulse\" tabindex=\"-1\" aria-label=\"Notificaci&oacute;n de Reacciones Adversas a Medicamentos \/ Profesionales de la salud\">\n\t\t\t\t<svg xmlns=\"http:\/\/www.w3.org\/2000\/svg\" xmlns:xlink=\"http:\/\/www.w3.org\/1999\/xlink\" id=\"Capa_1\" x=\"0px\" y=\"0px\" width=\"572.342px\" height=\"572.342px\" viewBox=\"0 0 572.342 572.342\" style=\"enable-background:new 0 0 572.342 572.342;\" xml:space=\"preserve\"><g>\t<g>\t\t<path d=\"M90.839,572.342h390.669c20.748,0,37.564-16.817,37.564-37.564V281.306c0-20.747-16.816-37.564-37.564-37.564h-56.113   v74.719c22.105,6.604,38.268,27.094,38.268,51.316v40.82h-30.6v-40.82c0-12.669-10.307-22.969-22.969-22.969   s-22.969,10.307-22.969,22.969v40.82h-30.6v-40.82c0-24.223,16.17-44.713,38.27-51.316v-72.871   c-27.92,27.674-66.305,44.798-108.625,44.798c-40.765,0-77.865-15.912-105.49-41.818v81.58   c19.945,6.469,34.413,25.208,34.413,47.277c0,27.411-22.301,49.712-49.713,49.712s-49.713-22.301-49.713-49.712   c0-22.075,14.468-40.809,34.413-47.277v-86.408H90.833c-20.747,0-37.564,16.817-37.564,37.564v253.472   C53.275,555.524,70.093,572.342,90.839,572.342z\"><\/path>\t\t<path d=\"M192.486,234.561c3.403,3.237,6.971,6.304,10.698,9.18c22.968,17.717,51.732,28.287,82.987,28.287   c31.255,0,60.019-10.563,82.988-28.287c3.727-2.876,7.295-5.943,10.697-9.18c3.072-2.925,6.01-5.985,8.801-9.18   c20.863-23.904,33.531-55.147,33.531-89.37C422.188,60.894,361.294,0,286.178,0c-75.117,0-136.011,60.894-136.011,136.011   c0,34.223,12.668,65.465,33.532,89.37C186.477,228.582,189.408,231.642,192.486,234.561z\"><\/path>\t\t<path d=\"M146.268,377.433c0,10.538,8.574,19.112,19.113,19.112s19.113-8.574,19.113-19.112c0-5.875-2.717-11.071-6.903-14.578   c-3.323-2.784-7.546-4.535-12.209-4.535s-8.892,1.744-12.209,4.535C148.985,366.361,146.268,371.558,146.268,377.433z\"><\/path>\t<\/g><\/g><g><\/g><g><\/g><g><\/g><g><\/g><g><\/g><g><\/g><g><\/g><g><\/g><g><\/g><g><\/g><g><\/g><g><\/g><g><\/g><g><\/g><g><\/g><\/svg>\t\t\t\t<\/a>\n\t\t\t<\/div>\n\t\t\t\n\t\t\t\t\t\t<div class=\"elementor-icon-box-content\">\n\n\t\t\t\t\t\t\t\t\t<h3 class=\"elementor-icon-box-title\">\n\t\t\t\t\t\t<a href=\"https:\/\/primaryreporting.who-umc.org\/VE\" >\n\t\t\t\t\t\t\tNotificaci&oacute;n de Reacciones Adversas a Medicamentos \/ Profesionales de la salud\t\t\t\t\t\t<\/a>\n\t\t\t\t\t<\/h3>\n\t\t\t\t\n\t\t\t\t\n\t\t\t<\/div>\n\t\t\t\n\t\t<\/div>\n\t\t\t\t\t\t<\/div>\n\t\t\t\t<\/div>\n\t\t\t\t\t<\/div>\n\t\t<\/div>\n\t\t\t\t\t<\/div>\n\t\t<\/section>\n\t\t\t\t<section class=\"elementor-section elementor-top-section elementor-element elementor-element-3cabc39 elementor-section-boxed elementor-section-height-default elementor-section-height-default\" data-id=\"3cabc39\" data-element_type=\"section\">\n\t\t\t\t\t\t<div class=\"elementor-container elementor-column-gap-default\">\n\t\t\t\t\t<div class=\"elementor-column elementor-col-50 elementor-top-column elementor-element elementor-element-58660e2 botonR\" data-id=\"58660e2\" data-element_type=\"column\">\n\t\t\t<div class=\"elementor-widget-wrap elementor-element-populated\">\n\t\t\t\t\t\t<div class=\"elementor-element elementor-element-bd7aa51 elementor-view-default elementor-position-block-start elementor-mobile-position-block-start elementor-widget elementor-widget-icon-box\" data-id=\"bd7aa51\" data-element_type=\"widget\" data-widget_type=\"icon-box.default\">\n\t\t\t\t<div class=\"elementor-widget-container\">\n\t\t\t\t\t\t\t<div class=\"elementor-icon-box-wrapper\">\n\n\t\t\t\t\t\t<div class=\"elementor-icon-box-icon\">\n\t\t\t\t<a href=\"https:\/\/industryereporting.who-umc.org\/\" class=\"elementor-icon elementor-animation-pulse\" tabindex=\"-1\" aria-label=\"Notificaci\u00f3n de Reacciones Adversas a Medicamentos \/ Titulares de la Autorizaci\u00f3n de Comercializaci\u00f3n\">\n\t\t\t\t<svg xmlns=\"http:\/\/www.w3.org\/2000\/svg\" xmlns:xlink=\"http:\/\/www.w3.org\/1999\/xlink\" width=\"512px\" height=\"512px\" viewBox=\"0 0 512 512\" style=\"enable-background:new 0 0 512 512;\" xml:space=\"preserve\"><g id=\"_x35_87_x2C__Antidote_x2C__medical_x2C__tablets\"><g><g><g><g><path d=\"M401.348,490.956h-240c-5.523,0-10-4.478-10-10v-380c0-5.523,4.477-10,10-10h240c5.522,0,10,4.477,10,10v380       C411.348,486.479,406.87,490.956,401.348,490.956z M171.347,470.956h220v-360h-220V470.956z\"><\/path><\/g><g><path d=\"M441.348,110.957h-320c-5.523,0-10-4.477-10-10v-80c0-5.523,4.477-10,10-10h320c5.522,0,10,4.477,10,10v80       C451.348,106.479,446.87,110.957,441.348,110.957z M131.347,90.957h300v-60h-300V90.957z\"><\/path><\/g><g><path d=\"M161.347,80.957c-5.523,0-10-4.477-10-10v-20c0-5.523,4.477-10,10-10s10,4.477,10,10v20       C171.347,76.479,166.87,80.957,161.347,80.957z\"><\/path><\/g><g><path d=\"M201.347,80.957c-5.523,0-10-4.477-10-10v-20c0-5.523,4.477-10,10-10s10,4.477,10,10v20       C211.347,76.479,206.87,80.957,201.347,80.957z\"><\/path><\/g><g><path d=\"M241.347,80.957c-5.523,0-10-4.477-10-10v-20c0-5.523,4.477-10,10-10s10,4.477,10,10v20       C251.347,76.479,246.87,80.957,241.347,80.957z\"><\/path><\/g><g><path d=\"M281.348,80.957c-5.522,0-10-4.477-10-10v-20c0-5.523,4.478-10,10-10s10,4.477,10,10v20       C291.348,76.479,286.87,80.957,281.348,80.957z\"><\/path><\/g><g><path d=\"M321.348,80.957c-5.522,0-10-4.477-10-10v-20c0-5.523,4.478-10,10-10s10,4.477,10,10v20       C331.348,76.479,326.87,80.957,321.348,80.957z\"><\/path><\/g><g><path d=\"M361.348,80.957c-5.522,0-10-4.477-10-10v-20c0-5.523,4.478-10,10-10s10,4.477,10,10v20       C371.348,76.479,366.87,80.957,361.348,80.957z\"><\/path><\/g><g><path d=\"M401.348,80.957c-5.522,0-10-4.477-10-10v-20c0-5.523,4.478-10,10-10s10,4.477,10,10v20       C411.348,76.479,406.87,80.957,401.348,80.957z\"><\/path><\/g><g><path d=\"M401.348,420.956h-190c-5.523,0-10-4.478-10-10v-240c0-5.523,4.477-10,10-10h190c5.522,0,10,4.477,10,10v240       C411.348,416.479,406.87,420.956,401.348,420.956z M221.347,400.956h170v-220h-170V400.956z\"><\/path><\/g><g><path d=\"M401.348,220.957h-150c-5.523,0-10-4.477-10-10s4.477-10,10-10h150c5.522,0,10,4.477,10,10       S406.87,220.957,401.348,220.957z\"><\/path><\/g><g><path d=\"M401.348,260.957h-150c-5.523,0-10-4.478-10-10s4.477-10,10-10h150c5.522,0,10,4.477,10,10       S406.87,260.957,401.348,260.957z\"><\/path><\/g><g><path d=\"M401.348,300.956h-150c-5.523,0-10-4.478-10-10s4.477-10,10-10h150c5.522,0,10,4.478,10,10       S406.87,300.956,401.348,300.956z\"><\/path><\/g><g><path d=\"M401.348,340.956h-150c-5.523,0-10-4.478-10-10s4.477-10,10-10h150c5.522,0,10,4.478,10,10       S406.87,340.956,401.348,340.956z\"><\/path><\/g><g><path d=\"M401.348,380.956h-150c-5.523,0-10-4.478-10-10s4.477-10,10-10h150c5.522,0,10,4.478,10,10       S406.87,380.956,401.348,380.956z\"><\/path><\/g><g><path d=\"M121.347,440.956h-50c-5.523,0-10-4.478-10-10v-35c0-19.299,15.701-35,35-35s35,15.701,35,35v35       C131.347,436.479,126.87,440.956,121.347,440.956z M81.347,420.956h30v-25c0-8.271-6.729-15-15-15s-15,6.729-15,15V420.956z\"><\/path><\/g><g><path d=\"M96.347,500.956c-19.299,0-35-15.701-35-35v-35c0-5.522,4.477-10,10-10h50c5.523,0,10,4.478,10,10v35       C131.347,485.255,115.646,500.956,96.347,500.956z M81.347,440.956v25c0,8.271,6.729,15,15,15s15-6.729,15-15v-25H81.347z\"><\/path><\/g><\/g><\/g><\/g><\/g><g id=\"Layer_1\"><\/g><\/svg>\t\t\t\t<\/a>\n\t\t\t<\/div>\n\t\t\t\n\t\t\t\t\t\t<div class=\"elementor-icon-box-content\">\n\n\t\t\t\t\t\t\t\t\t<h3 class=\"elementor-icon-box-title\">\n\t\t\t\t\t\t<a href=\"https:\/\/industryereporting.who-umc.org\/\" >\n\t\t\t\t\t\t\tNotificaci\u00f3n de Reacciones Adversas a Medicamentos \/ Titulares de la Autorizaci\u00f3n de Comercializaci\u00f3n\t\t\t\t\t\t<\/a>\n\t\t\t\t\t<\/h3>\n\t\t\t\t\n\t\t\t\t\n\t\t\t<\/div>\n\t\t\t\n\t\t<\/div>\n\t\t\t\t\t\t<\/div>\n\t\t\t\t<\/div>\n\t\t\t\t\t<\/div>\n\t\t<\/div>\n\t\t\t\t<div class=\"elementor-column elementor-col-50 elementor-top-column elementor-element elementor-element-9c033de botonR\" data-id=\"9c033de\" data-element_type=\"column\">\n\t\t\t<div class=\"elementor-widget-wrap elementor-element-populated\">\n\t\t\t\t\t\t<div class=\"elementor-element elementor-element-dfe07bb elementor-view-default elementor-position-block-start elementor-mobile-position-block-start elementor-widget elementor-widget-icon-box\" data-id=\"dfe07bb\" data-element_type=\"widget\" data-widget_type=\"icon-box.default\">\n\t\t\t\t<div class=\"elementor-widget-container\">\n\t\t\t\t\t\t\t<div class=\"elementor-icon-box-wrapper\">\n\n\t\t\t\t\t\t<div class=\"elementor-icon-box-icon\">\n\t\t\t\t<a href=\"https:\/\/vaccine-primaryereporting.who-umc.org\/ve\" class=\"elementor-icon elementor-animation-pulse\" tabindex=\"-1\" aria-label=\"Notificaci&oacute;n de Eventos Adversos Supuestamente Atribuidos a la Vacunaci\u00f3n e Inmunizaci\u00f3n (ESAVI) \/ Profesionales de la Salud y Pacientes o Consumidores\">\n\t\t\t\t<svg xmlns=\"http:\/\/www.w3.org\/2000\/svg\" xmlns:xlink=\"http:\/\/www.w3.org\/1999\/xlink\" id=\"Capa_1\" x=\"0px\" y=\"0px\" width=\"46.457px\" height=\"46.457px\" viewBox=\"0 0 46.457 46.457\" style=\"enable-background:new 0 0 46.457 46.457;\" xml:space=\"preserve\"><g>\t<path d=\"M42.154,18.254h1.504V14.95H30.372l1.35-2.373l-5.438-3.094L31.676,0L28.07,1.75l-3.762,6.611l-5.55-3.157L2.722,33.396  l5.284,3.006l-1.449,2.547l-4.23-2.405l-2.028,3.562l11.176,6.352l2.027-3.561l-5.143-2.924l1.447-2.547l5.877,3.344l14.601-25.664  v3.148h1.965l-3.715,5.624v22.55h17.625v-22.57L42.154,18.254z M15.007,38.305l-4.305-2.449l6.49-11.408l3.177,1.806l0.866-1.521  l-7.483-4.251L12.886,22l2.504,1.424L8.9,34.831l-3.713-2.112L19.435,7.67l9.821,5.585L15.007,38.305z M44.158,44.428H30.533  V24.479l4.111-6.225h5.053l4.461,6.244V44.428z M32.033,26.053h7.5v16.913h-7.5V26.053z M14.354,19.457l5.674-9.979l7.48,4.255  l-1.191,2.099l-1.853-1.054l-0.56,0.981l1.853,1.055l-1.788,3.141l-1.776-1.01l-0.561,0.981l1.778,1.012l-1.577,2.773  L14.354,19.457z M16.852,27.984l1.809,1.029l-0.559,0.981l-1.809-1.029L16.852,27.984z M14.835,31.764l1.809,1.029l-0.559,0.98  l-1.809-1.029L14.835,31.764z\"><\/path><\/g><g><\/g><g><\/g><g><\/g><g><\/g><g><\/g><g><\/g><g><\/g><g><\/g><g><\/g><g><\/g><g><\/g><g><\/g><g><\/g><g><\/g><g><\/g><\/svg>\t\t\t\t<\/a>\n\t\t\t<\/div>\n\t\t\t\n\t\t\t\t\t\t<div class=\"elementor-icon-box-content\">\n\n\t\t\t\t\t\t\t\t\t<h3 class=\"elementor-icon-box-title\">\n\t\t\t\t\t\t<a href=\"https:\/\/vaccine-primaryereporting.who-umc.org\/ve\" >\n\t\t\t\t\t\t\tNotificaci&oacute;n de Eventos Adversos Supuestamente Atribuidos a la Vacunaci\u00f3n e Inmunizaci\u00f3n (ESAVI) \/ Profesionales de la Salud y Pacientes o Consumidores\t\t\t\t\t\t<\/a>\n\t\t\t\t\t<\/h3>\n\t\t\t\t\n\t\t\t\t\n\t\t\t<\/div>\n\t\t\t\n\t\t<\/div>\n\t\t\t\t\t\t<\/div>\n\t\t\t\t<\/div>\n\t\t\t\t\t<\/div>\n\t\t<\/div>\n\t\t\t\t\t<\/div>\n\t\t<\/section>\n\t\t\t\t<\/div>\n\t\t","protected":false},"excerpt":{"rendered":"<p>Notificaci&oacute;n de Reacciones Adversas a Medicamentos Notificaci&oacute;n de Reacciones Adversas a Medicamentos \/ Pacientes o Consumidores Notificaci&oacute;n de Reacciones Adversas a Medicamentos \/ Profesionales de la salud Notificaci\u00f3n de Reacciones Adversas a Medicamentos \/ Titulares de la Autorizaci\u00f3n de Comercializaci\u00f3n Notificaci&oacute;n de Eventos Adversos Supuestamente Atribuidos a la Vacunaci\u00f3n e Inmunizaci\u00f3n (ESAVI) \/ Profesionales de &#8230; <a title=\"Reportes de Reacciones Adversas a los Productos de Uso y Consumo Humano\" class=\"read-more\" href=\"https:\/\/inhrr.gob.ve\/?page_id=4493\" aria-label=\"Leer m\u00e1s sobre Reportes de Reacciones Adversas a los Productos de Uso y Consumo Humano\">Leer m\u00e1s<\/a><\/p>\n","protected":false},"author":1,"featured_media":0,"parent":0,"menu_order":0,"comment_status":"closed","ping_status":"closed","template":"","meta":{"footnotes":""},"class_list":["post-4493","page","type-page","status-publish"],"_links":{"self":[{"href":"https:\/\/inhrr.gob.ve\/index.php?rest_route=\/wp\/v2\/pages\/4493","targetHints":{"allow":["GET"]}}],"collection":[{"href":"https:\/\/inhrr.gob.ve\/index.php?rest_route=\/wp\/v2\/pages"}],"about":[{"href":"https:\/\/inhrr.gob.ve\/index.php?rest_route=\/wp\/v2\/types\/page"}],"author":[{"embeddable":true,"href":"https:\/\/inhrr.gob.ve\/index.php?rest_route=\/wp\/v2\/users\/1"}],"replies":[{"embeddable":true,"href":"https:\/\/inhrr.gob.ve\/index.php?rest_route=%2Fwp%2Fv2%2Fcomments&post=4493"}],"version-history":[{"count":46,"href":"https:\/\/inhrr.gob.ve\/index.php?rest_route=\/wp\/v2\/pages\/4493\/revisions"}],"predecessor-version":[{"id":8421,"href":"https:\/\/inhrr.gob.ve\/index.php?rest_route=\/wp\/v2\/pages\/4493\/revisions\/8421"}],"wp:attachment":[{"href":"https:\/\/inhrr.gob.ve\/index.php?rest_route=%2Fwp%2Fv2%2Fmedia&parent=4493"}],"curies":[{"name":"wp","href":"https:\/\/api.w.org\/{rel}","templated":true}]}}