{"id":4662,"date":"2022-08-26T14:03:19","date_gmt":"2022-08-26T18:03:19","guid":{"rendered":"http:\/\/172.16.0.115\/?page_id=4662"},"modified":"2022-08-26T16:12:46","modified_gmt":"2022-08-26T20:12:46","slug":"red-de-laboratorios-de-salud-publica","status":"publish","type":"page","link":"https:\/\/inhrr.gob.ve\/?page_id=4662","title":{"rendered":"Red de Laboratorios de Salud P\u00fablica"},"content":{"rendered":"\t\t<div data-elementor-type=\"wp-page\" data-elementor-id=\"4662\" class=\"elementor elementor-4662\" data-elementor-post-type=\"page\">\n\t\t\t\t\t\t<section class=\"elementor-section elementor-top-section elementor-element elementor-element-a74421d elementor-section-boxed elementor-section-height-default elementor-section-height-default\" data-id=\"a74421d\" data-element_type=\"section\">\n\t\t\t\t\t\t<div class=\"elementor-container elementor-column-gap-default\">\n\t\t\t\t\t<div class=\"elementor-column elementor-col-100 elementor-top-column elementor-element elementor-element-d9d37c2\" data-id=\"d9d37c2\" data-element_type=\"column\">\n\t\t\t<div class=\"elementor-widget-wrap elementor-element-populated\">\n\t\t\t\t\t\t<div class=\"elementor-element elementor-element-5bdf5db elementor-widget elementor-widget-heading\" data-id=\"5bdf5db\" data-element_type=\"widget\" data-widget_type=\"heading.default\">\n\t\t\t\t<div class=\"elementor-widget-container\">\n\t\t\t\t\t<h2 class=\"elementor-heading-title elementor-size-default\">Red de Laboratorios de Salud P\u00fablica<\/h2>\t\t\t\t<\/div>\n\t\t\t\t<\/div>\n\t\t\t\t\t<\/div>\n\t\t<\/div>\n\t\t\t\t\t<\/div>\n\t\t<\/section>\n\t\t\t\t<section class=\"elementor-section elementor-top-section elementor-element elementor-element-7ef3751 elementor-section-boxed elementor-section-height-default elementor-section-height-default\" data-id=\"7ef3751\" data-element_type=\"section\">\n\t\t\t\t\t\t<div class=\"elementor-container elementor-column-gap-default\">\n\t\t\t\t\t<div class=\"elementor-column elementor-col-100 elementor-top-column elementor-element elementor-element-8da17a0\" data-id=\"8da17a0\" data-element_type=\"column\">\n\t\t\t<div class=\"elementor-widget-wrap elementor-element-populated\">\n\t\t\t\t\t\t<div class=\"elementor-element elementor-element-0c3a34a elementor-tabs-view-horizontal elementor-widget elementor-widget-tabs\" data-id=\"0c3a34a\" data-element_type=\"widget\" data-widget_type=\"tabs.default\">\n\t\t\t\t<div class=\"elementor-widget-container\">\n\t\t\t\t\t\t\t<div class=\"elementor-tabs\">\n\t\t\t<div class=\"elementor-tabs-wrapper\" role=\"tablist\" >\n\t\t\t\t\t\t\t\t\t<div id=\"elementor-tab-title-1281\" class=\"elementor-tab-title elementor-tab-desktop-title\" aria-selected=\"true\" data-tab=\"1\" role=\"tab\" tabindex=\"0\" aria-controls=\"elementor-tab-content-1281\" aria-expanded=\"false\">Quienes Somos? <\/div>\n\t\t\t\t\t\t\t\t\t<div id=\"elementor-tab-title-1282\" class=\"elementor-tab-title elementor-tab-desktop-title\" aria-selected=\"false\" data-tab=\"2\" role=\"tab\" tabindex=\"-1\" aria-controls=\"elementor-tab-content-1282\" aria-expanded=\"false\">Ubicaci&oacute;n y Pruebas que Realizan<\/div>\n\t\t\t\t\t\t\t<\/div>\n\t\t\t<div class=\"elementor-tabs-content-wrapper\" role=\"tablist\" aria-orientation=\"vertical\">\n\t\t\t\t\t\t\t\t\t<div class=\"elementor-tab-title elementor-tab-mobile-title\" aria-selected=\"true\" data-tab=\"1\" role=\"tab\" tabindex=\"0\" aria-controls=\"elementor-tab-content-1281\" aria-expanded=\"false\">Quienes Somos? <\/div>\n\t\t\t\t\t<div id=\"elementor-tab-content-1281\" class=\"elementor-tab-content elementor-clearfix\" data-tab=\"1\" role=\"tabpanel\" aria-labelledby=\"elementor-tab-title-1281\" tabindex=\"0\" hidden=\"false\"><p>Una organizaci\u00f3n integrada por un conjunto de Laboratorios de Salud P\u00fablica comprometidos en el diagn\u00f3stico e informaci\u00f3n oportuna a los pacientes de enfermedades transmisibles y no transmisibles, que funcionan articuladamente con el Instituto Nacional de Higiene \u201cRafael Rangel\u201d, con el prop\u00f3sito de establecer los v\u00ednculos y relaciones para facilitar el intercambio, la coordinaci\u00f3n y cooperaci\u00f3n con el Ministerio del Poder Popular para la Salud, necesarios en funci\u00f3n del conocimiento y protecci\u00f3n de la salud p\u00fablica del pueblo venezolano, contribuyendo para su buen vivir.<\/p><p>En este sentido, dado cumplimiento al contenido de la Resoluci\u00f3n N\u00b0 233 publicada en la Gaceta Oficial N\u00ba 40.420 de Fecha 27 de Mayo de 2014, donde se le delega al INHRR, como Ente Desconcentrado funcionalmente, la funci\u00f3n coordinadora, supervisora y evaluadora de los Laboratorios de Salud P\u00fablica) contamos con la presencia de los mismos en las 24 Entidades Federales.<\/p><\/div>\n\t\t\t\t\t\t\t\t\t<div class=\"elementor-tab-title elementor-tab-mobile-title\" aria-selected=\"false\" data-tab=\"2\" role=\"tab\" tabindex=\"-1\" aria-controls=\"elementor-tab-content-1282\" aria-expanded=\"false\">Ubicaci&oacute;n y Pruebas que Realizan<\/div>\n\t\t\t\t\t<div id=\"elementor-tab-content-1282\" class=\"elementor-tab-content elementor-clearfix\" data-tab=\"2\" role=\"tabpanel\" aria-labelledby=\"elementor-tab-title-1282\" tabindex=\"0\" hidden=\"hidden\"><p>\n<table id=\"tablepress-32\" class=\"tablepress tablepress-id-32 tablita tbody-has-connected-cells\">\n<thead>\n<tr class=\"row-1\">\n\t<th class=\"column-1\">ESTADO<\/th><th class=\"column-2\">NOMBRE <\/th><th class=\"column-3\">DIRECCI\u00d3N<\/th><th class=\"column-4\">PRUEBAS QUE REALIZAN<\/th>\n<\/tr>\n<\/thead>\n<tbody class=\"row-striping row-hover\">\n<tr class=\"row-2\">\n\t<td class=\"column-1\">AMAZONAS<\/td><td class=\"column-2\">SERVICIO AUTONOMO CENTRO AMAZ\u00d3NICO DE ENFERMEDADES TROPICALES (SACAICET) <\/td><td class=\"column-3\">AV. PERIMETRAL, CERRO EL CAICET, PUERTO AYACUCHO \u2013 ESTADO AMAZONAS<\/td><td class=\"column-4\">DENGUE, HEPATITIS B, HEP C,VIH,CHIKUNGUNYA<\/td>\n<\/tr>\n<tr class=\"row-3\">\n\t<td class=\"column-1\">ANZOATEGUI<\/td><td class=\"column-2\">LAB. REGIONAL DE SALUD PUBLICA \u201cDR. ARNOLDO GABALDON (ANTIGUO MALARIOLOGIA)<\/td><td class=\"column-3\">FINAL AVENIDA JUNCAL, BARRIO 29 DE MARZO, EDIFICIO SALUD PUBLICA. BARCELONA <\/td><td class=\"column-4\">DENGUE, HEP B, HEP C, VIH, CHAGAS,  SARS CoV2, CHIKUNGUNYA, CARGA VIRAL VIH<\/td>\n<\/tr>\n<tr class=\"row-4\">\n\t<td class=\"column-1\">APURE<\/td><td class=\"column-2\">HOSPITAL \u201cDR. PABLO ACOSTA ORTIZ\u201d <\/td><td class=\"column-3\">AV. CARACAS &#8211; SAN FERNANDO DE APURE<\/td><td class=\"column-4\">DENGUE, HEPATITIS B, HEPATITIS C, VIH, CHAGAS, TSH, PKU, CHIKUNGUNYA CARGA VIRAL VIH, SARS CoV 2<\/td>\n<\/tr>\n<tr class=\"row-5\">\n\t<td rowspan=\"3\" class=\"column-1\">ARAGUA<\/td><td class=\"column-2\">HOSPITAL  CENTRAL DE MARACAY <\/td><td class=\"column-3\">AV SUCRE. MARACAY.<\/td><td class=\"column-4\">DENGUE, HEPATITIS B, HEPATITIS C, VIH, GHAGAS,TSH, PKU<\/td>\n<\/tr>\n<tr class=\"row-6\">\n\t<td class=\"column-2\">AMBULATORIO EFRAIN ABAB <\/td><td class=\"column-3\">AVENIDA MIRANDA ESTE, FRENTE TEATRO LA OPERA HOSPITAL CIVIL DE MARACAY.<\/td><td class=\"column-4\">DENGUE, VIH, HEP B, HEP C, CHAGAS<\/td>\n<\/tr>\n<tr class=\"row-7\">\n\t<td class=\"column-2\">MALARIOLOGIA<\/td><td class=\"column-3\">AVENIDA PEREZ BONALDE FRENTE AL CIRCULO MILITAR, EDIF. INGENIERIA SANITARIA, LOS LABORATORIOS \u2013 LAS DELICIAS \u2013 MARACAY.<\/td><td class=\"column-4\">LABORATORIO DE REFERENCIA: CONFIRMATORIO PARA CHAGAS<\/td>\n<\/tr>\n<tr class=\"row-8\">\n\t<td class=\"column-1\">BARINAS<\/td><td class=\"column-2\">LABORATORIO DE SALUD PUBLICA DR. AVILIO ACOSTA<\/td><td class=\"column-3\">DIRECCI\u00d2N REGIONAL DEL EDO. BARINAS AV. SAN LUIS, CRUCE CON CALLE MERIDA ANTIGUA SANIDAD \u2013 BARINAS.<\/td><td class=\"column-4\">DENGUE, HEPATITIS B, HEPATITIS C, VIH, CHAGAS. CHIKUNGUNYA PSA<\/td>\n<\/tr>\n<tr class=\"row-9\">\n\t<td rowspan=\"5\" class=\"column-1\">BOLIVAR<\/td><td class=\"column-2\">COMPLEJO MUNDO DE SONRISA<\/td><td class=\"column-3\">EDF LSP DR ARMARNDO ORTEGA , CARRERA CHURUM MERU PUERTO ORDAZ<\/td><td class=\"column-4\">DENGUE, HEPATITIS B,VIH, HEP. C, SARS CoV 2, VIH, CHAGAS, TSH, PKU, CHIKUNGUNYA, CARGA VIRAL <\/td>\n<\/tr>\n<tr class=\"row-10\">\n\t<td class=\"column-2\">HOSPITAL ROSARIO VERA ZURITA <\/td><td class=\"column-3\">CALLE IKABARU, DIAGONAL A CANTV, MUNICIPIO GRAN SABANA &#8211; SANTA ELENA DE UAIREN \u2013 ESTADO BOLIVAR<\/td><td class=\"column-4\">DENGUE, HEPATITIS B., HEPATITIS C, VIH, CHAGAS<\/td>\n<\/tr>\n<tr class=\"row-11\">\n\t<td class=\"column-2\">HOSPITAL DR JULIO CRIOLLO RIVAS (TORAX) LAB CENTRAL<\/td><td class=\"column-3\">AV GERMANIA -CIUDAD BOLIVAR.<\/td><td class=\"column-4\">DENGUE, HEPATITIS B, HEPATITIS C, VIH, CHAGAS CHIKUNGUNYA<\/td>\n<\/tr>\n<tr class=\"row-12\">\n\t<td class=\"column-2\">HOSPITAL DR. JOSE GREGORIO HERNANDEZ<\/td><td class=\"column-3\">FINAL AVENIDA LAS TRES ROSAS. TUMEREMO<\/td><td class=\"column-4\">DENGUE, HEPATITIS B., HEPATITIS C, VIH, CHAGAS<\/td>\n<\/tr>\n<tr class=\"row-13\">\n\t<td class=\"column-2\">HOSPITAL DR. ARNOLDO GABALDON<\/td><td class=\"column-3\">AV LIBERTADOR CRUCE CON AV CARABOBO, CAICARA DEL ORINOCO<\/td><td class=\"column-4\">DENGUE, HEPATITIS B., HEPATITIS C, VIH, CHAGAS CHIKUNGUNYA<\/td>\n<\/tr>\n<tr class=\"row-14\">\n\t<td class=\"column-1\">CARABOBO<\/td><td class=\"column-2\">DIRECCION GENERAL DE SANEAMIENTO AMBIENTAL Y CONTRALORIA SANITARIA, LABORATORIO REGIONAL DE APOYO EPIDEMIOL\u00d3GICO <\/td><td class=\"column-3\">PISO 2, UNIVERSIDAD DE CARABOBO \u2013 BARBULA <\/td><td class=\"column-4\">DENGUE, HEPATITIS B, HEPATITIS C, VIH, CHAGAS, TSH, PKU, 17oh,SARS CoV 2, CHIKUNGUNYA,HEP A, <\/td>\n<\/tr>\n<tr class=\"row-15\">\n\t<td class=\"column-1\">COJEDES<\/td><td class=\"column-2\">DIRECCION REGIONAL DE SALUD, LAB DE SALUD PUBLICA <\/td><td class=\"column-3\">CARRETERA NACIONAL VIA LAS VEGAS FRENTE AL INSTITUTO NACIONAL DE TIERRA (INTI) &#8211; SAN CARLOS \u2013 ESTADO COJEDES<\/td><td class=\"column-4\">DENGUE, HEPATITIS B, HEPATITIS C, VIH, CHAGAS, CHIKUNGUNYA,TSH, PKU<\/td>\n<\/tr>\n<tr class=\"row-16\">\n\t<td class=\"column-1\">DELTA AMACURO<\/td><td class=\"column-2\">HOSPITAL LUIS RAZETTI <\/td><td class=\"column-3\">FINAL AVENIDA BOLIVAR, SERVICIO DE LABORATORIO, TUCUPITA <\/td><td class=\"column-4\">DENGUE,  HEPATITIS B, HEPATITIS C, VIH, CHAGAS ,CHIKUNGUNYA, PSA<\/td>\n<\/tr>\n<tr class=\"row-17\">\n\t<td rowspan=\"3\" class=\"column-1\">DISTRITO CAPITAL<\/td><td class=\"column-2\">INSTITUTO NACIONAL DE HIGIENE \u201cRAFAEL RANGEL\u201d<\/td><td class=\"column-3\">CIUDAD UNIVERSITARIA (UCV), LOS CHAGUARAMOS CARACAS<\/td><td class=\"column-4\">CENTRO DE REFERENCIA NACIONAL<\/td>\n<\/tr>\n<tr class=\"row-18\">\n\t<td class=\"column-2\">COMPLEJO HOSPITALARIO DR. JOSE IGNACIO BALDO (EL ALGODONAL)   <\/td><td class=\"column-3\">AV INTERCOMUNAL DE ANTIMANO, CALLE PRINCIPAL COMPLEJO HOSPITALARIO, DIVISION DE TUBERCULOSIS. LABORATORIO  METROPOLITANO DE TBC <\/td><td class=\"column-4\">DENGUE, HEPATITIS B, HEPATITIS C, VIH, CHAGAS, TOXOPLASMA<\/td>\n<\/tr>\n<tr class=\"row-19\">\n\t<td class=\"column-2\">HOSPITAL MILITAR DR. CARLOS ARVELO<\/td><td class=\"column-3\">SAN MARTIN DEPARTAMENTO DE INFECTOLOGIA, ALA  NORTE, PISO 1<\/td><td class=\"column-4\">VIH, HEPATITIS B, HEPATITIS  C<\/td>\n<\/tr>\n<tr class=\"row-20\">\n\t<td rowspan=\"3\" class=\"column-1\">FALCON<\/td><td class=\"column-2\">HOSPITAL UNIVERSITARIO DR. ALFREDO VAN GRIEKEN<\/td><td class=\"column-3\">AV.  TENNIS COMPLEJO  EDIFICIO INSTITUTO FALCONIANO DE INVESTIGACION CIENTIFICA DE LA SALUD (IFICS) CORO<\/td><td class=\"column-4\">DENGUE, HEPATITIS B, HEPATITIS  C, VIH, CHAGAS, TSH, TOXOPLASMA, EBV, CMV<\/td>\n<\/tr>\n<tr class=\"row-21\">\n\t<td class=\"column-2\">AMBULATORIO I.V.S.S. <\/td><td class=\"column-3\">ESQUINA CON AVENIDA JACINTO LARA, AL LADO DEL AMBULATORIO I.V.S.S., PUNTO FIJO \u2013 ESTADO FALCON.<\/td><td class=\"column-4\">DENGUE, HEPATITIS B, HEPATITIS C, VIH, CHAGAS, CHIKUNGUNYA<\/td>\n<\/tr>\n<tr class=\"row-22\">\n\t<td class=\"column-2\">AMBULATORIO DR. GABRIEL TROMPIZ<\/td><td class=\"column-3\">CARRETERA MORON-CORO, TUCACAS<\/td><td class=\"column-4\">DENGUE, HEPATITIS B, HEPATITIS C, VIH, CHAGAS, RUB\u00c9OLA, SARAMPI\u00d3N<\/td>\n<\/tr>\n<tr class=\"row-23\">\n\t<td rowspan=\"4\" class=\"column-1\">GUARICO<\/td><td class=\"column-2\">DIRECCION REGIONAL DE SALUD<\/td><td class=\"column-3\">ANTIGUA SEDE DE MALARIOLOGIA, AVENIDA LUIS APARICIO, SAN JUAN DE LOS MORROS \u2013 ESTADO GUARICO.<\/td><td class=\"column-4\">DENGUE, HEPATITIS B, HEPATITIS C, VIH, CHAGAS, TSH, PKU<\/td>\n<\/tr>\n<tr class=\"row-24\">\n\t<td class=\"column-2\">LABORATORIO DE SALUD P\u00daBLICA INFALAB<\/td><td class=\"column-3\">CALLE SUCRE ENTRE CALLE BOLIVAR Y FLORES DETR\u00c1S DEL HOSPITAL \u201cRAFAEL ZAMORA AREVALO\u201d &#8211; VALLE DE LA PASCUA.<\/td><td class=\"column-4\">DENGUE,  HEPATITIS B, HEPATITIS C, VIH, CHAGAS<\/td>\n<\/tr>\n<tr class=\"row-25\">\n\t<td class=\"column-2\">HOSPITAL DR. JOSE FRANCISCO TORREALBA<\/td><td class=\"column-3\">CALLE HURTADO ASCANIO CRUCE CON SIXTO SOSA, CALLE PB, ALTAGRACIA DE ORITUCO. <\/td><td class=\"column-4\">DENGUE, HEPATITIS B, HEPATITIS C VIH, CHAGAS<\/td>\n<\/tr>\n<tr class=\"row-26\">\n\t<td class=\"column-2\">HOSPITAL JOSE FRANCISCO URDANETA<\/td><td class=\"column-3\">LAB DE SALUD PUBLICA MIRANLAB, 5TA. AVENIDA, CENTRO ADMINISTRATIVO CALABOZO  <\/td><td class=\"column-4\">DENGUE, HEPATITIS B, HEPATITIS C VIH, CHAGAS<\/td>\n<\/tr>\n<tr class=\"row-27\">\n\t<td class=\"column-1\">LARA<\/td><td class=\"column-2\">HOSPITAL ANTONIO MARIA PINEDA (EDIF. ANEXO INMUNOLOGIA)<\/td><td class=\"column-3\">AVENIDA LAS PALMAS CON ANDRES BELLO, EDIFICIO EPIDEMIOLOGIA REGIONAL, BARQUISIMETO. <\/td><td class=\"column-4\">DENGUE, HEPATITIS B, HEPATITIS C, VIH<\/td>\n<\/tr>\n<tr class=\"row-28\">\n\t<td rowspan=\"2\" class=\"column-1\">MERIDA<\/td><td class=\"column-2\">UNIDAD DE LARGA ESTANCIA DEL IAHULA AL LADO DEL HOSPITAL SOR JUANA INES DE LA CRUZ<\/td><td class=\"column-3\">AV LAS AMERICAS. AMBULATORIO VENEZUELA PB  MERIDA <\/td><td class=\"column-4\">DENGUE, HEPATITIS B, HEPATITIS C, SARS CoV 2, VIH, CHAGAS,CHIKUNGUNYA, CARGA VIRAL VIH <\/td>\n<\/tr>\n<tr class=\"row-29\">\n\t<td class=\"column-2\">HOSPITAL EL VIGIA<\/td><td class=\"column-3\">CALLE BOLIVAR, EL VIGIA \u2013 ESTADO MERIDA.<\/td><td class=\"column-4\">DENGUE, HEPATITIS B, HEPATITIS C, VIH, CHAGAS CHIKUNGUNYA<\/td>\n<\/tr>\n<tr class=\"row-30\">\n\t<td rowspan=\"2\" class=\"column-1\">MIRANDA<\/td><td class=\"column-2\">HOSPITAL HERMOGENES RIVERO SALDIVIA<\/td><td class=\"column-3\">CALLE EL PLACER, LABORATORIO GENERAL, DISTRITO SANITARIO N\u00b0 4 AREA DE SALUD P\u00daBLICA CAUCAGUA<\/td><td class=\"column-4\">DENGUE, HEPATITIS B, HEPATITIS C,  VIH, CHAGAS<\/td>\n<\/tr>\n<tr class=\"row-31\">\n\t<td class=\"column-2\">UNIDAD SANITARIA LOS TEQUES<\/td><td class=\"column-3\">CALLE ROCIO, ANTIGUA SEDE DE MALARIOLOGIA, DISTRITO SANITARIO N\u00ba 1 \u2013 LOS TEQUES<\/td><td class=\"column-4\">DENGUE, HEPATITIS B, HEPATITIS C,  VIH, CHAGAS CHIKUNGUNYA<\/td>\n<\/tr>\n<tr class=\"row-32\">\n\t<td class=\"column-1\">MONAGAS<\/td><td class=\"column-2\">HOSPITAL MANUEL NU\u00d1EZ TOVAR<\/td><td class=\"column-3\">AVENIDA BICENTENARIO, LABORATORIO CENTRAL SECCION DE SEROLOGIA MATURIN. <\/td><td class=\"column-4\">DENGUE, HEPATITIS B, HEPATITIS  C, VIH, CHAGAS,  CHIKUNGUNYA, SARS CoV 2, CARGA VIRAL VIH<\/td>\n<\/tr>\n<tr class=\"row-33\">\n\t<td class=\"column-1\">NUEVA ESPARTA<\/td><td class=\"column-2\">HOSPITAL \u201cLUIS ORTEGA\u201d<\/td><td class=\"column-3\">SERVICIO DE ITS\/SIDA, AVENIDA 4 DE MAYO PB\u2013 PORLAMAR <\/td><td class=\"column-4\">DENGUE, HEPATITIS B, HEPATITIS C, VIH CHIKUNGUNYA,  SARS CoV 2,CARGA VIRAL VIH<\/td>\n<\/tr>\n<tr class=\"row-34\">\n\t<td class=\"column-1\">PORTUGUESA<\/td><td class=\"column-2\">CENTRO DE INVESTIGACIONES DE VIROSIS HEMORRAGICAS Y ENFERMEDADES TRANSMISIBLES (CIVIHET)<\/td><td class=\"column-3\">SECTOR LA COLONIA PARTE ALTA, VIA ESCUELA GRANJA \u00a8OSCAR VILLANUEVA\u00a8 &#8211; GUANARE. <\/td><td class=\"column-4\">DENGUE, HEPATITIS B, HEPATITIS C, VIH, CHAGAS. TSH, PKU.<\/td>\n<\/tr>\n<tr class=\"row-35\">\n\t<td rowspan=\"3\" class=\"column-1\">SUCRE<\/td><td class=\"column-2\">HOSPITAL UNIVERSITARIO ANTONIO PATRICIO ALCALA<\/td><td class=\"column-3\">CALLE BOLIVAR,  PISO 1, CUMANA <\/td><td class=\"column-4\">DENGUE,TSH,PKU, SARS CoV 2,HEPATITIS B, HEPATITIS C, VIH, CHAGAS, CHIKUNGUNYA,  CARGA VIRAL VIH <\/td>\n<\/tr>\n<tr class=\"row-36\">\n\t<td class=\"column-2\">HOSPITAL DR. ANDRES GUTIERREZ<\/td><td class=\"column-3\">C. MONAGAS, G\u00dcIRIA<\/td><td class=\"column-4\">DENGUE, HEPATITIS B, HEPATITIS C, VIH <\/td>\n<\/tr>\n<tr class=\"row-37\">\n\t<td class=\"column-2\">GERENCIA DE SANEAMIENTO AMBIENTAL Y CONTROL DE ENDEMIA<\/td><td class=\"column-3\">AV PRINCIPAL EDF. MALARIOLOGIA, SECTOR CANCHUNCHU VIEJO PB   GCIA DE SANEAMIENTO AMBIENTAL Y CONTROL DE ENDEMIA ZONA 11 \u2013 CAR\u00daPANO.<\/td><td class=\"column-4\">DENGUE, HEPATITIS C, HEPATITIS B,VIH, CHAGAS, TSH, PKU<\/td>\n<\/tr>\n<tr class=\"row-38\">\n\t<td class=\"column-1\">TACHIRA<\/td><td class=\"column-2\">UNIDAD SANITARIA SAN CRISTOBAL<\/td><td class=\"column-3\">CARRERA 6, ENTRE CALLES 14 Y 15, SAN CRISTOBAL.<\/td><td class=\"column-4\">DENGUE, HEPATITIS B, HEPATITIS C, VIH, CHAGAS,  TSH, PKU, CARGA VIRAL VIH SARS CoV 2<\/td>\n<\/tr>\n<tr class=\"row-39\">\n\t<td class=\"column-1\">TRUJILLO<\/td><td class=\"column-2\">EPIDEMIOLOGIA REGIONAL<\/td><td class=\"column-3\">AV. FELIPE MARQUEZ CA\u00d1IZALEZ, SECTOR LA MORITA, EDIFICIO FUNDASALUD, TRUJILLO.<\/td><td class=\"column-4\">DENGUE, HEPATITIS B, HEPATITIS C, VIH, CHAGAS,  TSH, PKU CHIKUNGUNYA<\/td>\n<\/tr>\n<tr class=\"row-40\">\n\t<td class=\"column-1\">LA GUAIRA<\/td><td class=\"column-2\">AMBULATORIO LA GUAIRA<\/td><td class=\"column-3\">AVENIDA SOUBLETTE, LA GUAIRA<\/td><td class=\"column-4\">DENGUE, HEPATITIS B, HEPATITIS C, VIH, CHAGAS, TSH, PKU,CHIKUNGUNYA<\/td>\n<\/tr>\n<tr class=\"row-41\">\n\t<td class=\"column-1\">YARACUY<\/td><td class=\"column-2\">LABORATORIO REGIONAL DE SALUD P\u00daBLICA \u201cDR. FELIX PIFANO\u201d<\/td><td class=\"column-3\">2DA AVENIDA ENTRE CALLES 29 Y 30 SECTOR SABANETA MUNC. INDEPENDENCIA, \u2013 SAN FELIPE.<\/td><td class=\"column-4\">DENGUE,  SARS CoV 2, VIH, CHAGAS,  SARAMPION RUBEOLA, HEPATITIS B, HEPATITIS C, TSH, PKU, CHIKUNGUNYA,<\/td>\n<\/tr>\n<tr class=\"row-42\">\n\t<td rowspan=\"6\" class=\"column-1\">ZULIA<\/td><td class=\"column-2\">AMBULATORIO \u201cDR. FRANCISCO GOMEZ PADRON\u201d<\/td><td class=\"column-3\">ANTIGUA UNIDAD SANITARIA, LABORATORIO DE SALUD PUBLICA, SOTANO, SECTOR EL TRANSITO, CALLE 96 &#8211; MARACAIBO.<\/td><td class=\"column-4\">DENGUE, HEPATITIS B, HEPATITIS C, VIH, CHAGAS CHIKUNGUNYA, SARS CoV 2,CARGA VIRAL VIH<\/td>\n<\/tr>\n<tr class=\"row-43\">\n\t<td class=\"column-2\">HOSPITAL DE ESPECIALIDADES PEDIATRICAS<\/td><td class=\"column-3\">PROLONGACI\u00d3N CIRCUNVALACI\u00d3N 2, SECTOR PLAZA DE TOROS, VIA CIUDADELA FARIAS \u2013 MARACAIBO.<\/td><td class=\"column-4\">HEP. A, HEPATITIS B, HEPATITIS C, VIH, CHAGAS, TSH, PKU<\/td>\n<\/tr>\n<tr class=\"row-44\">\n\t<td class=\"column-2\">HOSPITAL GENERAL SANTA BARBARA<\/td><td class=\"column-3\">DEPARTAMENTO DE LABORATORIOS, PISO 1, AVENIDA SANTO DOMINGO, FRENTE AL COMANDO DE LA GUARDIA NACIONAL \u2013 SANTA BARBARA.<\/td><td class=\"column-4\">VIH<\/td>\n<\/tr>\n<tr class=\"row-45\">\n\t<td class=\"column-2\">AMBULATORIO EL LUCERO<\/td><td class=\"column-3\">FINAL AVENIDA ORIENTAL, SECTOR EL LUCERO \u2013 CABIMAS. <\/td><td class=\"column-4\">HEPATITIS B, HEPATITIS C., VIH, CHAGAS CHIKUNGUNYA,DENGUE<\/td>\n<\/tr>\n<tr class=\"row-46\">\n\t<td class=\"column-2\">HOSPITAL NUESTRA SE\u00d1ORA DEL CARMEN<\/td><td class=\"column-3\">AVENIDA ARTE, FRENTE DEPOSITOS EMPRESAS POLAR \u2013 MACHIQUES.<\/td><td class=\"column-4\">HEPATITIS B, HEPATITIS C, VIH, DENGUE, CHAGAS. CHIKUNGUNYA<\/td>\n<\/tr>\n<tr class=\"row-47\">\n\t<td class=\"column-2\">AMBULATORIO EL LUCERO<\/td><td class=\"column-3\">FINAL AVENIDA ORIENTAL, SECTOR EL LUCERO \u2013 CABIMAS. <\/td><td class=\"column-4\">HEPATITIS B, HEPATITIS C., VIH, CHAGAS CHIKUNGUNYA,DENGUE<\/td>\n<\/tr>\n<\/tbody>\n<\/table>\n<\/p><\/div>\n\t\t\t\t\t\t\t<\/div>\n\t\t<\/div>\n\t\t\t\t\t\t<\/div>\n\t\t\t\t<\/div>\n\t\t\t\t\t<\/div>\n\t\t<\/div>\n\t\t\t\t\t<\/div>\n\t\t<\/section>\n\t\t\t\t<\/div>\n\t\t","protected":false},"excerpt":{"rendered":"<p>Quienes Somos? Ubicaci&oacute;n y Pruebas que Realizan Quienes Somos? Una organizaci\u00f3n integrada por un conjunto de Laboratorios de Salud P\u00fablica comprometidos en el diagn\u00f3stico e informaci\u00f3n oportuna a los pacientes de enfermedades transmisibles y no transmisibles, que funcionan articuladamente con el Instituto Nacional de Higiene \u201cRafael Rangel\u201d, con el prop\u00f3sito de establecer los v\u00ednculos y &#8230; <a title=\"Red de Laboratorios de Salud P\u00fablica\" class=\"read-more\" href=\"https:\/\/inhrr.gob.ve\/?page_id=4662\" aria-label=\"Leer m\u00e1s sobre Red de Laboratorios de Salud P\u00fablica\">Leer m\u00e1s<\/a><\/p>\n","protected":false},"author":1,"featured_media":0,"parent":0,"menu_order":0,"comment_status":"closed","ping_status":"closed","template":"","meta":{"footnotes":""},"class_list":["post-4662","page","type-page","status-publish"],"_links":{"self":[{"href":"https:\/\/inhrr.gob.ve\/index.php?rest_route=\/wp\/v2\/pages\/4662","targetHints":{"allow":["GET"]}}],"collection":[{"href":"https:\/\/inhrr.gob.ve\/index.php?rest_route=\/wp\/v2\/pages"}],"about":[{"href":"https:\/\/inhrr.gob.ve\/index.php?rest_route=\/wp\/v2\/types\/page"}],"author":[{"embeddable":true,"href":"https:\/\/inhrr.gob.ve\/index.php?rest_route=\/wp\/v2\/users\/1"}],"replies":[{"embeddable":true,"href":"https:\/\/inhrr.gob.ve\/index.php?rest_route=%2Fwp%2Fv2%2Fcomments&post=4662"}],"version-history":[{"count":10,"href":"https:\/\/inhrr.gob.ve\/index.php?rest_route=\/wp\/v2\/pages\/4662\/revisions"}],"predecessor-version":[{"id":4724,"href":"https:\/\/inhrr.gob.ve\/index.php?rest_route=\/wp\/v2\/pages\/4662\/revisions\/4724"}],"wp:attachment":[{"href":"https:\/\/inhrr.gob.ve\/index.php?rest_route=%2Fwp%2Fv2%2Fmedia&parent=4662"}],"curies":[{"name":"wp","href":"https:\/\/api.w.org\/{rel}","templated":true}]}}