{"id":5447,"date":"2022-09-16T15:42:11","date_gmt":"2022-09-16T19:42:11","guid":{"rendered":"http:\/\/172.16.0.115\/?page_id=5447"},"modified":"2022-09-16T16:38:04","modified_gmt":"2022-09-16T20:38:04","slug":"soluciones-antisepticas","status":"publish","type":"page","link":"https:\/\/inhrr.gob.ve\/?page_id=5447","title":{"rendered":"SOLUCIONES ANTISEPTICAS"},"content":{"rendered":"\t\t<div data-elementor-type=\"wp-page\" data-elementor-id=\"5447\" class=\"elementor elementor-5447\" data-elementor-post-type=\"page\">\n\t\t\t\t\t\t<section class=\"elementor-section elementor-top-section elementor-element elementor-element-fe4001d elementor-section-full_width elementor-section-stretched elementor-section-height-default elementor-section-height-default\" data-id=\"fe4001d\" data-element_type=\"section\" data-settings=\"{&quot;stretch_section&quot;:&quot;section-stretched&quot;}\">\n\t\t\t\t\t\t<div class=\"elementor-container elementor-column-gap-default\">\n\t\t\t\t\t<div class=\"elementor-column elementor-col-100 elementor-top-column elementor-element elementor-element-1819fb4\" data-id=\"1819fb4\" data-element_type=\"column\">\n\t\t\t<div class=\"elementor-widget-wrap elementor-element-populated\">\n\t\t\t\t\t\t<div class=\"elementor-element elementor-element-ff2dae2 elementor-widget elementor-widget-image\" data-id=\"ff2dae2\" data-element_type=\"widget\" data-widget_type=\"image.default\">\n\t\t\t\t<div class=\"elementor-widget-container\">\n\t\t\t\t\t\t\t\t\t\t\t\t\t\t\t<img fetchpriority=\"high\" decoding=\"async\" width=\"1300\" height=\"650\" src=\"https:\/\/inhrr.gob.ve\/wp-content\/uploads\/2022\/09\/gelantiseptico-1300x650.jpg\" class=\"attachment-qi_addons_for_elementor_image_size_landscape size-qi_addons_for_elementor_image_size_landscape wp-image-5412\" alt=\"\" \/>\t\t\t\t\t\t\t\t\t\t\t\t\t\t\t<\/div>\n\t\t\t\t<\/div>\n\t\t\t\t\t<\/div>\n\t\t<\/div>\n\t\t\t\t\t<\/div>\n\t\t<\/section>\n\t\t\t\t<section class=\"elementor-section elementor-top-section elementor-element elementor-element-6ea2f9fa elementor-section-boxed elementor-section-height-default elementor-section-height-default\" data-id=\"6ea2f9fa\" data-element_type=\"section\">\n\t\t\t\t\t\t<div class=\"elementor-container elementor-column-gap-default\">\n\t\t\t\t\t<div class=\"elementor-column elementor-col-100 elementor-top-column elementor-element elementor-element-574cc526\" data-id=\"574cc526\" data-element_type=\"column\">\n\t\t\t<div class=\"elementor-widget-wrap elementor-element-populated\">\n\t\t\t\t\t\t<div class=\"elementor-element elementor-element-61e98fcb elementor-widget elementor-widget-text-editor\" data-id=\"61e98fcb\" data-element_type=\"widget\" data-widget_type=\"text-editor.default\">\n\t\t\t\t<div class=\"elementor-widget-container\">\n\t\t\t\t\t\t\t\t\t<p style=\"text-align: center;\"><strong>SOLUCIONES ANTISEPTICAS<\/strong><\/p><p>Las soluciones antis\u00e9pticas son formulaciones qu\u00edmicas empleadas en el control de microorganismos presentes en la piel u otro tejido vivo, sin causar efectos nocivos importantes. Actualmente, el uso de este tipo de soluciones para la higiene y desinfecci\u00f3n de manos se ha incrementado significativamente, sobre todo en \u00e1reas asociadas a la atenci\u00f3n sanitaria, como consecuencia a la pandemia de la enfermedad COVID-19 originada por el SARS-CoV-2. El Instituto Nacional de Higiene Rafael Rangel (INHRR) como <strong>ente rector encargado de realizar el diagn\u00f3stico<\/strong> del COVID-19 a la poblaci\u00f3n y en virtud al riesgo biol\u00f3gico que representa la propagaci\u00f3n del SARS-CoV-2, a trav\u00e9s de la Direcci\u00f3n General de Producci\u00f3n (DGP), desarroll\u00f3 el Proyecto de Formulaci\u00f3n de Soluciones Antis\u00e9pticas, proyecto que da respuesta a la demanda local, con un alto valor costo beneficio, contribuyendo con la sustituci\u00f3n de importaciones y al fortalecimiento de las pol\u00edticas p\u00fablicas en materia de salud.<\/p>\t\t\t\t\t\t\t\t<\/div>\n\t\t\t\t<\/div>\n\t\t\t\t\t<\/div>\n\t\t<\/div>\n\t\t\t\t\t<\/div>\n\t\t<\/section>\n\t\t\t\t<\/div>\n\t\t","protected":false},"excerpt":{"rendered":"<p>SOLUCIONES ANTISEPTICAS Las soluciones antis\u00e9pticas son formulaciones qu\u00edmicas empleadas en el control de microorganismos presentes en la piel u otro tejido vivo, sin causar efectos nocivos importantes. Actualmente, el uso de este tipo de soluciones para la higiene y desinfecci\u00f3n de manos se ha incrementado significativamente, sobre todo en \u00e1reas asociadas a la atenci\u00f3n sanitaria, &#8230; <a title=\"SOLUCIONES ANTISEPTICAS\" class=\"read-more\" href=\"https:\/\/inhrr.gob.ve\/?page_id=5447\" aria-label=\"Leer m\u00e1s sobre SOLUCIONES ANTISEPTICAS\">Leer m\u00e1s<\/a><\/p>\n","protected":false},"author":1,"featured_media":5412,"parent":0,"menu_order":0,"comment_status":"closed","ping_status":"closed","template":"","meta":{"footnotes":""},"class_list":["post-5447","page","type-page","status-publish","has-post-thumbnail"],"_links":{"self":[{"href":"https:\/\/inhrr.gob.ve\/index.php?rest_route=\/wp\/v2\/pages\/5447","targetHints":{"allow":["GET"]}}],"collection":[{"href":"https:\/\/inhrr.gob.ve\/index.php?rest_route=\/wp\/v2\/pages"}],"about":[{"href":"https:\/\/inhrr.gob.ve\/index.php?rest_route=\/wp\/v2\/types\/page"}],"author":[{"embeddable":true,"href":"https:\/\/inhrr.gob.ve\/index.php?rest_route=\/wp\/v2\/users\/1"}],"replies":[{"embeddable":true,"href":"https:\/\/inhrr.gob.ve\/index.php?rest_route=%2Fwp%2Fv2%2Fcomments&post=5447"}],"version-history":[{"count":17,"href":"https:\/\/inhrr.gob.ve\/index.php?rest_route=\/wp\/v2\/pages\/5447\/revisions"}],"predecessor-version":[{"id":5489,"href":"https:\/\/inhrr.gob.ve\/index.php?rest_route=\/wp\/v2\/pages\/5447\/revisions\/5489"}],"wp:featuredmedia":[{"embeddable":true,"href":"https:\/\/inhrr.gob.ve\/index.php?rest_route=\/wp\/v2\/media\/5412"}],"wp:attachment":[{"href":"https:\/\/inhrr.gob.ve\/index.php?rest_route=%2Fwp%2Fv2%2Fmedia&parent=5447"}],"curies":[{"name":"wp","href":"https:\/\/api.w.org\/{rel}","templated":true}]}}