{"id":5464,"date":"2022-09-16T16:10:10","date_gmt":"2022-09-16T20:10:10","guid":{"rendered":"http:\/\/172.16.0.115\/?page_id=5464"},"modified":"2022-11-29T14:43:21","modified_gmt":"2022-11-29T18:43:21","slug":"kit-de-zielh-neelsen","status":"publish","type":"page","link":"https:\/\/inhrr.gob.ve\/?page_id=5464","title":{"rendered":"KIT DE ZIELH NEELSEN"},"content":{"rendered":"\t\t<div data-elementor-type=\"wp-page\" data-elementor-id=\"5464\" class=\"elementor elementor-5464\" data-elementor-post-type=\"page\">\n\t\t\t\t\t\t<section class=\"elementor-section elementor-top-section elementor-element elementor-element-f48bb9b elementor-section-full_width elementor-section-stretched elementor-section-height-default elementor-section-height-default\" data-id=\"f48bb9b\" data-element_type=\"section\" data-settings=\"{&quot;stretch_section&quot;:&quot;section-stretched&quot;}\">\n\t\t\t\t\t\t<div class=\"elementor-container elementor-column-gap-default\">\n\t\t\t\t\t<div class=\"elementor-column elementor-col-100 elementor-top-column elementor-element elementor-element-bea70bf\" data-id=\"bea70bf\" data-element_type=\"column\">\n\t\t\t<div class=\"elementor-widget-wrap elementor-element-populated\">\n\t\t\t\t\t\t<div class=\"elementor-element elementor-element-3512369 elementor-widget elementor-widget-image\" data-id=\"3512369\" data-element_type=\"widget\" data-widget_type=\"image.default\">\n\t\t\t\t<div class=\"elementor-widget-container\">\n\t\t\t\t\t\t\t\t\t\t\t\t\t\t\t<img fetchpriority=\"high\" decoding=\"async\" width=\"795\" height=\"650\" src=\"https:\/\/inhrr.gob.ve\/wp-content\/uploads\/2022\/09\/kit-795x650.jpg\" class=\"attachment-qi_addons_for_elementor_image_size_landscape size-qi_addons_for_elementor_image_size_landscape wp-image-5465\" alt=\"\" \/>\t\t\t\t\t\t\t\t\t\t\t\t\t\t\t<\/div>\n\t\t\t\t<\/div>\n\t\t\t\t\t<\/div>\n\t\t<\/div>\n\t\t\t\t\t<\/div>\n\t\t<\/section>\n\t\t\t\t<section class=\"elementor-section elementor-top-section elementor-element elementor-element-75c375fd elementor-section-boxed elementor-section-height-default elementor-section-height-default\" data-id=\"75c375fd\" data-element_type=\"section\">\n\t\t\t\t\t\t<div class=\"elementor-container elementor-column-gap-default\">\n\t\t\t\t\t<div class=\"elementor-column elementor-col-100 elementor-top-column elementor-element elementor-element-5f3109fe\" data-id=\"5f3109fe\" data-element_type=\"column\">\n\t\t\t<div class=\"elementor-widget-wrap elementor-element-populated\">\n\t\t\t\t\t\t<div class=\"elementor-element elementor-element-3f3b1676 elementor-widget elementor-widget-text-editor\" data-id=\"3f3b1676\" data-element_type=\"widget\" data-widget_type=\"text-editor.default\">\n\t\t\t\t<div class=\"elementor-widget-container\">\n\t\t\t\t\t\t\t\t\t<p style=\"text-align: center;\"><strong>KIT DE ZIELH NEELSEN<\/strong><\/p><p>La tinci\u00f3n de Ziehl Neelsen, es una t\u00e9cnica de coloraci\u00f3n de microorganismos para la identificaci\u00f3n de pat\u00f3genos, como <em>Mycobacterium tuberculosis<\/em> causante de la tuberculosis. El Kit consta de\u00a0 tres (03) soluciones: Fucsina B\u00e1sica, Azul de Metileno al 1% y Soluci\u00f3n Decolorante. \u00a0Este producto se elabora en la Direcci\u00f3n General de Producci\u00f3n del Instituto Nacional de Higiene \u201cRafael Rangel\u201d, como soluci\u00f3n tecnol\u00f3gica para la producci\u00f3n de insumos en el Sector Salud y se emplea en el diagn\u00f3stico de tuberculosis.<\/p>\t\t\t\t\t\t\t\t<\/div>\n\t\t\t\t<\/div>\n\t\t\t\t\t<\/div>\n\t\t<\/div>\n\t\t\t\t\t<\/div>\n\t\t<\/section>\n\t\t\t\t<\/div>\n\t\t","protected":false},"excerpt":{"rendered":"<p>KIT DE ZIELH NEELSEN La tinci\u00f3n de Ziehl Neelsen, es una t\u00e9cnica de coloraci\u00f3n de microorganismos para la identificaci\u00f3n de pat\u00f3genos, como Mycobacterium tuberculosis causante de la tuberculosis. El Kit consta de\u00a0 tres (03) soluciones: Fucsina B\u00e1sica, Azul de Metileno al 1% y Soluci\u00f3n Decolorante. \u00a0Este producto se elabora en la Direcci\u00f3n General de Producci\u00f3n &#8230; <a title=\"KIT DE ZIELH NEELSEN\" class=\"read-more\" href=\"https:\/\/inhrr.gob.ve\/?page_id=5464\" aria-label=\"Leer m\u00e1s sobre KIT DE ZIELH NEELSEN\">Leer m\u00e1s<\/a><\/p>\n","protected":false},"author":1,"featured_media":5465,"parent":0,"menu_order":0,"comment_status":"closed","ping_status":"closed","template":"","meta":{"footnotes":""},"class_list":["post-5464","page","type-page","status-publish","has-post-thumbnail"],"_links":{"self":[{"href":"https:\/\/inhrr.gob.ve\/index.php?rest_route=\/wp\/v2\/pages\/5464","targetHints":{"allow":["GET"]}}],"collection":[{"href":"https:\/\/inhrr.gob.ve\/index.php?rest_route=\/wp\/v2\/pages"}],"about":[{"href":"https:\/\/inhrr.gob.ve\/index.php?rest_route=\/wp\/v2\/types\/page"}],"author":[{"embeddable":true,"href":"https:\/\/inhrr.gob.ve\/index.php?rest_route=\/wp\/v2\/users\/1"}],"replies":[{"embeddable":true,"href":"https:\/\/inhrr.gob.ve\/index.php?rest_route=%2Fwp%2Fv2%2Fcomments&post=5464"}],"version-history":[{"count":13,"href":"https:\/\/inhrr.gob.ve\/index.php?rest_route=\/wp\/v2\/pages\/5464\/revisions"}],"predecessor-version":[{"id":7643,"href":"https:\/\/inhrr.gob.ve\/index.php?rest_route=\/wp\/v2\/pages\/5464\/revisions\/7643"}],"wp:featuredmedia":[{"embeddable":true,"href":"https:\/\/inhrr.gob.ve\/index.php?rest_route=\/wp\/v2\/media\/5465"}],"wp:attachment":[{"href":"https:\/\/inhrr.gob.ve\/index.php?rest_route=%2Fwp%2Fv2%2Fmedia&parent=5464"}],"curies":[{"name":"wp","href":"https:\/\/api.w.org\/{rel}","templated":true}]}}