{"id":5876,"date":"2022-09-22T16:04:16","date_gmt":"2022-09-22T20:04:16","guid":{"rendered":"http:\/\/172.16.0.115\/?page_id=5876"},"modified":"2022-09-30T11:57:18","modified_gmt":"2022-09-30T15:57:18","slug":"medio-de-transporte-viral","status":"publish","type":"page","link":"https:\/\/inhrr.gob.ve\/?page_id=5876","title":{"rendered":"MEDIO DE TRANSPORTE VIRAL"},"content":{"rendered":"\t\t<div data-elementor-type=\"wp-page\" data-elementor-id=\"5876\" class=\"elementor elementor-5876\" data-elementor-post-type=\"page\">\n\t\t\t\t\t\t<section class=\"elementor-section elementor-top-section elementor-element elementor-element-b2ed830 elementor-section-full_width elementor-section-stretched elementor-section-height-default elementor-section-height-default\" data-id=\"b2ed830\" data-element_type=\"section\" data-settings=\"{&quot;stretch_section&quot;:&quot;section-stretched&quot;}\">\n\t\t\t\t\t\t<div class=\"elementor-container elementor-column-gap-default\">\n\t\t\t\t\t<div class=\"elementor-column elementor-col-100 elementor-top-column elementor-element elementor-element-cdf2bd5\" data-id=\"cdf2bd5\" data-element_type=\"column\">\n\t\t\t<div class=\"elementor-widget-wrap elementor-element-populated\">\n\t\t\t\t\t\t<div class=\"elementor-element elementor-element-8675c68 elementor-widget elementor-widget-image\" data-id=\"8675c68\" data-element_type=\"widget\" data-widget_type=\"image.default\">\n\t\t\t\t<div class=\"elementor-widget-container\">\n\t\t\t\t\t\t\t\t\t\t\t\t\t\t\t<img fetchpriority=\"high\" decoding=\"async\" width=\"717\" height=\"578\" src=\"https:\/\/inhrr.gob.ve\/wp-content\/uploads\/2022\/09\/1-1.jpg\" class=\"attachment-qi_addons_for_elementor_image_size_landscape size-qi_addons_for_elementor_image_size_landscape wp-image-5877\" alt=\"\" srcset=\"https:\/\/inhrr.gob.ve\/wp-content\/uploads\/2022\/09\/1-1.jpg 717w, https:\/\/inhrr.gob.ve\/wp-content\/uploads\/2022\/09\/1-1-300x242.jpg 300w\" sizes=\"(max-width: 717px) 100vw, 717px\" \/>\t\t\t\t\t\t\t\t\t\t\t\t\t\t\t<\/div>\n\t\t\t\t<\/div>\n\t\t\t\t\t<\/div>\n\t\t<\/div>\n\t\t\t\t\t<\/div>\n\t\t<\/section>\n\t\t\t\t<section class=\"elementor-section elementor-top-section elementor-element elementor-element-31e666c elementor-section-boxed elementor-section-height-default elementor-section-height-default\" data-id=\"31e666c\" data-element_type=\"section\">\n\t\t\t\t\t\t<div class=\"elementor-container elementor-column-gap-default\">\n\t\t\t\t\t<div class=\"elementor-column elementor-col-100 elementor-top-column elementor-element elementor-element-b04e130\" data-id=\"b04e130\" data-element_type=\"column\">\n\t\t\t<div class=\"elementor-widget-wrap elementor-element-populated\">\n\t\t\t\t\t\t<div class=\"elementor-element elementor-element-9bf6bdc elementor-widget elementor-widget-text-editor\" data-id=\"9bf6bdc\" data-element_type=\"widget\" data-widget_type=\"text-editor.default\">\n\t\t\t\t<div class=\"elementor-widget-container\">\n\t\t\t\t\t\t\t\t\t<p style=\"text-align: center;\"><strong>MEDIO DE TRANSPORTE VIRAL<\/strong><\/p><p>El Medio de Transporte Viral, (MTV) es un medio concebido para el transporte adecuado y seguro de muestras cl\u00ednicas, desde la toma de muestra de hisopados far\u00edngeo, nasofar\u00edngeo o nasal, hasta los laboratorios encargados de las pruebas de detecci\u00f3n viral. En vista de la creciente demanda de este rubro a nivel mundial, para el diagn\u00f3stico del Coronavirus SARS-CoV-2, causante de la COVID-19, el Instituto Nacional de Higiene \u201cRafael Rangel\u201d (INHRR), garante en la Prevenci\u00f3n, Vigilancia y Control de la Salud del pueblo venezolano, y como organismo de apoyo para los proyectos del Ministerio del Poder Popular para la Salud en la demanda nacional de agentes inmunizantes y de diagn\u00f3stico de enfermedades infecciosas, desarrollo en la Direcci\u00f3n General de Producci\u00f3n un proyecto de producci\u00f3n de este medio de transporte, para cubrir las necesidades a nivel nacional de toma, manejo y env\u00edo de muestra para su diagn\u00f3stico, por la t\u00e9cnica de referencia internacional RT-PCR (Reverse Transcription Polymerase Chain Reaction)<\/p><p><strong>\u00a0<\/strong><\/p>\t\t\t\t\t\t\t\t<\/div>\n\t\t\t\t<\/div>\n\t\t\t\t\t<\/div>\n\t\t<\/div>\n\t\t\t\t\t<\/div>\n\t\t<\/section>\n\t\t\t\t<\/div>\n\t\t","protected":false},"excerpt":{"rendered":"<p>MEDIO DE TRANSPORTE VIRAL El Medio de Transporte Viral, (MTV) es un medio concebido para el transporte adecuado y seguro de muestras cl\u00ednicas, desde la toma de muestra de hisopados far\u00edngeo, nasofar\u00edngeo o nasal, hasta los laboratorios encargados de las pruebas de detecci\u00f3n viral. En vista de la creciente demanda de este rubro a nivel &#8230; <a title=\"MEDIO DE TRANSPORTE VIRAL\" class=\"read-more\" href=\"https:\/\/inhrr.gob.ve\/?page_id=5876\" aria-label=\"Leer m\u00e1s sobre MEDIO DE TRANSPORTE VIRAL\">Leer m\u00e1s<\/a><\/p>\n","protected":false},"author":1,"featured_media":5877,"parent":0,"menu_order":0,"comment_status":"closed","ping_status":"closed","template":"","meta":{"footnotes":""},"class_list":["post-5876","page","type-page","status-publish","has-post-thumbnail"],"_links":{"self":[{"href":"https:\/\/inhrr.gob.ve\/index.php?rest_route=\/wp\/v2\/pages\/5876","targetHints":{"allow":["GET"]}}],"collection":[{"href":"https:\/\/inhrr.gob.ve\/index.php?rest_route=\/wp\/v2\/pages"}],"about":[{"href":"https:\/\/inhrr.gob.ve\/index.php?rest_route=\/wp\/v2\/types\/page"}],"author":[{"embeddable":true,"href":"https:\/\/inhrr.gob.ve\/index.php?rest_route=\/wp\/v2\/users\/1"}],"replies":[{"embeddable":true,"href":"https:\/\/inhrr.gob.ve\/index.php?rest_route=%2Fwp%2Fv2%2Fcomments&post=5876"}],"version-history":[{"count":5,"href":"https:\/\/inhrr.gob.ve\/index.php?rest_route=\/wp\/v2\/pages\/5876\/revisions"}],"predecessor-version":[{"id":6091,"href":"https:\/\/inhrr.gob.ve\/index.php?rest_route=\/wp\/v2\/pages\/5876\/revisions\/6091"}],"wp:featuredmedia":[{"embeddable":true,"href":"https:\/\/inhrr.gob.ve\/index.php?rest_route=\/wp\/v2\/media\/5877"}],"wp:attachment":[{"href":"https:\/\/inhrr.gob.ve\/index.php?rest_route=%2Fwp%2Fv2%2Fmedia&parent=5876"}],"curies":[{"name":"wp","href":"https:\/\/api.w.org\/{rel}","templated":true}]}}