{"id":7001,"date":"2022-11-10T19:34:32","date_gmt":"2022-11-10T23:34:32","guid":{"rendered":"http:\/\/172.16.0.115\/?page_id=7001"},"modified":"2022-11-10T19:37:05","modified_gmt":"2022-11-10T23:37:05","slug":"acompanamientos-y-asesorias","status":"publish","type":"page","link":"https:\/\/inhrr.gob.ve\/?page_id=7001","title":{"rendered":"Acompa\u00f1amientos y Asesor\u00edas"},"content":{"rendered":"\t\t<div data-elementor-type=\"wp-page\" data-elementor-id=\"7001\" class=\"elementor elementor-7001\" data-elementor-post-type=\"page\">\n\t\t\t\t\t\t<section class=\"elementor-section elementor-top-section elementor-element elementor-element-000f9eb elementor-section-boxed elementor-section-height-default elementor-section-height-default\" data-id=\"000f9eb\" data-element_type=\"section\">\n\t\t\t\t\t\t<div class=\"elementor-container elementor-column-gap-default\">\n\t\t\t\t\t<div class=\"elementor-column elementor-col-100 elementor-top-column elementor-element elementor-element-e3cc265\" data-id=\"e3cc265\" data-element_type=\"column\">\n\t\t\t<div class=\"elementor-widget-wrap elementor-element-populated\">\n\t\t\t\t\t\t<div class=\"elementor-element elementor-element-c94f4e3 elementor-widget elementor-widget-heading\" data-id=\"c94f4e3\" data-element_type=\"widget\" data-widget_type=\"heading.default\">\n\t\t\t\t<div class=\"elementor-widget-container\">\n\t\t\t\t\t<h2 class=\"elementor-heading-title elementor-size-default\">Acompa\u00f1amientos y Asesor\u00edas<\/h2>\t\t\t\t<\/div>\n\t\t\t\t<\/div>\n\t\t\t\t\t<\/div>\n\t\t<\/div>\n\t\t\t\t\t<\/div>\n\t\t<\/section>\n\t\t\t\t<section class=\"elementor-section elementor-top-section elementor-element elementor-element-f12a6f3 elementor-section-boxed elementor-section-height-default elementor-section-height-default\" data-id=\"f12a6f3\" data-element_type=\"section\">\n\t\t\t\t\t\t<div class=\"elementor-container elementor-column-gap-default\">\n\t\t\t\t\t<div class=\"elementor-column elementor-col-100 elementor-top-column elementor-element elementor-element-4c5e5eb\" data-id=\"4c5e5eb\" data-element_type=\"column\">\n\t\t\t<div class=\"elementor-widget-wrap elementor-element-populated\">\n\t\t\t\t\t\t<div class=\"elementor-element elementor-element-9aeeefd elementor-widget elementor-widget-text-editor\" data-id=\"9aeeefd\" data-element_type=\"widget\" data-widget_type=\"text-editor.default\">\n\t\t\t\t<div class=\"elementor-widget-container\">\n\t\t\t\t\t\t\t\t\t<p>Asesor\u00eda t\u00e9cnica en las \u00e1reas de producci\u00f3n y manejo de animales de laboratorio, en medios de cultivo, procesamiento de agua y acondicionamiento de materiales de laboratorio, para mayor informaci\u00f3n cont\u00e1ctanos por el correo electr\u00f3nico: dproduccioninhrr@gmail.com o por el n\u00famero telef\u00f3nico 0212- 2191715\/1717\/1732<\/p>\t\t\t\t\t\t\t\t<\/div>\n\t\t\t\t<\/div>\n\t\t\t\t\t<\/div>\n\t\t<\/div>\n\t\t\t\t\t<\/div>\n\t\t<\/section>\n\t\t\t\t<\/div>\n\t\t","protected":false},"excerpt":{"rendered":"<p>Acompa\u00f1amientos y Asesor\u00edas Asesor\u00eda t\u00e9cnica en las \u00e1reas de producci\u00f3n y manejo de animales de laboratorio, en medios de cultivo, procesamiento de agua y acondicionamiento de materiales de laboratorio, para mayor informaci\u00f3n cont\u00e1ctanos por el correo electr\u00f3nico: dproduccioninhrr@gmail.com o por el n\u00famero telef\u00f3nico 0212- 2191715\/1717\/1732<\/p>\n","protected":false},"author":1,"featured_media":0,"parent":0,"menu_order":0,"comment_status":"closed","ping_status":"closed","template":"","meta":{"footnotes":""},"class_list":["post-7001","page","type-page","status-publish"],"_links":{"self":[{"href":"https:\/\/inhrr.gob.ve\/index.php?rest_route=\/wp\/v2\/pages\/7001","targetHints":{"allow":["GET"]}}],"collection":[{"href":"https:\/\/inhrr.gob.ve\/index.php?rest_route=\/wp\/v2\/pages"}],"about":[{"href":"https:\/\/inhrr.gob.ve\/index.php?rest_route=\/wp\/v2\/types\/page"}],"author":[{"embeddable":true,"href":"https:\/\/inhrr.gob.ve\/index.php?rest_route=\/wp\/v2\/users\/1"}],"replies":[{"embeddable":true,"href":"https:\/\/inhrr.gob.ve\/index.php?rest_route=%2Fwp%2Fv2%2Fcomments&post=7001"}],"version-history":[{"count":4,"href":"https:\/\/inhrr.gob.ve\/index.php?rest_route=\/wp\/v2\/pages\/7001\/revisions"}],"predecessor-version":[{"id":7012,"href":"https:\/\/inhrr.gob.ve\/index.php?rest_route=\/wp\/v2\/pages\/7001\/revisions\/7012"}],"wp:attachment":[{"href":"https:\/\/inhrr.gob.ve\/index.php?rest_route=%2Fwp%2Fv2%2Fmedia&parent=7001"}],"curies":[{"name":"wp","href":"https:\/\/api.w.org\/{rel}","templated":true}]}}