{"id":7018,"date":"2022-11-10T19:54:46","date_gmt":"2022-11-10T23:54:46","guid":{"rendered":"http:\/\/172.16.0.115\/?page_id=7018"},"modified":"2022-11-12T21:45:45","modified_gmt":"2022-11-13T01:45:45","slug":"reporte-de-defectos-de-calidad-de-productos-de-uso-y-consumo-humano-2","status":"publish","type":"page","link":"https:\/\/inhrr.gob.ve\/?page_id=7018","title":{"rendered":"Reporte de Defectos de Calidad de Productos de Uso y Consumo Humano\u200b Comunidad"},"content":{"rendered":"\t\t<div data-elementor-type=\"wp-page\" data-elementor-id=\"7018\" class=\"elementor elementor-7018\" data-elementor-post-type=\"page\">\n\t\t\t\t\t\t<section class=\"elementor-section elementor-top-section elementor-element elementor-element-3c0a1e7 elementor-section-boxed elementor-section-height-default elementor-section-height-default\" data-id=\"3c0a1e7\" data-element_type=\"section\">\n\t\t\t\t\t\t<div class=\"elementor-container elementor-column-gap-default\">\n\t\t\t\t\t<div class=\"elementor-column elementor-col-100 elementor-top-column elementor-element elementor-element-06dc6f3\" data-id=\"06dc6f3\" data-element_type=\"column\">\n\t\t\t<div class=\"elementor-widget-wrap elementor-element-populated\">\n\t\t\t\t\t\t<div class=\"elementor-element elementor-element-8a438cf elementor-widget elementor-widget-heading\" data-id=\"8a438cf\" data-element_type=\"widget\" data-widget_type=\"heading.default\">\n\t\t\t\t<div class=\"elementor-widget-container\">\n\t\t\t\t\t<h2 class=\"elementor-heading-title elementor-size-default\">Reporte de Defectos de Calidad de Productos de Uso y Consumo Humano<\/h2>\t\t\t\t<\/div>\n\t\t\t\t<\/div>\n\t\t\t\t<div class=\"elementor-element elementor-element-0f10449 elementor-widget elementor-widget-text-editor\" data-id=\"0f10449\" data-element_type=\"widget\" data-widget_type=\"text-editor.default\">\n\t\t\t\t<div class=\"elementor-widget-container\">\n\t\t\t\t\t\t\t\t\t<p>Las sospechas de defectos de calidad deben informarse a la Direcci\u00f3n de Vigilancia Sanitaria adscrita a la Direcci\u00f3n General de Regulaci\u00f3n Sanitaria de Productos de Uso y Consumo Humano del INHRR, seg\u00fan la opci\u00f3n de su preferencia:<\/p>\t\t\t\t\t\t\t\t<\/div>\n\t\t\t\t<\/div>\n\t\t\t\t\t<\/div>\n\t\t<\/div>\n\t\t\t\t\t<\/div>\n\t\t<\/section>\n\t\t\t\t<section class=\"elementor-section elementor-top-section elementor-element elementor-element-68c8ed9 elementor-section-boxed elementor-section-height-default elementor-section-height-default\" data-id=\"68c8ed9\" data-element_type=\"section\">\n\t\t\t\t\t\t<div class=\"elementor-container elementor-column-gap-default\">\n\t\t\t\t\t<div class=\"elementor-column elementor-col-25 elementor-top-column elementor-element elementor-element-aeaaa3b\" data-id=\"aeaaa3b\" data-element_type=\"column\">\n\t\t\t<div class=\"elementor-widget-wrap\">\n\t\t\t\t\t\t\t<\/div>\n\t\t<\/div>\n\t\t\t\t<div class=\"elementor-column elementor-col-50 elementor-top-column elementor-element elementor-element-d4547d8 botonR\" data-id=\"d4547d8\" data-element_type=\"column\">\n\t\t\t<div class=\"elementor-widget-wrap elementor-element-populated\">\n\t\t\t\t\t\t<div class=\"elementor-element elementor-element-3a59807 elementor-position-block-start elementor-view-default elementor-mobile-position-block-start elementor-widget elementor-widget-icon-box\" data-id=\"3a59807\" data-element_type=\"widget\" data-widget_type=\"icon-box.default\">\n\t\t\t\t<div class=\"elementor-widget-container\">\n\t\t\t\t\t\t\t<div class=\"elementor-icon-box-wrapper\">\n\n\t\t\t\t\t\t<div class=\"elementor-icon-box-icon\">\n\t\t\t\t<a href=\"http:\/\/172.16.0.115\/fichasfarma\/formweb\/reporte_defecto_prod1_particular.php\" class=\"elementor-icon elementor-animation-grow\" tabindex=\"-1\" aria-label=\"Reporte de Defectos de Calidad del Productos del P\u00fablico en General\">\n\t\t\t\t<svg xmlns=\"http:\/\/www.w3.org\/2000\/svg\" width=\"411.000000pt\" height=\"254.000000pt\" viewBox=\"0 0 411.000000 254.000000\" preserveAspectRatio=\"xMidYMid meet\"><g transform=\"translate(0.000000,254.000000) scale(0.100000,-0.100000)\" fill=\"#000000\" stroke=\"none\"><path d=\"M1070 2534 c-388 -48 -742 -301 -921 -657 -104 -207 -142 -367 -143 -602 -1 -235 32 -380 134 -590 164 -338 472 -586 823 -660 251 -54 555 -9 782 115 117 65 142 116 89 179 -35 42 -66 40 -151 -9 -134 -78 -333 -130 -491 -130 -200 1 -417 75 -583 200 -197 147 -337 362 -407 620 -23 85 -25 114 -25 270 0 157 2 185 25 270 60 219 157 388 302 528 130 124 251 198 408 246 205 64 391 61 599 -9 167 -56 321 -158 437 -290 l42 -48 0 -913 0 -914 1060 0 1060 0 0 1130 0 1130 -1060 0 -1060 0 0 -85 0 -86 -83 64 c-145 110 -308 186 -482 223 -70 15 -289 26 -355 18z m2602 -251 c142 -80 199 -273 124 -421 -113 -222 -401 -228 -522 -10 -27 49 -29 61 -29 153 0 85 3 106 23 142 63 120 157 175 284 169 51 -2 79 -10 120 -33z m-682 -64 c94 -42 134 -107 135 -215 0 -61 -4 -77 -30 -120 -19 -30 -49 -60 -79 -79 -101 -62 -224 -28 -291 79 -26 43 -30 59 -30 120 1 83 25 139 80 183 69 55 141 66 215 32z m-510 -85 c158 -79 121 -328 -53 -360 -51 -9 -117 17 -156 62 -60 67 -64 169 -11 243 54 74 140 96 220 55z m5 -475 c56 -14 126 -75 155 -134 l21 -44 47 33 c69 49 125 67 205 67 97 0 174 -38 255 -126 l60 -65 50 34 c84 56 141 71 272 71 98 0 124 -4 175 -24 74 -30 179 -131 220 -211 54 -105 55 -118 55 -617 l0 -463 -465 0 -465 0 0 210 0 210 -235 0 -235 0 0 125 0 125 -236 0 -235 0 3 303 c3 294 4 303 27 355 27 60 102 133 153 149 45 15 120 15 173 2z\"><\/path><path d=\"M887 1713 c-232 -141 -243 -150 -263 -220 -30 -101 -14 -155 108 -378 221 -401 262 -473 286 -498 14 -15 50 -39 79 -54 68 -33 113 -28 196 23 337 204 347 211 373 281 20 51 15 135 -12 200 -18 44 -22 45 -67 11 -17 -13 -17 -17 -3 -72 20 -76 9 -126 -37 -159 -70 -52 -355 -217 -374 -217 -27 0 -80 37 -114 80 -15 19 -71 116 -125 215 -53 99 -125 233 -160 297 -70 130 -87 182 -73 232 12 44 33 62 189 157 74 45 149 90 165 100 17 11 47 19 68 19 32 0 45 -8 88 -50 l51 -51 34 22 34 21 -26 37 c-15 20 -47 52 -72 71 -37 29 -54 35 -106 38 l-61 3 -178 -108z\"><\/path><path d=\"M1446 1680 c-37 -7 -59 -18 -85 -45 l-36 -35 -2 -179 -1 -179 -36 -81 c-62 -141 -50 -143 122 -21 l127 90 133 0 c149 0 182 9 225 59 26 32 27 36 27 164 0 113 -3 137 -20 164 -35 58 -66 67 -245 69 -88 2 -182 -1 -209 -6z m117 -178 c39 -34 4 -112 -50 -112 -52 0 -84 78 -45 112 33 29 60 29 95 0z m235 3 c20 -18 18 -72 -3 -95 -38 -42 -105 -14 -105 44 1 65 62 95 108 51z\"><\/path><path d=\"M1025 1489 c-60 -38 -136 -83 -167 -101 -41 -23 -58 -39 -58 -53 1 -24 23 -55 39 -55 13 0 71 33 211 120 47 29 97 60 112 69 16 9 28 25 28 36 -1 25 -23 55 -41 54 -8 0 -63 -32 -124 -70z\"><\/path><path d=\"M1081 1190 c-52 -33 -99 -61 -105 -63 -15 -5 20 -77 37 -77 8 0 40 17 73 38 32 21 78 49 102 62 23 13 42 26 42 29 0 12 -40 71 -47 71 -5 0 -50 -27 -102 -60z\"><\/path><path d=\"M1285 959 c-88 -55 -166 -106 -173 -113 -12 -11 -11 -19 2 -45 20 -37 28 -37 83 -3 24 15 93 58 155 96 135 82 148 93 141 114 -7 20 -34 52 -42 51 -3 0 -78 -45 -166 -100z\"><\/path><\/g><\/svg>\t\t\t\t<\/a>\n\t\t\t<\/div>\n\t\t\t\n\t\t\t\t\t\t<div class=\"elementor-icon-box-content\">\n\n\t\t\t\t\t\t\t\t\t<h3 class=\"elementor-icon-box-title\">\n\t\t\t\t\t\t<a href=\"http:\/\/172.16.0.115\/fichasfarma\/formweb\/reporte_defecto_prod1_particular.php\" >\n\t\t\t\t\t\t\tReporte de Defectos de Calidad del Productos del P\u00fablico en General\t\t\t\t\t\t<\/a>\n\t\t\t\t\t<\/h3>\n\t\t\t\t\n\t\t\t\t\n\t\t\t<\/div>\n\t\t\t\n\t\t<\/div>\n\t\t\t\t\t\t<\/div>\n\t\t\t\t<\/div>\n\t\t\t\t\t<\/div>\n\t\t<\/div>\n\t\t\t\t<div class=\"elementor-column elementor-col-25 elementor-top-column elementor-element elementor-element-b2d03af\" data-id=\"b2d03af\" data-element_type=\"column\">\n\t\t\t<div class=\"elementor-widget-wrap\">\n\t\t\t\t\t\t\t<\/div>\n\t\t<\/div>\n\t\t\t\t\t<\/div>\n\t\t<\/section>\n\t\t\t\t<section class=\"elementor-section elementor-top-section elementor-element elementor-element-65feef2 elementor-section-boxed elementor-section-height-default elementor-section-height-default\" data-id=\"65feef2\" data-element_type=\"section\">\n\t\t\t\t\t\t<div class=\"elementor-container elementor-column-gap-default\">\n\t\t\t\t\t<div class=\"elementor-column elementor-col-100 elementor-top-column elementor-element elementor-element-9bf17eb\" data-id=\"9bf17eb\" data-element_type=\"column\">\n\t\t\t<div class=\"elementor-widget-wrap elementor-element-populated\">\n\t\t\t\t\t\t<div class=\"elementor-element elementor-element-e50ac7b elementor-widget elementor-widget-text-editor\" data-id=\"e50ac7b\" data-element_type=\"widget\" data-widget_type=\"text-editor.default\">\n\t\t\t\t<div class=\"elementor-widget-container\">\n\t\t\t\t\t\t\t\t\t<p>Los defectos de calidad son problemas que pueden producirse durante el proceso de elaboraci\u00f3n y son responsabilidad del laboratorio productor, la mayor\u00eda puede evidenciarse como cambios en el aspecto del medicamentos, es decir:<\/p><ul><li>color distinto,<\/li><li>olor desagradable,<\/li><li>presencia de gases,<\/li><li>ablandamiento o fractura de las tabletas o comprimidos,<\/li><li>c\u00e1psulas con presencia de humedad, aceitosas, de tama\u00f1os y colores diferentes<\/li><li>cremas o ung\u00fcentos no homog\u00e9neos (capas separadas), presencia de grumos o part\u00edculas s\u00f3lidas<\/li><li>suspensiones que no se redispersan (se mantiene separado el polvo del l\u00edquido)<\/li><li>presencia de contaminaci\u00f3n microbiol\u00f3gica<\/li><li>jarabes o soluciones con presencia de part\u00edculas<\/li><li>Falta de eficacia<\/li><\/ul>\t\t\t\t\t\t\t\t<\/div>\n\t\t\t\t<\/div>\n\t\t\t\t\t<\/div>\n\t\t<\/div>\n\t\t\t\t\t<\/div>\n\t\t<\/section>\n\t\t\t\t<\/div>\n\t\t","protected":false},"excerpt":{"rendered":"<p>Reporte de Defectos de Calidad de Productos de Uso y Consumo Humano Las sospechas de defectos de calidad deben informarse a la Direcci\u00f3n de Vigilancia Sanitaria adscrita a la Direcci\u00f3n General de Regulaci\u00f3n Sanitaria de Productos de Uso y Consumo Humano del INHRR, seg\u00fan la opci\u00f3n de su preferencia: Reporte de Defectos de Calidad del &#8230; <a title=\"Reporte de Defectos de Calidad de Productos de Uso y Consumo Humano\u200b Comunidad\" class=\"read-more\" href=\"https:\/\/inhrr.gob.ve\/?page_id=7018\" aria-label=\"Leer m\u00e1s sobre Reporte de Defectos de Calidad de Productos de Uso y Consumo Humano\u200b Comunidad\">Leer m\u00e1s<\/a><\/p>\n","protected":false},"author":1,"featured_media":0,"parent":0,"menu_order":0,"comment_status":"closed","ping_status":"closed","template":"","meta":{"footnotes":""},"class_list":["post-7018","page","type-page","status-publish"],"_links":{"self":[{"href":"https:\/\/inhrr.gob.ve\/index.php?rest_route=\/wp\/v2\/pages\/7018","targetHints":{"allow":["GET"]}}],"collection":[{"href":"https:\/\/inhrr.gob.ve\/index.php?rest_route=\/wp\/v2\/pages"}],"about":[{"href":"https:\/\/inhrr.gob.ve\/index.php?rest_route=\/wp\/v2\/types\/page"}],"author":[{"embeddable":true,"href":"https:\/\/inhrr.gob.ve\/index.php?rest_route=\/wp\/v2\/users\/1"}],"replies":[{"embeddable":true,"href":"https:\/\/inhrr.gob.ve\/index.php?rest_route=%2Fwp%2Fv2%2Fcomments&post=7018"}],"version-history":[{"count":23,"href":"https:\/\/inhrr.gob.ve\/index.php?rest_route=\/wp\/v2\/pages\/7018\/revisions"}],"predecessor-version":[{"id":7142,"href":"https:\/\/inhrr.gob.ve\/index.php?rest_route=\/wp\/v2\/pages\/7018\/revisions\/7142"}],"wp:attachment":[{"href":"https:\/\/inhrr.gob.ve\/index.php?rest_route=%2Fwp%2Fv2%2Fmedia&parent=7018"}],"curies":[{"name":"wp","href":"https:\/\/api.w.org\/{rel}","templated":true}]}}