{"id":7079,"date":"2022-11-12T20:45:52","date_gmt":"2022-11-13T00:45:52","guid":{"rendered":"http:\/\/172.16.0.115\/?page_id=7079"},"modified":"2022-11-12T20:49:09","modified_gmt":"2022-11-13T00:49:09","slug":"cursos-conducentes-a-grado-academico","status":"publish","type":"page","link":"https:\/\/inhrr.gob.ve\/?page_id=7079","title":{"rendered":"Cursos Conducentes a Grado Acad\u00e9mico"},"content":{"rendered":"\t\t<div data-elementor-type=\"wp-page\" data-elementor-id=\"7079\" class=\"elementor elementor-7079\" data-elementor-post-type=\"page\">\n\t\t\t\t\t\t<section class=\"elementor-section elementor-top-section elementor-element elementor-element-54f5e0c elementor-section-boxed elementor-section-height-default elementor-section-height-default\" data-id=\"54f5e0c\" data-element_type=\"section\">\n\t\t\t\t\t\t<div class=\"elementor-container elementor-column-gap-default\">\n\t\t\t\t\t<div class=\"elementor-column elementor-col-100 elementor-top-column elementor-element elementor-element-c582a02\" data-id=\"c582a02\" data-element_type=\"column\">\n\t\t\t<div class=\"elementor-widget-wrap elementor-element-populated\">\n\t\t\t\t\t\t<div class=\"elementor-element elementor-element-12ef69d elementor-widget elementor-widget-heading\" data-id=\"12ef69d\" data-element_type=\"widget\" data-widget_type=\"heading.default\">\n\t\t\t\t<div class=\"elementor-widget-container\">\n\t\t\t\t\t<h2 class=\"elementor-heading-title elementor-size-default\">Cursos Conducentes a Grado Acad\u00e9mico<\/h2>\t\t\t\t<\/div>\n\t\t\t\t<\/div>\n\t\t\t\t\t<\/div>\n\t\t<\/div>\n\t\t\t\t\t<\/div>\n\t\t<\/section>\n\t\t\t\t<section class=\"elementor-section elementor-top-section elementor-element elementor-element-f62151e elementor-section-boxed elementor-section-height-default elementor-section-height-default\" data-id=\"f62151e\" data-element_type=\"section\">\n\t\t\t\t\t\t<div class=\"elementor-container elementor-column-gap-default\">\n\t\t\t\t\t<div class=\"elementor-column elementor-col-100 elementor-top-column elementor-element elementor-element-d6ce0a4\" data-id=\"d6ce0a4\" data-element_type=\"column\">\n\t\t\t<div class=\"elementor-widget-wrap elementor-element-populated\">\n\t\t\t\t\t\t<div class=\"elementor-element elementor-element-aab8286 elementor-tabs-view-horizontal elementor-widget elementor-widget-tabs\" data-id=\"aab8286\" data-element_type=\"widget\" data-widget_type=\"tabs.default\">\n\t\t\t\t<div class=\"elementor-widget-container\">\n\t\t\t\t\t\t\t<div class=\"elementor-tabs\">\n\t\t\t<div class=\"elementor-tabs-wrapper\" role=\"tablist\" >\n\t\t\t\t\t\t\t\t\t<div id=\"elementor-tab-title-1791\" class=\"elementor-tab-title elementor-tab-desktop-title\" aria-selected=\"true\" data-tab=\"1\" role=\"tab\" tabindex=\"0\" aria-controls=\"elementor-tab-content-1791\" aria-expanded=\"false\">Micolog\u00eda M\u00e9dica<\/div>\n\t\t\t\t\t\t\t\t\t<div id=\"elementor-tab-title-1792\" class=\"elementor-tab-title elementor-tab-desktop-title\" aria-selected=\"false\" data-tab=\"2\" role=\"tab\" tabindex=\"-1\" aria-controls=\"elementor-tab-content-1792\" aria-expanded=\"false\">Vigilancia Sanitaria de Medicamentos<\/div>\n\t\t\t\t\t\t\t\t\t<div id=\"elementor-tab-title-1793\" class=\"elementor-tab-title elementor-tab-desktop-title\" aria-selected=\"false\" data-tab=\"3\" role=\"tab\" tabindex=\"-1\" aria-controls=\"elementor-tab-content-1793\" aria-expanded=\"false\">Biolog\u00eda Aplicada al Diagn\u00f3stico<\/div>\n\t\t\t\t\t\t\t<\/div>\n\t\t\t<div class=\"elementor-tabs-content-wrapper\" role=\"tablist\" aria-orientation=\"vertical\">\n\t\t\t\t\t\t\t\t\t<div class=\"elementor-tab-title elementor-tab-mobile-title\" aria-selected=\"true\" data-tab=\"1\" role=\"tab\" tabindex=\"0\" aria-controls=\"elementor-tab-content-1791\" aria-expanded=\"false\">Micolog\u00eda M\u00e9dica<\/div>\n\t\t\t\t\t<div id=\"elementor-tab-content-1791\" class=\"elementor-tab-content elementor-clearfix\" data-tab=\"1\" role=\"tabpanel\" aria-labelledby=\"elementor-tab-title-1791\" tabindex=\"0\" hidden=\"false\"><p><strong>Objetivos Generales<\/strong><\/p><p>Formar especialistas en Micolog\u00eda M\u00e9dica, capacitados para diagnosticar, prevenir y dar seguimiento de las micosis que afectan a la poblaci\u00f3n en Venezuela.<\/p><p>Formar especialistas en Micolog\u00eda M\u00e9dica capaces de asesorar a los equipos de salud en materia de prevenci\u00f3n de las micosis, as\u00ed como en las pautas de tratamiento.<\/p><p><strong>Objetivos Espec\u00edficos<\/strong><\/p><p>Capacitar a los profesionales en las t\u00e9cnicas para el diagn\u00f3stico micol\u00f3gico.<\/p><p>Formar a los participantes en la interpretaci\u00f3n y an\u00e1lisis de los resultados del diagn\u00f3stico micol\u00f3gico.<\/p><p>Formar profesionales que sean capaces de orientar el tratamiento de las micosis.<\/p><p>Capacitar a los participantes en la formulaci\u00f3n de programas comunitarios para la prevenci\u00f3n y seguimiento de las micosis.<\/p><p>Estimular en el participante el trabajo en equipo, conducente a la atenci\u00f3n integral del paciente con micosis.<\/p><\/div>\n\t\t\t\t\t\t\t\t\t<div class=\"elementor-tab-title elementor-tab-mobile-title\" aria-selected=\"false\" data-tab=\"2\" role=\"tab\" tabindex=\"-1\" aria-controls=\"elementor-tab-content-1792\" aria-expanded=\"false\">Vigilancia Sanitaria de Medicamentos<\/div>\n\t\t\t\t\t<div id=\"elementor-tab-content-1792\" class=\"elementor-tab-content elementor-clearfix\" data-tab=\"2\" role=\"tabpanel\" aria-labelledby=\"elementor-tab-title-1792\" tabindex=\"0\" hidden=\"hidden\"><p><strong>Objetivos Generales<\/strong><\/p><p>Formar especialistas en Vigilancia Sanitaria de Medicamentos capacitados para coordinar, regular, evaluar, vigilar y hacer seguimiento t\u00e9cnico cient\u00edfico del registro y control de medicamentos de acuerdo a los avances de la ciencia y las normas nacionales e internacionales vigentes, que le permitan asesorar a organismos p\u00fablicos y privados a fin de garantizar productos eficaces, seguros y de calidad que puedan ser usados racionalmente por la poblaci\u00f3n, contribuyendo as\u00ed a la preservaci\u00f3n y recuperaci\u00f3n de la salud.<\/p><p><strong>Objetivos Espec\u00edficos<\/strong><\/p><p>Capacitar en el monitoreo y evaluaci\u00f3n de todos los procesos correspondientes al registro, y control de medicamentos.<\/p><p>Comprender el papel del especialista en vigilancia de medicamentos en la prestaci\u00f3n de servicios de salud.<\/p><p>Preparar especialistas capaces de gerenciar programas en organizaciones oficiales y privadas, relacionados con el desarrollo, registro y control de los medicamentos.<\/p><p>Establecer criterios generales y necesarios que favorezcan la toma de decisiones en el registro y control de medicamentos eficaces, seguros y de calidad.<\/p><p>Capacitar al estudiante en la elaboraci\u00f3n del informe farmacol\u00f3gico.<\/p><p>Capacitar al participante en la evaluaci\u00f3n, dise\u00f1o y coordinaci\u00f3n de estudios de vigilancia farmac\u00e9utica y vigilancia farmacol\u00f3gica (Farmacovigilancia y Farmacoepidemiolog\u00eda) en el control post registro de los medicamentos.<\/p><\/div>\n\t\t\t\t\t\t\t\t\t<div class=\"elementor-tab-title elementor-tab-mobile-title\" aria-selected=\"false\" data-tab=\"3\" role=\"tab\" tabindex=\"-1\" aria-controls=\"elementor-tab-content-1793\" aria-expanded=\"false\">Biolog\u00eda Aplicada al Diagn\u00f3stico<\/div>\n\t\t\t\t\t<div id=\"elementor-tab-content-1793\" class=\"elementor-tab-content elementor-clearfix\" data-tab=\"3\" role=\"tabpanel\" aria-labelledby=\"elementor-tab-title-1793\" tabindex=\"0\" hidden=\"hidden\"><p><strong>En construcci\u00f3n<\/strong><\/p><\/div>\n\t\t\t\t\t\t\t<\/div>\n\t\t<\/div>\n\t\t\t\t\t\t<\/div>\n\t\t\t\t<\/div>\n\t\t\t\t\t<\/div>\n\t\t<\/div>\n\t\t\t\t\t<\/div>\n\t\t<\/section>\n\t\t\t\t<\/div>\n\t\t","protected":false},"excerpt":{"rendered":"<p>Micolog\u00eda M\u00e9dica Vigilancia Sanitaria de Medicamentos Biolog\u00eda Aplicada al Diagn\u00f3stico Micolog\u00eda M\u00e9dica Objetivos Generales Formar especialistas en Micolog\u00eda M\u00e9dica, capacitados para diagnosticar, prevenir y dar seguimiento de las micosis que afectan a la poblaci\u00f3n en Venezuela. Formar especialistas en Micolog\u00eda M\u00e9dica capaces de asesorar a los equipos de salud en materia de prevenci\u00f3n de las &#8230; <a title=\"Cursos Conducentes a Grado Acad\u00e9mico\" class=\"read-more\" href=\"https:\/\/inhrr.gob.ve\/?page_id=7079\" aria-label=\"Leer m\u00e1s sobre Cursos Conducentes a Grado Acad\u00e9mico\">Leer m\u00e1s<\/a><\/p>\n","protected":false},"author":1,"featured_media":0,"parent":0,"menu_order":0,"comment_status":"closed","ping_status":"closed","template":"","meta":{"footnotes":""},"class_list":["post-7079","page","type-page","status-publish"],"_links":{"self":[{"href":"https:\/\/inhrr.gob.ve\/index.php?rest_route=\/wp\/v2\/pages\/7079","targetHints":{"allow":["GET"]}}],"collection":[{"href":"https:\/\/inhrr.gob.ve\/index.php?rest_route=\/wp\/v2\/pages"}],"about":[{"href":"https:\/\/inhrr.gob.ve\/index.php?rest_route=\/wp\/v2\/types\/page"}],"author":[{"embeddable":true,"href":"https:\/\/inhrr.gob.ve\/index.php?rest_route=\/wp\/v2\/users\/1"}],"replies":[{"embeddable":true,"href":"https:\/\/inhrr.gob.ve\/index.php?rest_route=%2Fwp%2Fv2%2Fcomments&post=7079"}],"version-history":[{"count":4,"href":"https:\/\/inhrr.gob.ve\/index.php?rest_route=\/wp\/v2\/pages\/7079\/revisions"}],"predecessor-version":[{"id":7087,"href":"https:\/\/inhrr.gob.ve\/index.php?rest_route=\/wp\/v2\/pages\/7079\/revisions\/7087"}],"wp:attachment":[{"href":"https:\/\/inhrr.gob.ve\/index.php?rest_route=%2Fwp%2Fv2%2Fmedia&parent=7079"}],"curies":[{"name":"wp","href":"https:\/\/api.w.org\/{rel}","templated":true}]}}