{"id":7130,"date":"2022-11-12T21:37:14","date_gmt":"2022-11-13T01:37:14","guid":{"rendered":"http:\/\/172.16.0.115\/?page_id=7130"},"modified":"2022-11-12T21:46:33","modified_gmt":"2022-11-13T01:46:33","slug":"notificacion-de-medicamentos-falsificados-comunidad","status":"publish","type":"page","link":"https:\/\/inhrr.gob.ve\/?page_id=7130","title":{"rendered":"Notificaci\u00f3n de Medicamentos Falsificados &#8211; Comunidad"},"content":{"rendered":"\t\t<div data-elementor-type=\"wp-page\" data-elementor-id=\"7130\" class=\"elementor elementor-7130\" data-elementor-post-type=\"page\">\n\t\t\t\t\t\t<section class=\"elementor-section elementor-top-section elementor-element elementor-element-13ebab3 elementor-section-boxed elementor-section-height-default elementor-section-height-default\" data-id=\"13ebab3\" data-element_type=\"section\">\n\t\t\t\t\t\t<div class=\"elementor-container elementor-column-gap-default\">\n\t\t\t\t\t<div class=\"elementor-column elementor-col-100 elementor-top-column elementor-element elementor-element-df340d7\" data-id=\"df340d7\" data-element_type=\"column\">\n\t\t\t<div class=\"elementor-widget-wrap elementor-element-populated\">\n\t\t\t\t\t\t<div class=\"elementor-element elementor-element-8e4ebe8 elementor-widget elementor-widget-heading\" data-id=\"8e4ebe8\" data-element_type=\"widget\" data-widget_type=\"heading.default\">\n\t\t\t\t<div class=\"elementor-widget-container\">\n\t\t\t\t\t<h2 class=\"elementor-heading-title elementor-size-default\">Notificaci\u00f3n de Medicamentos Falsificados<\/h2>\t\t\t\t<\/div>\n\t\t\t\t<\/div>\n\t\t\t\t<div class=\"elementor-element elementor-element-a521a7e elementor-widget elementor-widget-text-editor\" data-id=\"a521a7e\" data-element_type=\"widget\" data-widget_type=\"text-editor.default\">\n\t\t\t\t<div class=\"elementor-widget-container\">\n\t\t\t\t\t\t\t\t\t<p>Los medicamentos falsificados son productos que tergiversan deliberada o fraudulentamente su identidad, composici\u00f3n u origen.<\/p><p>La falsificaci\u00f3n de medicamentos puede afectar tanto a productos de marca como a gen\u00e9ricos, y puede tratarse de productos elaborados con los ingredientes incorrectos o correctos, pudiendo incluso llegar a sustituirse por sustancias t\u00f3xicas, con principios activos en cantidad insuficiente o sin ellos, o con envases falsificados.<\/p>\t\t\t\t\t\t\t\t<\/div>\n\t\t\t\t<\/div>\n\t\t\t\t\t<\/div>\n\t\t<\/div>\n\t\t\t\t\t<\/div>\n\t\t<\/section>\n\t\t\t\t<section class=\"elementor-section elementor-top-section elementor-element elementor-element-61f6e33 elementor-section-boxed elementor-section-height-default elementor-section-height-default\" data-id=\"61f6e33\" data-element_type=\"section\">\n\t\t\t\t\t\t<div class=\"elementor-container elementor-column-gap-default\">\n\t\t\t\t\t<div class=\"elementor-column elementor-col-50 elementor-top-column elementor-element elementor-element-c2c80a2 botonR\" data-id=\"c2c80a2\" data-element_type=\"column\">\n\t\t\t<div class=\"elementor-widget-wrap elementor-element-populated\">\n\t\t\t\t\t\t<div class=\"elementor-element elementor-element-bc6641b elementor-position-block-start elementor-view-default elementor-mobile-position-block-start elementor-widget elementor-widget-icon-box\" data-id=\"bc6641b\" data-element_type=\"widget\" data-widget_type=\"icon-box.default\">\n\t\t\t\t<div class=\"elementor-widget-container\">\n\t\t\t\t\t\t\t<div class=\"elementor-icon-box-wrapper\">\n\n\t\t\t\t\t\t<div class=\"elementor-icon-box-icon\">\n\t\t\t\t<a href=\"http:\/\/172.16.0.115\/fichasfarma\/formweb\/rep_prod_falsificado1_particular.php\" class=\"elementor-icon elementor-animation-grow\" tabindex=\"-1\" aria-label=\"Reporte de Productos Falsificados de Uso y Consumo Humano del P\u00fablico en General\">\n\t\t\t\t<svg xmlns=\"http:\/\/www.w3.org\/2000\/svg\" width=\"411.000000pt\" height=\"254.000000pt\" viewBox=\"0 0 411.000000 254.000000\" preserveAspectRatio=\"xMidYMid meet\"><g transform=\"translate(0.000000,254.000000) scale(0.100000,-0.100000)\" fill=\"#000000\" stroke=\"none\"><path d=\"M1070 2534 c-388 -48 -742 -301 -921 -657 -104 -207 -142 -367 -143 -602 -1 -235 32 -380 134 -590 164 -338 472 -586 823 -660 251 -54 555 -9 782 115 117 65 142 116 89 179 -35 42 -66 40 -151 -9 -134 -78 -333 -130 -491 -130 -200 1 -417 75 -583 200 -197 147 -337 362 -407 620 -23 85 -25 114 -25 270 0 157 2 185 25 270 60 219 157 388 302 528 130 124 251 198 408 246 205 64 391 61 599 -9 167 -56 321 -158 437 -290 l42 -48 0 -913 0 -914 1060 0 1060 0 0 1130 0 1130 -1060 0 -1060 0 0 -85 0 -86 -83 64 c-145 110 -308 186 -482 223 -70 15 -289 26 -355 18z m2602 -251 c142 -80 199 -273 124 -421 -113 -222 -401 -228 -522 -10 -27 49 -29 61 -29 153 0 85 3 106 23 142 63 120 157 175 284 169 51 -2 79 -10 120 -33z m-682 -64 c94 -42 134 -107 135 -215 0 -61 -4 -77 -30 -120 -19 -30 -49 -60 -79 -79 -101 -62 -224 -28 -291 79 -26 43 -30 59 -30 120 1 83 25 139 80 183 69 55 141 66 215 32z m-510 -85 c158 -79 121 -328 -53 -360 -51 -9 -117 17 -156 62 -60 67 -64 169 -11 243 54 74 140 96 220 55z m5 -475 c56 -14 126 -75 155 -134 l21 -44 47 33 c69 49 125 67 205 67 97 0 174 -38 255 -126 l60 -65 50 34 c84 56 141 71 272 71 98 0 124 -4 175 -24 74 -30 179 -131 220 -211 54 -105 55 -118 55 -617 l0 -463 -465 0 -465 0 0 210 0 210 -235 0 -235 0 0 125 0 125 -236 0 -235 0 3 303 c3 294 4 303 27 355 27 60 102 133 153 149 45 15 120 15 173 2z\"><\/path><path d=\"M887 1713 c-232 -141 -243 -150 -263 -220 -30 -101 -14 -155 108 -378 221 -401 262 -473 286 -498 14 -15 50 -39 79 -54 68 -33 113 -28 196 23 337 204 347 211 373 281 20 51 15 135 -12 200 -18 44 -22 45 -67 11 -17 -13 -17 -17 -3 -72 20 -76 9 -126 -37 -159 -70 -52 -355 -217 -374 -217 -27 0 -80 37 -114 80 -15 19 -71 116 -125 215 -53 99 -125 233 -160 297 -70 130 -87 182 -73 232 12 44 33 62 189 157 74 45 149 90 165 100 17 11 47 19 68 19 32 0 45 -8 88 -50 l51 -51 34 22 34 21 -26 37 c-15 20 -47 52 -72 71 -37 29 -54 35 -106 38 l-61 3 -178 -108z\"><\/path><path d=\"M1446 1680 c-37 -7 -59 -18 -85 -45 l-36 -35 -2 -179 -1 -179 -36 -81 c-62 -141 -50 -143 122 -21 l127 90 133 0 c149 0 182 9 225 59 26 32 27 36 27 164 0 113 -3 137 -20 164 -35 58 -66 67 -245 69 -88 2 -182 -1 -209 -6z m117 -178 c39 -34 4 -112 -50 -112 -52 0 -84 78 -45 112 33 29 60 29 95 0z m235 3 c20 -18 18 -72 -3 -95 -38 -42 -105 -14 -105 44 1 65 62 95 108 51z\"><\/path><path d=\"M1025 1489 c-60 -38 -136 -83 -167 -101 -41 -23 -58 -39 -58 -53 1 -24 23 -55 39 -55 13 0 71 33 211 120 47 29 97 60 112 69 16 9 28 25 28 36 -1 25 -23 55 -41 54 -8 0 -63 -32 -124 -70z\"><\/path><path d=\"M1081 1190 c-52 -33 -99 -61 -105 -63 -15 -5 20 -77 37 -77 8 0 40 17 73 38 32 21 78 49 102 62 23 13 42 26 42 29 0 12 -40 71 -47 71 -5 0 -50 -27 -102 -60z\"><\/path><path d=\"M1285 959 c-88 -55 -166 -106 -173 -113 -12 -11 -11 -19 2 -45 20 -37 28 -37 83 -3 24 15 93 58 155 96 135 82 148 93 141 114 -7 20 -34 52 -42 51 -3 0 -78 -45 -166 -100z\"><\/path><\/g><\/svg>\t\t\t\t<\/a>\n\t\t\t<\/div>\n\t\t\t\n\t\t\t\t\t\t<div class=\"elementor-icon-box-content\">\n\n\t\t\t\t\t\t\t\t\t<h3 class=\"elementor-icon-box-title\">\n\t\t\t\t\t\t<a href=\"http:\/\/172.16.0.115\/fichasfarma\/formweb\/rep_prod_falsificado1_particular.php\" >\n\t\t\t\t\t\t\tReporte de Productos Falsificados de Uso y Consumo Humano del P\u00fablico en General\t\t\t\t\t\t<\/a>\n\t\t\t\t\t<\/h3>\n\t\t\t\t\n\t\t\t\t\n\t\t\t<\/div>\n\t\t\t\n\t\t<\/div>\n\t\t\t\t\t\t<\/div>\n\t\t\t\t<\/div>\n\t\t\t\t\t<\/div>\n\t\t<\/div>\n\t\t\t\t<div class=\"elementor-column elementor-col-50 elementor-top-column elementor-element elementor-element-b48e4ef botonR\" data-id=\"b48e4ef\" data-element_type=\"column\">\n\t\t\t<div class=\"elementor-widget-wrap elementor-element-populated\">\n\t\t\t\t\t\t<div class=\"elementor-element elementor-element-04e6b4e elementor-position-block-start elementor-view-default elementor-mobile-position-block-start elementor-widget elementor-widget-icon-box\" data-id=\"04e6b4e\" data-element_type=\"widget\" data-widget_type=\"icon-box.default\">\n\t\t\t\t<div class=\"elementor-widget-container\">\n\t\t\t\t\t\t\t<div class=\"elementor-icon-box-wrapper\">\n\n\t\t\t\t\t\t<div class=\"elementor-icon-box-icon\">\n\t\t\t\t<a href=\"https:\/\/inhrr.gob.ve\/?page_id=548\" class=\"elementor-icon elementor-animation-grow\" tabindex=\"-1\" aria-label=\"Consulta de Medicamentos Falsificados\">\n\t\t\t\t<svg xmlns=\"http:\/\/www.w3.org\/2000\/svg\" width=\"226.000000pt\" height=\"225.000000pt\" viewBox=\"0 0 226.000000 225.000000\" preserveAspectRatio=\"xMidYMid meet\"><g transform=\"translate(0.000000,225.000000) scale(0.100000,-0.100000)\" fill=\"#000000\" stroke=\"none\"><path d=\"M187 2203 c-4 -3 -7 -77 -7 -163 0 -165 4 -180 47 -180 21 0 23 -4 23 -60 l0 -61 -105 -122 -104 -122 -1 -488 c0 -544 -1 -532 68 -585 l35 -27 369 -3 368 -3 0 -115 c0 -130 10 -166 59 -207 l33 -27 577 0 578 0 34 23 c58 39 59 42 59 396 0 307 -1 325 -20 356 -38 62 -58 65 -460 65 l-360 0 0 303 0 304 -105 122 -105 123 0 64 c0 57 2 64 19 64 44 0 51 22 51 175 0 79 -3 150 -6 159 -5 14 -61 16 -523 16 -285 0 -521 -3 -524 -7z m974 -65 c1 -19 2 -149 0 -180 l-1 -28 -455 0 -455 0 0 110 0 110 455 0 c357 0 455 -3 456 -12z m-71 -328 l0 -50 -385 0 -385 0 0 50 0 50 385 0 385 0 0 -50z m98 -208 l73 -87 -281 -3 c-155 -1 -405 -1 -556 0 l-274 3 75 88 76 87 407 -1 407 0 73 -87z m122 -442 l0 -280 -157 0 c-131 0 -164 -3 -192 -18 -51 -25 -72 -60 -78 -130 l-6 -62 -387 0 -387 0 0 385 0 385 604 0 603 0 0 -280z m810 -360 c34 -18 39 -67 37 -362 -2 -285 -2 -288 -25 -310 l-23 -23 -555 0 -556 0 -24 29 -25 28 3 305 3 305 24 19 c22 18 47 19 573 19 344 0 556 -4 568 -10z m-1240 -270 l0 -70 -354 0 c-341 0 -354 1 -379 21 -27 20 -53 91 -42 109 4 6 151 10 391 10 l384 0 0 -70z\"><\/path><path d=\"M612 1288 c-7 -7 -12 -38 -12 -70 l0 -58 -58 0 c-32 0 -63 -5 -70 -12 -7 -7 -12 -45 -12 -99 0 -99 0 -99 86 -99 l54 0 0 -59 c0 -38 5 -63 14 -70 9 -8 46 -11 103 -9 l88 3 3 67 3 67 67 3 67 3 0 100 0 100 -67 3 -68 3 0 54 c0 85 0 85 -99 85 -54 0 -92 -5 -99 -12z m128 -116 c0 -32 5 -63 12 -70 7 -7 38 -12 70 -12 l58 0 0 -35 0 -35 -58 0 c-32 0 -63 -5 -70 -12 -7 -7 -12 -38 -12 -70 l0 -58 -35 0 -35 0 0 58 c0 32 -5 63 -12 70 -7 7 -38 12 -70 12 l-58 0 0 35 0 35 58 0 c32 0 63 5 70 12 7 7 12 38 12 70 l0 58 35 0 35 0 0 -58z\"><\/path><path d=\"M1074 721 c-42 -25 -61 -80 -44 -122 39 -92 161 -92 200 0 25 62 -31 141 -100 141 -14 0 -39 -9 -56 -19z m80 -67 c22 -21 3 -56 -27 -52 -37 5 -33 67 5 68 4 0 14 -7 22 -16z\"><\/path><path d=\"M1374 730 c-66 -27 -85 -120 -35 -171 43 -43 101 -41 147 5 51 51 43 119 -18 156 -35 21 -60 24 -94 10z m67 -76 c17 -21 0 -49 -32 -49 -27 0 -37 28 -19 50 16 19 34 19 51 -1z\"><\/path><path d=\"M1660 733 c-58 -23 -85 -94 -55 -148 52 -98 195 -58 195 54 0 60 -84 117 -140 94z m63 -84 c15 -24 1 -49 -27 -49 -29 0 -44 33 -25 56 15 18 38 15 52 -7z\"><\/path><path d=\"M1924 721 c-36 -22 -58 -75 -48 -115 10 -41 59 -76 106 -76 30 0 46 7 69 29 84 85 -26 226 -127 162z m74 -60 c8 -4 12 -19 10 -32 -4 -29 -45 -34 -61 -7 -19 30 19 60 51 39z\"><\/path><path d=\"M1083 374 c-39 -20 -67 -74 -58 -114 16 -74 114 -104 173 -55 58 49 47 136 -21 168 -43 21 -53 21 -94 1z m65 -63 c21 -13 11 -55 -15 -59 -30 -4 -49 31 -27 52 18 18 24 19 42 7z\"><\/path><path d=\"M1374 380 c-66 -27 -85 -120 -35 -171 64 -63 181 -17 181 71 0 37 -30 81 -65 96 -39 16 -51 16 -81 4z m60 -73 c28 -21 12 -59 -22 -55 -30 3 -41 30 -22 53 15 18 21 19 44 2z\"><\/path><path d=\"M1653 375 c-33 -14 -63 -59 -63 -95 0 -29 27 -77 49 -90 11 -5 37 -10 58 -10 54 0 93 33 100 87 7 52 -14 89 -62 109 -41 17 -42 17 -82 -1z m67 -70 c20 -25 8 -50 -25 -50 -21 0 -31 5 -33 18 -4 21 14 47 33 47 7 0 18 -7 25 -15z\"><\/path><path d=\"M1932 375 c-39 -17 -66 -72 -57 -116 10 -43 58 -79 107 -79 111 0 137 152 32 196 -40 17 -41 17 -82 -1z m71 -77 c15 -23 1 -48 -28 -48 -14 0 -25 2 -25 4 0 2 -3 11 -6 19 -6 16 23 50 39 44 6 -2 15 -10 20 -19z\"><\/path><path d=\"M1541 1895 c-38 -34 -58 -73 -55 -105 1 -8 2 -23 3 -33 1 -25 185 -212 228 -232 64 -31 148 8 180 83 26 62 12 90 -111 211 -111 109 -114 111 -159 111 -40 0 -53 -6 -86 -35z m139 -70 l34 -35 -44 -45 -44 -45 -32 31 c-44 42 -47 63 -17 99 33 39 61 38 103 -5z m129 -122 c38 -46 38 -57 2 -94 -38 -37 -53 -37 -99 5 l-37 35 45 45 c24 25 47 46 51 46 4 0 21 -17 38 -37z\"><\/path><path d=\"M1895 1361 c-11 -5 -67 -57 -125 -115 -105 -106 -105 -106 -105 -156 0 -44 4 -53 39 -89 43 -44 78 -56 128 -46 35 8 210 170 234 217 30 57 7 136 -50 173 -30 20 -93 28 -121 16z m92 -83 c32 -30 29 -66 -9 -105 l-32 -33 -43 42 c-24 23 -43 45 -43 50 0 15 66 68 84 68 11 0 30 -10 43 -22z m-129 -223 c-45 -42 -71 -44 -103 -9 -33 36 -31 53 11 98 l36 38 47 -46 46 -47 -37 -34z\"><\/path><\/g><\/svg>\t\t\t\t<\/a>\n\t\t\t<\/div>\n\t\t\t\n\t\t\t\t\t\t<div class=\"elementor-icon-box-content\">\n\n\t\t\t\t\t\t\t\t\t<h3 class=\"elementor-icon-box-title\">\n\t\t\t\t\t\t<a href=\"https:\/\/inhrr.gob.ve\/?page_id=548\" >\n\t\t\t\t\t\t\tConsulta de Medicamentos Falsificados\t\t\t\t\t\t<\/a>\n\t\t\t\t\t<\/h3>\n\t\t\t\t\n\t\t\t\t\n\t\t\t<\/div>\n\t\t\t\n\t\t<\/div>\n\t\t\t\t\t\t<\/div>\n\t\t\t\t<\/div>\n\t\t\t\t\t<\/div>\n\t\t<\/div>\n\t\t\t\t\t<\/div>\n\t\t<\/section>\n\t\t\t\t<section class=\"elementor-section elementor-top-section elementor-element elementor-element-00fcdea elementor-section-boxed elementor-section-height-default elementor-section-height-default\" data-id=\"00fcdea\" data-element_type=\"section\">\n\t\t\t\t\t\t<div class=\"elementor-container elementor-column-gap-default\">\n\t\t\t\t\t<div class=\"elementor-column elementor-col-100 elementor-top-column elementor-element elementor-element-601c5e7\" data-id=\"601c5e7\" data-element_type=\"column\">\n\t\t\t<div class=\"elementor-widget-wrap elementor-element-populated\">\n\t\t\t\t\t\t<div class=\"elementor-element elementor-element-92ac002 elementor-widget elementor-widget-text-editor\" data-id=\"92ac002\" data-element_type=\"widget\" data-widget_type=\"text-editor.default\">\n\t\t\t\t<div class=\"elementor-widget-container\">\n\t\t\t\t\t\t\t\t\t<p>Recomendaciones:<\/p><ul><li>Adquiera los medicamentos solo en establecimientos farmac\u00e9uticos.<\/li><li>Los productos farmac\u00e9uticos falsificados pueden contener sustancias t\u00f3xicas, principios activos incorrectos y\/o en cantidades inadecuadas, pueden contener impurezas desconocidas o incluso estar contaminados, ocasionando graves da\u00f1os a la salud.<\/li><li>Los productos farmac\u00e9uticos falsificados suelen fabricarse en condiciones higi\u00e9nicas no adecuada.<\/li><li>Los productos farmac\u00e9uticos falsificados son muy dif\u00edciles de detectar. A menudo est\u00e1n dise\u00f1ados para que parezcan id\u00e9nticos a los productos leg\u00edtimos aunque a menudo resultan ineficaces como tratamiento de las enfermedades o afecciones a las que est\u00e1n destinados y pueden conllevar graves consecuencias para la salud, entre ellas la muerte.<\/li><\/ul>\t\t\t\t\t\t\t\t<\/div>\n\t\t\t\t<\/div>\n\t\t\t\t\t<\/div>\n\t\t<\/div>\n\t\t\t\t\t<\/div>\n\t\t<\/section>\n\t\t\t\t<\/div>\n\t\t","protected":false},"excerpt":{"rendered":"<p>Notificaci\u00f3n de Medicamentos Falsificados Los medicamentos falsificados son productos que tergiversan deliberada o fraudulentamente su identidad, composici\u00f3n u origen. La falsificaci\u00f3n de medicamentos puede afectar tanto a productos de marca como a gen\u00e9ricos, y puede tratarse de productos elaborados con los ingredientes incorrectos o correctos, pudiendo incluso llegar a sustituirse por sustancias t\u00f3xicas, con principios &#8230; <a title=\"Notificaci\u00f3n de Medicamentos Falsificados &#8211; Comunidad\" class=\"read-more\" href=\"https:\/\/inhrr.gob.ve\/?page_id=7130\" aria-label=\"Leer m\u00e1s sobre Notificaci\u00f3n de Medicamentos Falsificados &#8211; Comunidad\">Leer m\u00e1s<\/a><\/p>\n","protected":false},"author":1,"featured_media":0,"parent":0,"menu_order":0,"comment_status":"closed","ping_status":"closed","template":"","meta":{"footnotes":""},"class_list":["post-7130","page","type-page","status-publish"],"_links":{"self":[{"href":"https:\/\/inhrr.gob.ve\/index.php?rest_route=\/wp\/v2\/pages\/7130","targetHints":{"allow":["GET"]}}],"collection":[{"href":"https:\/\/inhrr.gob.ve\/index.php?rest_route=\/wp\/v2\/pages"}],"about":[{"href":"https:\/\/inhrr.gob.ve\/index.php?rest_route=\/wp\/v2\/types\/page"}],"author":[{"embeddable":true,"href":"https:\/\/inhrr.gob.ve\/index.php?rest_route=\/wp\/v2\/users\/1"}],"replies":[{"embeddable":true,"href":"https:\/\/inhrr.gob.ve\/index.php?rest_route=%2Fwp%2Fv2%2Fcomments&post=7130"}],"version-history":[{"count":4,"href":"https:\/\/inhrr.gob.ve\/index.php?rest_route=\/wp\/v2\/pages\/7130\/revisions"}],"predecessor-version":[{"id":7145,"href":"https:\/\/inhrr.gob.ve\/index.php?rest_route=\/wp\/v2\/pages\/7130\/revisions\/7145"}],"wp:attachment":[{"href":"https:\/\/inhrr.gob.ve\/index.php?rest_route=%2Fwp%2Fv2%2Fmedia&parent=7130"}],"curies":[{"name":"wp","href":"https:\/\/api.w.org\/{rel}","templated":true}]}}