{"id":8786,"date":"2024-07-17T13:40:56","date_gmt":"2024-07-17T17:40:56","guid":{"rendered":"https:\/\/inhrr.gob.ve\/?page_id=8786"},"modified":"2025-03-27T12:07:15","modified_gmt":"2025-03-27T16:07:15","slug":"docenciaweb","status":"publish","type":"page","link":"https:\/\/inhrr.gob.ve\/?page_id=8786","title":{"rendered":"docenciaweb"},"content":{"rendered":"\t\t<div data-elementor-type=\"wp-page\" data-elementor-id=\"8786\" class=\"elementor elementor-8786\" data-elementor-post-type=\"page\">\n\t\t\t\t\t\t<section class=\"elementor-section elementor-top-section elementor-element elementor-element-071c0c6 elementor-section-height-min-height elementor-section-boxed elementor-section-height-default elementor-section-items-middle\" data-id=\"071c0c6\" data-element_type=\"section\">\n\t\t\t\t\t\t<div class=\"elementor-container elementor-column-gap-default\">\n\t\t\t\t\t<div class=\"elementor-column elementor-col-50 elementor-top-column elementor-element elementor-element-5300210\" data-id=\"5300210\" data-element_type=\"column\">\n\t\t\t<div class=\"elementor-widget-wrap elementor-element-populated\">\n\t\t\t\t\t\t<div class=\"elementor-element elementor-element-779198f elementor-headline--style-highlight elementor-widget elementor-widget-animated-headline\" data-id=\"779198f\" data-element_type=\"widget\" data-settings=\"{&quot;marker&quot;:&quot;underline&quot;,&quot;highlighted_text&quot;:&quot;INHRR&quot;,&quot;headline_style&quot;:&quot;highlight&quot;,&quot;loop&quot;:&quot;yes&quot;,&quot;highlight_animation_duration&quot;:1200,&quot;highlight_iteration_delay&quot;:8000}\" data-widget_type=\"animated-headline.default\">\n\t\t\t\t<div class=\"elementor-widget-container\">\n\t\t\t\t\t\t\t<h3 class=\"elementor-headline\">\n\t\t\t\t\t<span class=\"elementor-headline-plain-text elementor-headline-text-wrapper\">Campus Virtual del<\/span>\n\t\t\t\t<span class=\"elementor-headline-dynamic-wrapper elementor-headline-text-wrapper\">\n\t\t\t\t\t<span class=\"elementor-headline-dynamic-text elementor-headline-text-active\">INHRR<\/span>\n\t\t\t\t<\/span>\n\t\t\t\t<\/h3>\n\t\t\t\t\t\t<\/div>\n\t\t\t\t<\/div>\n\t\t\t\t<div class=\"elementor-element elementor-element-b99b365 elementor-widget elementor-widget-text-editor\" data-id=\"b99b365\" data-element_type=\"widget\" data-widget_type=\"text-editor.default\">\n\t\t\t\t<div class=\"elementor-widget-container\">\n\t\t\t\t\t\t\t\t\t<p><span id=\"yui_3_17_2_1_1721483064659_32\" style=\"font-size: large;\"><span id=\"yui_3_17_2_1_1721483064659_31\"><span id=\"yui_3_17_2_1_1721483064659_30\"><span id=\"yui_3_17_2_1_1721483064659_45\" style=\"color: #002eb8;\"> permite la formaci\u00f3n y\/o actualizaci\u00f3n de los investigadores y de toda la comunidad institucional, apoy\u00e1ndose en los fundamentos de la educaci\u00f3n virtual y de las Tecnolog\u00edas de Informaci\u00f3n y Comunicaci\u00f3n (TIC), las herramientas del software libre y las redes sociales, entre otras.<\/span><\/span><\/span><\/span><\/p>\t\t\t\t\t\t\t\t<\/div>\n\t\t\t\t<\/div>\n\t\t\t\t<div class=\"elementor-element elementor-element-afe3023 elementor-align-center elementor-widget elementor-widget-button\" data-id=\"afe3023\" data-element_type=\"widget\" data-widget_type=\"button.default\">\n\t\t\t\t<div class=\"elementor-widget-container\">\n\t\t\t\t\t\t\t\t\t<div class=\"elementor-button-wrapper\">\n\t\t\t\t\t<a class=\"elementor-button elementor-button-link elementor-size-sm\" href=\"http:\/\/campus.inhrr.gob.ve:4000\/\">\n\t\t\t\t\t\t<span class=\"elementor-button-content-wrapper\">\n\t\t\t\t\t\t\t\t\t<span class=\"elementor-button-text\">Ingresa aqu\u00ed<\/span>\n\t\t\t\t\t<\/span>\n\t\t\t\t\t<\/a>\n\t\t\t\t<\/div>\n\t\t\t\t\t\t\t\t<\/div>\n\t\t\t\t<\/div>\n\t\t\t\t\t<\/div>\n\t\t<\/div>\n\t\t\t\t<div class=\"elementor-column elementor-col-50 elementor-top-column elementor-element elementor-element-5bcc0ea\" data-id=\"5bcc0ea\" data-element_type=\"column\">\n\t\t\t<div class=\"elementor-widget-wrap elementor-element-populated\">\n\t\t\t\t\t\t<div class=\"elementor-element elementor-element-5bdc5b0 elementor-testimonial--skin-default elementor-testimonial--layout-image_inline elementor-testimonial--align-center elementor-arrows-yes elementor-pagination-type-bullets elementor-widget elementor-widget-testimonial-carousel\" data-id=\"5bdc5b0\" data-element_type=\"widget\" data-settings=\"{&quot;speed&quot;:1500,&quot;autoplay_speed&quot;:9000,&quot;space_between&quot;:{&quot;unit&quot;:&quot;px&quot;,&quot;size&quot;:0,&quot;sizes&quot;:[]},&quot;show_arrows&quot;:&quot;yes&quot;,&quot;pagination&quot;:&quot;bullets&quot;,&quot;autoplay&quot;:&quot;yes&quot;,&quot;loop&quot;:&quot;yes&quot;,&quot;pause_on_hover&quot;:&quot;yes&quot;,&quot;pause_on_interaction&quot;:&quot;yes&quot;,&quot;space_between_tablet&quot;:{&quot;unit&quot;:&quot;px&quot;,&quot;size&quot;:10,&quot;sizes&quot;:[]},&quot;space_between_mobile&quot;:{&quot;unit&quot;:&quot;px&quot;,&quot;size&quot;:10,&quot;sizes&quot;:[]}}\" data-widget_type=\"testimonial-carousel.default\">\n\t\t\t\t<div class=\"elementor-widget-container\">\n\t\t\t\t\t\t\t\t\t<div class=\"elementor-swiper\">\n\t\t\t\t\t<div class=\"elementor-main-swiper swiper\" role=\"region\" aria-roledescription=\"carousel\" aria-label=\"Slides\">\n\t\t\t\t<div class=\"swiper-wrapper\">\n\t\t\t\t\t\t\t\t\t\t\t<div class=\"swiper-slide\" role=\"group\" aria-roledescription=\"slide\">\n\t\t\t\t\t\t\t\t\t<div class=\"elementor-testimonial\">\n\t\t\t\t\t\t\t<div class=\"elementor-testimonial__content\">\n\t\t\t\t\t<div class=\"elementor-testimonial__text\">\n\t\t\t\t\t\t\u00abLa educaci\u00f3n es el arma m\u00e1s poderosa que puedes usar para cambiar el mundo.\u00bb\n\t\t\t\t\t<\/div>\n\t\t\t\t\t\t\t\t\t<\/div>\n\t\t\t\t\t\t<div class=\"elementor-testimonial__footer\">\n\t\t\t\t\t\t\t\t\t<div class=\"elementor-testimonial__image\">\n\t\t\t\t\t\t<img decoding=\"async\" src=\"https:\/\/inhrr.gob.ve\/wp-content\/uploads\/2024\/07\/Nelson-mandela.jpg\" alt=\"Nelson Mandela\">\n\t\t\t\t\t\t\t\t\t\t\t<\/div>\n\t\t\t\t\t\t\t\t<cite class=\"elementor-testimonial__cite\"><span class=\"elementor-testimonial__name\">Nelson Mandela<\/span><span class=\"elementor-testimonial__title\">Universidad de Sud\u00e1frica <\/span><\/cite>\t\t\t<\/div>\n\t\t<\/div>\n\t\t\t\t\t\t\t\t<\/div>\n\t\t\t\t\t\t\t\t\t\t\t<div class=\"swiper-slide\" role=\"group\" aria-roledescription=\"slide\">\n\t\t\t\t\t\t\t\t\t<div class=\"elementor-testimonial\">\n\t\t\t\t\t\t\t<div class=\"elementor-testimonial__content\">\n\t\t\t\t\t<div class=\"elementor-testimonial__text\">\n\t\t\t\t\t\t\u00abQuien se atreve a ense\u00f1ar nunca debe dejar de aprender.\u00bb\t\t\t\t\t<\/div>\n\t\t\t\t\t\t\t\t\t<\/div>\n\t\t\t\t\t\t<div class=\"elementor-testimonial__footer\">\n\t\t\t\t\t\t\t\t\t<div class=\"elementor-testimonial__image\">\n\t\t\t\t\t\t<img decoding=\"async\" src=\"https:\/\/inhrr.gob.ve\/wp-content\/uploads\/2024\/07\/john-cotton-dana.jpg\" alt=\"John Cotton Dana\">\n\t\t\t\t\t\t\t\t\t\t\t<\/div>\n\t\t\t\t\t\t\t\t<cite class=\"elementor-testimonial__cite\"><span class=\"elementor-testimonial__name\">John Cotton Dana<\/span><span class=\"elementor-testimonial__title\">Dartmouth College<\/span><\/cite>\t\t\t<\/div>\n\t\t<\/div>\n\t\t\t\t\t\t\t\t<\/div>\n\t\t\t\t\t\t\t\t\t\t\t<div class=\"swiper-slide\" role=\"group\" aria-roledescription=\"slide\">\n\t\t\t\t\t\t\t\t\t<div class=\"elementor-testimonial\">\n\t\t\t\t\t\t\t<div class=\"elementor-testimonial__content\">\n\t\t\t\t\t<div class=\"elementor-testimonial__text\">\n\t\t\t\t\t\t\u00abLa educaci\u00f3n no cambia el mundo, cambia a las personas que van a cambiar el mundo.\u00bb\t\t\t\t\t<\/div>\n\t\t\t\t\t\t\t\t\t<\/div>\n\t\t\t\t\t\t<div class=\"elementor-testimonial__footer\">\n\t\t\t\t\t\t\t\t\t<div class=\"elementor-testimonial__image\">\n\t\t\t\t\t\t<img decoding=\"async\" src=\"https:\/\/inhrr.gob.ve\/wp-content\/uploads\/2024\/07\/Paulo-Freire.jpg\" alt=\"Paulo Freire\">\n\t\t\t\t\t\t\t\t\t\t\t<\/div>\n\t\t\t\t\t\t\t\t<cite class=\"elementor-testimonial__cite\"><span class=\"elementor-testimonial__name\">Paulo Freire<\/span><span class=\"elementor-testimonial__title\">Recife Law School<\/span><\/cite>\t\t\t<\/div>\n\t\t<\/div>\n\t\t\t\t\t\t\t\t<\/div>\n\t\t\t\t\t\t\t\t\t\t\t<div class=\"swiper-slide\" role=\"group\" aria-roledescription=\"slide\">\n\t\t\t\t\t\t\t\t\t<div class=\"elementor-testimonial\">\n\t\t\t\t\t\t\t<div class=\"elementor-testimonial__content\">\n\t\t\t\t\t<div class=\"elementor-testimonial__text\">\n\t\t\t\t\t\t\u00abLa educaci\u00f3n no es la respuesta a la pregunta. La educaci\u00f3n es el medio para encontrar la respuesta a todas las preguntas.\u00bb\t\t\t\t\t<\/div>\n\t\t\t\t\t\t\t\t\t<\/div>\n\t\t\t\t\t\t<div class=\"elementor-testimonial__footer\">\n\t\t\t\t\t\t\t\t\t<div class=\"elementor-testimonial__image\">\n\t\t\t\t\t\t<img decoding=\"async\" src=\"https:\/\/inhrr.gob.ve\/wp-content\/uploads\/2024\/07\/william-allin.jpg\" alt=\"William Allin\">\n\t\t\t\t\t\t\t\t\t\t\t<\/div>\n\t\t\t\t\t\t\t\t<cite class=\"elementor-testimonial__cite\"><span class=\"elementor-testimonial__name\">William Allin<\/span><span class=\"elementor-testimonial__title\">\tUniversidad Estatal de Nueva York <\/span><\/cite>\t\t\t<\/div>\n\t\t<\/div>\n\t\t\t\t\t\t\t\t<\/div>\n\t\t\t\t\t\t\t\t\t<\/div>\n\t\t\t\t\t\t\t\t\t\t\t\t\t\t\t<div class=\"elementor-swiper-button elementor-swiper-button-prev\" role=\"button\" tabindex=\"0\" aria-label=\"Previous\">\n\t\t\t\t\t\t\t<i aria-hidden=\"true\" class=\"eicon-chevron-left\"><\/i>\t\t\t\t\t\t<\/div>\n\t\t\t\t\t\t<div class=\"elementor-swiper-button elementor-swiper-button-next\" role=\"button\" tabindex=\"0\" aria-label=\"Next\">\n\t\t\t\t\t\t\t<i aria-hidden=\"true\" class=\"eicon-chevron-right\"><\/i>\t\t\t\t\t\t<\/div>\n\t\t\t\t\t\t\t\t\t\t\t\t\t\t\t\t<div class=\"swiper-pagination\"><\/div>\n\t\t\t\t\t\t\t\t\t\t\t\t<\/div>\n\t\t\t\t<\/div>\n\t\t\t\t\t\t\t\t<\/div>\n\t\t\t\t<\/div>\n\t\t\t\t\t<\/div>\n\t\t<\/div>\n\t\t\t\t\t<\/div>\n\t\t<\/section>\n\t\t\t\t<section class=\"elementor-section elementor-top-section elementor-element elementor-element-0d861b0 elementor-section-height-min-height elementor-section-boxed elementor-section-height-default elementor-section-items-middle\" data-id=\"0d861b0\" data-element_type=\"section\" data-settings=\"{&quot;background_background&quot;:&quot;classic&quot;}\">\n\t\t\t\t\t\t<div class=\"elementor-container elementor-column-gap-default\">\n\t\t\t\t\t<div class=\"elementor-column elementor-col-100 elementor-top-column elementor-element elementor-element-b08c2a6\" data-id=\"b08c2a6\" data-element_type=\"column\">\n\t\t\t<div class=\"elementor-widget-wrap elementor-element-populated\">\n\t\t\t\t\t\t<div class=\"elementor-element elementor-element-46749d4 elementor-widget elementor-widget-heading\" data-id=\"46749d4\" data-element_type=\"widget\" data-widget_type=\"heading.default\">\n\t\t\t\t<div class=\"elementor-widget-container\">\n\t\t\t\t\t<h1 class=\"elementor-heading-title elementor-size-default\">Webinars <\/h1>\t\t\t\t<\/div>\n\t\t\t\t<\/div>\n\t\t\t\t<div class=\"elementor-element elementor-element-d3e0989 elementor-widget elementor-widget-shortcode\" data-id=\"d3e0989\" data-element_type=\"widget\" data-widget_type=\"shortcode.default\">\n\t\t\t\t<div class=\"elementor-widget-container\">\n\t\t\t\t\t\t\t<div class=\"elementor-shortcode\"><style>.wp-show-posts-columns#wpsp-8843 {margin-left: -2em; }.wp-show-posts-columns#wpsp-8843 .wp-show-posts-inner {margin: 0 0 2em 2em; }<\/style><section id=\"wpsp-8843\" class=\" wp-show-posts-columns wp-show-posts\" style=\"\"><article class=\" wp-show-posts-single post-8828 post type-post status-publish format-standard has-post-thumbnail hentry category-webinars wpsp-col-3\" itemtype=\"http:\/\/schema.org\/CreativeWork\" itemscope><div class=\"wp-show-posts-inner\" style=\"\">\t\t\t\t\t\t<header class=\"wp-show-posts-entry-header\">\n\t\t\t\t\t\t\t<h5 class=\"wp-show-posts-entry-title\" itemprop=\"headline\"><a href=\"https:\/\/inhrr.gob.ve\/?p=8828\" rel=\"bookmark\">Desarrollo y Evaluaci\u00f3n de Perfiles de Disoluci\u00f3n de Medicamentos. Sar\u00edn Col\u00f3n e Ylmar Rojas.<\/a><\/h5><div class=\"wp-show-posts-entry-meta wp-show-posts-entry-meta-below-title post-meta-inline\"><span class=\"wp-show-posts-posted-on wp-show-posts-meta\">\n\t\t\t\t\t<a href=\"https:\/\/inhrr.gob.ve\/?p=8828\" title=\"1:40 pm\" rel=\"bookmark\"><time class=\"wp-show-posts-entry-date published\" datetime=\"2024-07-20T13:40:22-04:00\" itemprop=\"datePublished\">20\/07\/2024<\/time><time class=\"wp-show-posts-updated\" datetime=\"2024-09-14T15:24:41-04:00\" itemprop=\"dateModified\">14\/09\/2024<\/time><\/a>\n\t\t\t\t<\/span><\/div>\t\t\t\t\t\t<\/header><!-- .entry-header -->\n\t\t\t\t\t\t\t<div class=\"wp-show-posts-image  wpsp-image-center \">\n\t\t\t<a href=\"https:\/\/inhrr.gob.ve\/?p=8828\"  title=\"Desarrollo y Evaluaci\u00f3n de Perfiles de Disoluci\u00f3n de Medicamentos. Sar\u00edn Col\u00f3n e Ylmar Rojas.\"><img fetchpriority=\"high\" decoding=\"async\" width=\"343\" height=\"188\" src=\"https:\/\/inhrr.gob.ve\/wp-content\/uploads\/2024\/07\/seminario1.jpg\" class=\"attachment-full size-full wp-post-image\" alt=\"\" itemprop=\"image\" srcset=\"https:\/\/inhrr.gob.ve\/wp-content\/uploads\/2024\/07\/seminario1.jpg 343w, https:\/\/inhrr.gob.ve\/wp-content\/uploads\/2024\/07\/seminario1-300x164.jpg 300w\" sizes=\"(max-width: 343px) 100vw, 343px\" \/><\/a>\t\t<\/div>\n\t\t<div class=\"wpsp-read-more\"><a title=\"Desarrollo y Evaluaci\u00f3n de Perfiles de Disoluci\u00f3n de Medicamentos. Sar\u00edn Col\u00f3n e Ylmar Rojas.\" class=\"wp-show-posts-read-more\" href=\"https:\/\/inhrr.gob.ve\/?p=8828\">Leer m\u00e1s<\/a><\/div><\/div><!-- wp-show-posts-inner --><\/article><article class=\" wp-show-posts-single post-8834 post type-post status-publish format-standard has-post-thumbnail hentry category-webinars wpsp-col-3\" itemtype=\"http:\/\/schema.org\/CreativeWork\" itemscope><div class=\"wp-show-posts-inner\" style=\"\">\t\t\t\t\t\t<header class=\"wp-show-posts-entry-header\">\n\t\t\t\t\t\t\t<h5 class=\"wp-show-posts-entry-title\" itemprop=\"headline\"><a href=\"https:\/\/inhrr.gob.ve\/?p=8834\" rel=\"bookmark\">Informes Peri\u00f3dicos de Seguridad Requisitos para su Presentaci\u00f3n INHRR 2024<\/a><\/h5><div class=\"wp-show-posts-entry-meta wp-show-posts-entry-meta-below-title post-meta-inline\"><span class=\"wp-show-posts-posted-on wp-show-posts-meta\">\n\t\t\t\t\t<a href=\"https:\/\/inhrr.gob.ve\/?p=8834\" title=\"2:03 pm\" rel=\"bookmark\"><time class=\"wp-show-posts-entry-date published\" datetime=\"2024-07-20T14:03:37-04:00\" itemprop=\"datePublished\">20\/07\/2024<\/time><time class=\"wp-show-posts-updated\" datetime=\"2024-08-14T13:54:59-04:00\" itemprop=\"dateModified\">14\/08\/2024<\/time><\/a>\n\t\t\t\t<\/span><\/div>\t\t\t\t\t\t<\/header><!-- .entry-header -->\n\t\t\t\t\t\t\t<div class=\"wp-show-posts-image  wpsp-image-center \">\n\t\t\t<a href=\"https:\/\/inhrr.gob.ve\/?p=8834\"  title=\"Informes Peri\u00f3dicos de Seguridad Requisitos para su Presentaci\u00f3n INHRR 2024\"><img decoding=\"async\" width=\"344\" height=\"189\" src=\"https:\/\/inhrr.gob.ve\/wp-content\/uploads\/2024\/07\/seminario2.jpg\" class=\"attachment-full size-full wp-post-image\" alt=\"\" itemprop=\"image\" srcset=\"https:\/\/inhrr.gob.ve\/wp-content\/uploads\/2024\/07\/seminario2.jpg 344w, https:\/\/inhrr.gob.ve\/wp-content\/uploads\/2024\/07\/seminario2-300x165.jpg 300w\" sizes=\"(max-width: 344px) 100vw, 344px\" \/><\/a>\t\t<\/div>\n\t\t<div class=\"wpsp-read-more\"><a title=\"Informes Peri\u00f3dicos de Seguridad Requisitos para su Presentaci\u00f3n INHRR 2024\" class=\"wp-show-posts-read-more\" href=\"https:\/\/inhrr.gob.ve\/?p=8834\">Leer m\u00e1s<\/a><\/div><\/div><!-- wp-show-posts-inner --><\/article><article class=\" wp-show-posts-single post-8837 post type-post status-publish format-standard has-post-thumbnail hentry category-webinars tag-buenas-practicas tag-reproceso tag-webinar wpsp-col-3\" itemtype=\"http:\/\/schema.org\/CreativeWork\" itemscope><div class=\"wp-show-posts-inner\" style=\"\">\t\t\t\t\t\t<header class=\"wp-show-posts-entry-header\">\n\t\t\t\t\t\t\t<h5 class=\"wp-show-posts-entry-title\" itemprop=\"headline\"><a href=\"https:\/\/inhrr.gob.ve\/?p=8837\" rel=\"bookmark\">Buenas Practicas de Evaluaci\u00f3n para la Admisi\u00f3n de Productos Farmac\u00e9uticos.<\/a><\/h5><div class=\"wp-show-posts-entry-meta wp-show-posts-entry-meta-below-title post-meta-inline\"><span class=\"wp-show-posts-posted-on wp-show-posts-meta\">\n\t\t\t\t\t<a href=\"https:\/\/inhrr.gob.ve\/?p=8837\" title=\"2:04 pm\" rel=\"bookmark\"><time class=\"wp-show-posts-entry-date published\" datetime=\"2024-07-20T14:04:37-04:00\" itemprop=\"datePublished\">20\/07\/2024<\/time><time class=\"wp-show-posts-updated\" datetime=\"2024-07-26T14:40:43-04:00\" itemprop=\"dateModified\">26\/07\/2024<\/time><\/a>\n\t\t\t\t<\/span><\/div>\t\t\t\t\t\t<\/header><!-- .entry-header -->\n\t\t\t\t\t\t\t<div class=\"wp-show-posts-image  wpsp-image-center \">\n\t\t\t<a href=\"https:\/\/inhrr.gob.ve\/?p=8837\"  title=\"Buenas Practicas de Evaluaci\u00f3n para la Admisi\u00f3n de Productos Farmac\u00e9uticos.\"><img decoding=\"async\" width=\"344\" height=\"193\" src=\"https:\/\/inhrr.gob.ve\/wp-content\/uploads\/2024\/07\/seminario3.jpg\" class=\"attachment-full size-full wp-post-image\" alt=\"\" itemprop=\"image\" srcset=\"https:\/\/inhrr.gob.ve\/wp-content\/uploads\/2024\/07\/seminario3.jpg 344w, https:\/\/inhrr.gob.ve\/wp-content\/uploads\/2024\/07\/seminario3-300x168.jpg 300w\" sizes=\"(max-width: 344px) 100vw, 344px\" \/><\/a>\t\t<\/div>\n\t\t<div class=\"wpsp-read-more\"><a title=\"Buenas Practicas de Evaluaci\u00f3n para la Admisi\u00f3n de Productos Farmac\u00e9uticos.\" class=\"wp-show-posts-read-more\" href=\"https:\/\/inhrr.gob.ve\/?p=8837\">Leer m\u00e1s<\/a><\/div><\/div><!-- wp-show-posts-inner --><\/article><article class=\" wp-show-posts-single post-8840 post type-post status-publish format-standard has-post-thumbnail hentry category-webinars wpsp-col-3\" itemtype=\"http:\/\/schema.org\/CreativeWork\" itemscope><div class=\"wp-show-posts-inner\" style=\"\">\t\t\t\t\t\t<header class=\"wp-show-posts-entry-header\">\n\t\t\t\t\t\t\t<h5 class=\"wp-show-posts-entry-title\" itemprop=\"headline\"><a href=\"https:\/\/inhrr.gob.ve\/?p=8840\" rel=\"bookmark\">Seminario v\u00eda Web Gu\u00eda de Farmacovigilancia para la industria  farmac\u00e9utica INHRR<\/a><\/h5><div class=\"wp-show-posts-entry-meta wp-show-posts-entry-meta-below-title post-meta-inline\"><span class=\"wp-show-posts-posted-on wp-show-posts-meta\">\n\t\t\t\t\t<a href=\"https:\/\/inhrr.gob.ve\/?p=8840\" title=\"2:05 pm\" rel=\"bookmark\"><time class=\"wp-show-posts-entry-date published\" datetime=\"2024-07-20T14:05:24-04:00\" itemprop=\"datePublished\">20\/07\/2024<\/time><time class=\"wp-show-posts-updated\" datetime=\"2024-08-14T14:12:54-04:00\" itemprop=\"dateModified\">14\/08\/2024<\/time><\/a>\n\t\t\t\t<\/span><\/div>\t\t\t\t\t\t<\/header><!-- .entry-header -->\n\t\t\t\t\t\t\t<div class=\"wp-show-posts-image  wpsp-image-center \">\n\t\t\t<a href=\"https:\/\/inhrr.gob.ve\/?p=8840\"  title=\"Seminario v\u00eda Web Gu\u00eda de Farmacovigilancia para la industria  farmac\u00e9utica INHRR\"><img loading=\"lazy\" decoding=\"async\" width=\"492\" height=\"273\" src=\"https:\/\/inhrr.gob.ve\/wp-content\/uploads\/2024\/07\/industriafarmaceutica.jpg\" class=\"attachment-full size-full wp-post-image\" alt=\"\" itemprop=\"image\" srcset=\"https:\/\/inhrr.gob.ve\/wp-content\/uploads\/2024\/07\/industriafarmaceutica.jpg 492w, https:\/\/inhrr.gob.ve\/wp-content\/uploads\/2024\/07\/industriafarmaceutica-300x166.jpg 300w\" sizes=\"(max-width: 492px) 100vw, 492px\" \/><\/a>\t\t<\/div>\n\t\t<div class=\"wpsp-read-more\"><a title=\"Seminario v\u00eda Web Gu\u00eda de Farmacovigilancia para la industria  farmac\u00e9utica INHRR\" class=\"wp-show-posts-read-more\" href=\"https:\/\/inhrr.gob.ve\/?p=8840\">Leer m\u00e1s<\/a><\/div><\/div><!-- wp-show-posts-inner --><\/article><div class=\"wpsp-clear\"><\/div><\/section><!-- .wp-show-posts --><\/div>\n\t\t\t\t\t\t<\/div>\n\t\t\t\t<\/div>\n\t\t\t\t\t<\/div>\n\t\t<\/div>\n\t\t\t\t\t<\/div>\n\t\t<\/section>\n\t\t\t\t<section class=\"elementor-section elementor-top-section elementor-element elementor-element-6f331b6 elementor-section-height-min-height elementor-section-boxed elementor-section-height-default elementor-section-items-middle\" data-id=\"6f331b6\" data-element_type=\"section\">\n\t\t\t\t\t\t<div class=\"elementor-container elementor-column-gap-default\">\n\t\t\t\t\t<div class=\"elementor-column elementor-col-100 elementor-top-column elementor-element elementor-element-f0d9226\" data-id=\"f0d9226\" data-element_type=\"column\">\n\t\t\t<div class=\"elementor-widget-wrap elementor-element-populated\">\n\t\t\t\t\t\t<div class=\"elementor-element elementor-element-6f0e2a5 elementor-widget elementor-widget-heading\" data-id=\"6f0e2a5\" data-element_type=\"widget\" data-widget_type=\"heading.default\">\n\t\t\t\t<div class=\"elementor-widget-container\">\n\t\t\t\t\t<h4 class=\"elementor-heading-title elementor-size-default\">Seminario Web Gu\u00eda de Farmacovigilancia para la Industria Farmac\u00e9utica INHRR 2024<\/h4>\t\t\t\t<\/div>\n\t\t\t\t<\/div>\n\t\t\t\t<div class=\"elementor-element elementor-element-257423a elementor-widget elementor-widget-video\" data-id=\"257423a\" data-element_type=\"widget\" data-settings=\"{&quot;youtube_url&quot;:&quot;https:\\\/\\\/www.youtube.com\\\/watch?v=sgiVYVuiWz00EEoNQUZA&quot;,&quot;video_type&quot;:&quot;youtube&quot;,&quot;controls&quot;:&quot;yes&quot;}\" data-widget_type=\"video.default\">\n\t\t\t\t<div class=\"elementor-widget-container\">\n\t\t\t\t\t\t\t<div class=\"elementor-wrapper elementor-open-inline\">\n\t\t\t<div class=\"elementor-video\"><\/div>\t\t<\/div>\n\t\t\t\t\t\t<\/div>\n\t\t\t\t<\/div>\n\t\t\t\t\t<\/div>\n\t\t<\/div>\n\t\t\t\t\t<\/div>\n\t\t<\/section>\n\t\t\t\t<\/div>\n\t\t","protected":false},"excerpt":{"rendered":"<p>Campus Virtual del INHRR permite la formaci\u00f3n y\/o actualizaci\u00f3n de los investigadores y de toda la comunidad institucional, apoy\u00e1ndose en los fundamentos de la educaci\u00f3n virtual y de las Tecnolog\u00edas de Informaci\u00f3n y Comunicaci\u00f3n (TIC), las herramientas del software libre y las redes sociales, entre otras. Ingresa aqu\u00ed \u00abLa educaci\u00f3n es el arma m\u00e1s poderosa &#8230; <a title=\"Seminario v\u00eda Web Gu\u00eda de Farmacovigilancia para la industria  farmac\u00e9utica INHRR\" class=\"read-more\" href=\"https:\/\/inhrr.gob.ve\/?p=8840\" aria-label=\"Leer m\u00e1s sobre Seminario v\u00eda Web Gu\u00eda de Farmacovigilancia para la industria  farmac\u00e9utica INHRR\">Leer m\u00e1s<\/a><\/p>\n","protected":false},"author":7,"featured_media":0,"parent":0,"menu_order":0,"comment_status":"closed","ping_status":"closed","template":"elementor_header_footer","meta":{"footnotes":""},"class_list":["post-8786","page","type-page","status-publish","hentry"],"_links":{"self":[{"href":"https:\/\/inhrr.gob.ve\/index.php?rest_route=\/wp\/v2\/pages\/8786","targetHints":{"allow":["GET"]}}],"collection":[{"href":"https:\/\/inhrr.gob.ve\/index.php?rest_route=\/wp\/v2\/pages"}],"about":[{"href":"https:\/\/inhrr.gob.ve\/index.php?rest_route=\/wp\/v2\/types\/page"}],"author":[{"embeddable":true,"href":"https:\/\/inhrr.gob.ve\/index.php?rest_route=\/wp\/v2\/users\/7"}],"replies":[{"embeddable":true,"href":"https:\/\/inhrr.gob.ve\/index.php?rest_route=%2Fwp%2Fv2%2Fcomments&post=8786"}],"version-history":[{"count":73,"href":"https:\/\/inhrr.gob.ve\/index.php?rest_route=\/wp\/v2\/pages\/8786\/revisions"}],"predecessor-version":[{"id":9281,"href":"https:\/\/inhrr.gob.ve\/index.php?rest_route=\/wp\/v2\/pages\/8786\/revisions\/9281"}],"wp:attachment":[{"href":"https:\/\/inhrr.gob.ve\/index.php?rest_route=%2Fwp%2Fv2%2Fmedia&parent=8786"}],"curies":[{"name":"wp","href":"https:\/\/api.w.org\/{rel}","templated":true}]}}